{"id":32748,"date":"2018-03-01T14:38:39","date_gmt":"2018-03-01T14:38:39","guid":{"rendered":"https:\/\/www.urlaubcornwall.de\/blog\/?page_id=32748"},"modified":"2024-05-30T13:54:17","modified_gmt":"2024-05-30T13:54:17","slug":"porthtowan-strand-porthtowan","status":"publish","type":"page","link":"https:\/\/www.urlaubcornwall.de\/blog\/porthtowan-strand-porthtowan\/","title":{"rendered":"Porthtowan Strand, Porthtowan"},"content":{"rendered":"<p><img loading=\"lazy\" class=\"aligncenter size-full wp-image-32749\" src=\"https:\/\/www.urlaubcornwall.de\/blog\/wp-content\/uploads\/2018\/03\/Porth-Towan-strand.jpg\" alt=\"Porth Towan strand\" width=\"745\" height=\"495\" srcset=\"https:\/\/www.urlaubcornwall.de\/blog\/wp-content\/uploads\/2018\/03\/Porth-Towan-strand.jpg 745w, https:\/\/www.urlaubcornwall.de\/blog\/wp-content\/uploads\/2018\/03\/Porth-Towan-strand-300x199.jpg 300w\" sizes=\"(max-width: 745px) 100vw, 745px\" \/><\/p>\n<p style=\"text-align: right;\">Images \u00a9 Visit Cornwall\/Adam Gibbard\/Matt Jessop<\/p>\n<p>Porthtowan wird mit seinem Angebot an M\u00f6glichkeiten von Familien favorisiert. Bei Ebbe erstreckt sich der Sand nahezu 2,5km hinaus, und Sie k\u00f6nnen dann zum nahe gelegenen herrlichen Strand Chapel Porth spazieren, der im Hintergrund D\u00fcnen und dramatische Klippen hat, wo Sie das ikonische Wheal Coates Maschinenhaus finden.<\/p>\n<p>Es gibt ein saisonales Hundeverbot am Strand von Ostersonntag bis zum 30. September.<\/p>\n<h1 style=\"text-align: center;\"><a href=\"https:\/\/www.urlaubcornwall.de\/ferienhaeuser\/cornwall.php\">Bei uns finden Sie Ferienh\u00e4user zum Verlieben; so einfach ist das!<\/a><\/h1>\n<p style=\"text-align: center;\"><a class=\"tidycta\" href=\"https:\/\/www.urlaubcornwall.de\/ferienhaeuser-fewos\/porthtowan-am-meer.html\">Ferienh\u00e4user Porthtowan am Meer &gt;<\/a><\/p>\n<p style=\"text-align: center;\">Pers\u00f6nlich inspizierte Ferienh\u00e4user und Ferienwohnungen f\u00fcr Ihren Urlaub in Cornwall<\/p>\n","protected":false},"excerpt":{"rendered":"<p>Images \u00a9 Visit Cornwall\/Adam Gibbard\/Matt Jessop Porthtowan wird mit seinem Angebot an M\u00f6glichkeiten von Familien favorisiert. Bei Ebbe erstreckt sich der Sand nahezu 2,5km hinaus, und Sie k\u00f6nnen dann zum nahe gelegenen herrlichen Strand Chapel Porth spazieren, der im Hintergrund D\u00fcnen und dramatische Klippen hat, wo Sie das ikonische Wheal Coates Maschinenhaus finden. Es gibt [&hellip;]<\/p>\n","protected":false},"author":1,"featured_media":0,"parent":0,"menu_order":0,"comment_status":"closed","ping_status":"closed","template":"single-four.php","meta":[],"acf":[],"yoast_head":"<!-- This site is optimized with the Yoast SEO plugin v19.4 - https:\/\/yoast.com\/wordpress\/plugins\/seo\/ -->\n<title>Porthtowan Strand, Porthtowan - Urlaub &amp; Reisen<\/title>\n<meta name=\"robots\" content=\"index, follow, max-snippet:-1, max-image-preview:large, max-video-preview:-1\" \/>\n<link rel=\"canonical\" href=\"https:\/\/www.urlaubcornwall.de\/blog\/porthtowan-strand-porthtowan\/\" \/>\n<meta property=\"og:locale\" content=\"en_US\" \/>\n<meta property=\"og:type\" content=\"article\" \/>\n<meta property=\"og:title\" content=\"Porthtowan Strand, Porthtowan - Urlaub &amp; Reisen\" \/>\n<meta property=\"og:description\" content=\"Images \u00a9 Visit Cornwall\/Adam Gibbard\/Matt Jessop Porthtowan wird mit seinem Angebot an M\u00f6glichkeiten von Familien favorisiert. Bei Ebbe erstreckt sich der Sand nahezu 2,5km hinaus, und Sie k\u00f6nnen dann zum nahe gelegenen herrlichen Strand Chapel Porth spazieren, der im Hintergrund D\u00fcnen und dramatische Klippen hat, wo Sie das ikonische Wheal Coates Maschinenhaus finden. Es gibt [&hellip;]\" \/>\n<meta property=\"og:url\" content=\"https:\/\/www.urlaubcornwall.de\/blog\/porthtowan-strand-porthtowan\/\" \/>\n<meta property=\"og:site_name\" content=\"Urlaub &amp; Reisen\" \/>\n<meta property=\"article:modified_time\" content=\"2024-05-30T13:54:17+00:00\" \/>\n<meta property=\"og:image\" content=\"https:\/\/www.urlaubcornwall.de\/blog\/wp-content\/uploads\/2018\/03\/Porth-Towan-strand.jpg\" \/>\n<meta name=\"twitter:card\" content=\"summary\" \/>\n<meta name=\"twitter:label1\" content=\"Est. reading time\" \/>\n\t<meta name=\"twitter:data1\" content=\"1 minute\" \/>\n<script type=\"application\/ld+json\" class=\"yoast-schema-graph\">{\"@context\":\"https:\/\/schema.org\",\"@graph\":[{\"@type\":\"WebSite\",\"@id\":\"https:\/\/www.urlaubcornwall.de\/blog\/#website\",\"url\":\"https:\/\/www.urlaubcornwall.de\/blog\/\",\"name\":\"Urlaub &amp; Reisen\",\"description\":\"Urlaub, Reisen, Cornwall und S\u00fcdengland: eine perfekte Kombination\",\"potentialAction\":[{\"@type\":\"SearchAction\",\"target\":{\"@type\":\"EntryPoint\",\"urlTemplate\":\"https:\/\/www.urlaubcornwall.de\/blog\/?s={search_term_string}\"},\"query-input\":\"required name=search_term_string\"}],\"inLanguage\":\"en-US\"},{\"@type\":\"WebPage\",\"@id\":\"https:\/\/www.urlaubcornwall.de\/blog\/porthtowan-strand-porthtowan\/\",\"url\":\"https:\/\/www.urlaubcornwall.de\/blog\/porthtowan-strand-porthtowan\/\",\"name\":\"Porthtowan Strand, Porthtowan - Urlaub &amp; Reisen\",\"isPartOf\":{\"@id\":\"https:\/\/www.urlaubcornwall.de\/blog\/#website\"},\"datePublished\":\"2018-03-01T14:38:39+00:00\",\"dateModified\":\"2024-05-30T13:54:17+00:00\",\"breadcrumb\":{\"@id\":\"https:\/\/www.urlaubcornwall.de\/blog\/porthtowan-strand-porthtowan\/#breadcrumb\"},\"inLanguage\":\"en-US\",\"potentialAction\":[{\"@type\":\"ReadAction\",\"target\":[\"https:\/\/www.urlaubcornwall.de\/blog\/porthtowan-strand-porthtowan\/\"]}]},{\"@type\":\"BreadcrumbList\",\"@id\":\"https:\/\/www.urlaubcornwall.de\/blog\/porthtowan-strand-porthtowan\/#breadcrumb\",\"itemListElement\":[{\"@type\":\"ListItem\",\"position\":1,\"name\":\"Home\",\"item\":\"https:\/\/www.urlaubcornwall.de\/blog\/\"},{\"@type\":\"ListItem\",\"position\":2,\"name\":\"Porthtowan Strand, Porthtowan\"}]}]}<\/script>\n<!-- \/ Yoast SEO plugin. -->","yoast_head_json":{"title":"Porthtowan Strand, Porthtowan - Urlaub &amp; Reisen","robots":{"index":"index","follow":"follow","max-snippet":"max-snippet:-1","max-image-preview":"max-image-preview:large","max-video-preview":"max-video-preview:-1"},"canonical":"https:\/\/www.urlaubcornwall.de\/blog\/porthtowan-strand-porthtowan\/","og_locale":"en_US","og_type":"article","og_title":"Porthtowan Strand, Porthtowan - Urlaub &amp; Reisen","og_description":"Images \u00a9 Visit Cornwall\/Adam Gibbard\/Matt Jessop Porthtowan wird mit seinem Angebot an M\u00f6glichkeiten von Familien favorisiert. Bei Ebbe erstreckt sich der Sand nahezu 2,5km hinaus, und Sie k\u00f6nnen dann zum nahe gelegenen herrlichen Strand Chapel Porth spazieren, der im Hintergrund D\u00fcnen und dramatische Klippen hat, wo Sie das ikonische Wheal Coates Maschinenhaus finden. Es gibt [&hellip;]","og_url":"https:\/\/www.urlaubcornwall.de\/blog\/porthtowan-strand-porthtowan\/","og_site_name":"Urlaub &amp; Reisen","article_modified_time":"2024-05-30T13:54:17+00:00","og_image":[{"url":"https:\/\/www.urlaubcornwall.de\/blog\/wp-content\/uploads\/2018\/03\/Porth-Towan-strand.jpg"}],"twitter_card":"summary","twitter_misc":{"Est. reading time":"1 minute"},"schema":{"@context":"https:\/\/schema.org","@graph":[{"@type":"WebSite","@id":"https:\/\/www.urlaubcornwall.de\/blog\/#website","url":"https:\/\/www.urlaubcornwall.de\/blog\/","name":"Urlaub &amp; Reisen","description":"Urlaub, Reisen, Cornwall und S\u00fcdengland: eine perfekte Kombination","potentialAction":[{"@type":"SearchAction","target":{"@type":"EntryPoint","urlTemplate":"https:\/\/www.urlaubcornwall.de\/blog\/?s={search_term_string}"},"query-input":"required name=search_term_string"}],"inLanguage":"en-US"},{"@type":"WebPage","@id":"https:\/\/www.urlaubcornwall.de\/blog\/porthtowan-strand-porthtowan\/","url":"https:\/\/www.urlaubcornwall.de\/blog\/porthtowan-strand-porthtowan\/","name":"Porthtowan Strand, Porthtowan - Urlaub &amp; Reisen","isPartOf":{"@id":"https:\/\/www.urlaubcornwall.de\/blog\/#website"},"datePublished":"2018-03-01T14:38:39+00:00","dateModified":"2024-05-30T13:54:17+00:00","breadcrumb":{"@id":"https:\/\/www.urlaubcornwall.de\/blog\/porthtowan-strand-porthtowan\/#breadcrumb"},"inLanguage":"en-US","potentialAction":[{"@type":"ReadAction","target":["https:\/\/www.urlaubcornwall.de\/blog\/porthtowan-strand-porthtowan\/"]}]},{"@type":"BreadcrumbList","@id":"https:\/\/www.urlaubcornwall.de\/blog\/porthtowan-strand-porthtowan\/#breadcrumb","itemListElement":[{"@type":"ListItem","position":1,"name":"Home","item":"https:\/\/www.urlaubcornwall.de\/blog\/"},{"@type":"ListItem","position":2,"name":"Porthtowan Strand, Porthtowan"}]}]}},"_links":{"self":[{"href":"https:\/\/www.urlaubcornwall.de\/blog\/wp-json\/wp\/v2\/pages\/32748"}],"collection":[{"href":"https:\/\/www.urlaubcornwall.de\/blog\/wp-json\/wp\/v2\/pages"}],"about":[{"href":"https:\/\/www.urlaubcornwall.de\/blog\/wp-json\/wp\/v2\/types\/page"}],"author":[{"embeddable":true,"href":"https:\/\/www.urlaubcornwall.de\/blog\/wp-json\/wp\/v2\/users\/1"}],"replies":[{"embeddable":true,"href":"https:\/\/www.urlaubcornwall.de\/blog\/wp-json\/wp\/v2\/comments?post=32748"}],"version-history":[{"count":3,"href":"https:\/\/www.urlaubcornwall.de\/blog\/wp-json\/wp\/v2\/pages\/32748\/revisions"}],"predecessor-version":[{"id":51087,"href":"https:\/\/www.urlaubcornwall.de\/blog\/wp-json\/wp\/v2\/pages\/32748\/revisions\/51087"}],"wp:attachment":[{"href":"https:\/\/www.urlaubcornwall.de\/blog\/wp-json\/wp\/v2\/media?parent=32748"}],"curies":[{"name":"wp","href":"https:\/\/api.w.org\/{rel}","templated":true}]}}