{"id":32745,"date":"2018-03-01T14:27:28","date_gmt":"2018-03-01T14:27:28","guid":{"rendered":"https:\/\/www.urlaubcornwall.de\/blog\/?page_id=32745"},"modified":"2024-04-15T12:10:38","modified_gmt":"2024-04-15T12:10:38","slug":"lusty-glaze-strand-newquay","status":"publish","type":"page","link":"https:\/\/www.urlaubcornwall.de\/blog\/lusty-glaze-strand-newquay\/","title":{"rendered":"Lusty Glaze Strand, Newquay"},"content":{"rendered":"<p><img loading=\"lazy\" class=\"aligncenter size-large wp-image-47905\" src=\"https:\/\/www.urlaubcornwall.de\/blog\/wp-content\/uploads\/2024\/03\/towan-strand-newquay-rotated.jpg\" alt=\"towan strand newquay\" width=\"750\" height=\"562\" srcset=\"https:\/\/www.urlaubcornwall.de\/blog\/wp-content\/uploads\/2024\/03\/towan-strand-newquay-rotated.jpg 750w, https:\/\/www.urlaubcornwall.de\/blog\/wp-content\/uploads\/2024\/03\/towan-strand-newquay-300x225.jpg 300w\" sizes=\"(max-width: 750px) 100vw, 750px\" \/><\/p>\n<p>Am n\u00f6rdlichen Ende der Newquay Bay gelegen, befindet sich Lusty Glaze Beach innerhalb eines nat\u00fcrlichen Amphitheaters von Schluchten, die mehr als 60m hoch sind. Lusty Glaze wurde 2017 von der Times und Sunday Times zum \u2018Strand des Jahres\u2019 gew\u00e4hlt. W\u00e4hrend der Sommermonate gibt es jeden Abend Livemusik. Es ist einer der atemberaubendsten Veranstaltungsorte des UK und herrlich, um den Sonnenuntergang zu beobachten, ein Getr\u00e4nk oder eine Mahlzeit zu genie\u00dfen und Musik zu h\u00f6ren.<\/p>\n<p>Es gibt ein saisonales Hundeverbot am Strand vom 1. Juni bis 1. September zwischen 9 Uhr und 18 Uhr. Hunde sind jedoch in der Bar und im Restaurant das ganze Jahr \u00fcber willkommen.<\/p>\n<h1 style=\"text-align: center;\"><a href=\"https:\/\/www.urlaubcornwall.de\/ferienhaeuser\/cornwall.php\">Bei uns finden Sie Ferienh\u00e4user zum Verlieben; so einfach ist das!<\/a><\/h1>\n<p style=\"text-align: center;\"><a class=\"tidycta\" href=\"https:\/\/www.urlaubcornwall.de\/ferienhaeuser-fewos\/newquay-am-meer.html\">Ferienh\u00e4user Newquay am Meer &gt;<\/a><\/p>\n<p style=\"text-align: center;\">Pers\u00f6nlich inspizierte Ferienh\u00e4user und Ferienwohnungen f\u00fcr Ihren Urlaub in Cornwall<\/p>\n<p style=\"text-align: right;\">Images \u00a9 Visit Cornwall\/Adam Gibbard\/Matt Jessop<\/p>\n","protected":false},"excerpt":{"rendered":"<p>Am n\u00f6rdlichen Ende der Newquay Bay gelegen, befindet sich Lusty Glaze Beach innerhalb eines nat\u00fcrlichen Amphitheaters von Schluchten, die mehr als 60m hoch sind. Lusty Glaze wurde 2017 von der Times und Sunday Times zum \u2018Strand des Jahres\u2019 gew\u00e4hlt. W\u00e4hrend der Sommermonate gibt es jeden Abend Livemusik. Es ist einer der atemberaubendsten Veranstaltungsorte des UK [&hellip;]<\/p>\n","protected":false},"author":1,"featured_media":0,"parent":0,"menu_order":0,"comment_status":"closed","ping_status":"closed","template":"single-four.php","meta":[],"acf":[],"yoast_head":"<!-- This site is optimized with the Yoast SEO plugin v19.4 - https:\/\/yoast.com\/wordpress\/plugins\/seo\/ -->\n<title>Lusty Glaze Strand, Newquay - Urlaub &amp; Reisen<\/title>\n<meta name=\"robots\" content=\"index, follow, max-snippet:-1, max-image-preview:large, max-video-preview:-1\" \/>\n<link rel=\"canonical\" href=\"https:\/\/www.urlaubcornwall.de\/blog\/lusty-glaze-strand-newquay\/\" \/>\n<meta property=\"og:locale\" content=\"en_US\" \/>\n<meta property=\"og:type\" content=\"article\" \/>\n<meta property=\"og:title\" content=\"Lusty Glaze Strand, Newquay - Urlaub &amp; Reisen\" \/>\n<meta property=\"og:description\" content=\"Am n\u00f6rdlichen Ende der Newquay Bay gelegen, befindet sich Lusty Glaze Beach innerhalb eines nat\u00fcrlichen Amphitheaters von Schluchten, die mehr als 60m hoch sind. Lusty Glaze wurde 2017 von der Times und Sunday Times zum \u2018Strand des Jahres\u2019 gew\u00e4hlt. W\u00e4hrend der Sommermonate gibt es jeden Abend Livemusik. Es ist einer der atemberaubendsten Veranstaltungsorte des UK [&hellip;]\" \/>\n<meta property=\"og:url\" content=\"https:\/\/www.urlaubcornwall.de\/blog\/lusty-glaze-strand-newquay\/\" \/>\n<meta property=\"og:site_name\" content=\"Urlaub &amp; Reisen\" \/>\n<meta property=\"article:modified_time\" content=\"2024-04-15T12:10:38+00:00\" \/>\n<meta property=\"og:image\" content=\"https:\/\/www.urlaubcornwall.de\/blog\/wp-content\/uploads\/2024\/03\/towan-strand-newquay-rotated.jpg\" \/>\n<meta name=\"twitter:card\" content=\"summary\" \/>\n<meta name=\"twitter:label1\" content=\"Est. reading time\" \/>\n\t<meta name=\"twitter:data1\" content=\"1 minute\" \/>\n<script type=\"application\/ld+json\" class=\"yoast-schema-graph\">{\"@context\":\"https:\/\/schema.org\",\"@graph\":[{\"@type\":\"WebSite\",\"@id\":\"https:\/\/www.urlaubcornwall.de\/blog\/#website\",\"url\":\"https:\/\/www.urlaubcornwall.de\/blog\/\",\"name\":\"Urlaub &amp; Reisen\",\"description\":\"Urlaub, Reisen, Cornwall und S\u00fcdengland: eine perfekte Kombination\",\"potentialAction\":[{\"@type\":\"SearchAction\",\"target\":{\"@type\":\"EntryPoint\",\"urlTemplate\":\"https:\/\/www.urlaubcornwall.de\/blog\/?s={search_term_string}\"},\"query-input\":\"required name=search_term_string\"}],\"inLanguage\":\"en-US\"},{\"@type\":\"WebPage\",\"@id\":\"https:\/\/www.urlaubcornwall.de\/blog\/lusty-glaze-strand-newquay\/\",\"url\":\"https:\/\/www.urlaubcornwall.de\/blog\/lusty-glaze-strand-newquay\/\",\"name\":\"Lusty Glaze Strand, Newquay - Urlaub &amp; Reisen\",\"isPartOf\":{\"@id\":\"https:\/\/www.urlaubcornwall.de\/blog\/#website\"},\"datePublished\":\"2018-03-01T14:27:28+00:00\",\"dateModified\":\"2024-04-15T12:10:38+00:00\",\"breadcrumb\":{\"@id\":\"https:\/\/www.urlaubcornwall.de\/blog\/lusty-glaze-strand-newquay\/#breadcrumb\"},\"inLanguage\":\"en-US\",\"potentialAction\":[{\"@type\":\"ReadAction\",\"target\":[\"https:\/\/www.urlaubcornwall.de\/blog\/lusty-glaze-strand-newquay\/\"]}]},{\"@type\":\"BreadcrumbList\",\"@id\":\"https:\/\/www.urlaubcornwall.de\/blog\/lusty-glaze-strand-newquay\/#breadcrumb\",\"itemListElement\":[{\"@type\":\"ListItem\",\"position\":1,\"name\":\"Home\",\"item\":\"https:\/\/www.urlaubcornwall.de\/blog\/\"},{\"@type\":\"ListItem\",\"position\":2,\"name\":\"Lusty Glaze Strand, Newquay\"}]}]}<\/script>\n<!-- \/ Yoast SEO plugin. -->","yoast_head_json":{"title":"Lusty Glaze Strand, Newquay - Urlaub &amp; Reisen","robots":{"index":"index","follow":"follow","max-snippet":"max-snippet:-1","max-image-preview":"max-image-preview:large","max-video-preview":"max-video-preview:-1"},"canonical":"https:\/\/www.urlaubcornwall.de\/blog\/lusty-glaze-strand-newquay\/","og_locale":"en_US","og_type":"article","og_title":"Lusty Glaze Strand, Newquay - Urlaub &amp; Reisen","og_description":"Am n\u00f6rdlichen Ende der Newquay Bay gelegen, befindet sich Lusty Glaze Beach innerhalb eines nat\u00fcrlichen Amphitheaters von Schluchten, die mehr als 60m hoch sind. Lusty Glaze wurde 2017 von der Times und Sunday Times zum \u2018Strand des Jahres\u2019 gew\u00e4hlt. W\u00e4hrend der Sommermonate gibt es jeden Abend Livemusik. Es ist einer der atemberaubendsten Veranstaltungsorte des UK [&hellip;]","og_url":"https:\/\/www.urlaubcornwall.de\/blog\/lusty-glaze-strand-newquay\/","og_site_name":"Urlaub &amp; Reisen","article_modified_time":"2024-04-15T12:10:38+00:00","og_image":[{"url":"https:\/\/www.urlaubcornwall.de\/blog\/wp-content\/uploads\/2024\/03\/towan-strand-newquay-rotated.jpg"}],"twitter_card":"summary","twitter_misc":{"Est. reading time":"1 minute"},"schema":{"@context":"https:\/\/schema.org","@graph":[{"@type":"WebSite","@id":"https:\/\/www.urlaubcornwall.de\/blog\/#website","url":"https:\/\/www.urlaubcornwall.de\/blog\/","name":"Urlaub &amp; Reisen","description":"Urlaub, Reisen, Cornwall und S\u00fcdengland: eine perfekte Kombination","potentialAction":[{"@type":"SearchAction","target":{"@type":"EntryPoint","urlTemplate":"https:\/\/www.urlaubcornwall.de\/blog\/?s={search_term_string}"},"query-input":"required name=search_term_string"}],"inLanguage":"en-US"},{"@type":"WebPage","@id":"https:\/\/www.urlaubcornwall.de\/blog\/lusty-glaze-strand-newquay\/","url":"https:\/\/www.urlaubcornwall.de\/blog\/lusty-glaze-strand-newquay\/","name":"Lusty Glaze Strand, Newquay - Urlaub &amp; Reisen","isPartOf":{"@id":"https:\/\/www.urlaubcornwall.de\/blog\/#website"},"datePublished":"2018-03-01T14:27:28+00:00","dateModified":"2024-04-15T12:10:38+00:00","breadcrumb":{"@id":"https:\/\/www.urlaubcornwall.de\/blog\/lusty-glaze-strand-newquay\/#breadcrumb"},"inLanguage":"en-US","potentialAction":[{"@type":"ReadAction","target":["https:\/\/www.urlaubcornwall.de\/blog\/lusty-glaze-strand-newquay\/"]}]},{"@type":"BreadcrumbList","@id":"https:\/\/www.urlaubcornwall.de\/blog\/lusty-glaze-strand-newquay\/#breadcrumb","itemListElement":[{"@type":"ListItem","position":1,"name":"Home","item":"https:\/\/www.urlaubcornwall.de\/blog\/"},{"@type":"ListItem","position":2,"name":"Lusty Glaze Strand, Newquay"}]}]}},"_links":{"self":[{"href":"https:\/\/www.urlaubcornwall.de\/blog\/wp-json\/wp\/v2\/pages\/32745"}],"collection":[{"href":"https:\/\/www.urlaubcornwall.de\/blog\/wp-json\/wp\/v2\/pages"}],"about":[{"href":"https:\/\/www.urlaubcornwall.de\/blog\/wp-json\/wp\/v2\/types\/page"}],"author":[{"embeddable":true,"href":"https:\/\/www.urlaubcornwall.de\/blog\/wp-json\/wp\/v2\/users\/1"}],"replies":[{"embeddable":true,"href":"https:\/\/www.urlaubcornwall.de\/blog\/wp-json\/wp\/v2\/comments?post=32745"}],"version-history":[{"count":3,"href":"https:\/\/www.urlaubcornwall.de\/blog\/wp-json\/wp\/v2\/pages\/32745\/revisions"}],"predecessor-version":[{"id":49466,"href":"https:\/\/www.urlaubcornwall.de\/blog\/wp-json\/wp\/v2\/pages\/32745\/revisions\/49466"}],"wp:attachment":[{"href":"https:\/\/www.urlaubcornwall.de\/blog\/wp-json\/wp\/v2\/media?parent=32745"}],"curies":[{"name":"wp","href":"https:\/\/api.w.org\/{rel}","templated":true}]}}