{"id":32742,"date":"2018-03-01T14:01:37","date_gmt":"2018-03-01T14:01:37","guid":{"rendered":"https:\/\/www.urlaubcornwall.de\/blog\/?page_id=32742"},"modified":"2026-01-07T10:19:57","modified_gmt":"2026-01-07T10:19:57","slug":"holywell-bay-nahe-newquay","status":"publish","type":"page","link":"https:\/\/www.urlaubcornwall.de\/blog\/holywell-bay-nahe-newquay\/","title":{"rendered":"Holywell Bay nahe Newquay"},"content":{"rendered":"<p><img loading=\"lazy\" class=\"aligncenter size-full wp-image-47899\" src=\"https:\/\/www.urlaubcornwall.de\/blog\/wp-content\/uploads\/2024\/03\/holywell-cornwall-strand-rotated.jpg\" alt=\"holywell cornwall strand\" width=\"750\" height=\"563\" srcset=\"https:\/\/www.urlaubcornwall.de\/blog\/wp-content\/uploads\/2024\/03\/holywell-cornwall-strand-rotated.jpg 750w, https:\/\/www.urlaubcornwall.de\/blog\/wp-content\/uploads\/2024\/03\/holywell-cornwall-strand-300x225.jpg 300w\" sizes=\"(max-width: 750px) 100vw, 750px\" \/><\/p>\n<p>Dieser riesige Strand goldenen Sandes hat im Hintergrund grasbewachsene D\u00fcnen und ist ein perfekter Strand f\u00fcr die gesamte Familie. Hier gibt es auch jede Menge an Geschichte zu erkunden, eine Burg aus der Eisenzeit auf Kelsey Head, einen Wall aus der Bronzezeit auf Cubert Common, sowie die heilige Quelle in einer Schlucht am Strand. Der Strand steht unter dem Management des National Trust. Hunde sind das ganze Jahr \u00fcber am Strand erlaubt.<\/p>\n<h1 style=\"text-align: center;\"><a href=\"https:\/\/www.urlaubcornwall.de\/ferienhaeuser\/cornwall.php\">Bei uns finden Sie Ferienh\u00e4user zum Verlieben; so einfach ist das!<\/a><\/h1>\n<p style=\"text-align: center;\"><a class=\"tidycta\" href=\"https:\/\/www.urlaubcornwall.de\/ferienhaeuser-fewos\/newquay-am-meer.html\">Ferienh\u00e4user Newquay am Meer &gt;<\/a><\/p>\n<p style=\"text-align: center;\">Pers\u00f6nlich inspizierte Ferienh\u00e4user und Ferienwohnungen f\u00fcr Ihren Urlaub in Cornwall<\/p>\n<p style=\"text-align: right;\">Images \u00a9 Visit Cornwall\/Adam Gibbard\/Matt Jessop<\/p>\n","protected":false},"excerpt":{"rendered":"<p>Dieser riesige Strand goldenen Sandes hat im Hintergrund grasbewachsene D\u00fcnen und ist ein perfekter Strand f\u00fcr die gesamte Familie. Hier gibt es auch jede Menge an Geschichte zu erkunden, eine Burg aus der Eisenzeit auf Kelsey Head, einen Wall aus der Bronzezeit auf Cubert Common, sowie die heilige Quelle in einer Schlucht am Strand. Der [&hellip;]<\/p>\n","protected":false},"author":1,"featured_media":0,"parent":0,"menu_order":0,"comment_status":"closed","ping_status":"closed","template":"single-four.php","meta":[],"acf":[],"yoast_head":"<!-- This site is optimized with the Yoast SEO plugin v19.4 - https:\/\/yoast.com\/wordpress\/plugins\/seo\/ -->\n<title>Holywell Bay nahe Newquay - Urlaub &amp; Reisen<\/title>\n<meta name=\"robots\" content=\"index, follow, max-snippet:-1, max-image-preview:large, max-video-preview:-1\" \/>\n<link rel=\"canonical\" href=\"https:\/\/www.urlaubcornwall.de\/blog\/holywell-bay-nahe-newquay\/\" \/>\n<meta property=\"og:locale\" content=\"en_US\" \/>\n<meta property=\"og:type\" content=\"article\" \/>\n<meta property=\"og:title\" content=\"Holywell Bay nahe Newquay - Urlaub &amp; Reisen\" \/>\n<meta property=\"og:description\" content=\"Dieser riesige Strand goldenen Sandes hat im Hintergrund grasbewachsene D\u00fcnen und ist ein perfekter Strand f\u00fcr die gesamte Familie. Hier gibt es auch jede Menge an Geschichte zu erkunden, eine Burg aus der Eisenzeit auf Kelsey Head, einen Wall aus der Bronzezeit auf Cubert Common, sowie die heilige Quelle in einer Schlucht am Strand. Der [&hellip;]\" \/>\n<meta property=\"og:url\" content=\"https:\/\/www.urlaubcornwall.de\/blog\/holywell-bay-nahe-newquay\/\" \/>\n<meta property=\"og:site_name\" content=\"Urlaub &amp; Reisen\" \/>\n<meta property=\"article:modified_time\" content=\"2026-01-07T10:19:57+00:00\" \/>\n<meta property=\"og:image\" content=\"https:\/\/www.urlaubcornwall.de\/blog\/wp-content\/uploads\/2024\/03\/holywell-cornwall-strand-rotated.jpg\" \/>\n<meta name=\"twitter:card\" content=\"summary\" \/>\n<meta name=\"twitter:label1\" content=\"Est. reading time\" \/>\n\t<meta name=\"twitter:data1\" content=\"1 minute\" \/>\n<script type=\"application\/ld+json\" class=\"yoast-schema-graph\">{\"@context\":\"https:\/\/schema.org\",\"@graph\":[{\"@type\":\"WebSite\",\"@id\":\"https:\/\/www.urlaubcornwall.de\/blog\/#website\",\"url\":\"https:\/\/www.urlaubcornwall.de\/blog\/\",\"name\":\"Urlaub &amp; Reisen\",\"description\":\"Urlaub, Reisen, Cornwall und S\u00fcdengland: eine perfekte Kombination\",\"potentialAction\":[{\"@type\":\"SearchAction\",\"target\":{\"@type\":\"EntryPoint\",\"urlTemplate\":\"https:\/\/www.urlaubcornwall.de\/blog\/?s={search_term_string}\"},\"query-input\":\"required name=search_term_string\"}],\"inLanguage\":\"en-US\"},{\"@type\":\"WebPage\",\"@id\":\"https:\/\/www.urlaubcornwall.de\/blog\/holywell-bay-nahe-newquay\/\",\"url\":\"https:\/\/www.urlaubcornwall.de\/blog\/holywell-bay-nahe-newquay\/\",\"name\":\"Holywell Bay nahe Newquay - Urlaub &amp; Reisen\",\"isPartOf\":{\"@id\":\"https:\/\/www.urlaubcornwall.de\/blog\/#website\"},\"datePublished\":\"2018-03-01T14:01:37+00:00\",\"dateModified\":\"2026-01-07T10:19:57+00:00\",\"breadcrumb\":{\"@id\":\"https:\/\/www.urlaubcornwall.de\/blog\/holywell-bay-nahe-newquay\/#breadcrumb\"},\"inLanguage\":\"en-US\",\"potentialAction\":[{\"@type\":\"ReadAction\",\"target\":[\"https:\/\/www.urlaubcornwall.de\/blog\/holywell-bay-nahe-newquay\/\"]}]},{\"@type\":\"BreadcrumbList\",\"@id\":\"https:\/\/www.urlaubcornwall.de\/blog\/holywell-bay-nahe-newquay\/#breadcrumb\",\"itemListElement\":[{\"@type\":\"ListItem\",\"position\":1,\"name\":\"Home\",\"item\":\"https:\/\/www.urlaubcornwall.de\/blog\/\"},{\"@type\":\"ListItem\",\"position\":2,\"name\":\"Holywell Bay nahe Newquay\"}]}]}<\/script>\n<!-- \/ Yoast SEO plugin. -->","yoast_head_json":{"title":"Holywell Bay nahe Newquay - Urlaub &amp; Reisen","robots":{"index":"index","follow":"follow","max-snippet":"max-snippet:-1","max-image-preview":"max-image-preview:large","max-video-preview":"max-video-preview:-1"},"canonical":"https:\/\/www.urlaubcornwall.de\/blog\/holywell-bay-nahe-newquay\/","og_locale":"en_US","og_type":"article","og_title":"Holywell Bay nahe Newquay - Urlaub &amp; Reisen","og_description":"Dieser riesige Strand goldenen Sandes hat im Hintergrund grasbewachsene D\u00fcnen und ist ein perfekter Strand f\u00fcr die gesamte Familie. Hier gibt es auch jede Menge an Geschichte zu erkunden, eine Burg aus der Eisenzeit auf Kelsey Head, einen Wall aus der Bronzezeit auf Cubert Common, sowie die heilige Quelle in einer Schlucht am Strand. Der [&hellip;]","og_url":"https:\/\/www.urlaubcornwall.de\/blog\/holywell-bay-nahe-newquay\/","og_site_name":"Urlaub &amp; Reisen","article_modified_time":"2026-01-07T10:19:57+00:00","og_image":[{"url":"https:\/\/www.urlaubcornwall.de\/blog\/wp-content\/uploads\/2024\/03\/holywell-cornwall-strand-rotated.jpg"}],"twitter_card":"summary","twitter_misc":{"Est. reading time":"1 minute"},"schema":{"@context":"https:\/\/schema.org","@graph":[{"@type":"WebSite","@id":"https:\/\/www.urlaubcornwall.de\/blog\/#website","url":"https:\/\/www.urlaubcornwall.de\/blog\/","name":"Urlaub &amp; Reisen","description":"Urlaub, Reisen, Cornwall und S\u00fcdengland: eine perfekte Kombination","potentialAction":[{"@type":"SearchAction","target":{"@type":"EntryPoint","urlTemplate":"https:\/\/www.urlaubcornwall.de\/blog\/?s={search_term_string}"},"query-input":"required name=search_term_string"}],"inLanguage":"en-US"},{"@type":"WebPage","@id":"https:\/\/www.urlaubcornwall.de\/blog\/holywell-bay-nahe-newquay\/","url":"https:\/\/www.urlaubcornwall.de\/blog\/holywell-bay-nahe-newquay\/","name":"Holywell Bay nahe Newquay - Urlaub &amp; Reisen","isPartOf":{"@id":"https:\/\/www.urlaubcornwall.de\/blog\/#website"},"datePublished":"2018-03-01T14:01:37+00:00","dateModified":"2026-01-07T10:19:57+00:00","breadcrumb":{"@id":"https:\/\/www.urlaubcornwall.de\/blog\/holywell-bay-nahe-newquay\/#breadcrumb"},"inLanguage":"en-US","potentialAction":[{"@type":"ReadAction","target":["https:\/\/www.urlaubcornwall.de\/blog\/holywell-bay-nahe-newquay\/"]}]},{"@type":"BreadcrumbList","@id":"https:\/\/www.urlaubcornwall.de\/blog\/holywell-bay-nahe-newquay\/#breadcrumb","itemListElement":[{"@type":"ListItem","position":1,"name":"Home","item":"https:\/\/www.urlaubcornwall.de\/blog\/"},{"@type":"ListItem","position":2,"name":"Holywell Bay nahe Newquay"}]}]}},"_links":{"self":[{"href":"https:\/\/www.urlaubcornwall.de\/blog\/wp-json\/wp\/v2\/pages\/32742"}],"collection":[{"href":"https:\/\/www.urlaubcornwall.de\/blog\/wp-json\/wp\/v2\/pages"}],"about":[{"href":"https:\/\/www.urlaubcornwall.de\/blog\/wp-json\/wp\/v2\/types\/page"}],"author":[{"embeddable":true,"href":"https:\/\/www.urlaubcornwall.de\/blog\/wp-json\/wp\/v2\/users\/1"}],"replies":[{"embeddable":true,"href":"https:\/\/www.urlaubcornwall.de\/blog\/wp-json\/wp\/v2\/comments?post=32742"}],"version-history":[{"count":6,"href":"https:\/\/www.urlaubcornwall.de\/blog\/wp-json\/wp\/v2\/pages\/32742\/revisions"}],"predecessor-version":[{"id":52016,"href":"https:\/\/www.urlaubcornwall.de\/blog\/wp-json\/wp\/v2\/pages\/32742\/revisions\/52016"}],"wp:attachment":[{"href":"https:\/\/www.urlaubcornwall.de\/blog\/wp-json\/wp\/v2\/media?parent=32742"}],"curies":[{"name":"wp","href":"https:\/\/api.w.org\/{rel}","templated":true}]}}