{"id":32739,"date":"2018-03-01T13:57:00","date_gmt":"2018-03-01T13:57:00","guid":{"rendered":"https:\/\/www.urlaubcornwall.de\/blog\/?page_id=32739"},"modified":"2024-04-15T11:20:31","modified_gmt":"2024-04-15T11:20:31","slug":"fistral-beach-surfstrand-newquay","status":"publish","type":"page","link":"https:\/\/www.urlaubcornwall.de\/blog\/fistral-beach-surfstrand-newquay\/","title":{"rendered":"Fistral Beach, Surfstrand Newquay"},"content":{"rendered":"<p><img loading=\"lazy\" class=\"aligncenter size-full wp-image-47783\" src=\"https:\/\/www.urlaubcornwall.de\/blog\/wp-content\/uploads\/2024\/03\/Fistral-strand.jpg\" alt=\"Fistral strand\" width=\"750\" height=\"482\" srcset=\"https:\/\/www.urlaubcornwall.de\/blog\/wp-content\/uploads\/2024\/03\/Fistral-strand.jpg 750w, https:\/\/www.urlaubcornwall.de\/blog\/wp-content\/uploads\/2024\/03\/Fistral-strand-300x193.jpg 300w\" sizes=\"(max-width: 750px) 100vw, 750px\" \/><\/p>\n<p>Fistral Beach ist einer der weltweiten top Surforte und Cornwalls beliebtester Strand. S\u00e4mtliche Surfmeisterschaften des UK finden hier statt. N\u00f6rdlich des Strandes befindet sich das Towan Hochland und s\u00fcdlich das Pentire Hochland. Am n\u00f6rdlichen Ende des Strandes gibt es jede Menge Angebote, einschlie\u00dflich eines Surfzentrums, Toiletten, Caf\u00e9s, Surfboards und Surfanz\u00fcge zu mieten, sowie einen Golfplatz.<\/p>\n<p>Hunde sind das ganze Jahr \u00fcber am Strand erlaubt.<\/p>\n<h1 style=\"text-align: center;\"><a href=\"https:\/\/www.urlaubcornwall.de\/ferienhaeuser\/cornwall.php\">Bei uns finden Sie Ferienh\u00e4user zum Verlieben; so einfach ist das!<\/a><\/h1>\n<p style=\"text-align: center;\"><a class=\"tidycta\" href=\"https:\/\/www.urlaubcornwall.de\/ferienhaeuser-fewos\/newquay-am-meer.html\">Ferienh\u00e4user Newquay am Meer &gt;<\/a><\/p>\n<p style=\"text-align: center;\">Pers\u00f6nlich inspizierte Ferienh\u00e4user und Ferienwohnungen f\u00fcr Ihren Urlaub in Cornwall<\/p>\n","protected":false},"excerpt":{"rendered":"<p>Fistral Beach ist einer der weltweiten top Surforte und Cornwalls beliebtester Strand. S\u00e4mtliche Surfmeisterschaften des UK finden hier statt. N\u00f6rdlich des Strandes befindet sich das Towan Hochland und s\u00fcdlich das Pentire Hochland. Am n\u00f6rdlichen Ende des Strandes gibt es jede Menge Angebote, einschlie\u00dflich eines Surfzentrums, Toiletten, Caf\u00e9s, Surfboards und Surfanz\u00fcge zu mieten, sowie einen Golfplatz. [&hellip;]<\/p>\n","protected":false},"author":1,"featured_media":0,"parent":0,"menu_order":0,"comment_status":"closed","ping_status":"closed","template":"single-four.php","meta":[],"acf":[],"yoast_head":"<!-- This site is optimized with the Yoast SEO plugin v19.4 - https:\/\/yoast.com\/wordpress\/plugins\/seo\/ -->\n<title>Fistral Beach, Surfstrand Newquay - Urlaub &amp; Reisen<\/title>\n<meta name=\"robots\" content=\"index, follow, max-snippet:-1, max-image-preview:large, max-video-preview:-1\" \/>\n<link rel=\"canonical\" href=\"https:\/\/www.urlaubcornwall.de\/blog\/fistral-beach-surfstrand-newquay\/\" \/>\n<meta property=\"og:locale\" content=\"en_US\" \/>\n<meta property=\"og:type\" content=\"article\" \/>\n<meta property=\"og:title\" content=\"Fistral Beach, Surfstrand Newquay - Urlaub &amp; Reisen\" \/>\n<meta property=\"og:description\" content=\"Fistral Beach ist einer der weltweiten top Surforte und Cornwalls beliebtester Strand. S\u00e4mtliche Surfmeisterschaften des UK finden hier statt. N\u00f6rdlich des Strandes befindet sich das Towan Hochland und s\u00fcdlich das Pentire Hochland. Am n\u00f6rdlichen Ende des Strandes gibt es jede Menge Angebote, einschlie\u00dflich eines Surfzentrums, Toiletten, Caf\u00e9s, Surfboards und Surfanz\u00fcge zu mieten, sowie einen Golfplatz. [&hellip;]\" \/>\n<meta property=\"og:url\" content=\"https:\/\/www.urlaubcornwall.de\/blog\/fistral-beach-surfstrand-newquay\/\" \/>\n<meta property=\"og:site_name\" content=\"Urlaub &amp; Reisen\" \/>\n<meta property=\"article:modified_time\" content=\"2024-04-15T11:20:31+00:00\" \/>\n<meta property=\"og:image\" content=\"https:\/\/www.urlaubcornwall.de\/blog\/wp-content\/uploads\/2024\/03\/Fistral-strand.jpg\" \/>\n<meta name=\"twitter:card\" content=\"summary\" \/>\n<meta name=\"twitter:label1\" content=\"Est. reading time\" \/>\n\t<meta name=\"twitter:data1\" content=\"1 minute\" \/>\n<script type=\"application\/ld+json\" class=\"yoast-schema-graph\">{\"@context\":\"https:\/\/schema.org\",\"@graph\":[{\"@type\":\"WebSite\",\"@id\":\"https:\/\/www.urlaubcornwall.de\/blog\/#website\",\"url\":\"https:\/\/www.urlaubcornwall.de\/blog\/\",\"name\":\"Urlaub &amp; Reisen\",\"description\":\"Urlaub, Reisen, Cornwall und S\u00fcdengland: eine perfekte Kombination\",\"potentialAction\":[{\"@type\":\"SearchAction\",\"target\":{\"@type\":\"EntryPoint\",\"urlTemplate\":\"https:\/\/www.urlaubcornwall.de\/blog\/?s={search_term_string}\"},\"query-input\":\"required name=search_term_string\"}],\"inLanguage\":\"en-US\"},{\"@type\":\"WebPage\",\"@id\":\"https:\/\/www.urlaubcornwall.de\/blog\/fistral-beach-surfstrand-newquay\/\",\"url\":\"https:\/\/www.urlaubcornwall.de\/blog\/fistral-beach-surfstrand-newquay\/\",\"name\":\"Fistral Beach, Surfstrand Newquay - Urlaub &amp; Reisen\",\"isPartOf\":{\"@id\":\"https:\/\/www.urlaubcornwall.de\/blog\/#website\"},\"datePublished\":\"2018-03-01T13:57:00+00:00\",\"dateModified\":\"2024-04-15T11:20:31+00:00\",\"breadcrumb\":{\"@id\":\"https:\/\/www.urlaubcornwall.de\/blog\/fistral-beach-surfstrand-newquay\/#breadcrumb\"},\"inLanguage\":\"en-US\",\"potentialAction\":[{\"@type\":\"ReadAction\",\"target\":[\"https:\/\/www.urlaubcornwall.de\/blog\/fistral-beach-surfstrand-newquay\/\"]}]},{\"@type\":\"BreadcrumbList\",\"@id\":\"https:\/\/www.urlaubcornwall.de\/blog\/fistral-beach-surfstrand-newquay\/#breadcrumb\",\"itemListElement\":[{\"@type\":\"ListItem\",\"position\":1,\"name\":\"Home\",\"item\":\"https:\/\/www.urlaubcornwall.de\/blog\/\"},{\"@type\":\"ListItem\",\"position\":2,\"name\":\"Fistral Beach, Surfstrand Newquay\"}]}]}<\/script>\n<!-- \/ Yoast SEO plugin. -->","yoast_head_json":{"title":"Fistral Beach, Surfstrand Newquay - Urlaub &amp; Reisen","robots":{"index":"index","follow":"follow","max-snippet":"max-snippet:-1","max-image-preview":"max-image-preview:large","max-video-preview":"max-video-preview:-1"},"canonical":"https:\/\/www.urlaubcornwall.de\/blog\/fistral-beach-surfstrand-newquay\/","og_locale":"en_US","og_type":"article","og_title":"Fistral Beach, Surfstrand Newquay - Urlaub &amp; Reisen","og_description":"Fistral Beach ist einer der weltweiten top Surforte und Cornwalls beliebtester Strand. S\u00e4mtliche Surfmeisterschaften des UK finden hier statt. N\u00f6rdlich des Strandes befindet sich das Towan Hochland und s\u00fcdlich das Pentire Hochland. Am n\u00f6rdlichen Ende des Strandes gibt es jede Menge Angebote, einschlie\u00dflich eines Surfzentrums, Toiletten, Caf\u00e9s, Surfboards und Surfanz\u00fcge zu mieten, sowie einen Golfplatz. [&hellip;]","og_url":"https:\/\/www.urlaubcornwall.de\/blog\/fistral-beach-surfstrand-newquay\/","og_site_name":"Urlaub &amp; Reisen","article_modified_time":"2024-04-15T11:20:31+00:00","og_image":[{"url":"https:\/\/www.urlaubcornwall.de\/blog\/wp-content\/uploads\/2024\/03\/Fistral-strand.jpg"}],"twitter_card":"summary","twitter_misc":{"Est. reading time":"1 minute"},"schema":{"@context":"https:\/\/schema.org","@graph":[{"@type":"WebSite","@id":"https:\/\/www.urlaubcornwall.de\/blog\/#website","url":"https:\/\/www.urlaubcornwall.de\/blog\/","name":"Urlaub &amp; Reisen","description":"Urlaub, Reisen, Cornwall und S\u00fcdengland: eine perfekte Kombination","potentialAction":[{"@type":"SearchAction","target":{"@type":"EntryPoint","urlTemplate":"https:\/\/www.urlaubcornwall.de\/blog\/?s={search_term_string}"},"query-input":"required name=search_term_string"}],"inLanguage":"en-US"},{"@type":"WebPage","@id":"https:\/\/www.urlaubcornwall.de\/blog\/fistral-beach-surfstrand-newquay\/","url":"https:\/\/www.urlaubcornwall.de\/blog\/fistral-beach-surfstrand-newquay\/","name":"Fistral Beach, Surfstrand Newquay - Urlaub &amp; Reisen","isPartOf":{"@id":"https:\/\/www.urlaubcornwall.de\/blog\/#website"},"datePublished":"2018-03-01T13:57:00+00:00","dateModified":"2024-04-15T11:20:31+00:00","breadcrumb":{"@id":"https:\/\/www.urlaubcornwall.de\/blog\/fistral-beach-surfstrand-newquay\/#breadcrumb"},"inLanguage":"en-US","potentialAction":[{"@type":"ReadAction","target":["https:\/\/www.urlaubcornwall.de\/blog\/fistral-beach-surfstrand-newquay\/"]}]},{"@type":"BreadcrumbList","@id":"https:\/\/www.urlaubcornwall.de\/blog\/fistral-beach-surfstrand-newquay\/#breadcrumb","itemListElement":[{"@type":"ListItem","position":1,"name":"Home","item":"https:\/\/www.urlaubcornwall.de\/blog\/"},{"@type":"ListItem","position":2,"name":"Fistral Beach, Surfstrand Newquay"}]}]}},"_links":{"self":[{"href":"https:\/\/www.urlaubcornwall.de\/blog\/wp-json\/wp\/v2\/pages\/32739"}],"collection":[{"href":"https:\/\/www.urlaubcornwall.de\/blog\/wp-json\/wp\/v2\/pages"}],"about":[{"href":"https:\/\/www.urlaubcornwall.de\/blog\/wp-json\/wp\/v2\/types\/page"}],"author":[{"embeddable":true,"href":"https:\/\/www.urlaubcornwall.de\/blog\/wp-json\/wp\/v2\/users\/1"}],"replies":[{"embeddable":true,"href":"https:\/\/www.urlaubcornwall.de\/blog\/wp-json\/wp\/v2\/comments?post=32739"}],"version-history":[{"count":4,"href":"https:\/\/www.urlaubcornwall.de\/blog\/wp-json\/wp\/v2\/pages\/32739\/revisions"}],"predecessor-version":[{"id":49458,"href":"https:\/\/www.urlaubcornwall.de\/blog\/wp-json\/wp\/v2\/pages\/32739\/revisions\/49458"}],"wp:attachment":[{"href":"https:\/\/www.urlaubcornwall.de\/blog\/wp-json\/wp\/v2\/media?parent=32739"}],"curies":[{"name":"wp","href":"https:\/\/api.w.org\/{rel}","templated":true}]}}