{"id":32732,"date":"2018-03-01T13:48:29","date_gmt":"2018-03-01T13:48:29","guid":{"rendered":"https:\/\/www.urlaubcornwall.de\/blog\/?page_id=32732"},"modified":"2020-02-16T13:39:26","modified_gmt":"2020-02-16T13:39:26","slug":"bedruthan-steps-beach-newquay","status":"publish","type":"page","link":"https:\/\/www.urlaubcornwall.de\/blog\/bedruthan-steps-beach-newquay\/","title":{"rendered":"Bedruthan Steps Beach, Cornwalls Nordk\u00fcste in der N\u00e4he Newquay"},"content":{"rendered":"<p><img loading=\"lazy\" class=\"aligncenter size-full wp-image-39453\" src=\"https:\/\/www.urlaubcornwall.de\/blog\/wp-content\/uploads\/2020\/02\/bedruthan-steps_edit.jpg\" alt=\"bedruthan steps strand\" width=\"749\" height=\"500\"\/><\/p>\n<p>Der Strand Bedruthan Steps ist einer von Cornwalls dramatischeren Str\u00e4nden; der Zugang zum Strand ist schwierig \u2013 schmale steile Stufen hinunter, die in die Klippen gesetzt sind. Der wundersch\u00f6ne Sandstrand ist lediglich bei Ebbe erreichbar, zumal er bei Flut nahezu verschwindet. Diese herrliche Landschaft m\u00fcssen Sie auf einer Reise durch Cornwall unbedingt sehen; der Blick von den Klippen \u00fcber Bedruthan Steps hinweg ist dramatisch.<\/p>\n<p>Hier ist zu keiner Zeit sicheres Schwimmen m\u00f6glich. Hunde sind das ganze Jahr \u00fcber am Strand erlaubt.<\/p>\n<h1 style=\"text-align: center;\"><a href=\"https:\/\/www.urlaubcornwall.de\/ferienhaeuser\/cornwall.php\">Bei uns finden Sie Ferienh\u00e4user zum Verlieben; so einfach ist das!<\/a><\/h1>\n<p style=\"text-align: center;\"><a class=\"tidycta\" href=\"https:\/\/www.urlaubcornwall.de\/ferienhaeuser-fewos\/newquay-am-meer.html\">Ferienh\u00e4user Newquay am Meer &gt;<\/a><\/p>\n<p style=\"text-align: center;\">Pers\u00f6nlich inspizierte Ferienh\u00e4user und Ferienwohnungen f\u00fcr Ihren Urlaub in Cornwall<\/p>\n","protected":false},"excerpt":{"rendered":"<p>Der Strand Bedruthan Steps ist einer von Cornwalls dramatischeren Str\u00e4nden; der Zugang zum Strand ist schwierig \u2013 schmale steile Stufen hinunter, die in die Klippen gesetzt sind. Der wundersch\u00f6ne Sandstrand ist lediglich bei Ebbe erreichbar, zumal er bei Flut nahezu verschwindet. Diese herrliche Landschaft m\u00fcssen Sie auf einer Reise durch Cornwall unbedingt sehen; der Blick [&hellip;]<\/p>\n","protected":false},"author":1,"featured_media":0,"parent":0,"menu_order":0,"comment_status":"closed","ping_status":"closed","template":"single-four.php","meta":[],"acf":[],"yoast_head":"<!-- This site is optimized with the Yoast SEO plugin v19.4 - https:\/\/yoast.com\/wordpress\/plugins\/seo\/ -->\n<title>Bedruthan Steps Beach, Cornwalls Nordk\u00fcste in der N\u00e4he Newquay - Urlaub &amp; Reisen<\/title>\n<meta name=\"robots\" content=\"index, follow, max-snippet:-1, max-image-preview:large, max-video-preview:-1\" \/>\n<link rel=\"canonical\" href=\"https:\/\/www.urlaubcornwall.de\/blog\/bedruthan-steps-beach-newquay\/\" \/>\n<meta property=\"og:locale\" content=\"en_US\" \/>\n<meta property=\"og:type\" content=\"article\" \/>\n<meta property=\"og:title\" content=\"Bedruthan Steps Beach, Cornwalls Nordk\u00fcste in der N\u00e4he Newquay - Urlaub &amp; Reisen\" \/>\n<meta property=\"og:description\" content=\"Der Strand Bedruthan Steps ist einer von Cornwalls dramatischeren Str\u00e4nden; der Zugang zum Strand ist schwierig \u2013 schmale steile Stufen hinunter, die in die Klippen gesetzt sind. Der wundersch\u00f6ne Sandstrand ist lediglich bei Ebbe erreichbar, zumal er bei Flut nahezu verschwindet. Diese herrliche Landschaft m\u00fcssen Sie auf einer Reise durch Cornwall unbedingt sehen; der Blick [&hellip;]\" \/>\n<meta property=\"og:url\" content=\"https:\/\/www.urlaubcornwall.de\/blog\/bedruthan-steps-beach-newquay\/\" \/>\n<meta property=\"og:site_name\" content=\"Urlaub &amp; Reisen\" \/>\n<meta property=\"article:modified_time\" content=\"2020-02-16T13:39:26+00:00\" \/>\n<meta property=\"og:image\" content=\"https:\/\/www.urlaubcornwall.de\/blog\/wp-content\/uploads\/2020\/02\/bedruthan-steps_edit.jpg\" \/>\n<meta name=\"twitter:card\" content=\"summary\" \/>\n<meta name=\"twitter:label1\" content=\"Est. reading time\" \/>\n\t<meta name=\"twitter:data1\" content=\"1 minute\" \/>\n<script type=\"application\/ld+json\" class=\"yoast-schema-graph\">{\"@context\":\"https:\/\/schema.org\",\"@graph\":[{\"@type\":\"WebSite\",\"@id\":\"https:\/\/www.urlaubcornwall.de\/blog\/#website\",\"url\":\"https:\/\/www.urlaubcornwall.de\/blog\/\",\"name\":\"Urlaub &amp; Reisen\",\"description\":\"Urlaub, Reisen, Cornwall und S\u00fcdengland: eine perfekte Kombination\",\"potentialAction\":[{\"@type\":\"SearchAction\",\"target\":{\"@type\":\"EntryPoint\",\"urlTemplate\":\"https:\/\/www.urlaubcornwall.de\/blog\/?s={search_term_string}\"},\"query-input\":\"required name=search_term_string\"}],\"inLanguage\":\"en-US\"},{\"@type\":\"WebPage\",\"@id\":\"https:\/\/www.urlaubcornwall.de\/blog\/bedruthan-steps-beach-newquay\/\",\"url\":\"https:\/\/www.urlaubcornwall.de\/blog\/bedruthan-steps-beach-newquay\/\",\"name\":\"Bedruthan Steps Beach, Cornwalls Nordk\u00fcste in der N\u00e4he Newquay - Urlaub &amp; Reisen\",\"isPartOf\":{\"@id\":\"https:\/\/www.urlaubcornwall.de\/blog\/#website\"},\"datePublished\":\"2018-03-01T13:48:29+00:00\",\"dateModified\":\"2020-02-16T13:39:26+00:00\",\"breadcrumb\":{\"@id\":\"https:\/\/www.urlaubcornwall.de\/blog\/bedruthan-steps-beach-newquay\/#breadcrumb\"},\"inLanguage\":\"en-US\",\"potentialAction\":[{\"@type\":\"ReadAction\",\"target\":[\"https:\/\/www.urlaubcornwall.de\/blog\/bedruthan-steps-beach-newquay\/\"]}]},{\"@type\":\"BreadcrumbList\",\"@id\":\"https:\/\/www.urlaubcornwall.de\/blog\/bedruthan-steps-beach-newquay\/#breadcrumb\",\"itemListElement\":[{\"@type\":\"ListItem\",\"position\":1,\"name\":\"Home\",\"item\":\"https:\/\/www.urlaubcornwall.de\/blog\/\"},{\"@type\":\"ListItem\",\"position\":2,\"name\":\"Bedruthan Steps Beach, Cornwalls Nordk\u00fcste in der N\u00e4he Newquay\"}]}]}<\/script>\n<!-- \/ Yoast SEO plugin. -->","yoast_head_json":{"title":"Bedruthan Steps Beach, Cornwalls Nordk\u00fcste in der N\u00e4he Newquay - Urlaub &amp; Reisen","robots":{"index":"index","follow":"follow","max-snippet":"max-snippet:-1","max-image-preview":"max-image-preview:large","max-video-preview":"max-video-preview:-1"},"canonical":"https:\/\/www.urlaubcornwall.de\/blog\/bedruthan-steps-beach-newquay\/","og_locale":"en_US","og_type":"article","og_title":"Bedruthan Steps Beach, Cornwalls Nordk\u00fcste in der N\u00e4he Newquay - Urlaub &amp; Reisen","og_description":"Der Strand Bedruthan Steps ist einer von Cornwalls dramatischeren Str\u00e4nden; der Zugang zum Strand ist schwierig \u2013 schmale steile Stufen hinunter, die in die Klippen gesetzt sind. Der wundersch\u00f6ne Sandstrand ist lediglich bei Ebbe erreichbar, zumal er bei Flut nahezu verschwindet. Diese herrliche Landschaft m\u00fcssen Sie auf einer Reise durch Cornwall unbedingt sehen; der Blick [&hellip;]","og_url":"https:\/\/www.urlaubcornwall.de\/blog\/bedruthan-steps-beach-newquay\/","og_site_name":"Urlaub &amp; Reisen","article_modified_time":"2020-02-16T13:39:26+00:00","og_image":[{"url":"https:\/\/www.urlaubcornwall.de\/blog\/wp-content\/uploads\/2020\/02\/bedruthan-steps_edit.jpg"}],"twitter_card":"summary","twitter_misc":{"Est. reading time":"1 minute"},"schema":{"@context":"https:\/\/schema.org","@graph":[{"@type":"WebSite","@id":"https:\/\/www.urlaubcornwall.de\/blog\/#website","url":"https:\/\/www.urlaubcornwall.de\/blog\/","name":"Urlaub &amp; Reisen","description":"Urlaub, Reisen, Cornwall und S\u00fcdengland: eine perfekte Kombination","potentialAction":[{"@type":"SearchAction","target":{"@type":"EntryPoint","urlTemplate":"https:\/\/www.urlaubcornwall.de\/blog\/?s={search_term_string}"},"query-input":"required name=search_term_string"}],"inLanguage":"en-US"},{"@type":"WebPage","@id":"https:\/\/www.urlaubcornwall.de\/blog\/bedruthan-steps-beach-newquay\/","url":"https:\/\/www.urlaubcornwall.de\/blog\/bedruthan-steps-beach-newquay\/","name":"Bedruthan Steps Beach, Cornwalls Nordk\u00fcste in der N\u00e4he Newquay - Urlaub &amp; Reisen","isPartOf":{"@id":"https:\/\/www.urlaubcornwall.de\/blog\/#website"},"datePublished":"2018-03-01T13:48:29+00:00","dateModified":"2020-02-16T13:39:26+00:00","breadcrumb":{"@id":"https:\/\/www.urlaubcornwall.de\/blog\/bedruthan-steps-beach-newquay\/#breadcrumb"},"inLanguage":"en-US","potentialAction":[{"@type":"ReadAction","target":["https:\/\/www.urlaubcornwall.de\/blog\/bedruthan-steps-beach-newquay\/"]}]},{"@type":"BreadcrumbList","@id":"https:\/\/www.urlaubcornwall.de\/blog\/bedruthan-steps-beach-newquay\/#breadcrumb","itemListElement":[{"@type":"ListItem","position":1,"name":"Home","item":"https:\/\/www.urlaubcornwall.de\/blog\/"},{"@type":"ListItem","position":2,"name":"Bedruthan Steps Beach, Cornwalls Nordk\u00fcste in der N\u00e4he Newquay"}]}]}},"_links":{"self":[{"href":"https:\/\/www.urlaubcornwall.de\/blog\/wp-json\/wp\/v2\/pages\/32732"}],"collection":[{"href":"https:\/\/www.urlaubcornwall.de\/blog\/wp-json\/wp\/v2\/pages"}],"about":[{"href":"https:\/\/www.urlaubcornwall.de\/blog\/wp-json\/wp\/v2\/types\/page"}],"author":[{"embeddable":true,"href":"https:\/\/www.urlaubcornwall.de\/blog\/wp-json\/wp\/v2\/users\/1"}],"replies":[{"embeddable":true,"href":"https:\/\/www.urlaubcornwall.de\/blog\/wp-json\/wp\/v2\/comments?post=32732"}],"version-history":[{"count":5,"href":"https:\/\/www.urlaubcornwall.de\/blog\/wp-json\/wp\/v2\/pages\/32732\/revisions"}],"predecessor-version":[{"id":39454,"href":"https:\/\/www.urlaubcornwall.de\/blog\/wp-json\/wp\/v2\/pages\/32732\/revisions\/39454"}],"wp:attachment":[{"href":"https:\/\/www.urlaubcornwall.de\/blog\/wp-json\/wp\/v2\/media?parent=32732"}],"curies":[{"name":"wp","href":"https:\/\/api.w.org\/{rel}","templated":true}]}}