{"id":32722,"date":"2018-03-01T12:19:25","date_gmt":"2018-03-01T12:19:25","guid":{"rendered":"https:\/\/www.urlaubcornwall.de\/blog\/?page_id=32722"},"modified":"2024-05-30T13:05:16","modified_gmt":"2024-05-30T13:05:16","slug":"daymer-bay-rock-nord-cornwall","status":"publish","type":"page","link":"https:\/\/www.urlaubcornwall.de\/blog\/daymer-bay-rock-nord-cornwall\/","title":{"rendered":"Daymer Bay, Rock Nord Cornwall"},"content":{"rendered":"<p><img loading=\"lazy\" class=\"aligncenter size-full wp-image-48125\" src=\"https:\/\/www.urlaubcornwall.de\/blog\/wp-content\/uploads\/2024\/03\/fluss-camel-padstow-strand.jpg\" alt=\"fluss camel padstow strand\" width=\"750\" height=\"504\" srcset=\"https:\/\/www.urlaubcornwall.de\/blog\/wp-content\/uploads\/2024\/03\/fluss-camel-padstow-strand.jpg 750w, https:\/\/www.urlaubcornwall.de\/blog\/wp-content\/uploads\/2024\/03\/fluss-camel-padstow-strand-300x202.jpg 300w\" sizes=\"(max-width: 750px) 100vw, 750px\" \/><\/p>\n<p>Daymer Bay ist ein herrlicher Sandstrand mit Sandd\u00fcnen im Hintergrund und vermittelt ein etwas abgeschiedeneres Gef\u00fchl als seine Nachbarn, Rock und Polzeath. Hier haben Sie einen ausgezeichneten Blick \u00fcber die Camel Flussm\u00fcndung.<\/p>\n<p>Hunde sind das ganze Jahr \u00fcber am Strand erlaubt.<\/p>\n<h1 style=\"text-align: center;\"><a href=\"https:\/\/www.urlaubcornwall.de\/ferienhaeuser\/cornwall.php\">Bei uns finden Sie Ferienh\u00e4user zum Verlieben; so einfach ist das!<\/a><\/h1>\n<p style=\"text-align: center;\"><a class=\"tidycta\" href=\"https:\/\/www.urlaubcornwall.de\/ferienhaeuser-fewos\/rock-am-meer.html\">Ferienh\u00e4user Rock am Meer &gt;<\/a><\/p>\n<p style=\"text-align: center;\">Pers\u00f6nlich inspizierte Ferienh\u00e4user und Ferienwohnungen f\u00fcr Ihren Urlaub in Cornwall<\/p>\n","protected":false},"excerpt":{"rendered":"<p>Daymer Bay ist ein herrlicher Sandstrand mit Sandd\u00fcnen im Hintergrund und vermittelt ein etwas abgeschiedeneres Gef\u00fchl als seine Nachbarn, Rock und Polzeath. Hier haben Sie einen ausgezeichneten Blick \u00fcber die Camel Flussm\u00fcndung. Hunde sind das ganze Jahr \u00fcber am Strand erlaubt. Bei uns finden Sie Ferienh\u00e4user zum Verlieben; so einfach ist das! Ferienh\u00e4user Rock am [&hellip;]<\/p>\n","protected":false},"author":1,"featured_media":0,"parent":0,"menu_order":0,"comment_status":"closed","ping_status":"closed","template":"single-four.php","meta":[],"acf":[],"yoast_head":"<!-- This site is optimized with the Yoast SEO plugin v19.4 - https:\/\/yoast.com\/wordpress\/plugins\/seo\/ -->\n<title>Daymer Bay, Rock Nord Cornwall - Urlaub &amp; Reisen<\/title>\n<meta name=\"robots\" content=\"index, follow, max-snippet:-1, max-image-preview:large, max-video-preview:-1\" \/>\n<link rel=\"canonical\" href=\"https:\/\/www.urlaubcornwall.de\/blog\/daymer-bay-rock-nord-cornwall\/\" \/>\n<meta property=\"og:locale\" content=\"en_US\" \/>\n<meta property=\"og:type\" content=\"article\" \/>\n<meta property=\"og:title\" content=\"Daymer Bay, Rock Nord Cornwall - Urlaub &amp; Reisen\" \/>\n<meta property=\"og:description\" content=\"Daymer Bay ist ein herrlicher Sandstrand mit Sandd\u00fcnen im Hintergrund und vermittelt ein etwas abgeschiedeneres Gef\u00fchl als seine Nachbarn, Rock und Polzeath. Hier haben Sie einen ausgezeichneten Blick \u00fcber die Camel Flussm\u00fcndung. Hunde sind das ganze Jahr \u00fcber am Strand erlaubt. Bei uns finden Sie Ferienh\u00e4user zum Verlieben; so einfach ist das! Ferienh\u00e4user Rock am [&hellip;]\" \/>\n<meta property=\"og:url\" content=\"https:\/\/www.urlaubcornwall.de\/blog\/daymer-bay-rock-nord-cornwall\/\" \/>\n<meta property=\"og:site_name\" content=\"Urlaub &amp; Reisen\" \/>\n<meta property=\"article:modified_time\" content=\"2024-05-30T13:05:16+00:00\" \/>\n<meta property=\"og:image\" content=\"https:\/\/www.urlaubcornwall.de\/blog\/wp-content\/uploads\/2024\/03\/fluss-camel-padstow-strand.jpg\" \/>\n<meta name=\"twitter:card\" content=\"summary\" \/>\n<meta name=\"twitter:label1\" content=\"Est. reading time\" \/>\n\t<meta name=\"twitter:data1\" content=\"1 minute\" \/>\n<script type=\"application\/ld+json\" class=\"yoast-schema-graph\">{\"@context\":\"https:\/\/schema.org\",\"@graph\":[{\"@type\":\"WebSite\",\"@id\":\"https:\/\/www.urlaubcornwall.de\/blog\/#website\",\"url\":\"https:\/\/www.urlaubcornwall.de\/blog\/\",\"name\":\"Urlaub &amp; Reisen\",\"description\":\"Urlaub, Reisen, Cornwall und S\u00fcdengland: eine perfekte Kombination\",\"potentialAction\":[{\"@type\":\"SearchAction\",\"target\":{\"@type\":\"EntryPoint\",\"urlTemplate\":\"https:\/\/www.urlaubcornwall.de\/blog\/?s={search_term_string}\"},\"query-input\":\"required name=search_term_string\"}],\"inLanguage\":\"en-US\"},{\"@type\":\"WebPage\",\"@id\":\"https:\/\/www.urlaubcornwall.de\/blog\/daymer-bay-rock-nord-cornwall\/\",\"url\":\"https:\/\/www.urlaubcornwall.de\/blog\/daymer-bay-rock-nord-cornwall\/\",\"name\":\"Daymer Bay, Rock Nord Cornwall - Urlaub &amp; Reisen\",\"isPartOf\":{\"@id\":\"https:\/\/www.urlaubcornwall.de\/blog\/#website\"},\"datePublished\":\"2018-03-01T12:19:25+00:00\",\"dateModified\":\"2024-05-30T13:05:16+00:00\",\"breadcrumb\":{\"@id\":\"https:\/\/www.urlaubcornwall.de\/blog\/daymer-bay-rock-nord-cornwall\/#breadcrumb\"},\"inLanguage\":\"en-US\",\"potentialAction\":[{\"@type\":\"ReadAction\",\"target\":[\"https:\/\/www.urlaubcornwall.de\/blog\/daymer-bay-rock-nord-cornwall\/\"]}]},{\"@type\":\"BreadcrumbList\",\"@id\":\"https:\/\/www.urlaubcornwall.de\/blog\/daymer-bay-rock-nord-cornwall\/#breadcrumb\",\"itemListElement\":[{\"@type\":\"ListItem\",\"position\":1,\"name\":\"Home\",\"item\":\"https:\/\/www.urlaubcornwall.de\/blog\/\"},{\"@type\":\"ListItem\",\"position\":2,\"name\":\"Daymer Bay, Rock Nord Cornwall\"}]}]}<\/script>\n<!-- \/ Yoast SEO plugin. -->","yoast_head_json":{"title":"Daymer Bay, Rock Nord Cornwall - Urlaub &amp; Reisen","robots":{"index":"index","follow":"follow","max-snippet":"max-snippet:-1","max-image-preview":"max-image-preview:large","max-video-preview":"max-video-preview:-1"},"canonical":"https:\/\/www.urlaubcornwall.de\/blog\/daymer-bay-rock-nord-cornwall\/","og_locale":"en_US","og_type":"article","og_title":"Daymer Bay, Rock Nord Cornwall - Urlaub &amp; Reisen","og_description":"Daymer Bay ist ein herrlicher Sandstrand mit Sandd\u00fcnen im Hintergrund und vermittelt ein etwas abgeschiedeneres Gef\u00fchl als seine Nachbarn, Rock und Polzeath. Hier haben Sie einen ausgezeichneten Blick \u00fcber die Camel Flussm\u00fcndung. Hunde sind das ganze Jahr \u00fcber am Strand erlaubt. Bei uns finden Sie Ferienh\u00e4user zum Verlieben; so einfach ist das! Ferienh\u00e4user Rock am [&hellip;]","og_url":"https:\/\/www.urlaubcornwall.de\/blog\/daymer-bay-rock-nord-cornwall\/","og_site_name":"Urlaub &amp; Reisen","article_modified_time":"2024-05-30T13:05:16+00:00","og_image":[{"url":"https:\/\/www.urlaubcornwall.de\/blog\/wp-content\/uploads\/2024\/03\/fluss-camel-padstow-strand.jpg"}],"twitter_card":"summary","twitter_misc":{"Est. reading time":"1 minute"},"schema":{"@context":"https:\/\/schema.org","@graph":[{"@type":"WebSite","@id":"https:\/\/www.urlaubcornwall.de\/blog\/#website","url":"https:\/\/www.urlaubcornwall.de\/blog\/","name":"Urlaub &amp; Reisen","description":"Urlaub, Reisen, Cornwall und S\u00fcdengland: eine perfekte Kombination","potentialAction":[{"@type":"SearchAction","target":{"@type":"EntryPoint","urlTemplate":"https:\/\/www.urlaubcornwall.de\/blog\/?s={search_term_string}"},"query-input":"required name=search_term_string"}],"inLanguage":"en-US"},{"@type":"WebPage","@id":"https:\/\/www.urlaubcornwall.de\/blog\/daymer-bay-rock-nord-cornwall\/","url":"https:\/\/www.urlaubcornwall.de\/blog\/daymer-bay-rock-nord-cornwall\/","name":"Daymer Bay, Rock Nord Cornwall - Urlaub &amp; Reisen","isPartOf":{"@id":"https:\/\/www.urlaubcornwall.de\/blog\/#website"},"datePublished":"2018-03-01T12:19:25+00:00","dateModified":"2024-05-30T13:05:16+00:00","breadcrumb":{"@id":"https:\/\/www.urlaubcornwall.de\/blog\/daymer-bay-rock-nord-cornwall\/#breadcrumb"},"inLanguage":"en-US","potentialAction":[{"@type":"ReadAction","target":["https:\/\/www.urlaubcornwall.de\/blog\/daymer-bay-rock-nord-cornwall\/"]}]},{"@type":"BreadcrumbList","@id":"https:\/\/www.urlaubcornwall.de\/blog\/daymer-bay-rock-nord-cornwall\/#breadcrumb","itemListElement":[{"@type":"ListItem","position":1,"name":"Home","item":"https:\/\/www.urlaubcornwall.de\/blog\/"},{"@type":"ListItem","position":2,"name":"Daymer Bay, Rock Nord Cornwall"}]}]}},"_links":{"self":[{"href":"https:\/\/www.urlaubcornwall.de\/blog\/wp-json\/wp\/v2\/pages\/32722"}],"collection":[{"href":"https:\/\/www.urlaubcornwall.de\/blog\/wp-json\/wp\/v2\/pages"}],"about":[{"href":"https:\/\/www.urlaubcornwall.de\/blog\/wp-json\/wp\/v2\/types\/page"}],"author":[{"embeddable":true,"href":"https:\/\/www.urlaubcornwall.de\/blog\/wp-json\/wp\/v2\/users\/1"}],"replies":[{"embeddable":true,"href":"https:\/\/www.urlaubcornwall.de\/blog\/wp-json\/wp\/v2\/comments?post=32722"}],"version-history":[{"count":5,"href":"https:\/\/www.urlaubcornwall.de\/blog\/wp-json\/wp\/v2\/pages\/32722\/revisions"}],"predecessor-version":[{"id":51063,"href":"https:\/\/www.urlaubcornwall.de\/blog\/wp-json\/wp\/v2\/pages\/32722\/revisions\/51063"}],"wp:attachment":[{"href":"https:\/\/www.urlaubcornwall.de\/blog\/wp-json\/wp\/v2\/media?parent=32722"}],"curies":[{"name":"wp","href":"https:\/\/api.w.org\/{rel}","templated":true}]}}