{"id":32719,"date":"2018-03-01T12:14:07","date_gmt":"2018-03-01T12:14:07","guid":{"rendered":"https:\/\/www.urlaubcornwall.de\/blog\/?page_id=32719"},"modified":"2024-05-30T13:02:29","modified_gmt":"2024-05-30T13:02:29","slug":"polzeath-strand-nahe-wadebridge","status":"publish","type":"page","link":"https:\/\/www.urlaubcornwall.de\/blog\/polzeath-strand-nahe-wadebridge\/","title":{"rendered":"Polzeath Strand nahe Wadebridge"},"content":{"rendered":"<p><img loading=\"lazy\" class=\"aligncenter size-full wp-image-48125\" src=\"https:\/\/www.urlaubcornwall.de\/blog\/wp-content\/uploads\/2024\/03\/fluss-camel-padstow-strand.jpg\" alt=\"strand\" width=\"750\" height=\"504\" srcset=\"https:\/\/www.urlaubcornwall.de\/blog\/wp-content\/uploads\/2024\/03\/fluss-camel-padstow-strand.jpg 750w, https:\/\/www.urlaubcornwall.de\/blog\/wp-content\/uploads\/2024\/03\/fluss-camel-padstow-strand-300x202.jpg 300w\" sizes=\"(max-width: 750px) 100vw, 750px\" \/><\/p>\n<p>Polzeath ist ein wundersch\u00f6ner Sandstrand und einer der sichersten an diesem K\u00fcstenabschnitt. Dieser blau beflaggte Strand ist bei Familien und Surfern gleicherma\u00dfen beliebt. Der sanft abfallende Sand und die langen, langsam brechenden Wellen machen ihn zum idealen Strand f\u00fcr jedermann. Vielleicht haben Sie ja Gl\u00fcck und sehen hier Delfine und Robben.<\/p>\n<p>Hunde sind am Strand willkommen, nicht jedoch zwischen Ostersonntag und dem 30. September, wenn es ein saisonales Hundeverbot gibt.<\/p>\n<h1 style=\"text-align: center;\"><a href=\"https:\/\/www.urlaubcornwall.de\/ferienhaeuser\/cornwall.php\">Bei uns finden Sie Ferienh\u00e4user zum Verlieben; so einfach ist das!<\/a><\/h1>\n<p style=\"text-align: center;\"><a class=\"tidycta\" href=\"https:\/\/www.urlaubcornwall.de\/ferienhaeuser-fewos\/polzeath-am-meer.html\">Ferienh\u00e4user Polzeath am Meer &gt;<\/a><\/p>\n<p style=\"text-align: center;\">Pers\u00f6nlich inspizierte Ferienh\u00e4user und Ferienwohnungen f\u00fcr Ihren Urlaub in Cornwall<\/p>\n<p style=\"text-align: right;\">Images \u00a9 Visit Cornwall\/Adam Gibbard\/Matt Jessop<\/p>\n","protected":false},"excerpt":{"rendered":"<p>Polzeath ist ein wundersch\u00f6ner Sandstrand und einer der sichersten an diesem K\u00fcstenabschnitt. Dieser blau beflaggte Strand ist bei Familien und Surfern gleicherma\u00dfen beliebt. Der sanft abfallende Sand und die langen, langsam brechenden Wellen machen ihn zum idealen Strand f\u00fcr jedermann. Vielleicht haben Sie ja Gl\u00fcck und sehen hier Delfine und Robben. Hunde sind am Strand [&hellip;]<\/p>\n","protected":false},"author":1,"featured_media":0,"parent":0,"menu_order":0,"comment_status":"closed","ping_status":"closed","template":"single-four.php","meta":[],"acf":[],"yoast_head":"<!-- This site is optimized with the Yoast SEO plugin v19.4 - https:\/\/yoast.com\/wordpress\/plugins\/seo\/ -->\n<title>Polzeath Strand nahe Wadebridge - Urlaub &amp; Reisen<\/title>\n<meta name=\"robots\" content=\"index, follow, max-snippet:-1, max-image-preview:large, max-video-preview:-1\" \/>\n<link rel=\"canonical\" href=\"https:\/\/www.urlaubcornwall.de\/blog\/polzeath-strand-nahe-wadebridge\/\" \/>\n<meta property=\"og:locale\" content=\"en_US\" \/>\n<meta property=\"og:type\" content=\"article\" \/>\n<meta property=\"og:title\" content=\"Polzeath Strand nahe Wadebridge - Urlaub &amp; Reisen\" \/>\n<meta property=\"og:description\" content=\"Polzeath ist ein wundersch\u00f6ner Sandstrand und einer der sichersten an diesem K\u00fcstenabschnitt. Dieser blau beflaggte Strand ist bei Familien und Surfern gleicherma\u00dfen beliebt. Der sanft abfallende Sand und die langen, langsam brechenden Wellen machen ihn zum idealen Strand f\u00fcr jedermann. Vielleicht haben Sie ja Gl\u00fcck und sehen hier Delfine und Robben. Hunde sind am Strand [&hellip;]\" \/>\n<meta property=\"og:url\" content=\"https:\/\/www.urlaubcornwall.de\/blog\/polzeath-strand-nahe-wadebridge\/\" \/>\n<meta property=\"og:site_name\" content=\"Urlaub &amp; Reisen\" \/>\n<meta property=\"article:modified_time\" content=\"2024-05-30T13:02:29+00:00\" \/>\n<meta property=\"og:image\" content=\"https:\/\/www.urlaubcornwall.de\/blog\/wp-content\/uploads\/2024\/03\/fluss-camel-padstow-strand.jpg\" \/>\n<meta name=\"twitter:card\" content=\"summary\" \/>\n<meta name=\"twitter:label1\" content=\"Est. reading time\" \/>\n\t<meta name=\"twitter:data1\" content=\"1 minute\" \/>\n<script type=\"application\/ld+json\" class=\"yoast-schema-graph\">{\"@context\":\"https:\/\/schema.org\",\"@graph\":[{\"@type\":\"WebSite\",\"@id\":\"https:\/\/www.urlaubcornwall.de\/blog\/#website\",\"url\":\"https:\/\/www.urlaubcornwall.de\/blog\/\",\"name\":\"Urlaub &amp; Reisen\",\"description\":\"Urlaub, Reisen, Cornwall und S\u00fcdengland: eine perfekte Kombination\",\"potentialAction\":[{\"@type\":\"SearchAction\",\"target\":{\"@type\":\"EntryPoint\",\"urlTemplate\":\"https:\/\/www.urlaubcornwall.de\/blog\/?s={search_term_string}\"},\"query-input\":\"required name=search_term_string\"}],\"inLanguage\":\"en-US\"},{\"@type\":\"WebPage\",\"@id\":\"https:\/\/www.urlaubcornwall.de\/blog\/polzeath-strand-nahe-wadebridge\/\",\"url\":\"https:\/\/www.urlaubcornwall.de\/blog\/polzeath-strand-nahe-wadebridge\/\",\"name\":\"Polzeath Strand nahe Wadebridge - Urlaub &amp; Reisen\",\"isPartOf\":{\"@id\":\"https:\/\/www.urlaubcornwall.de\/blog\/#website\"},\"datePublished\":\"2018-03-01T12:14:07+00:00\",\"dateModified\":\"2024-05-30T13:02:29+00:00\",\"breadcrumb\":{\"@id\":\"https:\/\/www.urlaubcornwall.de\/blog\/polzeath-strand-nahe-wadebridge\/#breadcrumb\"},\"inLanguage\":\"en-US\",\"potentialAction\":[{\"@type\":\"ReadAction\",\"target\":[\"https:\/\/www.urlaubcornwall.de\/blog\/polzeath-strand-nahe-wadebridge\/\"]}]},{\"@type\":\"BreadcrumbList\",\"@id\":\"https:\/\/www.urlaubcornwall.de\/blog\/polzeath-strand-nahe-wadebridge\/#breadcrumb\",\"itemListElement\":[{\"@type\":\"ListItem\",\"position\":1,\"name\":\"Home\",\"item\":\"https:\/\/www.urlaubcornwall.de\/blog\/\"},{\"@type\":\"ListItem\",\"position\":2,\"name\":\"Polzeath Strand nahe Wadebridge\"}]}]}<\/script>\n<!-- \/ Yoast SEO plugin. -->","yoast_head_json":{"title":"Polzeath Strand nahe Wadebridge - Urlaub &amp; Reisen","robots":{"index":"index","follow":"follow","max-snippet":"max-snippet:-1","max-image-preview":"max-image-preview:large","max-video-preview":"max-video-preview:-1"},"canonical":"https:\/\/www.urlaubcornwall.de\/blog\/polzeath-strand-nahe-wadebridge\/","og_locale":"en_US","og_type":"article","og_title":"Polzeath Strand nahe Wadebridge - Urlaub &amp; Reisen","og_description":"Polzeath ist ein wundersch\u00f6ner Sandstrand und einer der sichersten an diesem K\u00fcstenabschnitt. Dieser blau beflaggte Strand ist bei Familien und Surfern gleicherma\u00dfen beliebt. Der sanft abfallende Sand und die langen, langsam brechenden Wellen machen ihn zum idealen Strand f\u00fcr jedermann. Vielleicht haben Sie ja Gl\u00fcck und sehen hier Delfine und Robben. Hunde sind am Strand [&hellip;]","og_url":"https:\/\/www.urlaubcornwall.de\/blog\/polzeath-strand-nahe-wadebridge\/","og_site_name":"Urlaub &amp; Reisen","article_modified_time":"2024-05-30T13:02:29+00:00","og_image":[{"url":"https:\/\/www.urlaubcornwall.de\/blog\/wp-content\/uploads\/2024\/03\/fluss-camel-padstow-strand.jpg"}],"twitter_card":"summary","twitter_misc":{"Est. reading time":"1 minute"},"schema":{"@context":"https:\/\/schema.org","@graph":[{"@type":"WebSite","@id":"https:\/\/www.urlaubcornwall.de\/blog\/#website","url":"https:\/\/www.urlaubcornwall.de\/blog\/","name":"Urlaub &amp; Reisen","description":"Urlaub, Reisen, Cornwall und S\u00fcdengland: eine perfekte Kombination","potentialAction":[{"@type":"SearchAction","target":{"@type":"EntryPoint","urlTemplate":"https:\/\/www.urlaubcornwall.de\/blog\/?s={search_term_string}"},"query-input":"required name=search_term_string"}],"inLanguage":"en-US"},{"@type":"WebPage","@id":"https:\/\/www.urlaubcornwall.de\/blog\/polzeath-strand-nahe-wadebridge\/","url":"https:\/\/www.urlaubcornwall.de\/blog\/polzeath-strand-nahe-wadebridge\/","name":"Polzeath Strand nahe Wadebridge - Urlaub &amp; Reisen","isPartOf":{"@id":"https:\/\/www.urlaubcornwall.de\/blog\/#website"},"datePublished":"2018-03-01T12:14:07+00:00","dateModified":"2024-05-30T13:02:29+00:00","breadcrumb":{"@id":"https:\/\/www.urlaubcornwall.de\/blog\/polzeath-strand-nahe-wadebridge\/#breadcrumb"},"inLanguage":"en-US","potentialAction":[{"@type":"ReadAction","target":["https:\/\/www.urlaubcornwall.de\/blog\/polzeath-strand-nahe-wadebridge\/"]}]},{"@type":"BreadcrumbList","@id":"https:\/\/www.urlaubcornwall.de\/blog\/polzeath-strand-nahe-wadebridge\/#breadcrumb","itemListElement":[{"@type":"ListItem","position":1,"name":"Home","item":"https:\/\/www.urlaubcornwall.de\/blog\/"},{"@type":"ListItem","position":2,"name":"Polzeath Strand nahe Wadebridge"}]}]}},"_links":{"self":[{"href":"https:\/\/www.urlaubcornwall.de\/blog\/wp-json\/wp\/v2\/pages\/32719"}],"collection":[{"href":"https:\/\/www.urlaubcornwall.de\/blog\/wp-json\/wp\/v2\/pages"}],"about":[{"href":"https:\/\/www.urlaubcornwall.de\/blog\/wp-json\/wp\/v2\/types\/page"}],"author":[{"embeddable":true,"href":"https:\/\/www.urlaubcornwall.de\/blog\/wp-json\/wp\/v2\/users\/1"}],"replies":[{"embeddable":true,"href":"https:\/\/www.urlaubcornwall.de\/blog\/wp-json\/wp\/v2\/comments?post=32719"}],"version-history":[{"count":4,"href":"https:\/\/www.urlaubcornwall.de\/blog\/wp-json\/wp\/v2\/pages\/32719\/revisions"}],"predecessor-version":[{"id":51060,"href":"https:\/\/www.urlaubcornwall.de\/blog\/wp-json\/wp\/v2\/pages\/32719\/revisions\/51060"}],"wp:attachment":[{"href":"https:\/\/www.urlaubcornwall.de\/blog\/wp-json\/wp\/v2\/media?parent=32719"}],"curies":[{"name":"wp","href":"https:\/\/api.w.org\/{rel}","templated":true}]}}