{"id":32716,"date":"2018-03-01T12:07:17","date_gmt":"2018-03-01T12:07:17","guid":{"rendered":"https:\/\/www.urlaubcornwall.de\/blog\/?page_id=32716"},"modified":"2024-05-30T13:04:49","modified_gmt":"2024-05-30T13:04:49","slug":"trebarwith-strand-nahe-tintagel","status":"publish","type":"page","link":"https:\/\/www.urlaubcornwall.de\/blog\/trebarwith-strand-nahe-tintagel\/","title":{"rendered":"Trebarwith Strand nahe Tintagel"},"content":{"rendered":"<p><img loading=\"lazy\" class=\"aligncenter size-full wp-image-32717\" src=\"https:\/\/www.urlaubcornwall.de\/blog\/wp-content\/uploads\/2018\/03\/Trebarwith-strand-tintagel.jpg\" alt=\"Trebarwith strand tintagel\" width=\"749\" height=\"499\" srcset=\"https:\/\/www.urlaubcornwall.de\/blog\/wp-content\/uploads\/2018\/03\/Trebarwith-strand-tintagel.jpg 751w, https:\/\/www.urlaubcornwall.de\/blog\/wp-content\/uploads\/2018\/03\/Trebarwith-strand-tintagel-300x199.jpg 300w\" sizes=\"(max-width: 749px) 100vw, 749px\" \/><\/p>\n<p style=\"text-align: right;\">Images \u00a9 Visit Cornwall\/Adam Gibbard\/Matt Jessop<\/p>\n<p><a href=\"https:\/\/www.urlaubcornwall.de\/ferienhaeuser-fewos\/trebarwith.html\">Trebarwith Strand<\/a> befindet sich lediglich etwas mehr als 3km von Tintagel entfernt. Der Sandstrand ist bei Flut v\u00f6llig \u00fcbersp\u00fclt, doch erstreckt er sich bei Ebbe \u00fcber 1,6km hinaus. Es ist ein gro\u00dfartiger Familienstrand mit jeder Menge Angeboten.<\/p>\n<p>Hunde sind das ganze Jahr \u00fcber am Strand erlaubt.<\/p>\n<h1 style=\"text-align: center;\"><a href=\"https:\/\/www.urlaubcornwall.de\/ferienhaeuser\/cornwall.php\">Bei uns finden Sie Ferienh\u00e4user zum Verlieben; so einfach ist das!<\/a><\/h1>\n<p style=\"text-align: center;\"><a class=\"tidycta\" href=\"https:\/\/www.urlaubcornwall.de\/ferienhaeuser-fewos\/tintagel-am-meer.html\">Ferienh\u00e4user Tintagel am Meer &gt;<\/a><\/p>\n<p style=\"text-align: center;\">Pers\u00f6nlich inspizierte Ferienh\u00e4user und Ferienwohnungen f\u00fcr Ihren Urlaub in Cornwall<\/p>\n","protected":false},"excerpt":{"rendered":"<p>Images \u00a9 Visit Cornwall\/Adam Gibbard\/Matt Jessop Trebarwith Strand befindet sich lediglich etwas mehr als 3km von Tintagel entfernt. Der Sandstrand ist bei Flut v\u00f6llig \u00fcbersp\u00fclt, doch erstreckt er sich bei Ebbe \u00fcber 1,6km hinaus. Es ist ein gro\u00dfartiger Familienstrand mit jeder Menge Angeboten. Hunde sind das ganze Jahr \u00fcber am Strand erlaubt. Bei uns finden [&hellip;]<\/p>\n","protected":false},"author":1,"featured_media":0,"parent":0,"menu_order":0,"comment_status":"closed","ping_status":"closed","template":"single-four.php","meta":[],"acf":[],"yoast_head":"<!-- This site is optimized with the Yoast SEO plugin v19.4 - https:\/\/yoast.com\/wordpress\/plugins\/seo\/ -->\n<title>Trebarwith Strand nahe Tintagel - Urlaub &amp; Reisen<\/title>\n<meta name=\"robots\" content=\"index, follow, max-snippet:-1, max-image-preview:large, max-video-preview:-1\" \/>\n<link rel=\"canonical\" href=\"https:\/\/www.urlaubcornwall.de\/blog\/trebarwith-strand-nahe-tintagel\/\" \/>\n<meta property=\"og:locale\" content=\"en_US\" \/>\n<meta property=\"og:type\" content=\"article\" \/>\n<meta property=\"og:title\" content=\"Trebarwith Strand nahe Tintagel - Urlaub &amp; Reisen\" \/>\n<meta property=\"og:description\" content=\"Images \u00a9 Visit Cornwall\/Adam Gibbard\/Matt Jessop Trebarwith Strand befindet sich lediglich etwas mehr als 3km von Tintagel entfernt. Der Sandstrand ist bei Flut v\u00f6llig \u00fcbersp\u00fclt, doch erstreckt er sich bei Ebbe \u00fcber 1,6km hinaus. Es ist ein gro\u00dfartiger Familienstrand mit jeder Menge Angeboten. Hunde sind das ganze Jahr \u00fcber am Strand erlaubt. Bei uns finden [&hellip;]\" \/>\n<meta property=\"og:url\" content=\"https:\/\/www.urlaubcornwall.de\/blog\/trebarwith-strand-nahe-tintagel\/\" \/>\n<meta property=\"og:site_name\" content=\"Urlaub &amp; Reisen\" \/>\n<meta property=\"article:modified_time\" content=\"2024-05-30T13:04:49+00:00\" \/>\n<meta property=\"og:image\" content=\"https:\/\/www.urlaubcornwall.de\/blog\/wp-content\/uploads\/2018\/03\/Trebarwith-strand-tintagel.jpg\" \/>\n<meta name=\"twitter:card\" content=\"summary\" \/>\n<meta name=\"twitter:label1\" content=\"Est. reading time\" \/>\n\t<meta name=\"twitter:data1\" content=\"1 minute\" \/>\n<script type=\"application\/ld+json\" class=\"yoast-schema-graph\">{\"@context\":\"https:\/\/schema.org\",\"@graph\":[{\"@type\":\"WebSite\",\"@id\":\"https:\/\/www.urlaubcornwall.de\/blog\/#website\",\"url\":\"https:\/\/www.urlaubcornwall.de\/blog\/\",\"name\":\"Urlaub &amp; Reisen\",\"description\":\"Urlaub, Reisen, Cornwall und S\u00fcdengland: eine perfekte Kombination\",\"potentialAction\":[{\"@type\":\"SearchAction\",\"target\":{\"@type\":\"EntryPoint\",\"urlTemplate\":\"https:\/\/www.urlaubcornwall.de\/blog\/?s={search_term_string}\"},\"query-input\":\"required name=search_term_string\"}],\"inLanguage\":\"en-US\"},{\"@type\":\"WebPage\",\"@id\":\"https:\/\/www.urlaubcornwall.de\/blog\/trebarwith-strand-nahe-tintagel\/\",\"url\":\"https:\/\/www.urlaubcornwall.de\/blog\/trebarwith-strand-nahe-tintagel\/\",\"name\":\"Trebarwith Strand nahe Tintagel - Urlaub &amp; Reisen\",\"isPartOf\":{\"@id\":\"https:\/\/www.urlaubcornwall.de\/blog\/#website\"},\"datePublished\":\"2018-03-01T12:07:17+00:00\",\"dateModified\":\"2024-05-30T13:04:49+00:00\",\"breadcrumb\":{\"@id\":\"https:\/\/www.urlaubcornwall.de\/blog\/trebarwith-strand-nahe-tintagel\/#breadcrumb\"},\"inLanguage\":\"en-US\",\"potentialAction\":[{\"@type\":\"ReadAction\",\"target\":[\"https:\/\/www.urlaubcornwall.de\/blog\/trebarwith-strand-nahe-tintagel\/\"]}]},{\"@type\":\"BreadcrumbList\",\"@id\":\"https:\/\/www.urlaubcornwall.de\/blog\/trebarwith-strand-nahe-tintagel\/#breadcrumb\",\"itemListElement\":[{\"@type\":\"ListItem\",\"position\":1,\"name\":\"Home\",\"item\":\"https:\/\/www.urlaubcornwall.de\/blog\/\"},{\"@type\":\"ListItem\",\"position\":2,\"name\":\"Trebarwith Strand nahe Tintagel\"}]}]}<\/script>\n<!-- \/ Yoast SEO plugin. -->","yoast_head_json":{"title":"Trebarwith Strand nahe Tintagel - Urlaub &amp; Reisen","robots":{"index":"index","follow":"follow","max-snippet":"max-snippet:-1","max-image-preview":"max-image-preview:large","max-video-preview":"max-video-preview:-1"},"canonical":"https:\/\/www.urlaubcornwall.de\/blog\/trebarwith-strand-nahe-tintagel\/","og_locale":"en_US","og_type":"article","og_title":"Trebarwith Strand nahe Tintagel - Urlaub &amp; Reisen","og_description":"Images \u00a9 Visit Cornwall\/Adam Gibbard\/Matt Jessop Trebarwith Strand befindet sich lediglich etwas mehr als 3km von Tintagel entfernt. Der Sandstrand ist bei Flut v\u00f6llig \u00fcbersp\u00fclt, doch erstreckt er sich bei Ebbe \u00fcber 1,6km hinaus. Es ist ein gro\u00dfartiger Familienstrand mit jeder Menge Angeboten. Hunde sind das ganze Jahr \u00fcber am Strand erlaubt. Bei uns finden [&hellip;]","og_url":"https:\/\/www.urlaubcornwall.de\/blog\/trebarwith-strand-nahe-tintagel\/","og_site_name":"Urlaub &amp; Reisen","article_modified_time":"2024-05-30T13:04:49+00:00","og_image":[{"url":"https:\/\/www.urlaubcornwall.de\/blog\/wp-content\/uploads\/2018\/03\/Trebarwith-strand-tintagel.jpg"}],"twitter_card":"summary","twitter_misc":{"Est. reading time":"1 minute"},"schema":{"@context":"https:\/\/schema.org","@graph":[{"@type":"WebSite","@id":"https:\/\/www.urlaubcornwall.de\/blog\/#website","url":"https:\/\/www.urlaubcornwall.de\/blog\/","name":"Urlaub &amp; Reisen","description":"Urlaub, Reisen, Cornwall und S\u00fcdengland: eine perfekte Kombination","potentialAction":[{"@type":"SearchAction","target":{"@type":"EntryPoint","urlTemplate":"https:\/\/www.urlaubcornwall.de\/blog\/?s={search_term_string}"},"query-input":"required name=search_term_string"}],"inLanguage":"en-US"},{"@type":"WebPage","@id":"https:\/\/www.urlaubcornwall.de\/blog\/trebarwith-strand-nahe-tintagel\/","url":"https:\/\/www.urlaubcornwall.de\/blog\/trebarwith-strand-nahe-tintagel\/","name":"Trebarwith Strand nahe Tintagel - Urlaub &amp; Reisen","isPartOf":{"@id":"https:\/\/www.urlaubcornwall.de\/blog\/#website"},"datePublished":"2018-03-01T12:07:17+00:00","dateModified":"2024-05-30T13:04:49+00:00","breadcrumb":{"@id":"https:\/\/www.urlaubcornwall.de\/blog\/trebarwith-strand-nahe-tintagel\/#breadcrumb"},"inLanguage":"en-US","potentialAction":[{"@type":"ReadAction","target":["https:\/\/www.urlaubcornwall.de\/blog\/trebarwith-strand-nahe-tintagel\/"]}]},{"@type":"BreadcrumbList","@id":"https:\/\/www.urlaubcornwall.de\/blog\/trebarwith-strand-nahe-tintagel\/#breadcrumb","itemListElement":[{"@type":"ListItem","position":1,"name":"Home","item":"https:\/\/www.urlaubcornwall.de\/blog\/"},{"@type":"ListItem","position":2,"name":"Trebarwith Strand nahe Tintagel"}]}]}},"_links":{"self":[{"href":"https:\/\/www.urlaubcornwall.de\/blog\/wp-json\/wp\/v2\/pages\/32716"}],"collection":[{"href":"https:\/\/www.urlaubcornwall.de\/blog\/wp-json\/wp\/v2\/pages"}],"about":[{"href":"https:\/\/www.urlaubcornwall.de\/blog\/wp-json\/wp\/v2\/types\/page"}],"author":[{"embeddable":true,"href":"https:\/\/www.urlaubcornwall.de\/blog\/wp-json\/wp\/v2\/users\/1"}],"replies":[{"embeddable":true,"href":"https:\/\/www.urlaubcornwall.de\/blog\/wp-json\/wp\/v2\/comments?post=32716"}],"version-history":[{"count":4,"href":"https:\/\/www.urlaubcornwall.de\/blog\/wp-json\/wp\/v2\/pages\/32716\/revisions"}],"predecessor-version":[{"id":51062,"href":"https:\/\/www.urlaubcornwall.de\/blog\/wp-json\/wp\/v2\/pages\/32716\/revisions\/51062"}],"wp:attachment":[{"href":"https:\/\/www.urlaubcornwall.de\/blog\/wp-json\/wp\/v2\/media?parent=32716"}],"curies":[{"name":"wp","href":"https:\/\/api.w.org\/{rel}","templated":true}]}}