{"id":32713,"date":"2018-03-01T11:53:06","date_gmt":"2018-03-01T11:53:06","guid":{"rendered":"https:\/\/www.urlaubcornwall.de\/blog\/?page_id=32713"},"modified":"2024-04-15T13:26:02","modified_gmt":"2024-04-15T13:26:02","slug":"crackington-haven-strand-nahe-boscastle","status":"publish","type":"page","link":"https:\/\/www.urlaubcornwall.de\/blog\/crackington-haven-strand-nahe-boscastle\/","title":{"rendered":"Crackington Haven Strand nahe Boscastle"},"content":{"rendered":"<p><img loading=\"lazy\" class=\"aligncenter size-full wp-image-28780\" src=\"https:\/\/www.urlaubcornwall.de\/blog\/wp-content\/uploads\/2017\/08\/holywell-bay.jpg\" alt=\"strand Cornwall\" width=\"746\" height=\"380\" srcset=\"https:\/\/www.urlaubcornwall.de\/blog\/wp-content\/uploads\/2017\/08\/holywell-bay.jpg 746w, https:\/\/www.urlaubcornwall.de\/blog\/wp-content\/uploads\/2017\/08\/holywell-bay-300x153.jpg 300w\" sizes=\"(max-width: 746px) 100vw, 746px\" \/><\/p>\n<p>Crackington Haven befindet sich in einem Gebiet besonderer Natursch\u00f6nheit. Einst ein wichtiger kleiner Hafen, ist es heute bei Familien beliebt, da sich der sanft absch\u00fcssige Strand in einer eingeschlossenen Bucht befindet. Vom K\u00fcstenpfad aus ergibt sich ein spektakul\u00e4rer Blick, und mit 224m ist Pencarrow Point Cornwalls h\u00f6chste Klippe.<\/p>\n<p>Hunde sind willkommen, nicht jedoch zwischen Ostersonntag und dem 30. September, wenn es ein saisonales Hundeverbot gibt.<\/p>\n<h1 style=\"text-align: center;\"><a href=\"https:\/\/www.urlaubcornwall.de\/ferienhaeuser\/cornwall.php\">Bei uns finden Sie Ferienh\u00e4user zum Verlieben; so einfach ist das!<\/a><\/h1>\n<p style=\"text-align: center;\"><a class=\"tidycta\" href=\"https:\/\/www.urlaubcornwall.de\/ferienhaeuser-fewos\/boscastle-am-meer.html\">Ferienh\u00e4user Boscastle am Meer &gt;<\/a><\/p>\n<p style=\"text-align: center;\">Pers\u00f6nlich inspizierte Ferienh\u00e4user und Ferienwohnungen f\u00fcr Ihren Urlaub in Cornwall<\/p>\n<p style=\"text-align: right;\">Images \u00a9 Visit Cornwall\/Adam Gibbard\/Matt Jessop<\/p>\n","protected":false},"excerpt":{"rendered":"<p>Crackington Haven befindet sich in einem Gebiet besonderer Natursch\u00f6nheit. Einst ein wichtiger kleiner Hafen, ist es heute bei Familien beliebt, da sich der sanft absch\u00fcssige Strand in einer eingeschlossenen Bucht befindet. Vom K\u00fcstenpfad aus ergibt sich ein spektakul\u00e4rer Blick, und mit 224m ist Pencarrow Point Cornwalls h\u00f6chste Klippe. Hunde sind willkommen, nicht jedoch zwischen Ostersonntag [&hellip;]<\/p>\n","protected":false},"author":1,"featured_media":0,"parent":0,"menu_order":0,"comment_status":"closed","ping_status":"closed","template":"single-four.php","meta":[],"acf":[],"yoast_head":"<!-- This site is optimized with the Yoast SEO plugin v19.4 - https:\/\/yoast.com\/wordpress\/plugins\/seo\/ -->\n<title>Crackington Haven Strand nahe Boscastle - Urlaub &amp; Reisen<\/title>\n<meta name=\"robots\" content=\"index, follow, max-snippet:-1, max-image-preview:large, max-video-preview:-1\" \/>\n<link rel=\"canonical\" href=\"https:\/\/www.urlaubcornwall.de\/blog\/crackington-haven-strand-nahe-boscastle\/\" \/>\n<meta property=\"og:locale\" content=\"en_US\" \/>\n<meta property=\"og:type\" content=\"article\" \/>\n<meta property=\"og:title\" content=\"Crackington Haven Strand nahe Boscastle - Urlaub &amp; Reisen\" \/>\n<meta property=\"og:description\" content=\"Crackington Haven befindet sich in einem Gebiet besonderer Natursch\u00f6nheit. Einst ein wichtiger kleiner Hafen, ist es heute bei Familien beliebt, da sich der sanft absch\u00fcssige Strand in einer eingeschlossenen Bucht befindet. Vom K\u00fcstenpfad aus ergibt sich ein spektakul\u00e4rer Blick, und mit 224m ist Pencarrow Point Cornwalls h\u00f6chste Klippe. Hunde sind willkommen, nicht jedoch zwischen Ostersonntag [&hellip;]\" \/>\n<meta property=\"og:url\" content=\"https:\/\/www.urlaubcornwall.de\/blog\/crackington-haven-strand-nahe-boscastle\/\" \/>\n<meta property=\"og:site_name\" content=\"Urlaub &amp; Reisen\" \/>\n<meta property=\"article:modified_time\" content=\"2024-04-15T13:26:02+00:00\" \/>\n<meta property=\"og:image\" content=\"https:\/\/www.urlaubcornwall.de\/blog\/wp-content\/uploads\/2017\/08\/holywell-bay.jpg\" \/>\n<meta name=\"twitter:card\" content=\"summary\" \/>\n<meta name=\"twitter:label1\" content=\"Est. reading time\" \/>\n\t<meta name=\"twitter:data1\" content=\"1 minute\" \/>\n<script type=\"application\/ld+json\" class=\"yoast-schema-graph\">{\"@context\":\"https:\/\/schema.org\",\"@graph\":[{\"@type\":\"WebSite\",\"@id\":\"https:\/\/www.urlaubcornwall.de\/blog\/#website\",\"url\":\"https:\/\/www.urlaubcornwall.de\/blog\/\",\"name\":\"Urlaub &amp; Reisen\",\"description\":\"Urlaub, Reisen, Cornwall und S\u00fcdengland: eine perfekte Kombination\",\"potentialAction\":[{\"@type\":\"SearchAction\",\"target\":{\"@type\":\"EntryPoint\",\"urlTemplate\":\"https:\/\/www.urlaubcornwall.de\/blog\/?s={search_term_string}\"},\"query-input\":\"required name=search_term_string\"}],\"inLanguage\":\"en-US\"},{\"@type\":\"WebPage\",\"@id\":\"https:\/\/www.urlaubcornwall.de\/blog\/crackington-haven-strand-nahe-boscastle\/\",\"url\":\"https:\/\/www.urlaubcornwall.de\/blog\/crackington-haven-strand-nahe-boscastle\/\",\"name\":\"Crackington Haven Strand nahe Boscastle - Urlaub &amp; Reisen\",\"isPartOf\":{\"@id\":\"https:\/\/www.urlaubcornwall.de\/blog\/#website\"},\"datePublished\":\"2018-03-01T11:53:06+00:00\",\"dateModified\":\"2024-04-15T13:26:02+00:00\",\"breadcrumb\":{\"@id\":\"https:\/\/www.urlaubcornwall.de\/blog\/crackington-haven-strand-nahe-boscastle\/#breadcrumb\"},\"inLanguage\":\"en-US\",\"potentialAction\":[{\"@type\":\"ReadAction\",\"target\":[\"https:\/\/www.urlaubcornwall.de\/blog\/crackington-haven-strand-nahe-boscastle\/\"]}]},{\"@type\":\"BreadcrumbList\",\"@id\":\"https:\/\/www.urlaubcornwall.de\/blog\/crackington-haven-strand-nahe-boscastle\/#breadcrumb\",\"itemListElement\":[{\"@type\":\"ListItem\",\"position\":1,\"name\":\"Home\",\"item\":\"https:\/\/www.urlaubcornwall.de\/blog\/\"},{\"@type\":\"ListItem\",\"position\":2,\"name\":\"Crackington Haven Strand nahe Boscastle\"}]}]}<\/script>\n<!-- \/ Yoast SEO plugin. -->","yoast_head_json":{"title":"Crackington Haven Strand nahe Boscastle - Urlaub &amp; Reisen","robots":{"index":"index","follow":"follow","max-snippet":"max-snippet:-1","max-image-preview":"max-image-preview:large","max-video-preview":"max-video-preview:-1"},"canonical":"https:\/\/www.urlaubcornwall.de\/blog\/crackington-haven-strand-nahe-boscastle\/","og_locale":"en_US","og_type":"article","og_title":"Crackington Haven Strand nahe Boscastle - Urlaub &amp; Reisen","og_description":"Crackington Haven befindet sich in einem Gebiet besonderer Natursch\u00f6nheit. Einst ein wichtiger kleiner Hafen, ist es heute bei Familien beliebt, da sich der sanft absch\u00fcssige Strand in einer eingeschlossenen Bucht befindet. Vom K\u00fcstenpfad aus ergibt sich ein spektakul\u00e4rer Blick, und mit 224m ist Pencarrow Point Cornwalls h\u00f6chste Klippe. Hunde sind willkommen, nicht jedoch zwischen Ostersonntag [&hellip;]","og_url":"https:\/\/www.urlaubcornwall.de\/blog\/crackington-haven-strand-nahe-boscastle\/","og_site_name":"Urlaub &amp; Reisen","article_modified_time":"2024-04-15T13:26:02+00:00","og_image":[{"url":"https:\/\/www.urlaubcornwall.de\/blog\/wp-content\/uploads\/2017\/08\/holywell-bay.jpg"}],"twitter_card":"summary","twitter_misc":{"Est. reading time":"1 minute"},"schema":{"@context":"https:\/\/schema.org","@graph":[{"@type":"WebSite","@id":"https:\/\/www.urlaubcornwall.de\/blog\/#website","url":"https:\/\/www.urlaubcornwall.de\/blog\/","name":"Urlaub &amp; Reisen","description":"Urlaub, Reisen, Cornwall und S\u00fcdengland: eine perfekte Kombination","potentialAction":[{"@type":"SearchAction","target":{"@type":"EntryPoint","urlTemplate":"https:\/\/www.urlaubcornwall.de\/blog\/?s={search_term_string}"},"query-input":"required name=search_term_string"}],"inLanguage":"en-US"},{"@type":"WebPage","@id":"https:\/\/www.urlaubcornwall.de\/blog\/crackington-haven-strand-nahe-boscastle\/","url":"https:\/\/www.urlaubcornwall.de\/blog\/crackington-haven-strand-nahe-boscastle\/","name":"Crackington Haven Strand nahe Boscastle - Urlaub &amp; Reisen","isPartOf":{"@id":"https:\/\/www.urlaubcornwall.de\/blog\/#website"},"datePublished":"2018-03-01T11:53:06+00:00","dateModified":"2024-04-15T13:26:02+00:00","breadcrumb":{"@id":"https:\/\/www.urlaubcornwall.de\/blog\/crackington-haven-strand-nahe-boscastle\/#breadcrumb"},"inLanguage":"en-US","potentialAction":[{"@type":"ReadAction","target":["https:\/\/www.urlaubcornwall.de\/blog\/crackington-haven-strand-nahe-boscastle\/"]}]},{"@type":"BreadcrumbList","@id":"https:\/\/www.urlaubcornwall.de\/blog\/crackington-haven-strand-nahe-boscastle\/#breadcrumb","itemListElement":[{"@type":"ListItem","position":1,"name":"Home","item":"https:\/\/www.urlaubcornwall.de\/blog\/"},{"@type":"ListItem","position":2,"name":"Crackington Haven Strand nahe Boscastle"}]}]}},"_links":{"self":[{"href":"https:\/\/www.urlaubcornwall.de\/blog\/wp-json\/wp\/v2\/pages\/32713"}],"collection":[{"href":"https:\/\/www.urlaubcornwall.de\/blog\/wp-json\/wp\/v2\/pages"}],"about":[{"href":"https:\/\/www.urlaubcornwall.de\/blog\/wp-json\/wp\/v2\/types\/page"}],"author":[{"embeddable":true,"href":"https:\/\/www.urlaubcornwall.de\/blog\/wp-json\/wp\/v2\/users\/1"}],"replies":[{"embeddable":true,"href":"https:\/\/www.urlaubcornwall.de\/blog\/wp-json\/wp\/v2\/comments?post=32713"}],"version-history":[{"count":3,"href":"https:\/\/www.urlaubcornwall.de\/blog\/wp-json\/wp\/v2\/pages\/32713\/revisions"}],"predecessor-version":[{"id":49474,"href":"https:\/\/www.urlaubcornwall.de\/blog\/wp-json\/wp\/v2\/pages\/32713\/revisions\/49474"}],"wp:attachment":[{"href":"https:\/\/www.urlaubcornwall.de\/blog\/wp-json\/wp\/v2\/media?parent=32713"}],"curies":[{"name":"wp","href":"https:\/\/api.w.org\/{rel}","templated":true}]}}