{"id":32711,"date":"2018-03-01T11:13:32","date_gmt":"2018-03-01T11:13:32","guid":{"rendered":"https:\/\/www.urlaubcornwall.de\/blog\/?page_id=32711"},"modified":"2018-04-11T14:54:08","modified_gmt":"2018-04-11T14:54:08","slug":"widemouth-bay-strand-nahe-bude-nord-cornwall","status":"publish","type":"page","link":"https:\/\/www.urlaubcornwall.de\/blog\/widemouth-bay-strand-nahe-bude-nord-cornwall\/","title":{"rendered":"Widemouth Bay Strand nahe Bude, Nord Cornwall"},"content":{"rendered":"<p><img loading=\"lazy\" class=\"aligncenter size-full wp-image-28758\" src=\"https:\/\/www.urlaubcornwall.de\/blog\/wp-content\/uploads\/2017\/08\/Widemouth-Bay.jpg\" alt=\" widemouth bay am meer meerblick\" width=\"744\" height=\"372\" srcset=\"https:\/\/www.urlaubcornwall.de\/blog\/wp-content\/uploads\/2017\/08\/Widemouth-Bay.jpg 744w, https:\/\/www.urlaubcornwall.de\/blog\/wp-content\/uploads\/2017\/08\/Widemouth-Bay-300x150.jpg 300w\" sizes=\"(max-width: 744px) 100vw, 744px\" \/><br \/>\nDer herrliche Bogen der Widemouth Bay ist bei Familien beliebt, die bei Ebbe die breite Strandausdehnung und die Felsenpools lieben. Surfer genie\u00dfen die hohen Wellen des Atlantischen Ozeans, und vom K\u00fcstenpfad aus, der entlang der niederen Klippen f\u00fchrt, haben Sie einen ausgezeichneten Blick.<\/p>\n<p>Hunde sind das ganze Jahr \u00fcber am s\u00fcdlichen Abschnitt des Strandes (Black Rock) willkommen. Am n\u00f6rdlichen Teil gibt es ein saisonales Hundeverbot zwischen Ostersonntag und dem 30. September.<\/p>\n<h1 style=\"text-align: center;\"><a href=\"https:\/\/www.urlaubcornwall.de\/ferienhaeuser\/cornwall.php\">Bei uns finden Sie Ferienh\u00e4user zum Verlieben; so einfach ist das!<\/a><\/h1>\n<p style=\"text-align: center;\"><a class=\"tidycta\" href=\"https:\/\/www.urlaubcornwall.de\/ferienhaeuser-fewos\/bude-am-meer.html\">Ferienh\u00e4user Bude am Meer &gt;<\/a><\/p>\n<p style=\"text-align: center;\">Pers\u00f6nlich inspizierte Ferienh\u00e4user und Ferienwohnungen f\u00fcr Ihren Urlaub in Cornwall<\/p>\n<p style=\"text-align: right;\">Images \u00a9 Visit Cornwall\/Adam Gibbard\/Matt Jessop<\/p>\n","protected":false},"excerpt":{"rendered":"<p>Der herrliche Bogen der Widemouth Bay ist bei Familien beliebt, die bei Ebbe die breite Strandausdehnung und die Felsenpools lieben. Surfer genie\u00dfen die hohen Wellen des Atlantischen Ozeans, und vom K\u00fcstenpfad aus, der entlang der niederen Klippen f\u00fchrt, haben Sie einen ausgezeichneten Blick. Hunde sind das ganze Jahr \u00fcber am s\u00fcdlichen Abschnitt des Strandes (Black [&hellip;]<\/p>\n","protected":false},"author":1,"featured_media":0,"parent":0,"menu_order":0,"comment_status":"closed","ping_status":"closed","template":"single-four.php","meta":[],"acf":[],"yoast_head":"<!-- This site is optimized with the Yoast SEO plugin v19.4 - https:\/\/yoast.com\/wordpress\/plugins\/seo\/ -->\n<title>Widemouth Bay Strand nahe Bude, Nord Cornwall - Urlaub &amp; Reisen<\/title>\n<meta name=\"robots\" content=\"index, follow, max-snippet:-1, max-image-preview:large, max-video-preview:-1\" \/>\n<link rel=\"canonical\" href=\"https:\/\/www.urlaubcornwall.de\/blog\/widemouth-bay-strand-nahe-bude-nord-cornwall\/\" \/>\n<meta property=\"og:locale\" content=\"en_US\" \/>\n<meta property=\"og:type\" content=\"article\" \/>\n<meta property=\"og:title\" content=\"Widemouth Bay Strand nahe Bude, Nord Cornwall - Urlaub &amp; Reisen\" \/>\n<meta property=\"og:description\" content=\"Der herrliche Bogen der Widemouth Bay ist bei Familien beliebt, die bei Ebbe die breite Strandausdehnung und die Felsenpools lieben. Surfer genie\u00dfen die hohen Wellen des Atlantischen Ozeans, und vom K\u00fcstenpfad aus, der entlang der niederen Klippen f\u00fchrt, haben Sie einen ausgezeichneten Blick. Hunde sind das ganze Jahr \u00fcber am s\u00fcdlichen Abschnitt des Strandes (Black [&hellip;]\" \/>\n<meta property=\"og:url\" content=\"https:\/\/www.urlaubcornwall.de\/blog\/widemouth-bay-strand-nahe-bude-nord-cornwall\/\" \/>\n<meta property=\"og:site_name\" content=\"Urlaub &amp; Reisen\" \/>\n<meta property=\"article:modified_time\" content=\"2018-04-11T14:54:08+00:00\" \/>\n<meta property=\"og:image\" content=\"https:\/\/www.urlaubcornwall.de\/blog\/wp-content\/uploads\/2017\/08\/Widemouth-Bay.jpg\" \/>\n<meta name=\"twitter:card\" content=\"summary\" \/>\n<meta name=\"twitter:label1\" content=\"Est. reading time\" \/>\n\t<meta name=\"twitter:data1\" content=\"1 minute\" \/>\n<script type=\"application\/ld+json\" class=\"yoast-schema-graph\">{\"@context\":\"https:\/\/schema.org\",\"@graph\":[{\"@type\":\"WebSite\",\"@id\":\"https:\/\/www.urlaubcornwall.de\/blog\/#website\",\"url\":\"https:\/\/www.urlaubcornwall.de\/blog\/\",\"name\":\"Urlaub &amp; Reisen\",\"description\":\"Urlaub, Reisen, Cornwall und S\u00fcdengland: eine perfekte Kombination\",\"potentialAction\":[{\"@type\":\"SearchAction\",\"target\":{\"@type\":\"EntryPoint\",\"urlTemplate\":\"https:\/\/www.urlaubcornwall.de\/blog\/?s={search_term_string}\"},\"query-input\":\"required name=search_term_string\"}],\"inLanguage\":\"en-US\"},{\"@type\":\"WebPage\",\"@id\":\"https:\/\/www.urlaubcornwall.de\/blog\/widemouth-bay-strand-nahe-bude-nord-cornwall\/\",\"url\":\"https:\/\/www.urlaubcornwall.de\/blog\/widemouth-bay-strand-nahe-bude-nord-cornwall\/\",\"name\":\"Widemouth Bay Strand nahe Bude, Nord Cornwall - Urlaub &amp; Reisen\",\"isPartOf\":{\"@id\":\"https:\/\/www.urlaubcornwall.de\/blog\/#website\"},\"datePublished\":\"2018-03-01T11:13:32+00:00\",\"dateModified\":\"2018-04-11T14:54:08+00:00\",\"breadcrumb\":{\"@id\":\"https:\/\/www.urlaubcornwall.de\/blog\/widemouth-bay-strand-nahe-bude-nord-cornwall\/#breadcrumb\"},\"inLanguage\":\"en-US\",\"potentialAction\":[{\"@type\":\"ReadAction\",\"target\":[\"https:\/\/www.urlaubcornwall.de\/blog\/widemouth-bay-strand-nahe-bude-nord-cornwall\/\"]}]},{\"@type\":\"BreadcrumbList\",\"@id\":\"https:\/\/www.urlaubcornwall.de\/blog\/widemouth-bay-strand-nahe-bude-nord-cornwall\/#breadcrumb\",\"itemListElement\":[{\"@type\":\"ListItem\",\"position\":1,\"name\":\"Home\",\"item\":\"https:\/\/www.urlaubcornwall.de\/blog\/\"},{\"@type\":\"ListItem\",\"position\":2,\"name\":\"Widemouth Bay Strand nahe Bude, Nord Cornwall\"}]}]}<\/script>\n<!-- \/ Yoast SEO plugin. -->","yoast_head_json":{"title":"Widemouth Bay Strand nahe Bude, Nord Cornwall - Urlaub &amp; Reisen","robots":{"index":"index","follow":"follow","max-snippet":"max-snippet:-1","max-image-preview":"max-image-preview:large","max-video-preview":"max-video-preview:-1"},"canonical":"https:\/\/www.urlaubcornwall.de\/blog\/widemouth-bay-strand-nahe-bude-nord-cornwall\/","og_locale":"en_US","og_type":"article","og_title":"Widemouth Bay Strand nahe Bude, Nord Cornwall - Urlaub &amp; Reisen","og_description":"Der herrliche Bogen der Widemouth Bay ist bei Familien beliebt, die bei Ebbe die breite Strandausdehnung und die Felsenpools lieben. Surfer genie\u00dfen die hohen Wellen des Atlantischen Ozeans, und vom K\u00fcstenpfad aus, der entlang der niederen Klippen f\u00fchrt, haben Sie einen ausgezeichneten Blick. Hunde sind das ganze Jahr \u00fcber am s\u00fcdlichen Abschnitt des Strandes (Black [&hellip;]","og_url":"https:\/\/www.urlaubcornwall.de\/blog\/widemouth-bay-strand-nahe-bude-nord-cornwall\/","og_site_name":"Urlaub &amp; Reisen","article_modified_time":"2018-04-11T14:54:08+00:00","og_image":[{"url":"https:\/\/www.urlaubcornwall.de\/blog\/wp-content\/uploads\/2017\/08\/Widemouth-Bay.jpg"}],"twitter_card":"summary","twitter_misc":{"Est. reading time":"1 minute"},"schema":{"@context":"https:\/\/schema.org","@graph":[{"@type":"WebSite","@id":"https:\/\/www.urlaubcornwall.de\/blog\/#website","url":"https:\/\/www.urlaubcornwall.de\/blog\/","name":"Urlaub &amp; Reisen","description":"Urlaub, Reisen, Cornwall und S\u00fcdengland: eine perfekte Kombination","potentialAction":[{"@type":"SearchAction","target":{"@type":"EntryPoint","urlTemplate":"https:\/\/www.urlaubcornwall.de\/blog\/?s={search_term_string}"},"query-input":"required name=search_term_string"}],"inLanguage":"en-US"},{"@type":"WebPage","@id":"https:\/\/www.urlaubcornwall.de\/blog\/widemouth-bay-strand-nahe-bude-nord-cornwall\/","url":"https:\/\/www.urlaubcornwall.de\/blog\/widemouth-bay-strand-nahe-bude-nord-cornwall\/","name":"Widemouth Bay Strand nahe Bude, Nord Cornwall - Urlaub &amp; Reisen","isPartOf":{"@id":"https:\/\/www.urlaubcornwall.de\/blog\/#website"},"datePublished":"2018-03-01T11:13:32+00:00","dateModified":"2018-04-11T14:54:08+00:00","breadcrumb":{"@id":"https:\/\/www.urlaubcornwall.de\/blog\/widemouth-bay-strand-nahe-bude-nord-cornwall\/#breadcrumb"},"inLanguage":"en-US","potentialAction":[{"@type":"ReadAction","target":["https:\/\/www.urlaubcornwall.de\/blog\/widemouth-bay-strand-nahe-bude-nord-cornwall\/"]}]},{"@type":"BreadcrumbList","@id":"https:\/\/www.urlaubcornwall.de\/blog\/widemouth-bay-strand-nahe-bude-nord-cornwall\/#breadcrumb","itemListElement":[{"@type":"ListItem","position":1,"name":"Home","item":"https:\/\/www.urlaubcornwall.de\/blog\/"},{"@type":"ListItem","position":2,"name":"Widemouth Bay Strand nahe Bude, Nord Cornwall"}]}]}},"_links":{"self":[{"href":"https:\/\/www.urlaubcornwall.de\/blog\/wp-json\/wp\/v2\/pages\/32711"}],"collection":[{"href":"https:\/\/www.urlaubcornwall.de\/blog\/wp-json\/wp\/v2\/pages"}],"about":[{"href":"https:\/\/www.urlaubcornwall.de\/blog\/wp-json\/wp\/v2\/types\/page"}],"author":[{"embeddable":true,"href":"https:\/\/www.urlaubcornwall.de\/blog\/wp-json\/wp\/v2\/users\/1"}],"replies":[{"embeddable":true,"href":"https:\/\/www.urlaubcornwall.de\/blog\/wp-json\/wp\/v2\/comments?post=32711"}],"version-history":[{"count":2,"href":"https:\/\/www.urlaubcornwall.de\/blog\/wp-json\/wp\/v2\/pages\/32711\/revisions"}],"predecessor-version":[{"id":33571,"href":"https:\/\/www.urlaubcornwall.de\/blog\/wp-json\/wp\/v2\/pages\/32711\/revisions\/33571"}],"wp:attachment":[{"href":"https:\/\/www.urlaubcornwall.de\/blog\/wp-json\/wp\/v2\/media?parent=32711"}],"curies":[{"name":"wp","href":"https:\/\/api.w.org\/{rel}","templated":true}]}}