{"id":32671,"date":"2018-02-26T17:03:42","date_gmt":"2018-02-26T17:03:42","guid":{"rendered":"https:\/\/www.urlaubcornwall.de\/blog\/?page_id=32671"},"modified":"2026-01-07T10:19:31","modified_gmt":"2026-01-07T10:19:31","slug":"schoensten-straende-nord-cornwall-urlaubstipps-cornwall","status":"publish","type":"page","link":"https:\/\/www.urlaubcornwall.de\/blog\/schoensten-straende-nord-cornwall-urlaubstipps-cornwall\/","title":{"rendered":"Sch\u00f6nsten Str\u00e4nde Nordk\u00fcste Cornwall &#8211; Urlaubstipps Cornwall"},"content":{"rendered":"<p><a href=\"https:\/\/www.urlaubcornwall.de\/blog\/wp-content\/uploads\/2024\/05\/widemouth.jpg\"><img loading=\"lazy\" src=\"https:\/\/www.urlaubcornwall.de\/blog\/wp-content\/uploads\/2024\/05\/widemouth.jpg\" alt=\"widemouth\" width=\"750\" height=\"500\" class=\"alignnone size-full wp-image-51072\" srcset=\"https:\/\/www.urlaubcornwall.de\/blog\/wp-content\/uploads\/2024\/05\/widemouth.jpg 750w, https:\/\/www.urlaubcornwall.de\/blog\/wp-content\/uploads\/2024\/05\/widemouth-300x200.jpg 300w\" sizes=\"(max-width: 750px) 100vw, 750px\" \/><\/a><\/p>\n<h2><a href=\"https:\/\/www.urlaubcornwall.de\/ferienhaeuser-fewos\/bude-am-meer.html\"><strong>Widemouth Bay, Bude<\/strong><\/a><\/h2>\n<p>Der herrliche Bogen der Widemouth Bay, Nord Cornwall, ist bei Familien beliebt, die bei Ebbe die breite Strandausdehnung und die Felsenpools lieben. Surfer genie\u00dfen die hohen Wellen des Atlantischen Ozeans, und vom K\u00fcstenpfad aus, der entlang der niederen Klippen f\u00fchrt, haben Sie einen ausgezeichneten Blick.<\/p>\n<p>Hunde sind das ganze Jahr \u00fcber am s\u00fcdlichen Abschnitt des Strandes (Black Rock) willkommen. Am n\u00f6rdlichen Teil gibt es ein saisonales Hundeverbot zwischen Ostersonntag und dem 30. September.<\/p>\n<h2><a href=\"https:\/\/www.urlaubcornwall.de\/ferienhaeuser-fewos\/bude-am-meer.html\"><strong>Crackington Haven<\/strong><\/a><\/h2>\n<p><img loading=\"lazy\" class=\"aligncenter size-full wp-image-28780\" src=\"https:\/\/www.urlaubcornwall.de\/blog\/wp-content\/uploads\/2017\/08\/holywell-bay.jpg\" alt=\"strand Cornwall\" width=\"746\" height=\"380\" srcset=\"https:\/\/www.urlaubcornwall.de\/blog\/wp-content\/uploads\/2017\/08\/holywell-bay.jpg 746w, https:\/\/www.urlaubcornwall.de\/blog\/wp-content\/uploads\/2017\/08\/holywell-bay-300x153.jpg 300w\" sizes=\"(max-width: 746px) 100vw, 746px\" \/><br \/>\nCrackington Haven befindet sich in einem Gebiet besonderer Natursch\u00f6nheit. Einst ein wichtiger kleiner Hafen, ist es heute bei Familien beliebt, da sich der sanft absch\u00fcssige Strand in einer eingeschlossenen Bucht befindet. Vom K\u00fcstenpfad aus ergibt sich ein spektakul\u00e4rer Blick, und mit 224m ist Pencarrow Point Cornwalls h\u00f6chste Klippe.<\/p>\n<p>Hunde sind willkommen, nicht jedoch zwischen Ostersonntag und dem 30. September, wenn es ein saisonales Hundeverbot gibt.<\/p>\n<h2><a href=\"https:\/\/www.urlaubcornwall.de\/ferienhaeuser-fewos\/tintagel-am-meer.html\">Trebarwith Strand, Tintagel<\/a><\/h2>\n<p><img loading=\"lazy\" class=\"aligncenter size-full wp-image-32717\" src=\"https:\/\/www.urlaubcornwall.de\/blog\/wp-content\/uploads\/2018\/03\/Trebarwith-strand-tintagel.jpg\" alt=\"Trebarwith strand tintagel\" width=\"749\" height=\"499\" srcset=\"https:\/\/www.urlaubcornwall.de\/blog\/wp-content\/uploads\/2018\/03\/Trebarwith-strand-tintagel.jpg 751w, https:\/\/www.urlaubcornwall.de\/blog\/wp-content\/uploads\/2018\/03\/Trebarwith-strand-tintagel-300x199.jpg 300w\" sizes=\"(max-width: 749px) 100vw, 749px\" \/><\/p>\n<p>Image \u00a9 Visit Cornwall\/Adam Gibbard<\/p>\n<p><a href=\"https:\/\/www.urlaubcornwall.de\/ferienhaeuser-fewos\/trebarwith.html\">Trebarwith Strand<\/a> befindet sich lediglich etwas mehr als 3km von Tintagel entfernt. Der Sandstrand ist bei Flut v\u00f6llig \u00fcbersp\u00fclt, doch erstreckt er sich bei Ebbe \u00fcber 1,6km hinaus. Es ist ein gro\u00dfartiger Familienstrand mit jeder Menge Angeboten.<\/p>\n<p>Hunde sind das ganze Jahr \u00fcber am Strand erlaubt.<\/p>\n<h2><a href=\"https:\/\/www.urlaubcornwall.de\/ferienhaeuser-fewos\/polzeath-am-meer.html\">Polzeath, Wadebridge<\/a><\/h2>\n<p>Polzeath ist ein wundersch\u00f6ner Sandstrand und einer der sichersten an diesem K\u00fcstenabschnitt. Dieser blau beflaggte Strand ist bei Familien und Surfern gleicherma\u00dfen beliebt. Der sanft abfallende Sand und die langen, langsam brechenden Wellen machen ihn zum idealen Strand f\u00fcr jedermann. Vielleicht haben Sie ja Gl\u00fcck und sehen hier Delfine und Robben.<\/p>\n<p>Hunde sind am Strand willkommen, nicht jedoch zwischen Ostersonntag und dem 30. September, wenn es ein saisonales Hundeverbot gibt.<\/p>\n<h2><a href=\"https:\/\/www.urlaubcornwall.de\/ferienhaeuser-fewos\/wadebridge-am-meer.html\">Daymer Bay, Rock, Wadebridge<\/a><\/h2>\n<p>Daymer Bay ist ein herrlicher Sandstrand mit Sandd\u00fcnen im Hintergrund und vermittelt ein etwas abgeschiedeneres Gef\u00fchl als seine Nachbarn, Rock und Polzeath. Hier haben Sie einen ausgezeichneten Blick \u00fcber die Camel Flussm\u00fcndung.<\/p>\n<p>Hunde sind das ganze Jahr \u00fcber am Strand erlaubt.<\/p>\n<h2><a href=\"https:\/\/www.urlaubcornwall.de\/ferienhaeuser-fewos\/padstow-am-meer.html\">Harlyn Bay Beach, Padstow<\/a><\/h2>\n<p>Harlyn Bay gilt als einer der besten Familienstr\u00e4nde in Cornwall. Es ist ein breiter, ger\u00e4umiger Strand gelben Sandes und Kiesel, mit interessanten Felspools und Sandd\u00fcnen im Hintergrund. Es ist ein idealer Ort, um Surfen zu lernen. Es gibt herrliche Spazierwege nach Trevose Head und zur Mother Iveys Bay.<\/p>\n<p>Hunde sind das ganze Jahr \u00fcber am Strand erlaubt.<\/p>\n<h2><a href=\"https:\/\/www.urlaubcornwall.de\/ferienhaeuser-fewos\/padstow-am-meer.html\">Constantine Bay, Padstow<\/a><\/h2>\n<p>Constantine Bay mit seinem weichen blassen Sand hat den Ruf, einer der besten Surfstr\u00e4nde in Cornwall zu sein und ist auch beliebt zum Schwimmen und Felspools zu erkunden.<\/p>\n<p>Hunde sind das ganze Jahr \u00fcber am Strand erlaubt.<\/p>\n<h2><a href=\"https:\/\/www.urlaubcornwall.de\/ferienhaeuser-fewos\/newquay-am-meer.html\">Bedruthan Steps Beach, Newquay<\/a><\/h2>\n<p><img loading=\"lazy\" class=\"aligncenter size-full wp-image-39453\" src=\"https:\/\/www.urlaubcornwall.de\/blog\/wp-content\/uploads\/2020\/02\/bedruthan-steps_edit.jpg\" alt=\"bedruthan steps strand\" width=\"750\" height=\"580\" srcset=\"https:\/\/www.urlaubcornwall.de\/blog\/wp-content\/uploads\/2020\/02\/bedruthan-steps_edit.jpg 750w, https:\/\/www.urlaubcornwall.de\/blog\/wp-content\/uploads\/2020\/02\/bedruthan-steps_edit-300x232.jpg 300w\" sizes=\"(max-width: 750px) 100vw, 750px\" \/><\/p>\n<p>Der Strand Bedruthan Steps ist einer von Cornwalls dramatischeren Str\u00e4nden; der Zugang zum Strand ist schwierig \u2013 schmale steile Stufen hinunter, die in die Klippen gesetzt sind. Der wundersch\u00f6ne Sandstrand ist lediglich bei Ebbe erreichbar, zumal er bei Flut nahezu verschwindet. Diese herrliche Landschaft m\u00fcssen Sie auf einer Reise durch Cornwall unbedingt sehen; der Blick von den Klippen \u00fcber Bedruthan Steps hinweg ist dramatisch.<\/p>\n<p>Hier ist zu keiner Zeit sicheres Schwimmen m\u00f6glich. Hunde sind das ganze Jahr \u00fcber am Strand erlaubt.<\/p>\n<h2><a href=\"https:\/\/www.urlaubcornwall.de\/ferienhaeuser-fewos\/newquay-am-meer.html\">Watergate Bay, Newquay<\/a><\/h2>\n<p><a href=\"https:\/\/www.urlaubcornwall.de\/blog\/wp-content\/uploads\/2024\/05\/watergate_bay_new.jpg\"><img loading=\"lazy\" src=\"https:\/\/www.urlaubcornwall.de\/blog\/wp-content\/uploads\/2024\/05\/watergate_bay_new.jpg\" alt=\"watergate_bay\" width=\"750\" height=\"566\" class=\"alignnone size-full wp-image-50757\" srcset=\"https:\/\/www.urlaubcornwall.de\/blog\/wp-content\/uploads\/2024\/05\/watergate_bay_new.jpg 750w, https:\/\/www.urlaubcornwall.de\/blog\/wp-content\/uploads\/2024\/05\/watergate_bay_new-300x226.jpg 300w\" sizes=\"(max-width: 750px) 100vw, 750px\" \/><\/a><\/p>\n<p>Lediglich weniger als 5km von Newquay entfernt, ist Watergate Bay ein gro\u00dfer Strand mit \u00fcber 3km goldenen Sandes. Der Strand ist bei Surfern, Kitesurfern, Familien und Aktivit\u00e4tsliebhabern s\u00e4mtlicher Altersstufen und F\u00e4higkeiten beliebt. Es gibt jede Menge Felspools zu erkunden, sowie eine ausgewiesene sichere Schwimmzone im Meer. Die j\u00e4hrlichen Surfmeisterschaften finden hier statt, sowie ein Musikfestival im August und Polo am Strand im Mai.<\/p>\n<p>Hunde sind das ganze Jahr \u00fcber am Strand erlaubt.<\/p>\n<h2><a href=\"https:\/\/www.urlaubcornwall.de\/ferienhaeuser-fewos\/newquay-am-meer.html\">Fistral Beach, Newquay<\/a><\/h2>\n<p><img loading=\"lazy\" class=\"aligncenter size-full wp-image-47783\" src=\"https:\/\/www.urlaubcornwall.de\/blog\/wp-content\/uploads\/2024\/03\/Fistral-strand.jpg\" alt=\"Fistral strand\" width=\"750\" height=\"482\" srcset=\"https:\/\/www.urlaubcornwall.de\/blog\/wp-content\/uploads\/2024\/03\/Fistral-strand.jpg 750w, https:\/\/www.urlaubcornwall.de\/blog\/wp-content\/uploads\/2024\/03\/Fistral-strand-300x193.jpg 300w\" sizes=\"(max-width: 750px) 100vw, 750px\" \/><br \/>\nFistral Beach ist einer der weltweiten top Surforte und Cornwalls beliebtester Strand. S\u00e4mtliche Surfmeisterschaften des UK finden hier statt. N\u00f6rdlich des Strandes befindet sich das Towan Hochland und s\u00fcdlich das Pentire Hochland. Am n\u00f6rdlichen Ende des Strandes gibt es jede Menge Angebote, einschlie\u00dflich eines Surfzentrums, Toiletten, Caf\u00e9s, Surfboards und Surfanz\u00fcge zu mieten, sowie einen Golfplatz.<\/p>\n<p>Hunde sind das ganze Jahr \u00fcber am Strand erlaubt.<\/p>\n<h2><a href=\"https:\/\/www.urlaubcornwall.de\/ferienhaeuser-fewos\/holywell-bay.html\">Holywell Bay, Newquay<\/a><\/h2>\n<p><a href=\"https:\/\/www.urlaubcornwall.de\/blog\/wp-content\/uploads\/2024\/03\/holywell-cornwall-strand-rotated.jpg\"><img loading=\"lazy\" src=\"https:\/\/www.urlaubcornwall.de\/blog\/wp-content\/uploads\/2024\/03\/holywell-cornwall-strand-rotated.jpg\" alt=\"holywell cornwall strand\" width=\"750\" height=\"563\" class=\"alignnone size-full wp-image-47899\" srcset=\"https:\/\/www.urlaubcornwall.de\/blog\/wp-content\/uploads\/2024\/03\/holywell-cornwall-strand-rotated.jpg 750w, https:\/\/www.urlaubcornwall.de\/blog\/wp-content\/uploads\/2024\/03\/holywell-cornwall-strand-300x225.jpg 300w\" sizes=\"(max-width: 750px) 100vw, 750px\" \/><\/a><\/p>\n<p>Dieser riesige Strand goldenen Sandes hat im Hintergrund grasbewachsene D\u00fcnen und ist ein perfekter Strand f\u00fcr die gesamte Familie. Hier gibt es auch jede Menge an Geschichte zu erkunden, eine Burg aus der Eisenzeit auf Kelsey Head, einen Wall aus der Bronzezeit auf Cubert Common, sowie die heilige Quelle in einer Schlucht am Strand. Der Strand steht unter dem Management des National Trust.<\/p>\n<p>Hunde sind das ganze Jahr \u00fcber am Strand erlaubt.<\/p>\n<h2><a href=\"https:\/\/www.urlaubcornwall.de\/ferienhaeuser-fewos\/lusty-glaze-strand.html\">Lusty Glaze, Newquay<\/a><\/h2>\n<p><img loading=\"lazy\" class=\"aligncenter size-large wp-image-47905\" src=\"https:\/\/www.urlaubcornwall.de\/blog\/wp-content\/uploads\/2024\/03\/towan-strand-newquay-rotated.jpg\" alt=\"towan strand newquay\" width=\"750\" height=\"562\" srcset=\"https:\/\/www.urlaubcornwall.de\/blog\/wp-content\/uploads\/2024\/03\/towan-strand-newquay-rotated.jpg 750w, https:\/\/www.urlaubcornwall.de\/blog\/wp-content\/uploads\/2024\/03\/towan-strand-newquay-300x225.jpg 300w\" sizes=\"(max-width: 750px) 100vw, 750px\" \/><br \/>\nAm n\u00f6rdlichen Ende der Newquay Bay gelegen, befindet sich Lusty Glaze innerhalb eines nat\u00fcrlichen Amphitheaters von Schluchten, die mehr als 60m hoch sind. Lusty Glaze wurde 2017 von der Times und Sunday Times zum \u2018Strand des Jahres\u2019 gew\u00e4hlt. W\u00e4hrend der Sommermonate gibt es jeden Abend Livemusik. Es ist einer der atemberaubendsten Veranstaltungsorte des UK und herrlich, um den Sonnenuntergang zu beobachten, ein Getr\u00e4nk oder eine Mahlzeit zu genie\u00dfen und Musik zu h\u00f6ren.<\/p>\n<p>Es gibt ein saisonales Hundeverbot am Strand vom 1. Juni bis 1. September zwischen 9 Uhr und 18 Uhr. Hunde sind jedoch in der Bar und im Restaurant das ganze Jahr \u00fcber willkommen.<\/p>\n<h2><a href=\"https:\/\/www.urlaubcornwall.de\/ferienhaeuser-fewos\/porthtowan-am-meer.html\">Porthtowan Beach, Porthtowan<\/a><\/h2>\n<p><img loading=\"lazy\" class=\"aligncenter size-full wp-image-48073\" src=\"https:\/\/www.urlaubcornwall.de\/blog\/wp-content\/uploads\/2024\/03\/newquay_urlaub_meer.jpg\" alt=\"newquay_urlaub_meer\" width=\"750\" height=\"563\" srcset=\"https:\/\/www.urlaubcornwall.de\/blog\/wp-content\/uploads\/2024\/03\/newquay_urlaub_meer.jpg 750w, https:\/\/www.urlaubcornwall.de\/blog\/wp-content\/uploads\/2024\/03\/newquay_urlaub_meer-300x225.jpg 300w\" sizes=\"(max-width: 750px) 100vw, 750px\" \/><\/p>\n<p>Porthtowan wird mit seinem Angebot an M\u00f6glichkeiten von Familien favorisiert. Bei Ebbe erstreckt sich der Sand nahezu 2,5km hinaus, und Sie k\u00f6nnen dann zum nahe gelegenen herrlichen Strand Chapel Porth spazieren, der im Hintergrund D\u00fcnen und dramatische Klippen hat, wo Sie das ikonische Wheal Coates Maschinenhaus finden.<\/p>\n<p>Es gibt ein saisonales Hundeverbot am Strand von Ostersonntag bis zum 30. September.<\/p>\n<h2><a href=\"https:\/\/www.urlaubcornwall.de\/ferienhaeuser-fewos\/perranporth-am-meer.html\"><strong>Perranporth Beach, Perranporth<\/strong><\/a><\/h2>\n<p>Perranporth Beach ist ein riesiger Strand mit Meilen goldenen Sandes, und bei Ebbe bildet er zusammen mit dem benachbarten Penhale Sands das gr\u00f6\u00dfte Gebiet ununterbrochenen Sandes an der Nordk\u00fcste Cornwalls. Der Strand befindet sich direkt im Dorf Perranporth, herrlich also f\u00fcr Familien, da s\u00e4mtliche Annehmlichkeiten, die Sie vielleicht suchen, in direkter N\u00e4he sind. Der Strand eignet sich hervorragend zum Schwimmen, Schnorcheln und Surfen oder auch nur zum Entspannen.<\/p>\n<p>Hunde m\u00fcssen zwischen Juli und August, 9 Uhr \u2013 17 Uhr an kurzen Leinen gehalten werden.<\/p>\n<div class=\"snippet\"> <a class=\"featured-item\" href=\"https:\/\/www.urlaubcornwall.de\/ferienhaeuser\/cornwall.php\"> <span class=\"image-holder\" style=\"background-image: url('https:\/\/www.urlaubcornwall.de\/blog\/wp-content\/uploads\/2018\/12\/familienurlaub-corwnall-snippet.jpg');\"><\/span> <span class=\"featured-content\"> \n<h2 class=\"featured-title\">Ferienh\u00e4user in Cornwall am Strand<\/h2>\n<p class=\"featured-body\">Cornwall besitzt mehr K\u00fcstenlinien als jede andere Grafschaft und bietet einige der besten Str\u00e4nde, K\u00fcstenwanderwege und Klippenlandschaften, die man \u00fcberhaupt finden kann&#8230; <\/p><\/span> <span class=\"featured-link-holder\"> <span class=\"featured-extra-info\"> \n<p>F\u00fcr Paare, Familien &#038; Gruppen<\/p>\n<\/span> \n<p class=\"featured-link\">DETAILS<\/p>\n<\/span> <\/a><\/div>\n<p style=\"text-align: right;\">Images \u00a9 Visit Cornwall\/Adam Gibbard\/Matt Jessop<\/p>\n","protected":false},"excerpt":{"rendered":"<p>Widemouth Bay, Bude Der herrliche Bogen der Widemouth Bay, Nord Cornwall, ist bei Familien beliebt, die bei Ebbe die breite Strandausdehnung und die Felsenpools lieben. Surfer genie\u00dfen die hohen Wellen des Atlantischen Ozeans, und vom K\u00fcstenpfad aus, der entlang der niederen Klippen f\u00fchrt, haben Sie einen ausgezeichneten Blick. Hunde sind das ganze Jahr \u00fcber am [&hellip;]<\/p>\n","protected":false},"author":1,"featured_media":0,"parent":0,"menu_order":0,"comment_status":"closed","ping_status":"closed","template":"single-four.php","meta":[],"acf":[],"yoast_head":"<!-- This site is optimized with the Yoast SEO plugin v19.4 - https:\/\/yoast.com\/wordpress\/plugins\/seo\/ -->\n<title>Sch\u00f6nsten Str\u00e4nde Nordk\u00fcste Cornwall - Urlaubstipps Cornwall - Urlaub &amp; Reisen<\/title>\n<meta name=\"robots\" content=\"index, follow, max-snippet:-1, max-image-preview:large, max-video-preview:-1\" \/>\n<link rel=\"canonical\" href=\"https:\/\/www.urlaubcornwall.de\/blog\/schoensten-straende-nord-cornwall-urlaubstipps-cornwall\/\" \/>\n<meta property=\"og:locale\" content=\"en_US\" \/>\n<meta property=\"og:type\" content=\"article\" \/>\n<meta property=\"og:title\" content=\"Sch\u00f6nsten Str\u00e4nde Nordk\u00fcste Cornwall - Urlaubstipps Cornwall - Urlaub &amp; Reisen\" \/>\n<meta property=\"og:description\" content=\"Widemouth Bay, Bude Der herrliche Bogen der Widemouth Bay, Nord Cornwall, ist bei Familien beliebt, die bei Ebbe die breite Strandausdehnung und die Felsenpools lieben. Surfer genie\u00dfen die hohen Wellen des Atlantischen Ozeans, und vom K\u00fcstenpfad aus, der entlang der niederen Klippen f\u00fchrt, haben Sie einen ausgezeichneten Blick. Hunde sind das ganze Jahr \u00fcber am [&hellip;]\" \/>\n<meta property=\"og:url\" content=\"https:\/\/www.urlaubcornwall.de\/blog\/schoensten-straende-nord-cornwall-urlaubstipps-cornwall\/\" \/>\n<meta property=\"og:site_name\" content=\"Urlaub &amp; Reisen\" \/>\n<meta property=\"article:modified_time\" content=\"2026-01-07T10:19:31+00:00\" \/>\n<meta property=\"og:image\" content=\"https:\/\/www.urlaubcornwall.de\/blog\/wp-content\/uploads\/2024\/05\/widemouth.jpg\" \/>\n<meta name=\"twitter:card\" content=\"summary\" \/>\n<meta name=\"twitter:label1\" content=\"Est. reading time\" \/>\n\t<meta name=\"twitter:data1\" content=\"7 minutes\" \/>\n<script type=\"application\/ld+json\" class=\"yoast-schema-graph\">{\"@context\":\"https:\/\/schema.org\",\"@graph\":[{\"@type\":\"WebSite\",\"@id\":\"https:\/\/www.urlaubcornwall.de\/blog\/#website\",\"url\":\"https:\/\/www.urlaubcornwall.de\/blog\/\",\"name\":\"Urlaub &amp; Reisen\",\"description\":\"Urlaub, Reisen, Cornwall und S\u00fcdengland: eine perfekte Kombination\",\"potentialAction\":[{\"@type\":\"SearchAction\",\"target\":{\"@type\":\"EntryPoint\",\"urlTemplate\":\"https:\/\/www.urlaubcornwall.de\/blog\/?s={search_term_string}\"},\"query-input\":\"required name=search_term_string\"}],\"inLanguage\":\"en-US\"},{\"@type\":\"WebPage\",\"@id\":\"https:\/\/www.urlaubcornwall.de\/blog\/schoensten-straende-nord-cornwall-urlaubstipps-cornwall\/\",\"url\":\"https:\/\/www.urlaubcornwall.de\/blog\/schoensten-straende-nord-cornwall-urlaubstipps-cornwall\/\",\"name\":\"Sch\u00f6nsten Str\u00e4nde Nordk\u00fcste Cornwall - Urlaubstipps Cornwall - Urlaub &amp; Reisen\",\"isPartOf\":{\"@id\":\"https:\/\/www.urlaubcornwall.de\/blog\/#website\"},\"datePublished\":\"2018-02-26T17:03:42+00:00\",\"dateModified\":\"2026-01-07T10:19:31+00:00\",\"breadcrumb\":{\"@id\":\"https:\/\/www.urlaubcornwall.de\/blog\/schoensten-straende-nord-cornwall-urlaubstipps-cornwall\/#breadcrumb\"},\"inLanguage\":\"en-US\",\"potentialAction\":[{\"@type\":\"ReadAction\",\"target\":[\"https:\/\/www.urlaubcornwall.de\/blog\/schoensten-straende-nord-cornwall-urlaubstipps-cornwall\/\"]}]},{\"@type\":\"BreadcrumbList\",\"@id\":\"https:\/\/www.urlaubcornwall.de\/blog\/schoensten-straende-nord-cornwall-urlaubstipps-cornwall\/#breadcrumb\",\"itemListElement\":[{\"@type\":\"ListItem\",\"position\":1,\"name\":\"Home\",\"item\":\"https:\/\/www.urlaubcornwall.de\/blog\/\"},{\"@type\":\"ListItem\",\"position\":2,\"name\":\"Sch\u00f6nsten Str\u00e4nde Nordk\u00fcste Cornwall &#8211; Urlaubstipps Cornwall\"}]}]}<\/script>\n<!-- \/ Yoast SEO plugin. -->","yoast_head_json":{"title":"Sch\u00f6nsten Str\u00e4nde Nordk\u00fcste Cornwall - Urlaubstipps Cornwall - Urlaub &amp; Reisen","robots":{"index":"index","follow":"follow","max-snippet":"max-snippet:-1","max-image-preview":"max-image-preview:large","max-video-preview":"max-video-preview:-1"},"canonical":"https:\/\/www.urlaubcornwall.de\/blog\/schoensten-straende-nord-cornwall-urlaubstipps-cornwall\/","og_locale":"en_US","og_type":"article","og_title":"Sch\u00f6nsten Str\u00e4nde Nordk\u00fcste Cornwall - Urlaubstipps Cornwall - Urlaub &amp; Reisen","og_description":"Widemouth Bay, Bude Der herrliche Bogen der Widemouth Bay, Nord Cornwall, ist bei Familien beliebt, die bei Ebbe die breite Strandausdehnung und die Felsenpools lieben. Surfer genie\u00dfen die hohen Wellen des Atlantischen Ozeans, und vom K\u00fcstenpfad aus, der entlang der niederen Klippen f\u00fchrt, haben Sie einen ausgezeichneten Blick. Hunde sind das ganze Jahr \u00fcber am [&hellip;]","og_url":"https:\/\/www.urlaubcornwall.de\/blog\/schoensten-straende-nord-cornwall-urlaubstipps-cornwall\/","og_site_name":"Urlaub &amp; Reisen","article_modified_time":"2026-01-07T10:19:31+00:00","og_image":[{"url":"https:\/\/www.urlaubcornwall.de\/blog\/wp-content\/uploads\/2024\/05\/widemouth.jpg"}],"twitter_card":"summary","twitter_misc":{"Est. reading time":"7 minutes"},"schema":{"@context":"https:\/\/schema.org","@graph":[{"@type":"WebSite","@id":"https:\/\/www.urlaubcornwall.de\/blog\/#website","url":"https:\/\/www.urlaubcornwall.de\/blog\/","name":"Urlaub &amp; Reisen","description":"Urlaub, Reisen, Cornwall und S\u00fcdengland: eine perfekte Kombination","potentialAction":[{"@type":"SearchAction","target":{"@type":"EntryPoint","urlTemplate":"https:\/\/www.urlaubcornwall.de\/blog\/?s={search_term_string}"},"query-input":"required name=search_term_string"}],"inLanguage":"en-US"},{"@type":"WebPage","@id":"https:\/\/www.urlaubcornwall.de\/blog\/schoensten-straende-nord-cornwall-urlaubstipps-cornwall\/","url":"https:\/\/www.urlaubcornwall.de\/blog\/schoensten-straende-nord-cornwall-urlaubstipps-cornwall\/","name":"Sch\u00f6nsten Str\u00e4nde Nordk\u00fcste Cornwall - Urlaubstipps Cornwall - Urlaub &amp; Reisen","isPartOf":{"@id":"https:\/\/www.urlaubcornwall.de\/blog\/#website"},"datePublished":"2018-02-26T17:03:42+00:00","dateModified":"2026-01-07T10:19:31+00:00","breadcrumb":{"@id":"https:\/\/www.urlaubcornwall.de\/blog\/schoensten-straende-nord-cornwall-urlaubstipps-cornwall\/#breadcrumb"},"inLanguage":"en-US","potentialAction":[{"@type":"ReadAction","target":["https:\/\/www.urlaubcornwall.de\/blog\/schoensten-straende-nord-cornwall-urlaubstipps-cornwall\/"]}]},{"@type":"BreadcrumbList","@id":"https:\/\/www.urlaubcornwall.de\/blog\/schoensten-straende-nord-cornwall-urlaubstipps-cornwall\/#breadcrumb","itemListElement":[{"@type":"ListItem","position":1,"name":"Home","item":"https:\/\/www.urlaubcornwall.de\/blog\/"},{"@type":"ListItem","position":2,"name":"Sch\u00f6nsten Str\u00e4nde Nordk\u00fcste Cornwall &#8211; Urlaubstipps Cornwall"}]}]}},"_links":{"self":[{"href":"https:\/\/www.urlaubcornwall.de\/blog\/wp-json\/wp\/v2\/pages\/32671"}],"collection":[{"href":"https:\/\/www.urlaubcornwall.de\/blog\/wp-json\/wp\/v2\/pages"}],"about":[{"href":"https:\/\/www.urlaubcornwall.de\/blog\/wp-json\/wp\/v2\/types\/page"}],"author":[{"embeddable":true,"href":"https:\/\/www.urlaubcornwall.de\/blog\/wp-json\/wp\/v2\/users\/1"}],"replies":[{"embeddable":true,"href":"https:\/\/www.urlaubcornwall.de\/blog\/wp-json\/wp\/v2\/comments?post=32671"}],"version-history":[{"count":27,"href":"https:\/\/www.urlaubcornwall.de\/blog\/wp-json\/wp\/v2\/pages\/32671\/revisions"}],"predecessor-version":[{"id":52015,"href":"https:\/\/www.urlaubcornwall.de\/blog\/wp-json\/wp\/v2\/pages\/32671\/revisions\/52015"}],"wp:attachment":[{"href":"https:\/\/www.urlaubcornwall.de\/blog\/wp-json\/wp\/v2\/media?parent=32671"}],"curies":[{"name":"wp","href":"https:\/\/api.w.org\/{rel}","templated":true}]}}