{"id":32660,"date":"2018-03-19T10:15:54","date_gmt":"2018-03-19T10:15:54","guid":{"rendered":"https:\/\/www.urlaubcornwall.de\/blog\/?page_id=32660"},"modified":"2024-05-30T13:50:54","modified_gmt":"2024-05-30T13:50:54","slug":"die-5-schoensten-parks-in-london","status":"publish","type":"page","link":"https:\/\/www.urlaubcornwall.de\/blog\/die-5-schoensten-parks-in-london\/","title":{"rendered":"Die 5 sch\u00f6nsten Parks in London"},"content":{"rendered":"<p><a href=\"https:\/\/www.urlaubcornwall.de\/blog\/wp-content\/uploads\/2024\/03\/london-park.jpg\"><img loading=\"lazy\" src=\"https:\/\/www.urlaubcornwall.de\/blog\/wp-content\/uploads\/2024\/03\/london-park.jpg\" alt=\"london park\" width=\"750\" height=\"500\" class=\"alignnone size-full wp-image-47843\" srcset=\"https:\/\/www.urlaubcornwall.de\/blog\/wp-content\/uploads\/2024\/03\/london-park.jpg 750w, https:\/\/www.urlaubcornwall.de\/blog\/wp-content\/uploads\/2024\/03\/london-park-300x200.jpg 300w\" sizes=\"(max-width: 750px) 100vw, 750px\" \/><\/a><\/p>\n<p>Neben den <a href=\"https:\/\/www.urlaubcornwall.de\/blog\/londons-historische-koenigliche-parkanlagen-und-gaerten\/\">8 k\u00f6niglichen Parks<\/a> hat London jede Menge Gr\u00fcnfl\u00e4chen, wo Sie im Freien entspannen k\u00f6nnen. Somit ist London eine gr\u00fcne Stadt. Nehmen Sie ein Picknick mit, gehen Sie Radfahren, die Kinder k\u00f6nnen die Spielpl\u00e4tze genie\u00dfen; die Parks sind auch herrlich, um Tierleben zu beobachten; es gibt f\u00fcr die gesamte Familie w\u00e4hrend Ihres Urlaubs in London etwas zu tun. Eintritt zu den Parks ist kostenfrei, es k\u00f6nnen jedoch Kosten f\u00fcr einige der Aktivit\u00e4ten entstehen.<\/p>\n<p><strong>Victoria Park<\/strong><\/p>\n<p>Im Osten Londons befindet sich Victoria Park, auch bekannt als der \u2018People\u2019s Park\u2019. Diese gro\u00dfe Parkanlage bedeckt mehr als 86 Hektar und reicht zur\u00fcck ins Jahr 1845. W\u00e4hrend der vergangenen Jahre hat sie sich einer gr\u00f6\u00dferen Umgestaltung unterzogen und zahlreiche Auszeichnungen gewonnen. Im Park befinden sich ein See, zahlreiche Sportm\u00f6glichkeiten, einschlie\u00dflich eines Skateparks. Victoria Park ist im Sommer eine beliebte St\u00e4tte f\u00fcr Pop- und Rockkonzerte im Freien.<\/p>\n<p><strong>Clapham Common<\/strong><\/p>\n<p>Im S\u00fcdwesten Londons befindet sich Clapham Common, eine gro\u00dfe Gr\u00fcnfl\u00e4che, die 89 Hektar bedeckt mit 3 Teichen und einem viktorianischen Musikpavillon, der der gr\u00f6\u00dfte in London ist und wo w\u00e4hrend des Sommers vielf\u00e4ltige Konzerte stattfinden. Clapham Common ist bei den Einheimischen beliebt und ein gro\u00dfartiger Ort zum Entspannen mit jeder Menge Platz zum Picknicken und Spielen; es gibt dort Tennis- und Basketballpl\u00e4tze, Kricketnetze, sowie einen Skatepark. Mit 3 Caf\u00e9s und jeder Menge Verpflegungsm\u00f6glichkeiten in der N\u00e4he ist es ein gro\u00dfartiger Ort, um hier Zeit zu verbringen, wenn Sie London besuchen.<\/p>\n<p><strong>Crystal Palace Park<\/strong><\/p>\n<p>Crystal Palace Park ist ein gro\u00dfer Park in S\u00fcdlondon und befindet sich dort, wo die gro\u00dfe Glaskristallpalastausstellung w\u00e4hrend der Jahre 1845 und 1935 stattfand; daher der Name. Der Park war eine viktorianische Vergn\u00fcgungsfl\u00e4che, die f\u00fcr kulturelle und sportliche Veranstaltungen genutzt wurde; es gibt einen Irrgarten, Seen, Kinderspielpl\u00e4tze und lebensgro\u00dfe Dinosaurier, die von viktorianischen Zeitgenossen gebaut wurden und die zwischen B\u00e4umen lauern. Heutzutage beherbergt der Crystal Palace Park das Nationale Sportzentrum, wo internationale Athletentreffen stattfinden.<\/p>\n<p><strong>Hampstead Heath<\/strong><\/p>\n<p>Hampstead Heath befindet sich lediglich etwas mehr als 6,5km von Trafalgar Square entfernt und ist eine von Londons beliebtesten und bekannten Gr\u00fcnanlagen. The Heath ist eine der h\u00f6chsten Stellen in London, und von hier aus ergibt sich eine der besten Aussichten \u00fcber die Stadt. Es ist ein wichtiges Gebiet f\u00fcr Tierleben mit seinen zahlreichen Teichen und W\u00e4ldern, Heimat vieler verschiedener Arten. Hampstead Heath ist das ganze Jahr \u00fcber t\u00e4glich ge\u00f6ffnet und beliebt bei Spazierg\u00e4ngern, L\u00e4ufern und Schwimmern &#8211; der Open-air-Swimmingpool ist ebenfalls 365 Tage des Jahres ge\u00f6ffnet. Hampstead Heath ist seit 986AD Teil der britischen Geschichte und Schauplatz zahlreicher Film- und Fernsehserien.<\/p>\n<p><strong>Battersea Park<\/strong><\/p>\n<p>Am S\u00fcdufer des Flusses Thames, gegen\u00fcber von Chelsea, ist der 83 Hektar gro\u00dfe Battersea Park; das Gebiet war einst Sumpfgebiet der Themse und wird benutzt als Handelsg\u00e4rtnerei. Heute hat Battersea Park der gesamten Familie etwas zu bieten; es bietet sich ein herrlicher Blick \u00fcber die Themse, es gibt eine Kunstgalerie und einen Zoo; einen Bootssee und einen gro\u00dfartigen Abenteuerspielplatz f\u00fcr Kinder. Mit einer Menge Dinge zu sehen und Speisem\u00f6glichkeiten ist Battersea Park w\u00e4hrend Ihres Urlaubs in London eines Besuches wert.<\/p>\n","protected":false},"excerpt":{"rendered":"<p>Neben den 8 k\u00f6niglichen Parks hat London jede Menge Gr\u00fcnfl\u00e4chen, wo Sie im Freien entspannen k\u00f6nnen. Somit ist London eine gr\u00fcne Stadt. Nehmen Sie ein Picknick mit, gehen Sie Radfahren, die Kinder k\u00f6nnen die Spielpl\u00e4tze genie\u00dfen; die Parks sind auch herrlich, um Tierleben zu beobachten; es gibt f\u00fcr die gesamte Familie w\u00e4hrend Ihres Urlaubs in [&hellip;]<\/p>\n","protected":false},"author":1,"featured_media":0,"parent":0,"menu_order":0,"comment_status":"closed","ping_status":"closed","template":"single-four.php","meta":[],"acf":[],"yoast_head":"<!-- This site is optimized with the Yoast SEO plugin v19.4 - https:\/\/yoast.com\/wordpress\/plugins\/seo\/ -->\n<title>Die 5 sch\u00f6nsten Parks in London - Urlaub &amp; Reisen<\/title>\n<meta name=\"robots\" content=\"index, follow, max-snippet:-1, max-image-preview:large, max-video-preview:-1\" \/>\n<link rel=\"canonical\" href=\"https:\/\/www.urlaubcornwall.de\/blog\/die-5-schoensten-parks-in-london\/\" \/>\n<meta property=\"og:locale\" content=\"en_US\" \/>\n<meta property=\"og:type\" content=\"article\" \/>\n<meta property=\"og:title\" content=\"Die 5 sch\u00f6nsten Parks in London - Urlaub &amp; Reisen\" \/>\n<meta property=\"og:description\" content=\"Neben den 8 k\u00f6niglichen Parks hat London jede Menge Gr\u00fcnfl\u00e4chen, wo Sie im Freien entspannen k\u00f6nnen. Somit ist London eine gr\u00fcne Stadt. Nehmen Sie ein Picknick mit, gehen Sie Radfahren, die Kinder k\u00f6nnen die Spielpl\u00e4tze genie\u00dfen; die Parks sind auch herrlich, um Tierleben zu beobachten; es gibt f\u00fcr die gesamte Familie w\u00e4hrend Ihres Urlaubs in [&hellip;]\" \/>\n<meta property=\"og:url\" content=\"https:\/\/www.urlaubcornwall.de\/blog\/die-5-schoensten-parks-in-london\/\" \/>\n<meta property=\"og:site_name\" content=\"Urlaub &amp; Reisen\" \/>\n<meta property=\"article:modified_time\" content=\"2024-05-30T13:50:54+00:00\" \/>\n<meta property=\"og:image\" content=\"https:\/\/www.urlaubcornwall.de\/blog\/wp-content\/uploads\/2024\/03\/london-park.jpg\" \/>\n<meta name=\"twitter:card\" content=\"summary\" \/>\n<meta name=\"twitter:label1\" content=\"Est. reading time\" \/>\n\t<meta name=\"twitter:data1\" content=\"4 minutes\" \/>\n<script type=\"application\/ld+json\" class=\"yoast-schema-graph\">{\"@context\":\"https:\/\/schema.org\",\"@graph\":[{\"@type\":\"WebSite\",\"@id\":\"https:\/\/www.urlaubcornwall.de\/blog\/#website\",\"url\":\"https:\/\/www.urlaubcornwall.de\/blog\/\",\"name\":\"Urlaub &amp; Reisen\",\"description\":\"Urlaub, Reisen, Cornwall und S\u00fcdengland: eine perfekte Kombination\",\"potentialAction\":[{\"@type\":\"SearchAction\",\"target\":{\"@type\":\"EntryPoint\",\"urlTemplate\":\"https:\/\/www.urlaubcornwall.de\/blog\/?s={search_term_string}\"},\"query-input\":\"required name=search_term_string\"}],\"inLanguage\":\"en-US\"},{\"@type\":\"WebPage\",\"@id\":\"https:\/\/www.urlaubcornwall.de\/blog\/die-5-schoensten-parks-in-london\/\",\"url\":\"https:\/\/www.urlaubcornwall.de\/blog\/die-5-schoensten-parks-in-london\/\",\"name\":\"Die 5 sch\u00f6nsten Parks in London - Urlaub &amp; Reisen\",\"isPartOf\":{\"@id\":\"https:\/\/www.urlaubcornwall.de\/blog\/#website\"},\"datePublished\":\"2018-03-19T10:15:54+00:00\",\"dateModified\":\"2024-05-30T13:50:54+00:00\",\"breadcrumb\":{\"@id\":\"https:\/\/www.urlaubcornwall.de\/blog\/die-5-schoensten-parks-in-london\/#breadcrumb\"},\"inLanguage\":\"en-US\",\"potentialAction\":[{\"@type\":\"ReadAction\",\"target\":[\"https:\/\/www.urlaubcornwall.de\/blog\/die-5-schoensten-parks-in-london\/\"]}]},{\"@type\":\"BreadcrumbList\",\"@id\":\"https:\/\/www.urlaubcornwall.de\/blog\/die-5-schoensten-parks-in-london\/#breadcrumb\",\"itemListElement\":[{\"@type\":\"ListItem\",\"position\":1,\"name\":\"Home\",\"item\":\"https:\/\/www.urlaubcornwall.de\/blog\/\"},{\"@type\":\"ListItem\",\"position\":2,\"name\":\"Die 5 sch\u00f6nsten Parks in London\"}]}]}<\/script>\n<!-- \/ Yoast SEO plugin. -->","yoast_head_json":{"title":"Die 5 sch\u00f6nsten Parks in London - Urlaub &amp; Reisen","robots":{"index":"index","follow":"follow","max-snippet":"max-snippet:-1","max-image-preview":"max-image-preview:large","max-video-preview":"max-video-preview:-1"},"canonical":"https:\/\/www.urlaubcornwall.de\/blog\/die-5-schoensten-parks-in-london\/","og_locale":"en_US","og_type":"article","og_title":"Die 5 sch\u00f6nsten Parks in London - Urlaub &amp; Reisen","og_description":"Neben den 8 k\u00f6niglichen Parks hat London jede Menge Gr\u00fcnfl\u00e4chen, wo Sie im Freien entspannen k\u00f6nnen. Somit ist London eine gr\u00fcne Stadt. Nehmen Sie ein Picknick mit, gehen Sie Radfahren, die Kinder k\u00f6nnen die Spielpl\u00e4tze genie\u00dfen; die Parks sind auch herrlich, um Tierleben zu beobachten; es gibt f\u00fcr die gesamte Familie w\u00e4hrend Ihres Urlaubs in [&hellip;]","og_url":"https:\/\/www.urlaubcornwall.de\/blog\/die-5-schoensten-parks-in-london\/","og_site_name":"Urlaub &amp; Reisen","article_modified_time":"2024-05-30T13:50:54+00:00","og_image":[{"url":"https:\/\/www.urlaubcornwall.de\/blog\/wp-content\/uploads\/2024\/03\/london-park.jpg"}],"twitter_card":"summary","twitter_misc":{"Est. reading time":"4 minutes"},"schema":{"@context":"https:\/\/schema.org","@graph":[{"@type":"WebSite","@id":"https:\/\/www.urlaubcornwall.de\/blog\/#website","url":"https:\/\/www.urlaubcornwall.de\/blog\/","name":"Urlaub &amp; Reisen","description":"Urlaub, Reisen, Cornwall und S\u00fcdengland: eine perfekte Kombination","potentialAction":[{"@type":"SearchAction","target":{"@type":"EntryPoint","urlTemplate":"https:\/\/www.urlaubcornwall.de\/blog\/?s={search_term_string}"},"query-input":"required name=search_term_string"}],"inLanguage":"en-US"},{"@type":"WebPage","@id":"https:\/\/www.urlaubcornwall.de\/blog\/die-5-schoensten-parks-in-london\/","url":"https:\/\/www.urlaubcornwall.de\/blog\/die-5-schoensten-parks-in-london\/","name":"Die 5 sch\u00f6nsten Parks in London - Urlaub &amp; Reisen","isPartOf":{"@id":"https:\/\/www.urlaubcornwall.de\/blog\/#website"},"datePublished":"2018-03-19T10:15:54+00:00","dateModified":"2024-05-30T13:50:54+00:00","breadcrumb":{"@id":"https:\/\/www.urlaubcornwall.de\/blog\/die-5-schoensten-parks-in-london\/#breadcrumb"},"inLanguage":"en-US","potentialAction":[{"@type":"ReadAction","target":["https:\/\/www.urlaubcornwall.de\/blog\/die-5-schoensten-parks-in-london\/"]}]},{"@type":"BreadcrumbList","@id":"https:\/\/www.urlaubcornwall.de\/blog\/die-5-schoensten-parks-in-london\/#breadcrumb","itemListElement":[{"@type":"ListItem","position":1,"name":"Home","item":"https:\/\/www.urlaubcornwall.de\/blog\/"},{"@type":"ListItem","position":2,"name":"Die 5 sch\u00f6nsten Parks in London"}]}]}},"_links":{"self":[{"href":"https:\/\/www.urlaubcornwall.de\/blog\/wp-json\/wp\/v2\/pages\/32660"}],"collection":[{"href":"https:\/\/www.urlaubcornwall.de\/blog\/wp-json\/wp\/v2\/pages"}],"about":[{"href":"https:\/\/www.urlaubcornwall.de\/blog\/wp-json\/wp\/v2\/types\/page"}],"author":[{"embeddable":true,"href":"https:\/\/www.urlaubcornwall.de\/blog\/wp-json\/wp\/v2\/users\/1"}],"replies":[{"embeddable":true,"href":"https:\/\/www.urlaubcornwall.de\/blog\/wp-json\/wp\/v2\/comments?post=32660"}],"version-history":[{"count":3,"href":"https:\/\/www.urlaubcornwall.de\/blog\/wp-json\/wp\/v2\/pages\/32660\/revisions"}],"predecessor-version":[{"id":51083,"href":"https:\/\/www.urlaubcornwall.de\/blog\/wp-json\/wp\/v2\/pages\/32660\/revisions\/51083"}],"wp:attachment":[{"href":"https:\/\/www.urlaubcornwall.de\/blog\/wp-json\/wp\/v2\/media?parent=32660"}],"curies":[{"name":"wp","href":"https:\/\/api.w.org\/{rel}","templated":true}]}}