{"id":32641,"date":"2018-02-25T15:56:51","date_gmt":"2018-02-25T15:56:51","guid":{"rendered":"https:\/\/www.urlaubcornwall.de\/blog\/?page_id=32641"},"modified":"2026-01-07T10:20:44","modified_gmt":"2026-01-07T10:20:44","slug":"historische-herrenhaeuser-gaerten-und-schloesser-den-schottischen-highlands","status":"publish","type":"page","link":"https:\/\/www.urlaubcornwall.de\/blog\/historische-herrenhaeuser-gaerten-und-schloesser-den-schottischen-highlands\/","title":{"rendered":"Schottischen Highlands &#8211; Historische Herrenh\u00e4user, G\u00e4rten und Schl\u00f6sser"},"content":{"rendered":"<p>In den schottischen Highlands befinden sich viele Herrenh\u00e4user und Schl\u00f6sser, die Sie w\u00e4hrend eines Urlaubs besuchen k\u00f6nnen; einige davon sind gro\u00dfartig und theatralisch, in <a href=\"https:\/\/www.urlaubcornwall.de\/reiseziel\/schottland.php\">dramatischer Landschaft gelegen<\/a>, andere wiederum sind mysteri\u00f6se Ruinen, die faszinierende Geschichten zu erz\u00e4hlen haben, und es gibt zudem Schl\u00f6sser, die aussehen, als geh\u00f6rten sie in ein M\u00e4rchen. Mit wundersch\u00f6nen G\u00e4rten und romantischer Loch-Lage kann der Besuch eines historischen schottischen Hauses einen unvergesslichen Ausflugstag f\u00fcr die gesamte Familie darstellen.<\/p>\n<p><strong><a href=\"https:\/\/blair-castle.co.uk\/\" rel=\"nofollow\">Schloss Blair <\/a><\/strong><\/p>\n<p>In die Highlands eingeschmiegt, in der N\u00e4he von <a href=\"https:\/\/www.urlaubcornwall.de\/ferienhaeuser-fewos\/sco\/zentralschottland\/pitlochry.html\">Pitlochry<\/a>, befindet sich Blair Castle, das Zuhause der Dukes und Earls of Atholl und Europas letzter verbliebener Privatarmee, den Atholl Highlandern. Das Schloss hat eine mehr als 700 Jahre lange Geschichte, die die Besucher entdecken k\u00f6nnen und mehr als 30 R\u00e4ume zu erkunden, die voller schottischer Kulturgeschichte sind, wundersch\u00f6nen M\u00f6beln, Familienportraits, Landschaftsgem\u00e4lden und Waffen, die in der Schlacht von <a href=\"https:\/\/www.urlaubcornwall.de\/ferienhaeuser-fewos\/sco\/nordschottland\/culloden.html\">Culloden<\/a> benutzt wurden. Blair Castle befindet sich in einer historischen Landschaft, die w\u00e4hrend des 18. Jahrhunderts angelegt wurde und einen eindrucksvollen Mauergarten aufweist, der gem\u00e4\u00df seines originalen georgianischen Designs restauriert wurde, ein ruhiges bewaldetes Gebiet mit einigen der feinsten und h\u00f6chsten B\u00e4umen der Grafschaft, den Ruinen von St Bride\u2019s Kirk, zwei h\u00fcbschen Br\u00fccken aus dem 18. Jahrhundert, die Banvie Burn \u00fcberspannen, sowie ein auff\u00e4lliges Tor. <a href=\"https:\/\/www.urlaubcornwall.de\/blog\/schottlands-beste-und-wunderschoenste-gaerten-unsere-top-10\/\">Schloss und G\u00e4rten<\/a> sind von Ende M\u00e4rz bis Ende Oktober ge\u00f6ffnet, und mit malerischem Blick \u00fcber Perthshire und einer Menge Tierleben, das es zu sehen gibt, stellt ein Besuch von Blair Castle einen wundervollen Ausflugstag f\u00fcr die gesamte Familie dar. Angeleinte Hunde sind aBlair-Castle-schlossuf dem Grundst\u00fcck gestattet.<\/p>\n<p><a href=\"https:\/\/www.balmoralcastle.com\/\" rel=\"nofollow\"><strong>Balmoral Castle <\/strong><\/a><\/p>\n<p>Das weltbekannte Balmoral ist seit 1852 k\u00f6nigliche Residenz, als es von Prinz Albert gekauft und aus einem Turmhaus des 16. Jahrhunderts in ein schottisches baroniales Herrenhaus umgebaut wurde. Es befindet sich in der N\u00e4he des Dorfes Crathie in Royal Deeside. Balmoral ist noch immer Privatgut der K\u00f6niglichen Familie, wo sie ihren Sommerurlaub verbringt. Gut Balmoral befindet sich innerhalb des <a href=\"https:\/\/www.urlaubcornwall.de\/ferienhaeuser\/schottland.php\">Cairngorms Nationalparks<\/a>, und Besucher k\u00f6nnen eine luxuri\u00f6se Land Rover-Safaritour durch die Gegend genie\u00dfen und die herrliche Landschaft betrachten; vom Parkgebiet und den G\u00e4rten von Balmoral Castle an, wo die Tour beginnt, durch den alten kaledonischen Kiefernwald bis hinauf zum Berg Lochnagar. Das Schloss (lediglich der Tanzsaal), sowie das Grundst\u00fcck sind Besuchern von April bis Ende Juli zug\u00e4nglich; angeleinte Hunde sind auf dem Grundst\u00fcck und in den G\u00e4rten gestattet.<\/p>\n<p><a href=\"https:\/\/www.nts.org.uk\/Visit\/Drum-Castle\" rel=\"nofollow\"><strong>Drum Castle<\/strong><\/a><\/p>\n<p>Drum Castle bei Banchory in Aberdeenshire ist eines von Schottlands \u00e4ltesten Turmh\u00e4usern mit mehr als 700 Jahren faszinierender Geschichte. Die Burg wurde im Jahre 1323 von K\u00f6nig Robert the Bruce der Familie Irvine \u00fcbergeben und blieb bis ins Jahr 1975 deren Zuhause, als es dem National Trust von Schottland \u00fcbergeben wurde. Die Burg ist den gr\u00f6\u00dften Teil des Jahres \u00fcber ge\u00f6ffnet, und Besucher k\u00f6nnen die mittelalterliche Hohe Halle sehen und den sch\u00f6nen Blick von den Zinnen aus bewundern. Das Grundst\u00fcck von Drum Castle beinhaltet den alten Wald von Drum; einen alten Eichenwald, der rote Eichh\u00f6rnchen beherbergt, sowie Dachse und Wild; es ist Besuchern das ganze Jahr \u00fcber zug\u00e4nglich. Der wundersch\u00f6ne Garten historischer Rosen ist von Ende M\u00e4rz bis Ende Oktober ge\u00f6ffnet; er ist in Quadranten aufgeteilt, die zeigen, wie Rosen vom 17. bis ins 20. Jahrhundert kultiviert wurden.<\/p>\n<p><strong><a href=\"https:\/\/www.nts.org.uk\/Visit\/Craigievar\" rel=\"nofollow\">Craigievar Castle<\/a><\/strong><\/p>\n<p>Das wundersch\u00f6ne pinkfarbene Schloss Craigievar sieht so aus, als geh\u00f6re es in ein M\u00e4rchen, und es soll Inspiration gewesen sein f\u00fcr Walt Disneys Aschenputtelschloss. Das Schloss, das ins Jahr 1576 zur\u00fcckreicht, befindet sich im H\u00fcgelland von Aberdeenshire in der N\u00e4he von Alfold und ist eines der besten Beispiele schottischer baronialer Architektur. Dieses entz\u00fcckende Schloss war bis in die 1960er Familienwohnsitz, befindet sich heute jedoch im Besitz des National Trust Schottlands, und Besucher k\u00f6nnen die feine Sammlung an Artefakten, Kunst, R\u00fcstungen und Waffen bewundern. Craigievar Castle hat keine k\u00fcnstliche Beleuchtung \u00fcber dem Erdgeschoss, was bedeutet, dass die umfangreiche Sammlung innerhalb des Schlosses lediglich im wandernden Licht der Sonne betrachtet werden kann, genau so, wie es gewesen w\u00e4re, als sie geschaffen wurde. Das Schloss ist umgeben von wundervollem Parkgebiet, einem ungew\u00f6hnlichen schottischen Garten, einem viktorianischen Kr\u00e4utergarten und Waldpfaden, die im Fr\u00fchsommer bedeckt sind mit Sternhyazinthen. Das Grundst\u00fcck ist das ganze Jahr \u00fcber von Sonnenaufgang bis Sonnenuntergang ge\u00f6ffnet, und angeleinte Hunde sind gestattet. Das Schloss ist von Ende M\u00e4rz bis Ende September ge\u00f6ffnet, und Zugang ist lediglich im Rahmen einer gef\u00fchrten Tour m\u00f6glich.<\/p>\n<p><a href=\"http:\/\/www.dunrobincastle.co.uk\/\" rel=\"nofollow\"><strong>Dunrobin Castle<\/strong><\/a><\/p>\n<p>Dunrobin Schloss in Sutherland ist ein herrliches Schloss in einer herrlichen Lage; es ist das <a href=\"https:\/\/www.urlaubcornwall.de\/ferienhaeuser-fewos\/sco\/nordschottland\/nordschottland.html\">n\u00f6rdlichste von Schottlands<\/a> gro\u00dfartigen H\u00e4usern und mit 189 R\u00e4umen das gr\u00f6\u00dfte der n\u00f6rdlichen Highlands. Das Schloss gleicht mit seinen m\u00e4rchenhaften Zinnen und T\u00fcrmchen einem franz\u00f6sischen Schloss. Es erhebt sich \u00fcber Moray Firth an der Ostk\u00fcste der schottischen Highlands, direkt n\u00f6rdlich der D\u00f6rfer Golspie und Dornoch und ist eine Autostunde n\u00f6rdlich von <a href=\"https:\/\/www.urlaubcornwall.de\/blog\/urlaub-in-inverness-sehenswuerdigkeiten-geschichte-und-unterkunft\/\">Inverness<\/a>. Dunrobin Castle ist eines von Britanniens \u00e4ltesten, ununterbrochen bewohnten H\u00e4usern aus den fr\u00fchen 1300ern und das Zuhause der Dukes of Sutherland. Das Schloss ist vom 1.April \u2013 15. Oktober der \u00d6ffentlichkeit zug\u00e4nglich, und Besucher k\u00f6nnen einige der gro\u00dfartigsten geschichtlichen Ereignisse, Kultur und Landschaft des UK erleben. Die G\u00e4rten wurden in den 1850ern angelegt und stellen einen wundervollen Vordergrund dar f\u00fcr den Panoramablick \u00fcber Moray Firth bis hin zu den Bergen Cairngorm in der Ferne. W\u00e4hrend der Sommermonate gibt es auf dem Schlossgr\u00fcn t\u00e4glich Falknereivorf\u00fchrungen mit Eulen, weiteren Greifv\u00f6geln, Adlern und Falken. Hunde sind in den formellen G\u00e4rten nicht gestattet, jedoch erlaubt im Waldgebiet, das das Schloss umgibt.<\/p>\n<h2 style=\"text-align: center;\"><a href=\"https:\/\/www.urlaubcornwall.de\/ferienhaeuser\/schottland.php\"><strong>Pers\u00f6nlich inspizierte Ferienh\u00e4user, Ferienwohnungen &amp; Cottages in Schottland f\u00fcr Ihren Urlaub<\/strong><\/a><\/h2>\n<p style=\"text-align: center;\">Bei uns finden Sie Ferienh\u00e4user zum Verlieben; so einfach ist das!<\/p>\n<p style=\"text-align: center;\"><a class=\"tidycta\" href=\"https:\/\/www.urlaubcornwall.de\/ferienhaeuser\/schottland.php\">Suche Ferienh\u00e4user Schottland<\/a><\/p>\n","protected":false},"excerpt":{"rendered":"<p>In den schottischen Highlands befinden sich viele Herrenh\u00e4user und Schl\u00f6sser, die Sie w\u00e4hrend eines Urlaubs besuchen k\u00f6nnen; einige davon sind gro\u00dfartig und theatralisch, in dramatischer Landschaft gelegen, andere wiederum sind mysteri\u00f6se Ruinen, die faszinierende Geschichten zu erz\u00e4hlen haben, und es gibt zudem Schl\u00f6sser, die aussehen, als geh\u00f6rten sie in ein M\u00e4rchen. Mit wundersch\u00f6nen G\u00e4rten und [&hellip;]<\/p>\n","protected":false},"author":1,"featured_media":0,"parent":0,"menu_order":0,"comment_status":"closed","ping_status":"closed","template":"single-four.php","meta":[],"acf":[],"yoast_head":"<!-- This site is optimized with the Yoast SEO plugin v19.4 - https:\/\/yoast.com\/wordpress\/plugins\/seo\/ -->\n<title>Schottischen Highlands - Historische Herrenh\u00e4user, G\u00e4rten und Schl\u00f6sser - Urlaub &amp; Reisen<\/title>\n<meta name=\"robots\" content=\"index, follow, max-snippet:-1, max-image-preview:large, max-video-preview:-1\" \/>\n<link rel=\"canonical\" href=\"https:\/\/www.urlaubcornwall.de\/blog\/historische-herrenhaeuser-gaerten-und-schloesser-den-schottischen-highlands\/\" \/>\n<meta property=\"og:locale\" content=\"en_US\" \/>\n<meta property=\"og:type\" content=\"article\" \/>\n<meta property=\"og:title\" content=\"Schottischen Highlands - Historische Herrenh\u00e4user, G\u00e4rten und Schl\u00f6sser - Urlaub &amp; Reisen\" \/>\n<meta property=\"og:description\" content=\"In den schottischen Highlands befinden sich viele Herrenh\u00e4user und Schl\u00f6sser, die Sie w\u00e4hrend eines Urlaubs besuchen k\u00f6nnen; einige davon sind gro\u00dfartig und theatralisch, in dramatischer Landschaft gelegen, andere wiederum sind mysteri\u00f6se Ruinen, die faszinierende Geschichten zu erz\u00e4hlen haben, und es gibt zudem Schl\u00f6sser, die aussehen, als geh\u00f6rten sie in ein M\u00e4rchen. Mit wundersch\u00f6nen G\u00e4rten und [&hellip;]\" \/>\n<meta property=\"og:url\" content=\"https:\/\/www.urlaubcornwall.de\/blog\/historische-herrenhaeuser-gaerten-und-schloesser-den-schottischen-highlands\/\" \/>\n<meta property=\"og:site_name\" content=\"Urlaub &amp; Reisen\" \/>\n<meta property=\"article:modified_time\" content=\"2026-01-07T10:20:44+00:00\" \/>\n<meta name=\"twitter:card\" content=\"summary\" \/>\n<meta name=\"twitter:label1\" content=\"Est. reading time\" \/>\n\t<meta name=\"twitter:data1\" content=\"4 minutes\" \/>\n<script type=\"application\/ld+json\" class=\"yoast-schema-graph\">{\"@context\":\"https:\/\/schema.org\",\"@graph\":[{\"@type\":\"WebSite\",\"@id\":\"https:\/\/www.urlaubcornwall.de\/blog\/#website\",\"url\":\"https:\/\/www.urlaubcornwall.de\/blog\/\",\"name\":\"Urlaub &amp; Reisen\",\"description\":\"Urlaub, Reisen, Cornwall und S\u00fcdengland: eine perfekte Kombination\",\"potentialAction\":[{\"@type\":\"SearchAction\",\"target\":{\"@type\":\"EntryPoint\",\"urlTemplate\":\"https:\/\/www.urlaubcornwall.de\/blog\/?s={search_term_string}\"},\"query-input\":\"required name=search_term_string\"}],\"inLanguage\":\"en-US\"},{\"@type\":\"WebPage\",\"@id\":\"https:\/\/www.urlaubcornwall.de\/blog\/historische-herrenhaeuser-gaerten-und-schloesser-den-schottischen-highlands\/\",\"url\":\"https:\/\/www.urlaubcornwall.de\/blog\/historische-herrenhaeuser-gaerten-und-schloesser-den-schottischen-highlands\/\",\"name\":\"Schottischen Highlands - Historische Herrenh\u00e4user, G\u00e4rten und Schl\u00f6sser - Urlaub &amp; Reisen\",\"isPartOf\":{\"@id\":\"https:\/\/www.urlaubcornwall.de\/blog\/#website\"},\"datePublished\":\"2018-02-25T15:56:51+00:00\",\"dateModified\":\"2026-01-07T10:20:44+00:00\",\"breadcrumb\":{\"@id\":\"https:\/\/www.urlaubcornwall.de\/blog\/historische-herrenhaeuser-gaerten-und-schloesser-den-schottischen-highlands\/#breadcrumb\"},\"inLanguage\":\"en-US\",\"potentialAction\":[{\"@type\":\"ReadAction\",\"target\":[\"https:\/\/www.urlaubcornwall.de\/blog\/historische-herrenhaeuser-gaerten-und-schloesser-den-schottischen-highlands\/\"]}]},{\"@type\":\"BreadcrumbList\",\"@id\":\"https:\/\/www.urlaubcornwall.de\/blog\/historische-herrenhaeuser-gaerten-und-schloesser-den-schottischen-highlands\/#breadcrumb\",\"itemListElement\":[{\"@type\":\"ListItem\",\"position\":1,\"name\":\"Home\",\"item\":\"https:\/\/www.urlaubcornwall.de\/blog\/\"},{\"@type\":\"ListItem\",\"position\":2,\"name\":\"Schottischen Highlands &#8211; Historische Herrenh\u00e4user, G\u00e4rten und Schl\u00f6sser\"}]}]}<\/script>\n<!-- \/ Yoast SEO plugin. -->","yoast_head_json":{"title":"Schottischen Highlands - Historische Herrenh\u00e4user, G\u00e4rten und Schl\u00f6sser - Urlaub &amp; Reisen","robots":{"index":"index","follow":"follow","max-snippet":"max-snippet:-1","max-image-preview":"max-image-preview:large","max-video-preview":"max-video-preview:-1"},"canonical":"https:\/\/www.urlaubcornwall.de\/blog\/historische-herrenhaeuser-gaerten-und-schloesser-den-schottischen-highlands\/","og_locale":"en_US","og_type":"article","og_title":"Schottischen Highlands - Historische Herrenh\u00e4user, G\u00e4rten und Schl\u00f6sser - Urlaub &amp; Reisen","og_description":"In den schottischen Highlands befinden sich viele Herrenh\u00e4user und Schl\u00f6sser, die Sie w\u00e4hrend eines Urlaubs besuchen k\u00f6nnen; einige davon sind gro\u00dfartig und theatralisch, in dramatischer Landschaft gelegen, andere wiederum sind mysteri\u00f6se Ruinen, die faszinierende Geschichten zu erz\u00e4hlen haben, und es gibt zudem Schl\u00f6sser, die aussehen, als geh\u00f6rten sie in ein M\u00e4rchen. Mit wundersch\u00f6nen G\u00e4rten und [&hellip;]","og_url":"https:\/\/www.urlaubcornwall.de\/blog\/historische-herrenhaeuser-gaerten-und-schloesser-den-schottischen-highlands\/","og_site_name":"Urlaub &amp; Reisen","article_modified_time":"2026-01-07T10:20:44+00:00","twitter_card":"summary","twitter_misc":{"Est. reading time":"4 minutes"},"schema":{"@context":"https:\/\/schema.org","@graph":[{"@type":"WebSite","@id":"https:\/\/www.urlaubcornwall.de\/blog\/#website","url":"https:\/\/www.urlaubcornwall.de\/blog\/","name":"Urlaub &amp; Reisen","description":"Urlaub, Reisen, Cornwall und S\u00fcdengland: eine perfekte Kombination","potentialAction":[{"@type":"SearchAction","target":{"@type":"EntryPoint","urlTemplate":"https:\/\/www.urlaubcornwall.de\/blog\/?s={search_term_string}"},"query-input":"required name=search_term_string"}],"inLanguage":"en-US"},{"@type":"WebPage","@id":"https:\/\/www.urlaubcornwall.de\/blog\/historische-herrenhaeuser-gaerten-und-schloesser-den-schottischen-highlands\/","url":"https:\/\/www.urlaubcornwall.de\/blog\/historische-herrenhaeuser-gaerten-und-schloesser-den-schottischen-highlands\/","name":"Schottischen Highlands - Historische Herrenh\u00e4user, G\u00e4rten und Schl\u00f6sser - Urlaub &amp; Reisen","isPartOf":{"@id":"https:\/\/www.urlaubcornwall.de\/blog\/#website"},"datePublished":"2018-02-25T15:56:51+00:00","dateModified":"2026-01-07T10:20:44+00:00","breadcrumb":{"@id":"https:\/\/www.urlaubcornwall.de\/blog\/historische-herrenhaeuser-gaerten-und-schloesser-den-schottischen-highlands\/#breadcrumb"},"inLanguage":"en-US","potentialAction":[{"@type":"ReadAction","target":["https:\/\/www.urlaubcornwall.de\/blog\/historische-herrenhaeuser-gaerten-und-schloesser-den-schottischen-highlands\/"]}]},{"@type":"BreadcrumbList","@id":"https:\/\/www.urlaubcornwall.de\/blog\/historische-herrenhaeuser-gaerten-und-schloesser-den-schottischen-highlands\/#breadcrumb","itemListElement":[{"@type":"ListItem","position":1,"name":"Home","item":"https:\/\/www.urlaubcornwall.de\/blog\/"},{"@type":"ListItem","position":2,"name":"Schottischen Highlands &#8211; Historische Herrenh\u00e4user, G\u00e4rten und Schl\u00f6sser"}]}]}},"_links":{"self":[{"href":"https:\/\/www.urlaubcornwall.de\/blog\/wp-json\/wp\/v2\/pages\/32641"}],"collection":[{"href":"https:\/\/www.urlaubcornwall.de\/blog\/wp-json\/wp\/v2\/pages"}],"about":[{"href":"https:\/\/www.urlaubcornwall.de\/blog\/wp-json\/wp\/v2\/types\/page"}],"author":[{"embeddable":true,"href":"https:\/\/www.urlaubcornwall.de\/blog\/wp-json\/wp\/v2\/users\/1"}],"replies":[{"embeddable":true,"href":"https:\/\/www.urlaubcornwall.de\/blog\/wp-json\/wp\/v2\/comments?post=32641"}],"version-history":[{"count":12,"href":"https:\/\/www.urlaubcornwall.de\/blog\/wp-json\/wp\/v2\/pages\/32641\/revisions"}],"predecessor-version":[{"id":52018,"href":"https:\/\/www.urlaubcornwall.de\/blog\/wp-json\/wp\/v2\/pages\/32641\/revisions\/52018"}],"wp:attachment":[{"href":"https:\/\/www.urlaubcornwall.de\/blog\/wp-json\/wp\/v2\/media?parent=32641"}],"curies":[{"name":"wp","href":"https:\/\/api.w.org\/{rel}","templated":true}]}}