{"id":32634,"date":"2018-02-25T15:05:04","date_gmt":"2018-02-25T15:05:04","guid":{"rendered":"https:\/\/www.urlaubcornwall.de\/blog\/?page_id=32634"},"modified":"2024-05-30T10:36:24","modified_gmt":"2024-05-30T10:36:24","slug":"historische-haeuser-schloesser-gaerten-schottland-und-highlands","status":"publish","type":"page","link":"https:\/\/www.urlaubcornwall.de\/blog\/historische-haeuser-schloesser-gaerten-schottland-und-highlands\/","title":{"rendered":"Historische H\u00e4user, Schl\u00f6sser &#038; G\u00e4rten in Schottland &#038; Highlands"},"content":{"rendered":"<p><a href=\"https:\/\/www.urlaubcornwall.de\/blog\/wp-content\/uploads\/2024\/03\/gartenreise-england.jpg\"><img loading=\"lazy\" src=\"https:\/\/www.urlaubcornwall.de\/blog\/wp-content\/uploads\/2024\/03\/gartenreise-england.jpg\" alt=\"gartenreise-schottland\" width=\"742\" height=\"426\" class=\"alignnone size-full wp-image-47912\" srcset=\"https:\/\/www.urlaubcornwall.de\/blog\/wp-content\/uploads\/2024\/03\/gartenreise-england.jpg 742w, https:\/\/www.urlaubcornwall.de\/blog\/wp-content\/uploads\/2024\/03\/gartenreise-england-300x172.jpg 300w\" sizes=\"(max-width: 742px) 100vw, 742px\" \/><\/a><br \/>\nSchottland hat eine lange und bunte Geschichte, viele faszinierende Burgen, Herrenh\u00e4user und <a href=\"https:\/\/www.urlaubcornwall.de\/blog\/schottlands-beste-und-wunderschoenste-gaerten-unsere-top-10\/\">G\u00e4rten<\/a> zu erkunden. In einigen der <a href=\"https:\/\/www.urlaubcornwall.de\/reiseziel\/schottland.php\">dramatischsten Landschaften des Vereinigten K\u00f6nigreichs gelegen<\/a>, sind diese ikonischen Burgen und mysteri\u00f6sen Ruinen voller Volksgeschichten, Mythen und Legenden.<\/p>\n<p><a href=\"https:\/\/www.floorscastle.com\/\" rel=\"nofollow\"><strong>Floors Castle<\/strong><\/a><\/p>\n<p>Schottlands gr\u00f6\u00dftes bewohntes Schloss ist Floors Castle in der wundersch\u00f6nen Landschaft des schottischen Grenzgebiets in der N\u00e4he von Kelso. Es ist seit 1721 Wohnsitz der Dukes of Roxburghe und bis zum heutigen Tage das Zuhause des derzeitigen Duke of Roxburghe. Lediglich eine gute Autostunde von Edinburgh oder Newcastle entfernt, sollten Sie dieses herrliche Schloss w\u00e4hrend Ihres <a href=\"https:\/\/www.urlaubcornwall.de\/reiseziel\/schottland.php\">Urlaubs in Schottland<\/a> nicht verpassen. Die G\u00e4rten und das Grundst\u00fcck sind entz\u00fcckend, und es gibt h\u00fcbsche Spazierwege entlang des Flusses Tweed. Floors Castle eignet sich hervorragend f\u00fcr einen Familienausflugstag, bei dem es f\u00fcr jeden eine Menge zu genie\u00dfen gibt. Schloss und Grundst\u00fcck sind von Mai &#8211; September ge\u00f6ffnet, und die G\u00e4rten mit Caf\u00e9 sind das ganze Jahr \u00fcber ge\u00f6ffnet.<\/p>\n<p><a href=\"http:\/\/www.bowhillhouse.co.uk\/\" rel=\"nofollow\"><strong>Bowhill Haus &amp; Landgut<\/strong><\/a><\/p>\n<p>Im Herzen des schottischen Grenzgebiets bei <a href=\"https:\/\/www.urlaubcornwall.de\/ferienhaeuser-fewos\/sco\/suedschottland\/selkirk.html\">Selkirk<\/a> befindet sich eines von Schottlands feinsten H\u00e4usern und Landg\u00fctern. Dieses herrliche Haus ist das Zuhause des Herzogs und der Herzogin von Buccleuch und ist zu bestimmten Zeiten w\u00e4hrend des Jahres ge\u00f6ffnet, wenn Sie dann eine gef\u00fchrte Tour der wundervoll m\u00f6blierten und dekorierten Inneneinrichtung genie\u00dfen und die ber\u00fchmte Buccleuch Kunstsammlung bewundern k\u00f6nnen mit Meisterwerken von Canaletto, Reynolds und Gainsborough. Es gibt herrliche G\u00e4rten zu erkunden mit Rhododendren und Azaleen, sowie einen herrlichen Blick \u00fcber das Ettrick Tal. Neben jeder Menge Wanderpfaden bietet das Grundst\u00fcck des Guts eine Vielfalt an Aktivit\u00e4ten im Freien f\u00fcr die gesamte Familie, Reiten, Angeln, Zip Wires in Baumkronen und einen Abenteuerspielplatz. Es gibt Ranger, die \u00fcber ein breites Wissen der Gegend verf\u00fcgen und Experten sind bez\u00fcglich der einheimischen Flora und Fauna, so dass sie Besucher durch Waldwege f\u00fchren k\u00f6nnen. Sie k\u00f6nnen auch eine Tour des Guts Bowhill gem\u00fctlich vom Land Rover aus genie\u00dfen, der von einem der Experten, der Ranger, durch die herrliche Landschaft gefahren wird mit einer Menge an Fotom\u00f6glichkeiten.<\/p>\n<p><a href=\"https:\/\/www.edinburghcastle.scot\/\" rel=\"nofollow\"><strong>Edinburgh Castle<\/strong><\/a><\/p>\n<p><img loading=\"lazy\" class=\"aligncenter size-full wp-image-20485\" src=\"https:\/\/www.urlaubcornwall.de\/blog\/wp-content\/uploads\/2015\/10\/citystays-edinburgh.jpg\" alt=\"schloss edinburgh\" width=\"747\" height=\"350\" srcset=\"https:\/\/www.urlaubcornwall.de\/blog\/wp-content\/uploads\/2015\/10\/citystays-edinburgh.jpg 745w, https:\/\/www.urlaubcornwall.de\/blog\/wp-content\/uploads\/2015\/10\/citystays-edinburgh-300x141.jpg 300w\" sizes=\"(max-width: 747px) 100vw, 747px\" \/><\/p>\n<p>Das ikonische Schloss Edinburgh befindet sich im Herzen von <a href=\"https:\/\/www.urlaubcornwall.de\/ferienhaeuser-fewos\/sco\/zentralschottland\/edinburgh.html\">Schottlands Hauptstadt<\/a> und reicht ins 12. Jahrhundert zur\u00fcck. Das Schloss ist Schottlands Nummer eins der zu bezahlenden Touristenattraktionen und ist das ganze Jahr \u00fcber ge\u00f6ffnet; gef\u00fchrte Touren werden angeboten, und Besucher k\u00f6nnen die Kronjuwelen Schottlands sehen, den Schicksalsstein, das ber\u00fchmte Gewehr des 15. Jahrhunderts, Mons Meg, sie k\u00f6nnen Zeugen sein des 1 Uhr Pistolenschusses und das Nationale Kriegsmuseum Schottlands besuchen. Das ganze Jahr \u00fcber gibt es im Edinburgh Castle viele besondere Veranstaltungen; vom Royal Edinburgh Military Tattoo im August bis hin zu Konzerten, die jeden Sommer auf den Esplanaden von Edinburgh Castle stattfinden mit der Burg als atemberaubendem Hintergrund. Edinburgh Castle sollte sich unbedingt auf Ihrer Liste der w\u00e4hrend Ihres Urlaubs in Schottland zu besuchenden Orte stehen.<\/p>\n<p><a href=\"https:\/\/www.inveraray-castle.com\/\" rel=\"nofollow\"><strong>Inveraray Castle<\/strong><\/a><\/p>\n<p>Inveraray Castle ist eines von Schottlands feinsten Schl\u00f6ssern. Dieses romantische Schloss befindet sich an den Ufern von Loch Fyne, 96km nordwestlich von Glasgow. Das ikonische Schloss mit seinen konischen T\u00fcrmchen ist das angestammte Zuhause des Duke of Argyll, Chief des Clans Campbell, und dies schon seit dem 15. Jahrhundert. Die Innenausstattung des M\u00e4rchenschlosses Inveraray ist ebenso entz\u00fcckend mit der ber\u00fchmten Waffenkammer, fabelhaften M\u00f6beln, herrlichen Wandbeh\u00e4ngen und einer unbezahlbaren Sammlung an Kunstwerken. Die wundersch\u00f6nen G\u00e4rten sind zu jeder Jahreszeit einen Besuch wert, von den ausgedehnten Narzissenvorkommen im Vorfr\u00fchling, den lebendigen Farben der Rhododendren und Azaleen, bis hin zu den wundervollen Rosen und Heiden sp\u00e4ter im Jahr. Garten und Grundst\u00fcck dehnen sich bis zu 180 Hektar aus, und es ist eines der wichtigsten designten Landschaften Schottlands. Inveraray Castle und G\u00e4rten sind vom 1. April \u2013 31. Oktober ge\u00f6ffnet, und ein Besuch hier sollte Teil jeder Urlaubsreise nach Schottland darstellen. Hunde sind nicht gestattet.<\/p>\n<p><a href=\"http:\/\/castlekennedygardens.com\/\" rel=\"nofollow\"><strong>Castle Kennedy G\u00e4rten<\/strong><\/a><\/p>\n<p>Die Castle Kennedy G\u00e4rten erstrecken sich \u00fcber mehr als 30 Hektar spektakul\u00e4r designter Landschaft in der N\u00e4he von Stranraer in <a href=\"https:\/\/www.urlaubcornwall.de\/ferienhaeuser-fewos\/sco\/suedschottland\/dumfries.html\">Dumfries<\/a> und Galloway. Die G\u00e4rten sind umgeben von wei\u00df-schwarzen Lochs; die Ruinen der romantischen Burg Kennedy des 16. Jahrhunderts stellen ihren Mittelpunkt dar. Sie sind bekannt f\u00fcr ihre Sammlung an Rhododendren, Azaleen, seltenen und exotischen Pflanzen, sowie die 20 meisterhaften B\u00e4ume. Die G\u00e4rten z\u00e4hlen mit einer Vielzahl an aufregenden, naturorientierten, von Rangern gef\u00fchrten Aktivit\u00e4ten w\u00e4hrend der Saison zu den kinderfreundlichsten in Schottland. Die G\u00e4rten, die von Februar bis Ende Oktober ge\u00f6ffnet sind, sind zudem hundefreundlich.<\/p>\n<h2 style=\"text-align: center;\"><a href=\"https:\/\/www.urlaubcornwall.de\/ferienhaeuser\/schottland.php\"><strong>Pers\u00f6nlich inspizierte Ferienh\u00e4user, Ferienwohnungen &amp; Cottages in Schottland f\u00fcr Ihren Urlaub<\/strong><\/a><\/h2>\n<p style=\"text-align: center;\">Bei uns finden Sie Ferienh\u00e4user zum Verlieben; so einfach ist das!<\/p>\n<p style=\"text-align: center;\"><a class=\"tidycta\" href=\"https:\/\/www.urlaubcornwall.de\/ferienhaeuser\/schottland.php\">Suche Ferienh\u00e4user<\/a><\/p>\n","protected":false},"excerpt":{"rendered":"<p>Schottland hat eine lange und bunte Geschichte, viele faszinierende Burgen, Herrenh\u00e4user und G\u00e4rten zu erkunden. In einigen der dramatischsten Landschaften des Vereinigten K\u00f6nigreichs gelegen, sind diese ikonischen Burgen und mysteri\u00f6sen Ruinen voller Volksgeschichten, Mythen und Legenden. Floors Castle Schottlands gr\u00f6\u00dftes bewohntes Schloss ist Floors Castle in der wundersch\u00f6nen Landschaft des schottischen Grenzgebiets in der N\u00e4he [&hellip;]<\/p>\n","protected":false},"author":1,"featured_media":0,"parent":0,"menu_order":0,"comment_status":"closed","ping_status":"closed","template":"single-four.php","meta":[],"acf":[],"yoast_head":"<!-- This site is optimized with the Yoast SEO plugin v19.4 - https:\/\/yoast.com\/wordpress\/plugins\/seo\/ -->\n<title>Historische H\u00e4user, Schl\u00f6sser &amp; G\u00e4rten in Schottland &amp; Highlands - Urlaub &amp; Reisen<\/title>\n<meta name=\"robots\" content=\"index, follow, max-snippet:-1, max-image-preview:large, max-video-preview:-1\" \/>\n<link rel=\"canonical\" href=\"https:\/\/www.urlaubcornwall.de\/blog\/historische-haeuser-schloesser-gaerten-schottland-und-highlands\/\" \/>\n<meta property=\"og:locale\" content=\"en_US\" \/>\n<meta property=\"og:type\" content=\"article\" \/>\n<meta property=\"og:title\" content=\"Historische H\u00e4user, Schl\u00f6sser &amp; G\u00e4rten in Schottland &amp; Highlands - Urlaub &amp; Reisen\" \/>\n<meta property=\"og:description\" content=\"Schottland hat eine lange und bunte Geschichte, viele faszinierende Burgen, Herrenh\u00e4user und G\u00e4rten zu erkunden. In einigen der dramatischsten Landschaften des Vereinigten K\u00f6nigreichs gelegen, sind diese ikonischen Burgen und mysteri\u00f6sen Ruinen voller Volksgeschichten, Mythen und Legenden. Floors Castle Schottlands gr\u00f6\u00dftes bewohntes Schloss ist Floors Castle in der wundersch\u00f6nen Landschaft des schottischen Grenzgebiets in der N\u00e4he [&hellip;]\" \/>\n<meta property=\"og:url\" content=\"https:\/\/www.urlaubcornwall.de\/blog\/historische-haeuser-schloesser-gaerten-schottland-und-highlands\/\" \/>\n<meta property=\"og:site_name\" content=\"Urlaub &amp; Reisen\" \/>\n<meta property=\"article:modified_time\" content=\"2024-05-30T10:36:24+00:00\" \/>\n<meta property=\"og:image\" content=\"https:\/\/www.urlaubcornwall.de\/blog\/wp-content\/uploads\/2024\/03\/gartenreise-england.jpg\" \/>\n<meta name=\"twitter:card\" content=\"summary\" \/>\n<meta name=\"twitter:label1\" content=\"Est. reading time\" \/>\n\t<meta name=\"twitter:data1\" content=\"4 minutes\" \/>\n<script type=\"application\/ld+json\" class=\"yoast-schema-graph\">{\"@context\":\"https:\/\/schema.org\",\"@graph\":[{\"@type\":\"WebSite\",\"@id\":\"https:\/\/www.urlaubcornwall.de\/blog\/#website\",\"url\":\"https:\/\/www.urlaubcornwall.de\/blog\/\",\"name\":\"Urlaub &amp; Reisen\",\"description\":\"Urlaub, Reisen, Cornwall und S\u00fcdengland: eine perfekte Kombination\",\"potentialAction\":[{\"@type\":\"SearchAction\",\"target\":{\"@type\":\"EntryPoint\",\"urlTemplate\":\"https:\/\/www.urlaubcornwall.de\/blog\/?s={search_term_string}\"},\"query-input\":\"required name=search_term_string\"}],\"inLanguage\":\"en-US\"},{\"@type\":\"WebPage\",\"@id\":\"https:\/\/www.urlaubcornwall.de\/blog\/historische-haeuser-schloesser-gaerten-schottland-und-highlands\/\",\"url\":\"https:\/\/www.urlaubcornwall.de\/blog\/historische-haeuser-schloesser-gaerten-schottland-und-highlands\/\",\"name\":\"Historische H\u00e4user, Schl\u00f6sser & G\u00e4rten in Schottland & Highlands - Urlaub &amp; Reisen\",\"isPartOf\":{\"@id\":\"https:\/\/www.urlaubcornwall.de\/blog\/#website\"},\"datePublished\":\"2018-02-25T15:05:04+00:00\",\"dateModified\":\"2024-05-30T10:36:24+00:00\",\"breadcrumb\":{\"@id\":\"https:\/\/www.urlaubcornwall.de\/blog\/historische-haeuser-schloesser-gaerten-schottland-und-highlands\/#breadcrumb\"},\"inLanguage\":\"en-US\",\"potentialAction\":[{\"@type\":\"ReadAction\",\"target\":[\"https:\/\/www.urlaubcornwall.de\/blog\/historische-haeuser-schloesser-gaerten-schottland-und-highlands\/\"]}]},{\"@type\":\"BreadcrumbList\",\"@id\":\"https:\/\/www.urlaubcornwall.de\/blog\/historische-haeuser-schloesser-gaerten-schottland-und-highlands\/#breadcrumb\",\"itemListElement\":[{\"@type\":\"ListItem\",\"position\":1,\"name\":\"Home\",\"item\":\"https:\/\/www.urlaubcornwall.de\/blog\/\"},{\"@type\":\"ListItem\",\"position\":2,\"name\":\"Historische H\u00e4user, Schl\u00f6sser &#038; G\u00e4rten in Schottland &#038; Highlands\"}]}]}<\/script>\n<!-- \/ Yoast SEO plugin. -->","yoast_head_json":{"title":"Historische H\u00e4user, Schl\u00f6sser & G\u00e4rten in Schottland & Highlands - Urlaub &amp; Reisen","robots":{"index":"index","follow":"follow","max-snippet":"max-snippet:-1","max-image-preview":"max-image-preview:large","max-video-preview":"max-video-preview:-1"},"canonical":"https:\/\/www.urlaubcornwall.de\/blog\/historische-haeuser-schloesser-gaerten-schottland-und-highlands\/","og_locale":"en_US","og_type":"article","og_title":"Historische H\u00e4user, Schl\u00f6sser & G\u00e4rten in Schottland & Highlands - Urlaub &amp; Reisen","og_description":"Schottland hat eine lange und bunte Geschichte, viele faszinierende Burgen, Herrenh\u00e4user und G\u00e4rten zu erkunden. In einigen der dramatischsten Landschaften des Vereinigten K\u00f6nigreichs gelegen, sind diese ikonischen Burgen und mysteri\u00f6sen Ruinen voller Volksgeschichten, Mythen und Legenden. Floors Castle Schottlands gr\u00f6\u00dftes bewohntes Schloss ist Floors Castle in der wundersch\u00f6nen Landschaft des schottischen Grenzgebiets in der N\u00e4he [&hellip;]","og_url":"https:\/\/www.urlaubcornwall.de\/blog\/historische-haeuser-schloesser-gaerten-schottland-und-highlands\/","og_site_name":"Urlaub &amp; Reisen","article_modified_time":"2024-05-30T10:36:24+00:00","og_image":[{"url":"https:\/\/www.urlaubcornwall.de\/blog\/wp-content\/uploads\/2024\/03\/gartenreise-england.jpg"}],"twitter_card":"summary","twitter_misc":{"Est. reading time":"4 minutes"},"schema":{"@context":"https:\/\/schema.org","@graph":[{"@type":"WebSite","@id":"https:\/\/www.urlaubcornwall.de\/blog\/#website","url":"https:\/\/www.urlaubcornwall.de\/blog\/","name":"Urlaub &amp; Reisen","description":"Urlaub, Reisen, Cornwall und S\u00fcdengland: eine perfekte Kombination","potentialAction":[{"@type":"SearchAction","target":{"@type":"EntryPoint","urlTemplate":"https:\/\/www.urlaubcornwall.de\/blog\/?s={search_term_string}"},"query-input":"required name=search_term_string"}],"inLanguage":"en-US"},{"@type":"WebPage","@id":"https:\/\/www.urlaubcornwall.de\/blog\/historische-haeuser-schloesser-gaerten-schottland-und-highlands\/","url":"https:\/\/www.urlaubcornwall.de\/blog\/historische-haeuser-schloesser-gaerten-schottland-und-highlands\/","name":"Historische H\u00e4user, Schl\u00f6sser & G\u00e4rten in Schottland & Highlands - Urlaub &amp; Reisen","isPartOf":{"@id":"https:\/\/www.urlaubcornwall.de\/blog\/#website"},"datePublished":"2018-02-25T15:05:04+00:00","dateModified":"2024-05-30T10:36:24+00:00","breadcrumb":{"@id":"https:\/\/www.urlaubcornwall.de\/blog\/historische-haeuser-schloesser-gaerten-schottland-und-highlands\/#breadcrumb"},"inLanguage":"en-US","potentialAction":[{"@type":"ReadAction","target":["https:\/\/www.urlaubcornwall.de\/blog\/historische-haeuser-schloesser-gaerten-schottland-und-highlands\/"]}]},{"@type":"BreadcrumbList","@id":"https:\/\/www.urlaubcornwall.de\/blog\/historische-haeuser-schloesser-gaerten-schottland-und-highlands\/#breadcrumb","itemListElement":[{"@type":"ListItem","position":1,"name":"Home","item":"https:\/\/www.urlaubcornwall.de\/blog\/"},{"@type":"ListItem","position":2,"name":"Historische H\u00e4user, Schl\u00f6sser &#038; G\u00e4rten in Schottland &#038; Highlands"}]}]}},"_links":{"self":[{"href":"https:\/\/www.urlaubcornwall.de\/blog\/wp-json\/wp\/v2\/pages\/32634"}],"collection":[{"href":"https:\/\/www.urlaubcornwall.de\/blog\/wp-json\/wp\/v2\/pages"}],"about":[{"href":"https:\/\/www.urlaubcornwall.de\/blog\/wp-json\/wp\/v2\/types\/page"}],"author":[{"embeddable":true,"href":"https:\/\/www.urlaubcornwall.de\/blog\/wp-json\/wp\/v2\/users\/1"}],"replies":[{"embeddable":true,"href":"https:\/\/www.urlaubcornwall.de\/blog\/wp-json\/wp\/v2\/comments?post=32634"}],"version-history":[{"count":10,"href":"https:\/\/www.urlaubcornwall.de\/blog\/wp-json\/wp\/v2\/pages\/32634\/revisions"}],"predecessor-version":[{"id":50924,"href":"https:\/\/www.urlaubcornwall.de\/blog\/wp-json\/wp\/v2\/pages\/32634\/revisions\/50924"}],"wp:attachment":[{"href":"https:\/\/www.urlaubcornwall.de\/blog\/wp-json\/wp\/v2\/media?parent=32634"}],"curies":[{"name":"wp","href":"https:\/\/api.w.org\/{rel}","templated":true}]}}