{"id":32577,"date":"2018-02-18T13:55:39","date_gmt":"2018-02-18T13:55:39","guid":{"rendered":"https:\/\/www.urlaubcornwall.de\/blog\/?page_id=32577"},"modified":"2021-09-17T11:52:01","modified_gmt":"2021-09-17T11:52:01","slug":"ferienhaus-hastings-mit-hund-mieten","status":"publish","type":"page","link":"https:\/\/www.urlaubcornwall.de\/blog\/ferienhaus-hastings-mit-hund-mieten\/","title":{"rendered":"Ferienhaus in Hastings mit Hund mieten"},"content":{"rendered":"<p><img loading=\"lazy\" class=\"aligncenter size-full wp-image-32578\" src=\"https:\/\/www.urlaubcornwall.de\/blog\/wp-content\/uploads\/2018\/02\/ferienhaus-hastings-mit-hund.jpg\" alt=\"ferienhaus hastings mit hund\" width=\"748\" height=\"501\"\/><br \/>\n<strong>Hundefreundlich Ferienhaus in Hastings mit 1 Schlafzimmer, 2 Schlafgelegenheiten<\/strong><\/p>\n<p>Dieses stilvolle Ferienhaus ist ideal f\u00fcr ein Paar am <a href=\"https:\/\/www.urlaubcornwall.de\/reiseziel\/sussex.php\">Urlaub in Sussex<\/a>. <a href=\"https:\/\/www.urlaubcornwall.de\/blog\/urlaub-in-hastings-sussex-sehenswuerdigkeiten-unterkunft-und-geschichte\/\">Hastings<\/a> ist eine lebhafte Stadt mit viel zu tun w\u00e4hrend Ihres Aufenthalts in One West Street. Im Herzen der beliebten Altstadt befinden sich die Restaurants, Antiquit\u00e4tenl\u00e4den und Caf\u00e9s der George Street ganz in der N\u00e4he.Die preisgekr\u00f6nte Jerwood Gallery und die ber\u00fchmten Fischerh\u00fctten, von denen Sie den neuesten Fang von Hastings Fischer kaufen k\u00f6nnen, sind nur f\u00fcnf Gehminuten entfernt. Die East Hill Railway bringt Sie zu den spektakul\u00e4ren Ausblicken vom Hastings County Park und ein Besuch im Smugglers Adventure bietet eine Vorstellung von Hastings Vergangenheit.<\/p>\n<p style=\"text-align: center;\"><a class=\"tidycta\" href=\"https:\/\/www.urlaubcornwall.de\/ferienhaeuser-fewos\/eng\/sussex\/hastings-hundefreundlich.html\">Suche Ferienh\u00e4user Hastings<\/a><\/p>\n<p style=\"text-align: center;\">Pers\u00f6nlich inspizierte Ferienh\u00e4user und Ferienwohnungen in Sussex f\u00fcr Ihren Urlaub.<\/p>\n<p style=\"text-align: center;\"><a href=\"https:\/\/www.urlaubcornwall.de\/ferienhaeuser-fewos\/eng\/sussex\/sussex.html\"><strong>Ferienh\u00e4user, Cottages &amp; Ferienwohnungen in Sussex <\/strong><\/a><\/p>\n","protected":false},"excerpt":{"rendered":"<p>Hundefreundlich Ferienhaus in Hastings mit 1 Schlafzimmer, 2 Schlafgelegenheiten Dieses stilvolle Ferienhaus ist ideal f\u00fcr ein Paar am Urlaub in Sussex. Hastings ist eine lebhafte Stadt mit viel zu tun w\u00e4hrend Ihres Aufenthalts in One West Street. Im Herzen der beliebten Altstadt befinden sich die Restaurants, Antiquit\u00e4tenl\u00e4den und Caf\u00e9s der George Street ganz in der [&hellip;]<\/p>\n","protected":false},"author":1,"featured_media":0,"parent":0,"menu_order":0,"comment_status":"closed","ping_status":"closed","template":"single-four.php","meta":[],"acf":[],"yoast_head":"<!-- This site is optimized with the Yoast SEO plugin v19.4 - https:\/\/yoast.com\/wordpress\/plugins\/seo\/ -->\n<title>Ferienhaus in Hastings mit Hund mieten - Urlaub &amp; Reisen<\/title>\n<meta name=\"robots\" content=\"index, follow, max-snippet:-1, max-image-preview:large, max-video-preview:-1\" \/>\n<link rel=\"canonical\" href=\"https:\/\/www.urlaubcornwall.de\/blog\/ferienhaus-hastings-mit-hund-mieten\/\" \/>\n<meta property=\"og:locale\" content=\"en_US\" \/>\n<meta property=\"og:type\" content=\"article\" \/>\n<meta property=\"og:title\" content=\"Ferienhaus in Hastings mit Hund mieten - Urlaub &amp; Reisen\" \/>\n<meta property=\"og:description\" content=\"Hundefreundlich Ferienhaus in Hastings mit 1 Schlafzimmer, 2 Schlafgelegenheiten Dieses stilvolle Ferienhaus ist ideal f\u00fcr ein Paar am Urlaub in Sussex. Hastings ist eine lebhafte Stadt mit viel zu tun w\u00e4hrend Ihres Aufenthalts in One West Street. Im Herzen der beliebten Altstadt befinden sich die Restaurants, Antiquit\u00e4tenl\u00e4den und Caf\u00e9s der George Street ganz in der [&hellip;]\" \/>\n<meta property=\"og:url\" content=\"https:\/\/www.urlaubcornwall.de\/blog\/ferienhaus-hastings-mit-hund-mieten\/\" \/>\n<meta property=\"og:site_name\" content=\"Urlaub &amp; Reisen\" \/>\n<meta property=\"article:modified_time\" content=\"2021-09-17T11:52:01+00:00\" \/>\n<meta property=\"og:image\" content=\"https:\/\/www.urlaubcornwall.de\/blog\/wp-content\/uploads\/2018\/02\/ferienhaus-hastings-mit-hund.jpg\" \/>\n<meta name=\"twitter:card\" content=\"summary\" \/>\n<meta name=\"twitter:label1\" content=\"Est. reading time\" \/>\n\t<meta name=\"twitter:data1\" content=\"1 minute\" \/>\n<script type=\"application\/ld+json\" class=\"yoast-schema-graph\">{\"@context\":\"https:\/\/schema.org\",\"@graph\":[{\"@type\":\"WebSite\",\"@id\":\"https:\/\/www.urlaubcornwall.de\/blog\/#website\",\"url\":\"https:\/\/www.urlaubcornwall.de\/blog\/\",\"name\":\"Urlaub &amp; Reisen\",\"description\":\"Urlaub, Reisen, Cornwall und S\u00fcdengland: eine perfekte Kombination\",\"potentialAction\":[{\"@type\":\"SearchAction\",\"target\":{\"@type\":\"EntryPoint\",\"urlTemplate\":\"https:\/\/www.urlaubcornwall.de\/blog\/?s={search_term_string}\"},\"query-input\":\"required name=search_term_string\"}],\"inLanguage\":\"en-US\"},{\"@type\":\"WebPage\",\"@id\":\"https:\/\/www.urlaubcornwall.de\/blog\/ferienhaus-hastings-mit-hund-mieten\/\",\"url\":\"https:\/\/www.urlaubcornwall.de\/blog\/ferienhaus-hastings-mit-hund-mieten\/\",\"name\":\"Ferienhaus in Hastings mit Hund mieten - Urlaub &amp; Reisen\",\"isPartOf\":{\"@id\":\"https:\/\/www.urlaubcornwall.de\/blog\/#website\"},\"datePublished\":\"2018-02-18T13:55:39+00:00\",\"dateModified\":\"2021-09-17T11:52:01+00:00\",\"breadcrumb\":{\"@id\":\"https:\/\/www.urlaubcornwall.de\/blog\/ferienhaus-hastings-mit-hund-mieten\/#breadcrumb\"},\"inLanguage\":\"en-US\",\"potentialAction\":[{\"@type\":\"ReadAction\",\"target\":[\"https:\/\/www.urlaubcornwall.de\/blog\/ferienhaus-hastings-mit-hund-mieten\/\"]}]},{\"@type\":\"BreadcrumbList\",\"@id\":\"https:\/\/www.urlaubcornwall.de\/blog\/ferienhaus-hastings-mit-hund-mieten\/#breadcrumb\",\"itemListElement\":[{\"@type\":\"ListItem\",\"position\":1,\"name\":\"Home\",\"item\":\"https:\/\/www.urlaubcornwall.de\/blog\/\"},{\"@type\":\"ListItem\",\"position\":2,\"name\":\"Ferienhaus in Hastings mit Hund mieten\"}]}]}<\/script>\n<!-- \/ Yoast SEO plugin. -->","yoast_head_json":{"title":"Ferienhaus in Hastings mit Hund mieten - Urlaub &amp; Reisen","robots":{"index":"index","follow":"follow","max-snippet":"max-snippet:-1","max-image-preview":"max-image-preview:large","max-video-preview":"max-video-preview:-1"},"canonical":"https:\/\/www.urlaubcornwall.de\/blog\/ferienhaus-hastings-mit-hund-mieten\/","og_locale":"en_US","og_type":"article","og_title":"Ferienhaus in Hastings mit Hund mieten - Urlaub &amp; Reisen","og_description":"Hundefreundlich Ferienhaus in Hastings mit 1 Schlafzimmer, 2 Schlafgelegenheiten Dieses stilvolle Ferienhaus ist ideal f\u00fcr ein Paar am Urlaub in Sussex. Hastings ist eine lebhafte Stadt mit viel zu tun w\u00e4hrend Ihres Aufenthalts in One West Street. Im Herzen der beliebten Altstadt befinden sich die Restaurants, Antiquit\u00e4tenl\u00e4den und Caf\u00e9s der George Street ganz in der [&hellip;]","og_url":"https:\/\/www.urlaubcornwall.de\/blog\/ferienhaus-hastings-mit-hund-mieten\/","og_site_name":"Urlaub &amp; Reisen","article_modified_time":"2021-09-17T11:52:01+00:00","og_image":[{"url":"https:\/\/www.urlaubcornwall.de\/blog\/wp-content\/uploads\/2018\/02\/ferienhaus-hastings-mit-hund.jpg"}],"twitter_card":"summary","twitter_misc":{"Est. reading time":"1 minute"},"schema":{"@context":"https:\/\/schema.org","@graph":[{"@type":"WebSite","@id":"https:\/\/www.urlaubcornwall.de\/blog\/#website","url":"https:\/\/www.urlaubcornwall.de\/blog\/","name":"Urlaub &amp; Reisen","description":"Urlaub, Reisen, Cornwall und S\u00fcdengland: eine perfekte Kombination","potentialAction":[{"@type":"SearchAction","target":{"@type":"EntryPoint","urlTemplate":"https:\/\/www.urlaubcornwall.de\/blog\/?s={search_term_string}"},"query-input":"required name=search_term_string"}],"inLanguage":"en-US"},{"@type":"WebPage","@id":"https:\/\/www.urlaubcornwall.de\/blog\/ferienhaus-hastings-mit-hund-mieten\/","url":"https:\/\/www.urlaubcornwall.de\/blog\/ferienhaus-hastings-mit-hund-mieten\/","name":"Ferienhaus in Hastings mit Hund mieten - Urlaub &amp; Reisen","isPartOf":{"@id":"https:\/\/www.urlaubcornwall.de\/blog\/#website"},"datePublished":"2018-02-18T13:55:39+00:00","dateModified":"2021-09-17T11:52:01+00:00","breadcrumb":{"@id":"https:\/\/www.urlaubcornwall.de\/blog\/ferienhaus-hastings-mit-hund-mieten\/#breadcrumb"},"inLanguage":"en-US","potentialAction":[{"@type":"ReadAction","target":["https:\/\/www.urlaubcornwall.de\/blog\/ferienhaus-hastings-mit-hund-mieten\/"]}]},{"@type":"BreadcrumbList","@id":"https:\/\/www.urlaubcornwall.de\/blog\/ferienhaus-hastings-mit-hund-mieten\/#breadcrumb","itemListElement":[{"@type":"ListItem","position":1,"name":"Home","item":"https:\/\/www.urlaubcornwall.de\/blog\/"},{"@type":"ListItem","position":2,"name":"Ferienhaus in Hastings mit Hund mieten"}]}]}},"_links":{"self":[{"href":"https:\/\/www.urlaubcornwall.de\/blog\/wp-json\/wp\/v2\/pages\/32577"}],"collection":[{"href":"https:\/\/www.urlaubcornwall.de\/blog\/wp-json\/wp\/v2\/pages"}],"about":[{"href":"https:\/\/www.urlaubcornwall.de\/blog\/wp-json\/wp\/v2\/types\/page"}],"author":[{"embeddable":true,"href":"https:\/\/www.urlaubcornwall.de\/blog\/wp-json\/wp\/v2\/users\/1"}],"replies":[{"embeddable":true,"href":"https:\/\/www.urlaubcornwall.de\/blog\/wp-json\/wp\/v2\/comments?post=32577"}],"version-history":[{"count":3,"href":"https:\/\/www.urlaubcornwall.de\/blog\/wp-json\/wp\/v2\/pages\/32577\/revisions"}],"predecessor-version":[{"id":42875,"href":"https:\/\/www.urlaubcornwall.de\/blog\/wp-json\/wp\/v2\/pages\/32577\/revisions\/42875"}],"wp:attachment":[{"href":"https:\/\/www.urlaubcornwall.de\/blog\/wp-json\/wp\/v2\/media?parent=32577"}],"curies":[{"name":"wp","href":"https:\/\/api.w.org\/{rel}","templated":true}]}}