{"id":32574,"date":"2018-02-18T13:37:42","date_gmt":"2018-02-18T13:37:42","guid":{"rendered":"https:\/\/www.urlaubcornwall.de\/blog\/?page_id=32574"},"modified":"2021-09-17T12:03:52","modified_gmt":"2021-09-17T12:03:52","slug":"ferienhaus-norfolk-meer-east-anglia","status":"publish","type":"page","link":"https:\/\/www.urlaubcornwall.de\/blog\/ferienhaus-norfolk-meer-east-anglia\/","title":{"rendered":"Ferienhaus in Norfolk am Meer &#8211; East Anglia"},"content":{"rendered":"<p><img loading=\"lazy\" class=\"aligncenter size-full wp-image-32575\" src=\"https:\/\/www.urlaubcornwall.de\/blog\/wp-content\/uploads\/2018\/02\/ferienhaus-norfolk-am-meer-mieten.jpg\" alt=\"ferienhaus norfolk am meer mieten\" width=\"749\" height=\"490\"\/><\/p>\n<p><strong>Ferienhaus in Bacton am Meer nahe Norwich mit 2 Schlafzimmer, 4 Schlafgelegenheiten<\/strong><\/p>\n<p>Ein 200 Jahre altes traditionelles Ferienhaus im Zentrum eines sch\u00f6nen K\u00fcstenortes. Dieses reizende Cottage befindet sich in Bacton in ruhiger Lage in der N\u00e4he eines Sandstrandes. Ideal f\u00fcr lange Spazierg\u00e4nge, Angeln und perfekt f\u00fcr die Kinder. Bacton bietet eine gute Auswahl an lokalen Annehmlichkeiten wie Pubs, Gesch\u00e4fte, einen Fisch und Chips-Shop und Caf\u00e9s alle zu Fu\u00df erreichbar. In der N\u00e4he ist North Walsham zum Einkaufen und ein wenig weiter nach Stalham f\u00fcr Tagesboot mieten, um die Meilen von Wasserstra\u00dfen zu kreuzen.<\/p>\n<p style=\"text-align: center;\"><a class=\"tidycta\" href=\"https:\/\/www.urlaubcornwall.de\/ferienhaeuser-fewos\/eng\/norfolk\/norfolk-am-meer.html\">Suche Ferienh\u00e4user am Meer<\/a><\/p>\n<p style=\"text-align: center;\">Pers\u00f6nlich inspizierte Ferienh\u00e4user und Ferienwohnungen f\u00fcr Ihren Urlaub in East Anglia<\/p>\n<p style=\"text-align: center;\"><a href=\"https:\/\/www.urlaubcornwall.de\/ferienhaeuser-fewos\/eng\/norfolk\/norfolk.html\"><strong>Ferienh\u00e4user, Cottages &amp; Ferienwohnungen in Norfolk am Meer &gt;<\/strong><\/a><\/p>\n","protected":false},"excerpt":{"rendered":"<p>Ferienhaus in Bacton am Meer nahe Norwich mit 2 Schlafzimmer, 4 Schlafgelegenheiten Ein 200 Jahre altes traditionelles Ferienhaus im Zentrum eines sch\u00f6nen K\u00fcstenortes. Dieses reizende Cottage befindet sich in Bacton in ruhiger Lage in der N\u00e4he eines Sandstrandes. Ideal f\u00fcr lange Spazierg\u00e4nge, Angeln und perfekt f\u00fcr die Kinder. Bacton bietet eine gute Auswahl an lokalen [&hellip;]<\/p>\n","protected":false},"author":1,"featured_media":0,"parent":0,"menu_order":0,"comment_status":"closed","ping_status":"closed","template":"single-four.php","meta":[],"acf":[],"yoast_head":"<!-- This site is optimized with the Yoast SEO plugin v19.4 - https:\/\/yoast.com\/wordpress\/plugins\/seo\/ -->\n<title>Ferienhaus in Norfolk am Meer - East Anglia - Urlaub &amp; Reisen<\/title>\n<meta name=\"description\" content=\"Ein 200 Jahre altes traditionelles Ferienhaus im Zentrum eines sch\u00f6nen K\u00fcstenortes. Dieses reizende Cottage befindet sich in Bacton in ruhiger Lage in der N\u00e4he eines Sandstrandes. Ideal f\u00fcr lange Spazierg\u00e4nge, Angeln und perfekt f\u00fcr die Kinder. Bacton bietet eine gute Auswahl an lokalen Annehmlichkeiten wie Pubs\" \/>\n<meta name=\"robots\" content=\"index, follow, max-snippet:-1, max-image-preview:large, max-video-preview:-1\" \/>\n<link rel=\"canonical\" href=\"https:\/\/www.urlaubcornwall.de\/blog\/ferienhaus-norfolk-meer-east-anglia\/\" \/>\n<meta property=\"og:locale\" content=\"en_US\" \/>\n<meta property=\"og:type\" content=\"article\" \/>\n<meta property=\"og:title\" content=\"Ferienhaus in Norfolk am Meer - East Anglia - Urlaub &amp; Reisen\" \/>\n<meta property=\"og:description\" content=\"Ein 200 Jahre altes traditionelles Ferienhaus im Zentrum eines sch\u00f6nen K\u00fcstenortes. Dieses reizende Cottage befindet sich in Bacton in ruhiger Lage in der N\u00e4he eines Sandstrandes. Ideal f\u00fcr lange Spazierg\u00e4nge, Angeln und perfekt f\u00fcr die Kinder. Bacton bietet eine gute Auswahl an lokalen Annehmlichkeiten wie Pubs\" \/>\n<meta property=\"og:url\" content=\"https:\/\/www.urlaubcornwall.de\/blog\/ferienhaus-norfolk-meer-east-anglia\/\" \/>\n<meta property=\"og:site_name\" content=\"Urlaub &amp; Reisen\" \/>\n<meta property=\"article:modified_time\" content=\"2021-09-17T12:03:52+00:00\" \/>\n<meta property=\"og:image\" content=\"https:\/\/www.urlaubcornwall.de\/blog\/wp-content\/uploads\/2018\/02\/ferienhaus-norfolk-am-meer-mieten.jpg\" \/>\n<meta name=\"twitter:card\" content=\"summary\" \/>\n<meta name=\"twitter:label1\" content=\"Est. reading time\" \/>\n\t<meta name=\"twitter:data1\" content=\"1 minute\" \/>\n<script type=\"application\/ld+json\" class=\"yoast-schema-graph\">{\"@context\":\"https:\/\/schema.org\",\"@graph\":[{\"@type\":\"WebSite\",\"@id\":\"https:\/\/www.urlaubcornwall.de\/blog\/#website\",\"url\":\"https:\/\/www.urlaubcornwall.de\/blog\/\",\"name\":\"Urlaub &amp; Reisen\",\"description\":\"Urlaub, Reisen, Cornwall und S\u00fcdengland: eine perfekte Kombination\",\"potentialAction\":[{\"@type\":\"SearchAction\",\"target\":{\"@type\":\"EntryPoint\",\"urlTemplate\":\"https:\/\/www.urlaubcornwall.de\/blog\/?s={search_term_string}\"},\"query-input\":\"required name=search_term_string\"}],\"inLanguage\":\"en-US\"},{\"@type\":\"WebPage\",\"@id\":\"https:\/\/www.urlaubcornwall.de\/blog\/ferienhaus-norfolk-meer-east-anglia\/\",\"url\":\"https:\/\/www.urlaubcornwall.de\/blog\/ferienhaus-norfolk-meer-east-anglia\/\",\"name\":\"Ferienhaus in Norfolk am Meer - East Anglia - Urlaub &amp; Reisen\",\"isPartOf\":{\"@id\":\"https:\/\/www.urlaubcornwall.de\/blog\/#website\"},\"datePublished\":\"2018-02-18T13:37:42+00:00\",\"dateModified\":\"2021-09-17T12:03:52+00:00\",\"description\":\"Ein 200 Jahre altes traditionelles Ferienhaus im Zentrum eines sch\u00f6nen K\u00fcstenortes. Dieses reizende Cottage befindet sich in Bacton in ruhiger Lage in der N\u00e4he eines Sandstrandes. Ideal f\u00fcr lange Spazierg\u00e4nge, Angeln und perfekt f\u00fcr die Kinder. Bacton bietet eine gute Auswahl an lokalen Annehmlichkeiten wie Pubs\",\"breadcrumb\":{\"@id\":\"https:\/\/www.urlaubcornwall.de\/blog\/ferienhaus-norfolk-meer-east-anglia\/#breadcrumb\"},\"inLanguage\":\"en-US\",\"potentialAction\":[{\"@type\":\"ReadAction\",\"target\":[\"https:\/\/www.urlaubcornwall.de\/blog\/ferienhaus-norfolk-meer-east-anglia\/\"]}]},{\"@type\":\"BreadcrumbList\",\"@id\":\"https:\/\/www.urlaubcornwall.de\/blog\/ferienhaus-norfolk-meer-east-anglia\/#breadcrumb\",\"itemListElement\":[{\"@type\":\"ListItem\",\"position\":1,\"name\":\"Home\",\"item\":\"https:\/\/www.urlaubcornwall.de\/blog\/\"},{\"@type\":\"ListItem\",\"position\":2,\"name\":\"Ferienhaus in Norfolk am Meer &#8211; East Anglia\"}]}]}<\/script>\n<!-- \/ Yoast SEO plugin. -->","yoast_head_json":{"title":"Ferienhaus in Norfolk am Meer - East Anglia - Urlaub &amp; Reisen","description":"Ein 200 Jahre altes traditionelles Ferienhaus im Zentrum eines sch\u00f6nen K\u00fcstenortes. Dieses reizende Cottage befindet sich in Bacton in ruhiger Lage in der N\u00e4he eines Sandstrandes. Ideal f\u00fcr lange Spazierg\u00e4nge, Angeln und perfekt f\u00fcr die Kinder. Bacton bietet eine gute Auswahl an lokalen Annehmlichkeiten wie Pubs","robots":{"index":"index","follow":"follow","max-snippet":"max-snippet:-1","max-image-preview":"max-image-preview:large","max-video-preview":"max-video-preview:-1"},"canonical":"https:\/\/www.urlaubcornwall.de\/blog\/ferienhaus-norfolk-meer-east-anglia\/","og_locale":"en_US","og_type":"article","og_title":"Ferienhaus in Norfolk am Meer - East Anglia - Urlaub &amp; Reisen","og_description":"Ein 200 Jahre altes traditionelles Ferienhaus im Zentrum eines sch\u00f6nen K\u00fcstenortes. Dieses reizende Cottage befindet sich in Bacton in ruhiger Lage in der N\u00e4he eines Sandstrandes. Ideal f\u00fcr lange Spazierg\u00e4nge, Angeln und perfekt f\u00fcr die Kinder. Bacton bietet eine gute Auswahl an lokalen Annehmlichkeiten wie Pubs","og_url":"https:\/\/www.urlaubcornwall.de\/blog\/ferienhaus-norfolk-meer-east-anglia\/","og_site_name":"Urlaub &amp; Reisen","article_modified_time":"2021-09-17T12:03:52+00:00","og_image":[{"url":"https:\/\/www.urlaubcornwall.de\/blog\/wp-content\/uploads\/2018\/02\/ferienhaus-norfolk-am-meer-mieten.jpg"}],"twitter_card":"summary","twitter_misc":{"Est. reading time":"1 minute"},"schema":{"@context":"https:\/\/schema.org","@graph":[{"@type":"WebSite","@id":"https:\/\/www.urlaubcornwall.de\/blog\/#website","url":"https:\/\/www.urlaubcornwall.de\/blog\/","name":"Urlaub &amp; Reisen","description":"Urlaub, Reisen, Cornwall und S\u00fcdengland: eine perfekte Kombination","potentialAction":[{"@type":"SearchAction","target":{"@type":"EntryPoint","urlTemplate":"https:\/\/www.urlaubcornwall.de\/blog\/?s={search_term_string}"},"query-input":"required name=search_term_string"}],"inLanguage":"en-US"},{"@type":"WebPage","@id":"https:\/\/www.urlaubcornwall.de\/blog\/ferienhaus-norfolk-meer-east-anglia\/","url":"https:\/\/www.urlaubcornwall.de\/blog\/ferienhaus-norfolk-meer-east-anglia\/","name":"Ferienhaus in Norfolk am Meer - East Anglia - Urlaub &amp; Reisen","isPartOf":{"@id":"https:\/\/www.urlaubcornwall.de\/blog\/#website"},"datePublished":"2018-02-18T13:37:42+00:00","dateModified":"2021-09-17T12:03:52+00:00","description":"Ein 200 Jahre altes traditionelles Ferienhaus im Zentrum eines sch\u00f6nen K\u00fcstenortes. Dieses reizende Cottage befindet sich in Bacton in ruhiger Lage in der N\u00e4he eines Sandstrandes. Ideal f\u00fcr lange Spazierg\u00e4nge, Angeln und perfekt f\u00fcr die Kinder. Bacton bietet eine gute Auswahl an lokalen Annehmlichkeiten wie Pubs","breadcrumb":{"@id":"https:\/\/www.urlaubcornwall.de\/blog\/ferienhaus-norfolk-meer-east-anglia\/#breadcrumb"},"inLanguage":"en-US","potentialAction":[{"@type":"ReadAction","target":["https:\/\/www.urlaubcornwall.de\/blog\/ferienhaus-norfolk-meer-east-anglia\/"]}]},{"@type":"BreadcrumbList","@id":"https:\/\/www.urlaubcornwall.de\/blog\/ferienhaus-norfolk-meer-east-anglia\/#breadcrumb","itemListElement":[{"@type":"ListItem","position":1,"name":"Home","item":"https:\/\/www.urlaubcornwall.de\/blog\/"},{"@type":"ListItem","position":2,"name":"Ferienhaus in Norfolk am Meer &#8211; East Anglia"}]}]}},"_links":{"self":[{"href":"https:\/\/www.urlaubcornwall.de\/blog\/wp-json\/wp\/v2\/pages\/32574"}],"collection":[{"href":"https:\/\/www.urlaubcornwall.de\/blog\/wp-json\/wp\/v2\/pages"}],"about":[{"href":"https:\/\/www.urlaubcornwall.de\/blog\/wp-json\/wp\/v2\/types\/page"}],"author":[{"embeddable":true,"href":"https:\/\/www.urlaubcornwall.de\/blog\/wp-json\/wp\/v2\/users\/1"}],"replies":[{"embeddable":true,"href":"https:\/\/www.urlaubcornwall.de\/blog\/wp-json\/wp\/v2\/comments?post=32574"}],"version-history":[{"count":6,"href":"https:\/\/www.urlaubcornwall.de\/blog\/wp-json\/wp\/v2\/pages\/32574\/revisions"}],"predecessor-version":[{"id":42885,"href":"https:\/\/www.urlaubcornwall.de\/blog\/wp-json\/wp\/v2\/pages\/32574\/revisions\/42885"}],"wp:attachment":[{"href":"https:\/\/www.urlaubcornwall.de\/blog\/wp-json\/wp\/v2\/media?parent=32574"}],"curies":[{"name":"wp","href":"https:\/\/api.w.org\/{rel}","templated":true}]}}