{"id":32571,"date":"2018-02-18T12:23:48","date_gmt":"2018-02-18T12:23:48","guid":{"rendered":"https:\/\/www.urlaubcornwall.de\/blog\/?page_id=32571"},"modified":"2021-09-17T12:30:27","modified_gmt":"2021-09-17T12:30:27","slug":"ferienhaus-norfolk-broads-mit-hund-mieten-urlaub-ost-anglia","status":"publish","type":"page","link":"https:\/\/www.urlaubcornwall.de\/blog\/ferienhaus-norfolk-broads-mit-hund-mieten-urlaub-ost-anglia\/","title":{"rendered":"Ferienhaus Norfolk Broads mit Hund mieten &#8211; Urlaub Ost Anglia"},"content":{"rendered":"<p><img loading=\"lazy\" class=\"aligncenter size-full wp-image-32572\" src=\"https:\/\/www.urlaubcornwall.de\/blog\/wp-content\/uploads\/2018\/02\/ferienhaus-norfolk-broads-mit-hund-mieten.jpg\" alt=\"ferienhaus norfolk broads mit hund mieten\" width=\"747\" height=\"464\"\/><\/p>\n<p><strong>Hundefreundlich Ferienhaus in Hainford mit 1 Schlafzimmer, 2 Schlafgelegenheiten<\/strong><\/p>\n<p>Ein perfektes Ferienhaus und ein entspannender Ort, um Norfolk zu erkunden. Dieses Cottage liegt auf einem 2 Hektar gro\u00dfen Grundst\u00fcck des Besitzers mit Blick auf seine freundlichen Schafe und liegt im h\u00fcbschen Norfolk-Dorf Hainford. Hainford liegt im Zentrum von Norfolk in der N\u00e4he einiger der spektakul\u00e4rsten Landschaften, die Norfolk bietet. Das Dorf bietet eine sch\u00f6ne strohgedeckte Kneipe, in der Mittag- und Abendessen serviert werden. <a href=\"https:\/\/www.urlaubcornwall.de\/ferienhaeuser-fewos\/eng\/norfolk\/wroxham.html\">Wroxham<\/a> ist nur eine 10-min\u00fctige Fahrt mit Gesch\u00e4ften, Restaurants, Pubs. Mieten Sie ein Boot f\u00fcr den Tag, erkunden Sie die malerischen Wasserwege der Tierwelt in den Naturschutzgebieten oder machen Sie eine Pause in einem der vielen Pubs am Flussufer. Die Domstadt Norwich ist nur 10 km entfernt.<\/p>\n<p style=\"text-align: center;\"><a class=\"tidycta\" href=\"https:\/\/www.urlaubcornwall.de\/ferienhaeuser-fewos\/eng\/norfolk\/norfolk-hundefreundlich.html\">Suche Ferienh\u00e4user in Norfolk<\/a><\/p>\n<p style=\"text-align: center;\">Pers\u00f6nlich inspizierte Ferienh\u00e4user und Ferienwohnungen f\u00fcr Ihren Urlaub in Norfolk<\/p>\n<p style=\"text-align: center;\"><a href=\"https:\/\/www.urlaubcornwall.de\/ferienhaeuser-fewos\/eng\/norfolk\/norfolk.html\"><strong>Ferienh\u00e4user, Cottages &amp; Ferienwohnungen in Norfolk Broads &gt;<\/strong><\/a><\/p>\n","protected":false},"excerpt":{"rendered":"<p>Hundefreundlich Ferienhaus in Hainford mit 1 Schlafzimmer, 2 Schlafgelegenheiten Ein perfektes Ferienhaus und ein entspannender Ort, um Norfolk zu erkunden. Dieses Cottage liegt auf einem 2 Hektar gro\u00dfen Grundst\u00fcck des Besitzers mit Blick auf seine freundlichen Schafe und liegt im h\u00fcbschen Norfolk-Dorf Hainford. Hainford liegt im Zentrum von Norfolk in der N\u00e4he einiger der spektakul\u00e4rsten [&hellip;]<\/p>\n","protected":false},"author":1,"featured_media":0,"parent":0,"menu_order":0,"comment_status":"closed","ping_status":"closed","template":"single-four.php","meta":[],"acf":[],"yoast_head":"<!-- This site is optimized with the Yoast SEO plugin v19.4 - https:\/\/yoast.com\/wordpress\/plugins\/seo\/ -->\n<title>Ferienhaus Norfolk Broads mit Hund mieten - Urlaub Ost Anglia - Urlaub &amp; Reisen<\/title>\n<meta name=\"description\" content=\"Ein perfektes Ferienhaus und ein entspannender Ort, um Norfolk zu erkunden. Dieses Cottage liegt auf einem 2 Hektar gro\u00dfen Grundst\u00fcck des Besitzers mit Blick auf seine freundlichen Schafe und liegt im h\u00fcbschen Norfolk-Dorf Hainford. Hainford liegt im Zentrum von Norfolk in der N\u00e4he einiger der spektakul\u00e4rsten Landschaften, die Norfolk bietet. Das Dorf bietet eine sch\u00f6ne strohgedeckte Kneipe, in der Mittag- und Abendessen serviert werden\" \/>\n<meta name=\"robots\" content=\"index, follow, max-snippet:-1, max-image-preview:large, max-video-preview:-1\" \/>\n<link rel=\"canonical\" href=\"https:\/\/www.urlaubcornwall.de\/blog\/ferienhaus-norfolk-broads-mit-hund-mieten-urlaub-ost-anglia\/\" \/>\n<meta property=\"og:locale\" content=\"en_US\" \/>\n<meta property=\"og:type\" content=\"article\" \/>\n<meta property=\"og:title\" content=\"Ferienhaus Norfolk Broads mit Hund mieten - Urlaub Ost Anglia - Urlaub &amp; Reisen\" \/>\n<meta property=\"og:description\" content=\"Ein perfektes Ferienhaus und ein entspannender Ort, um Norfolk zu erkunden. Dieses Cottage liegt auf einem 2 Hektar gro\u00dfen Grundst\u00fcck des Besitzers mit Blick auf seine freundlichen Schafe und liegt im h\u00fcbschen Norfolk-Dorf Hainford. Hainford liegt im Zentrum von Norfolk in der N\u00e4he einiger der spektakul\u00e4rsten Landschaften, die Norfolk bietet. Das Dorf bietet eine sch\u00f6ne strohgedeckte Kneipe, in der Mittag- und Abendessen serviert werden\" \/>\n<meta property=\"og:url\" content=\"https:\/\/www.urlaubcornwall.de\/blog\/ferienhaus-norfolk-broads-mit-hund-mieten-urlaub-ost-anglia\/\" \/>\n<meta property=\"og:site_name\" content=\"Urlaub &amp; Reisen\" \/>\n<meta property=\"article:modified_time\" content=\"2021-09-17T12:30:27+00:00\" \/>\n<meta property=\"og:image\" content=\"https:\/\/www.urlaubcornwall.de\/blog\/wp-content\/uploads\/2018\/02\/ferienhaus-norfolk-broads-mit-hund-mieten.jpg\" \/>\n<meta name=\"twitter:card\" content=\"summary\" \/>\n<meta name=\"twitter:label1\" content=\"Est. reading time\" \/>\n\t<meta name=\"twitter:data1\" content=\"1 minute\" \/>\n<script type=\"application\/ld+json\" class=\"yoast-schema-graph\">{\"@context\":\"https:\/\/schema.org\",\"@graph\":[{\"@type\":\"WebSite\",\"@id\":\"https:\/\/www.urlaubcornwall.de\/blog\/#website\",\"url\":\"https:\/\/www.urlaubcornwall.de\/blog\/\",\"name\":\"Urlaub &amp; Reisen\",\"description\":\"Urlaub, Reisen, Cornwall und S\u00fcdengland: eine perfekte Kombination\",\"potentialAction\":[{\"@type\":\"SearchAction\",\"target\":{\"@type\":\"EntryPoint\",\"urlTemplate\":\"https:\/\/www.urlaubcornwall.de\/blog\/?s={search_term_string}\"},\"query-input\":\"required name=search_term_string\"}],\"inLanguage\":\"en-US\"},{\"@type\":\"WebPage\",\"@id\":\"https:\/\/www.urlaubcornwall.de\/blog\/ferienhaus-norfolk-broads-mit-hund-mieten-urlaub-ost-anglia\/\",\"url\":\"https:\/\/www.urlaubcornwall.de\/blog\/ferienhaus-norfolk-broads-mit-hund-mieten-urlaub-ost-anglia\/\",\"name\":\"Ferienhaus Norfolk Broads mit Hund mieten - Urlaub Ost Anglia - Urlaub &amp; Reisen\",\"isPartOf\":{\"@id\":\"https:\/\/www.urlaubcornwall.de\/blog\/#website\"},\"datePublished\":\"2018-02-18T12:23:48+00:00\",\"dateModified\":\"2021-09-17T12:30:27+00:00\",\"description\":\"Ein perfektes Ferienhaus und ein entspannender Ort, um Norfolk zu erkunden. Dieses Cottage liegt auf einem 2 Hektar gro\u00dfen Grundst\u00fcck des Besitzers mit Blick auf seine freundlichen Schafe und liegt im h\u00fcbschen Norfolk-Dorf Hainford. Hainford liegt im Zentrum von Norfolk in der N\u00e4he einiger der spektakul\u00e4rsten Landschaften, die Norfolk bietet. Das Dorf bietet eine sch\u00f6ne strohgedeckte Kneipe, in der Mittag- und Abendessen serviert werden\",\"breadcrumb\":{\"@id\":\"https:\/\/www.urlaubcornwall.de\/blog\/ferienhaus-norfolk-broads-mit-hund-mieten-urlaub-ost-anglia\/#breadcrumb\"},\"inLanguage\":\"en-US\",\"potentialAction\":[{\"@type\":\"ReadAction\",\"target\":[\"https:\/\/www.urlaubcornwall.de\/blog\/ferienhaus-norfolk-broads-mit-hund-mieten-urlaub-ost-anglia\/\"]}]},{\"@type\":\"BreadcrumbList\",\"@id\":\"https:\/\/www.urlaubcornwall.de\/blog\/ferienhaus-norfolk-broads-mit-hund-mieten-urlaub-ost-anglia\/#breadcrumb\",\"itemListElement\":[{\"@type\":\"ListItem\",\"position\":1,\"name\":\"Home\",\"item\":\"https:\/\/www.urlaubcornwall.de\/blog\/\"},{\"@type\":\"ListItem\",\"position\":2,\"name\":\"Ferienhaus Norfolk Broads mit Hund mieten &#8211; Urlaub Ost Anglia\"}]}]}<\/script>\n<!-- \/ Yoast SEO plugin. -->","yoast_head_json":{"title":"Ferienhaus Norfolk Broads mit Hund mieten - Urlaub Ost Anglia - Urlaub &amp; Reisen","description":"Ein perfektes Ferienhaus und ein entspannender Ort, um Norfolk zu erkunden. Dieses Cottage liegt auf einem 2 Hektar gro\u00dfen Grundst\u00fcck des Besitzers mit Blick auf seine freundlichen Schafe und liegt im h\u00fcbschen Norfolk-Dorf Hainford. Hainford liegt im Zentrum von Norfolk in der N\u00e4he einiger der spektakul\u00e4rsten Landschaften, die Norfolk bietet. Das Dorf bietet eine sch\u00f6ne strohgedeckte Kneipe, in der Mittag- und Abendessen serviert werden","robots":{"index":"index","follow":"follow","max-snippet":"max-snippet:-1","max-image-preview":"max-image-preview:large","max-video-preview":"max-video-preview:-1"},"canonical":"https:\/\/www.urlaubcornwall.de\/blog\/ferienhaus-norfolk-broads-mit-hund-mieten-urlaub-ost-anglia\/","og_locale":"en_US","og_type":"article","og_title":"Ferienhaus Norfolk Broads mit Hund mieten - Urlaub Ost Anglia - Urlaub &amp; Reisen","og_description":"Ein perfektes Ferienhaus und ein entspannender Ort, um Norfolk zu erkunden. Dieses Cottage liegt auf einem 2 Hektar gro\u00dfen Grundst\u00fcck des Besitzers mit Blick auf seine freundlichen Schafe und liegt im h\u00fcbschen Norfolk-Dorf Hainford. Hainford liegt im Zentrum von Norfolk in der N\u00e4he einiger der spektakul\u00e4rsten Landschaften, die Norfolk bietet. Das Dorf bietet eine sch\u00f6ne strohgedeckte Kneipe, in der Mittag- und Abendessen serviert werden","og_url":"https:\/\/www.urlaubcornwall.de\/blog\/ferienhaus-norfolk-broads-mit-hund-mieten-urlaub-ost-anglia\/","og_site_name":"Urlaub &amp; Reisen","article_modified_time":"2021-09-17T12:30:27+00:00","og_image":[{"url":"https:\/\/www.urlaubcornwall.de\/blog\/wp-content\/uploads\/2018\/02\/ferienhaus-norfolk-broads-mit-hund-mieten.jpg"}],"twitter_card":"summary","twitter_misc":{"Est. reading time":"1 minute"},"schema":{"@context":"https:\/\/schema.org","@graph":[{"@type":"WebSite","@id":"https:\/\/www.urlaubcornwall.de\/blog\/#website","url":"https:\/\/www.urlaubcornwall.de\/blog\/","name":"Urlaub &amp; Reisen","description":"Urlaub, Reisen, Cornwall und S\u00fcdengland: eine perfekte Kombination","potentialAction":[{"@type":"SearchAction","target":{"@type":"EntryPoint","urlTemplate":"https:\/\/www.urlaubcornwall.de\/blog\/?s={search_term_string}"},"query-input":"required name=search_term_string"}],"inLanguage":"en-US"},{"@type":"WebPage","@id":"https:\/\/www.urlaubcornwall.de\/blog\/ferienhaus-norfolk-broads-mit-hund-mieten-urlaub-ost-anglia\/","url":"https:\/\/www.urlaubcornwall.de\/blog\/ferienhaus-norfolk-broads-mit-hund-mieten-urlaub-ost-anglia\/","name":"Ferienhaus Norfolk Broads mit Hund mieten - Urlaub Ost Anglia - Urlaub &amp; Reisen","isPartOf":{"@id":"https:\/\/www.urlaubcornwall.de\/blog\/#website"},"datePublished":"2018-02-18T12:23:48+00:00","dateModified":"2021-09-17T12:30:27+00:00","description":"Ein perfektes Ferienhaus und ein entspannender Ort, um Norfolk zu erkunden. Dieses Cottage liegt auf einem 2 Hektar gro\u00dfen Grundst\u00fcck des Besitzers mit Blick auf seine freundlichen Schafe und liegt im h\u00fcbschen Norfolk-Dorf Hainford. Hainford liegt im Zentrum von Norfolk in der N\u00e4he einiger der spektakul\u00e4rsten Landschaften, die Norfolk bietet. Das Dorf bietet eine sch\u00f6ne strohgedeckte Kneipe, in der Mittag- und Abendessen serviert werden","breadcrumb":{"@id":"https:\/\/www.urlaubcornwall.de\/blog\/ferienhaus-norfolk-broads-mit-hund-mieten-urlaub-ost-anglia\/#breadcrumb"},"inLanguage":"en-US","potentialAction":[{"@type":"ReadAction","target":["https:\/\/www.urlaubcornwall.de\/blog\/ferienhaus-norfolk-broads-mit-hund-mieten-urlaub-ost-anglia\/"]}]},{"@type":"BreadcrumbList","@id":"https:\/\/www.urlaubcornwall.de\/blog\/ferienhaus-norfolk-broads-mit-hund-mieten-urlaub-ost-anglia\/#breadcrumb","itemListElement":[{"@type":"ListItem","position":1,"name":"Home","item":"https:\/\/www.urlaubcornwall.de\/blog\/"},{"@type":"ListItem","position":2,"name":"Ferienhaus Norfolk Broads mit Hund mieten &#8211; Urlaub Ost Anglia"}]}]}},"_links":{"self":[{"href":"https:\/\/www.urlaubcornwall.de\/blog\/wp-json\/wp\/v2\/pages\/32571"}],"collection":[{"href":"https:\/\/www.urlaubcornwall.de\/blog\/wp-json\/wp\/v2\/pages"}],"about":[{"href":"https:\/\/www.urlaubcornwall.de\/blog\/wp-json\/wp\/v2\/types\/page"}],"author":[{"embeddable":true,"href":"https:\/\/www.urlaubcornwall.de\/blog\/wp-json\/wp\/v2\/users\/1"}],"replies":[{"embeddable":true,"href":"https:\/\/www.urlaubcornwall.de\/blog\/wp-json\/wp\/v2\/comments?post=32571"}],"version-history":[{"count":4,"href":"https:\/\/www.urlaubcornwall.de\/blog\/wp-json\/wp\/v2\/pages\/32571\/revisions"}],"predecessor-version":[{"id":42904,"href":"https:\/\/www.urlaubcornwall.de\/blog\/wp-json\/wp\/v2\/pages\/32571\/revisions\/42904"}],"wp:attachment":[{"href":"https:\/\/www.urlaubcornwall.de\/blog\/wp-json\/wp\/v2\/media?parent=32571"}],"curies":[{"name":"wp","href":"https:\/\/api.w.org\/{rel}","templated":true}]}}