{"id":32568,"date":"2018-02-18T12:14:37","date_gmt":"2018-02-18T12:14:37","guid":{"rendered":"https:\/\/www.urlaubcornwall.de\/blog\/?page_id=32568"},"modified":"2021-09-17T12:32:09","modified_gmt":"2021-09-17T12:32:09","slug":"ferienhaus-norfolk-broads-mit-wasserblick-mieten-urlaub-ost-anglia","status":"publish","type":"page","link":"https:\/\/www.urlaubcornwall.de\/blog\/ferienhaus-norfolk-broads-mit-wasserblick-mieten-urlaub-ost-anglia\/","title":{"rendered":"Ferienhaus Norfolk Broads mit Wasserblick mieten &#8211; Urlaub Ost Anglia"},"content":{"rendered":"<p><img loading=\"lazy\" class=\"aligncenter size-full wp-image-32569\" src=\"https:\/\/www.urlaubcornwall.de\/blog\/wp-content\/uploads\/2018\/02\/ferienhaus-norfolk-broads-wasserblick-mieten.jpg\" alt=\"ferienhaus norfolk broads wasserblick mieten\" width=\"749\" height=\"502\"\/><\/p>\n<p><strong> Ferienhaus in Great Yarmouth mit 3 Schlafzimmer, 7 Schlafgelegenheiten<\/strong><\/p>\n<p>In diesem charmanten Ferienhaus k\u00f6nnen Sie Ihr Boot direkt vor dem Haus mit eigenem Kai und Flussufer anlegen. Erkunden Sie die endlosen Wasserstra\u00dfen und breiten D\u00f6rfer mit ihren charmanten D\u00f6rfern und Weilern voller interessanter Orte, an denen Sie eine Kleinigkeit essen oder ein Glas Wein genie\u00dfen k\u00f6nnen. Der Garten bietet einen entspannenden Ort, um sich zur\u00fcckzulehnen und den Booten und der Tierwelt zuzusehen, oder gehen Sie weiter und entdecken Sie viele Attraktionen f\u00fcr jedes Alter. Diejenigen, die K\u00fcsten-Sightseeing genie\u00dfen, werden sich freuen, zu wissen, dass die K\u00fcste von Norfolk nur 8 km entfernt ist und die Geb\u00e4ude des National Trust in Felbrigg.<\/p>\n<p style=\"text-align: center;\"><a class=\"tidycta\" href=\"https:\/\/www.urlaubcornwall.de\/ferienhaeuser-fewos\/eng\/norfolk\/norfolk.html\">Suche Ferienh\u00e4user Norfolk<\/a><\/p>\n<p style=\"text-align: center;\">Pers\u00f6nlich inspizierte Ferienh\u00e4user und Ferienwohnungen f\u00fcr Ihren Urlaub in Norfolk<\/p>\n","protected":false},"excerpt":{"rendered":"<p>Ferienhaus in Great Yarmouth mit 3 Schlafzimmer, 7 Schlafgelegenheiten In diesem charmanten Ferienhaus k\u00f6nnen Sie Ihr Boot direkt vor dem Haus mit eigenem Kai und Flussufer anlegen. Erkunden Sie die endlosen Wasserstra\u00dfen und breiten D\u00f6rfer mit ihren charmanten D\u00f6rfern und Weilern voller interessanter Orte, an denen Sie eine Kleinigkeit essen oder ein Glas Wein genie\u00dfen [&hellip;]<\/p>\n","protected":false},"author":1,"featured_media":0,"parent":0,"menu_order":0,"comment_status":"closed","ping_status":"closed","template":"single-four.php","meta":[],"acf":[],"yoast_head":"<!-- This site is optimized with the Yoast SEO plugin v19.4 - https:\/\/yoast.com\/wordpress\/plugins\/seo\/ -->\n<title>Ferienhaus Norfolk Broads mit Wasserblick mieten - Urlaub Ost Anglia - Urlaub &amp; Reisen<\/title>\n<meta name=\"description\" content=\"In diesem charmanten Ferienhaus k\u00f6nnen Sie Ihr Boot direkt vor dem Haus mit eigenem Kai und Flussufer anlegen. Erkunden Sie die endlosen Wasserstra\u00dfen und breiten D\u00f6rfer mit ihren charmanten D\u00f6rfern und Weilern voller interessanter Orte, an denen Sie eine Kleinigkeit essen oder ein Glas Wein genie\u00dfen k\u00f6nnen. Der Garten bietet einen entspannenden Ort, um sich zur\u00fcckzulehnen und den Booten und der Tierwelt zuzusehen\" \/>\n<meta name=\"robots\" content=\"index, follow, max-snippet:-1, max-image-preview:large, max-video-preview:-1\" \/>\n<link rel=\"canonical\" href=\"https:\/\/www.urlaubcornwall.de\/blog\/ferienhaus-norfolk-broads-mit-wasserblick-mieten-urlaub-ost-anglia\/\" \/>\n<meta property=\"og:locale\" content=\"en_US\" \/>\n<meta property=\"og:type\" content=\"article\" \/>\n<meta property=\"og:title\" content=\"Ferienhaus Norfolk Broads mit Wasserblick mieten - Urlaub Ost Anglia - Urlaub &amp; Reisen\" \/>\n<meta property=\"og:description\" content=\"In diesem charmanten Ferienhaus k\u00f6nnen Sie Ihr Boot direkt vor dem Haus mit eigenem Kai und Flussufer anlegen. Erkunden Sie die endlosen Wasserstra\u00dfen und breiten D\u00f6rfer mit ihren charmanten D\u00f6rfern und Weilern voller interessanter Orte, an denen Sie eine Kleinigkeit essen oder ein Glas Wein genie\u00dfen k\u00f6nnen. Der Garten bietet einen entspannenden Ort, um sich zur\u00fcckzulehnen und den Booten und der Tierwelt zuzusehen\" \/>\n<meta property=\"og:url\" content=\"https:\/\/www.urlaubcornwall.de\/blog\/ferienhaus-norfolk-broads-mit-wasserblick-mieten-urlaub-ost-anglia\/\" \/>\n<meta property=\"og:site_name\" content=\"Urlaub &amp; Reisen\" \/>\n<meta property=\"article:modified_time\" content=\"2021-09-17T12:32:09+00:00\" \/>\n<meta property=\"og:image\" content=\"https:\/\/www.urlaubcornwall.de\/blog\/wp-content\/uploads\/2018\/02\/ferienhaus-norfolk-broads-wasserblick-mieten.jpg\" \/>\n<meta name=\"twitter:card\" content=\"summary\" \/>\n<meta name=\"twitter:label1\" content=\"Est. reading time\" \/>\n\t<meta name=\"twitter:data1\" content=\"1 minute\" \/>\n<script type=\"application\/ld+json\" class=\"yoast-schema-graph\">{\"@context\":\"https:\/\/schema.org\",\"@graph\":[{\"@type\":\"WebSite\",\"@id\":\"https:\/\/www.urlaubcornwall.de\/blog\/#website\",\"url\":\"https:\/\/www.urlaubcornwall.de\/blog\/\",\"name\":\"Urlaub &amp; Reisen\",\"description\":\"Urlaub, Reisen, Cornwall und S\u00fcdengland: eine perfekte Kombination\",\"potentialAction\":[{\"@type\":\"SearchAction\",\"target\":{\"@type\":\"EntryPoint\",\"urlTemplate\":\"https:\/\/www.urlaubcornwall.de\/blog\/?s={search_term_string}\"},\"query-input\":\"required name=search_term_string\"}],\"inLanguage\":\"en-US\"},{\"@type\":\"WebPage\",\"@id\":\"https:\/\/www.urlaubcornwall.de\/blog\/ferienhaus-norfolk-broads-mit-wasserblick-mieten-urlaub-ost-anglia\/\",\"url\":\"https:\/\/www.urlaubcornwall.de\/blog\/ferienhaus-norfolk-broads-mit-wasserblick-mieten-urlaub-ost-anglia\/\",\"name\":\"Ferienhaus Norfolk Broads mit Wasserblick mieten - Urlaub Ost Anglia - Urlaub &amp; Reisen\",\"isPartOf\":{\"@id\":\"https:\/\/www.urlaubcornwall.de\/blog\/#website\"},\"datePublished\":\"2018-02-18T12:14:37+00:00\",\"dateModified\":\"2021-09-17T12:32:09+00:00\",\"description\":\"In diesem charmanten Ferienhaus k\u00f6nnen Sie Ihr Boot direkt vor dem Haus mit eigenem Kai und Flussufer anlegen. Erkunden Sie die endlosen Wasserstra\u00dfen und breiten D\u00f6rfer mit ihren charmanten D\u00f6rfern und Weilern voller interessanter Orte, an denen Sie eine Kleinigkeit essen oder ein Glas Wein genie\u00dfen k\u00f6nnen. Der Garten bietet einen entspannenden Ort, um sich zur\u00fcckzulehnen und den Booten und der Tierwelt zuzusehen\",\"breadcrumb\":{\"@id\":\"https:\/\/www.urlaubcornwall.de\/blog\/ferienhaus-norfolk-broads-mit-wasserblick-mieten-urlaub-ost-anglia\/#breadcrumb\"},\"inLanguage\":\"en-US\",\"potentialAction\":[{\"@type\":\"ReadAction\",\"target\":[\"https:\/\/www.urlaubcornwall.de\/blog\/ferienhaus-norfolk-broads-mit-wasserblick-mieten-urlaub-ost-anglia\/\"]}]},{\"@type\":\"BreadcrumbList\",\"@id\":\"https:\/\/www.urlaubcornwall.de\/blog\/ferienhaus-norfolk-broads-mit-wasserblick-mieten-urlaub-ost-anglia\/#breadcrumb\",\"itemListElement\":[{\"@type\":\"ListItem\",\"position\":1,\"name\":\"Home\",\"item\":\"https:\/\/www.urlaubcornwall.de\/blog\/\"},{\"@type\":\"ListItem\",\"position\":2,\"name\":\"Ferienhaus Norfolk Broads mit Wasserblick mieten &#8211; Urlaub Ost Anglia\"}]}]}<\/script>\n<!-- \/ Yoast SEO plugin. -->","yoast_head_json":{"title":"Ferienhaus Norfolk Broads mit Wasserblick mieten - Urlaub Ost Anglia - Urlaub &amp; Reisen","description":"In diesem charmanten Ferienhaus k\u00f6nnen Sie Ihr Boot direkt vor dem Haus mit eigenem Kai und Flussufer anlegen. Erkunden Sie die endlosen Wasserstra\u00dfen und breiten D\u00f6rfer mit ihren charmanten D\u00f6rfern und Weilern voller interessanter Orte, an denen Sie eine Kleinigkeit essen oder ein Glas Wein genie\u00dfen k\u00f6nnen. Der Garten bietet einen entspannenden Ort, um sich zur\u00fcckzulehnen und den Booten und der Tierwelt zuzusehen","robots":{"index":"index","follow":"follow","max-snippet":"max-snippet:-1","max-image-preview":"max-image-preview:large","max-video-preview":"max-video-preview:-1"},"canonical":"https:\/\/www.urlaubcornwall.de\/blog\/ferienhaus-norfolk-broads-mit-wasserblick-mieten-urlaub-ost-anglia\/","og_locale":"en_US","og_type":"article","og_title":"Ferienhaus Norfolk Broads mit Wasserblick mieten - Urlaub Ost Anglia - Urlaub &amp; Reisen","og_description":"In diesem charmanten Ferienhaus k\u00f6nnen Sie Ihr Boot direkt vor dem Haus mit eigenem Kai und Flussufer anlegen. Erkunden Sie die endlosen Wasserstra\u00dfen und breiten D\u00f6rfer mit ihren charmanten D\u00f6rfern und Weilern voller interessanter Orte, an denen Sie eine Kleinigkeit essen oder ein Glas Wein genie\u00dfen k\u00f6nnen. Der Garten bietet einen entspannenden Ort, um sich zur\u00fcckzulehnen und den Booten und der Tierwelt zuzusehen","og_url":"https:\/\/www.urlaubcornwall.de\/blog\/ferienhaus-norfolk-broads-mit-wasserblick-mieten-urlaub-ost-anglia\/","og_site_name":"Urlaub &amp; Reisen","article_modified_time":"2021-09-17T12:32:09+00:00","og_image":[{"url":"https:\/\/www.urlaubcornwall.de\/blog\/wp-content\/uploads\/2018\/02\/ferienhaus-norfolk-broads-wasserblick-mieten.jpg"}],"twitter_card":"summary","twitter_misc":{"Est. reading time":"1 minute"},"schema":{"@context":"https:\/\/schema.org","@graph":[{"@type":"WebSite","@id":"https:\/\/www.urlaubcornwall.de\/blog\/#website","url":"https:\/\/www.urlaubcornwall.de\/blog\/","name":"Urlaub &amp; Reisen","description":"Urlaub, Reisen, Cornwall und S\u00fcdengland: eine perfekte Kombination","potentialAction":[{"@type":"SearchAction","target":{"@type":"EntryPoint","urlTemplate":"https:\/\/www.urlaubcornwall.de\/blog\/?s={search_term_string}"},"query-input":"required name=search_term_string"}],"inLanguage":"en-US"},{"@type":"WebPage","@id":"https:\/\/www.urlaubcornwall.de\/blog\/ferienhaus-norfolk-broads-mit-wasserblick-mieten-urlaub-ost-anglia\/","url":"https:\/\/www.urlaubcornwall.de\/blog\/ferienhaus-norfolk-broads-mit-wasserblick-mieten-urlaub-ost-anglia\/","name":"Ferienhaus Norfolk Broads mit Wasserblick mieten - Urlaub Ost Anglia - Urlaub &amp; Reisen","isPartOf":{"@id":"https:\/\/www.urlaubcornwall.de\/blog\/#website"},"datePublished":"2018-02-18T12:14:37+00:00","dateModified":"2021-09-17T12:32:09+00:00","description":"In diesem charmanten Ferienhaus k\u00f6nnen Sie Ihr Boot direkt vor dem Haus mit eigenem Kai und Flussufer anlegen. Erkunden Sie die endlosen Wasserstra\u00dfen und breiten D\u00f6rfer mit ihren charmanten D\u00f6rfern und Weilern voller interessanter Orte, an denen Sie eine Kleinigkeit essen oder ein Glas Wein genie\u00dfen k\u00f6nnen. Der Garten bietet einen entspannenden Ort, um sich zur\u00fcckzulehnen und den Booten und der Tierwelt zuzusehen","breadcrumb":{"@id":"https:\/\/www.urlaubcornwall.de\/blog\/ferienhaus-norfolk-broads-mit-wasserblick-mieten-urlaub-ost-anglia\/#breadcrumb"},"inLanguage":"en-US","potentialAction":[{"@type":"ReadAction","target":["https:\/\/www.urlaubcornwall.de\/blog\/ferienhaus-norfolk-broads-mit-wasserblick-mieten-urlaub-ost-anglia\/"]}]},{"@type":"BreadcrumbList","@id":"https:\/\/www.urlaubcornwall.de\/blog\/ferienhaus-norfolk-broads-mit-wasserblick-mieten-urlaub-ost-anglia\/#breadcrumb","itemListElement":[{"@type":"ListItem","position":1,"name":"Home","item":"https:\/\/www.urlaubcornwall.de\/blog\/"},{"@type":"ListItem","position":2,"name":"Ferienhaus Norfolk Broads mit Wasserblick mieten &#8211; Urlaub Ost Anglia"}]}]}},"_links":{"self":[{"href":"https:\/\/www.urlaubcornwall.de\/blog\/wp-json\/wp\/v2\/pages\/32568"}],"collection":[{"href":"https:\/\/www.urlaubcornwall.de\/blog\/wp-json\/wp\/v2\/pages"}],"about":[{"href":"https:\/\/www.urlaubcornwall.de\/blog\/wp-json\/wp\/v2\/types\/page"}],"author":[{"embeddable":true,"href":"https:\/\/www.urlaubcornwall.de\/blog\/wp-json\/wp\/v2\/users\/1"}],"replies":[{"embeddable":true,"href":"https:\/\/www.urlaubcornwall.de\/blog\/wp-json\/wp\/v2\/comments?post=32568"}],"version-history":[{"count":4,"href":"https:\/\/www.urlaubcornwall.de\/blog\/wp-json\/wp\/v2\/pages\/32568\/revisions"}],"predecessor-version":[{"id":42905,"href":"https:\/\/www.urlaubcornwall.de\/blog\/wp-json\/wp\/v2\/pages\/32568\/revisions\/42905"}],"wp:attachment":[{"href":"https:\/\/www.urlaubcornwall.de\/blog\/wp-json\/wp\/v2\/media?parent=32568"}],"curies":[{"name":"wp","href":"https:\/\/api.w.org\/{rel}","templated":true}]}}