{"id":32546,"date":"2018-02-17T16:25:04","date_gmt":"2018-02-17T16:25:04","guid":{"rendered":"https:\/\/www.urlaubcornwall.de\/blog\/?page_id=32546"},"modified":"2021-09-17T12:21:52","modified_gmt":"2021-09-17T12:21:52","slug":"ferienhaus-snowdonia-mit-hund-nord-wales","status":"publish","type":"page","link":"https:\/\/www.urlaubcornwall.de\/blog\/ferienhaus-snowdonia-mit-hund-nord-wales\/","title":{"rendered":"Ferienhaus in Snowdonia mit Hund &#8211; Nord Wales"},"content":{"rendered":"<p><img loading=\"lazy\" class=\"aligncenter size-full wp-image-32547\" src=\"https:\/\/www.urlaubcornwall.de\/blog\/wp-content\/uploads\/2018\/02\/ferienhaus-mit-hund-snowdonia-wales.jpg\" alt=\"ferienhaus mit hund snowdonia wales\" width=\"749\" height=\"464\"\/><\/p>\n<p><strong>Hundefreundlich Ferienhaus in Llwyngwril mit 2 Schlafzimmer, 4 Schlafgelegenheiten<\/strong><\/p>\n<p>Mit vielen Wanderwegen, um dieses Ferienhaus in einem K\u00fcstendorf zu erkunden bietet ein Pub Shop und felsiger Strand in der N\u00e4he. Machen Sie einen Spaziergang am Strand entlang dem K\u00fcstenpfad oder besteigen Sie Cader Idris im <a href=\"https:\/\/www.urlaubcornwall.de\/blog\/urlaub-in-snowdonia-sehenswuerdigkeiten-und-unterkunft\/\">Snowdonia National Park<\/a>. Entdecken Sie die Tierwelt und die Gew\u00e4sser der Flussm\u00fcndungen von Mawddach und Dyfi, fahren Sie mit der historischen Schmalspurbahn Tallyll oder erkunden Sie das unterirdische Leben in den Corris Slate Mines. Besuchen Sie das Portmeirion Village und die G\u00e4rten Ynys-Hir und den h\u00fcbschen Wasserfall Dolgoch Falls. Das nahe gelegene Aberdovey bietet Wassersportaktivit\u00e4ten vom Hafen, Gesch\u00e4ften, Galerien, Restaurants und einem Championship-Golfplatz. Dies ist der perfekte Ort f\u00fcr einen erholsamen Urlaub.<\/p>\n<p style=\"text-align: center;\"><a class=\"tidycta\" href=\"https:\/\/www.urlaubcornwall.de\/ferienhaeuser-fewos\/wal\/nordwales\/snowdonia.html\">Suche Ferienh\u00e4user Snowdonia<\/a><\/p>\n<p style=\"text-align: center;\">Pers\u00f6nlich inspizierte Ferienh\u00e4user und Ferienwohnungen f\u00fcr Ihren Urlaub in Wales.<\/p>\n<p style=\"text-align: center;\"><a href=\"https:\/\/www.urlaubcornwall.de\/ferienhaeuser-fewos\/wal\/nordwales\/nordwales.html\"><strong>Ferienh\u00e4user, Cottages &amp; Ferienwohnungen in Nord-Wales<\/strong><\/a><\/p>\n","protected":false},"excerpt":{"rendered":"<p>Hundefreundlich Ferienhaus in Llwyngwril mit 2 Schlafzimmer, 4 Schlafgelegenheiten Mit vielen Wanderwegen, um dieses Ferienhaus in einem K\u00fcstendorf zu erkunden bietet ein Pub Shop und felsiger Strand in der N\u00e4he. Machen Sie einen Spaziergang am Strand entlang dem K\u00fcstenpfad oder besteigen Sie Cader Idris im Snowdonia National Park. Entdecken Sie die Tierwelt und die Gew\u00e4sser [&hellip;]<\/p>\n","protected":false},"author":1,"featured_media":0,"parent":0,"menu_order":0,"comment_status":"closed","ping_status":"closed","template":"single-four.php","meta":[],"acf":[],"yoast_head":"<!-- This site is optimized with the Yoast SEO plugin v19.4 - https:\/\/yoast.com\/wordpress\/plugins\/seo\/ -->\n<title>Ferienhaus in Snowdonia mit Hund - Nord Wales - Urlaub &amp; Reisen<\/title>\n<meta name=\"description\" content=\"Mit vielen Wanderwegen, um dieses Ferienhaus in einem K\u00fcstendorf zu erkunden bietet ein Pub Shop und felsiger Strand in der N\u00e4he. Machen Sie einen Spaziergang am Strand entlang dem K\u00fcstenpfad oder besteigen Sie Cader Idris im Snowdonia National Park. Entdecken Sie die Tierwelt und die Gew\u00e4sser der Flussm\u00fcndungen von Mawddach und Dyfi, fahren Sie mit der historischen Schmalspurbahn Tallyll oder erkunden Sie das unterirdische Leben in den Corris Slate Mines\" \/>\n<meta name=\"robots\" content=\"index, follow, max-snippet:-1, max-image-preview:large, max-video-preview:-1\" \/>\n<link rel=\"canonical\" href=\"https:\/\/www.urlaubcornwall.de\/blog\/ferienhaus-snowdonia-mit-hund-nord-wales\/\" \/>\n<meta property=\"og:locale\" content=\"en_US\" \/>\n<meta property=\"og:type\" content=\"article\" \/>\n<meta property=\"og:title\" content=\"Ferienhaus in Snowdonia mit Hund - Nord Wales - Urlaub &amp; Reisen\" \/>\n<meta property=\"og:description\" content=\"Mit vielen Wanderwegen, um dieses Ferienhaus in einem K\u00fcstendorf zu erkunden bietet ein Pub Shop und felsiger Strand in der N\u00e4he. Machen Sie einen Spaziergang am Strand entlang dem K\u00fcstenpfad oder besteigen Sie Cader Idris im Snowdonia National Park. Entdecken Sie die Tierwelt und die Gew\u00e4sser der Flussm\u00fcndungen von Mawddach und Dyfi, fahren Sie mit der historischen Schmalspurbahn Tallyll oder erkunden Sie das unterirdische Leben in den Corris Slate Mines\" \/>\n<meta property=\"og:url\" content=\"https:\/\/www.urlaubcornwall.de\/blog\/ferienhaus-snowdonia-mit-hund-nord-wales\/\" \/>\n<meta property=\"og:site_name\" content=\"Urlaub &amp; Reisen\" \/>\n<meta property=\"article:modified_time\" content=\"2021-09-17T12:21:52+00:00\" \/>\n<meta property=\"og:image\" content=\"https:\/\/www.urlaubcornwall.de\/blog\/wp-content\/uploads\/2018\/02\/ferienhaus-mit-hund-snowdonia-wales.jpg\" \/>\n<meta name=\"twitter:card\" content=\"summary\" \/>\n<meta name=\"twitter:label1\" content=\"Est. reading time\" \/>\n\t<meta name=\"twitter:data1\" content=\"1 minute\" \/>\n<script type=\"application\/ld+json\" class=\"yoast-schema-graph\">{\"@context\":\"https:\/\/schema.org\",\"@graph\":[{\"@type\":\"WebSite\",\"@id\":\"https:\/\/www.urlaubcornwall.de\/blog\/#website\",\"url\":\"https:\/\/www.urlaubcornwall.de\/blog\/\",\"name\":\"Urlaub &amp; Reisen\",\"description\":\"Urlaub, Reisen, Cornwall und S\u00fcdengland: eine perfekte Kombination\",\"potentialAction\":[{\"@type\":\"SearchAction\",\"target\":{\"@type\":\"EntryPoint\",\"urlTemplate\":\"https:\/\/www.urlaubcornwall.de\/blog\/?s={search_term_string}\"},\"query-input\":\"required name=search_term_string\"}],\"inLanguage\":\"en-US\"},{\"@type\":\"WebPage\",\"@id\":\"https:\/\/www.urlaubcornwall.de\/blog\/ferienhaus-snowdonia-mit-hund-nord-wales\/\",\"url\":\"https:\/\/www.urlaubcornwall.de\/blog\/ferienhaus-snowdonia-mit-hund-nord-wales\/\",\"name\":\"Ferienhaus in Snowdonia mit Hund - Nord Wales - Urlaub &amp; Reisen\",\"isPartOf\":{\"@id\":\"https:\/\/www.urlaubcornwall.de\/blog\/#website\"},\"datePublished\":\"2018-02-17T16:25:04+00:00\",\"dateModified\":\"2021-09-17T12:21:52+00:00\",\"description\":\"Mit vielen Wanderwegen, um dieses Ferienhaus in einem K\u00fcstendorf zu erkunden bietet ein Pub Shop und felsiger Strand in der N\u00e4he. Machen Sie einen Spaziergang am Strand entlang dem K\u00fcstenpfad oder besteigen Sie Cader Idris im Snowdonia National Park. Entdecken Sie die Tierwelt und die Gew\u00e4sser der Flussm\u00fcndungen von Mawddach und Dyfi, fahren Sie mit der historischen Schmalspurbahn Tallyll oder erkunden Sie das unterirdische Leben in den Corris Slate Mines\",\"breadcrumb\":{\"@id\":\"https:\/\/www.urlaubcornwall.de\/blog\/ferienhaus-snowdonia-mit-hund-nord-wales\/#breadcrumb\"},\"inLanguage\":\"en-US\",\"potentialAction\":[{\"@type\":\"ReadAction\",\"target\":[\"https:\/\/www.urlaubcornwall.de\/blog\/ferienhaus-snowdonia-mit-hund-nord-wales\/\"]}]},{\"@type\":\"BreadcrumbList\",\"@id\":\"https:\/\/www.urlaubcornwall.de\/blog\/ferienhaus-snowdonia-mit-hund-nord-wales\/#breadcrumb\",\"itemListElement\":[{\"@type\":\"ListItem\",\"position\":1,\"name\":\"Home\",\"item\":\"https:\/\/www.urlaubcornwall.de\/blog\/\"},{\"@type\":\"ListItem\",\"position\":2,\"name\":\"Ferienhaus in Snowdonia mit Hund &#8211; Nord Wales\"}]}]}<\/script>\n<!-- \/ Yoast SEO plugin. -->","yoast_head_json":{"title":"Ferienhaus in Snowdonia mit Hund - Nord Wales - Urlaub &amp; Reisen","description":"Mit vielen Wanderwegen, um dieses Ferienhaus in einem K\u00fcstendorf zu erkunden bietet ein Pub Shop und felsiger Strand in der N\u00e4he. Machen Sie einen Spaziergang am Strand entlang dem K\u00fcstenpfad oder besteigen Sie Cader Idris im Snowdonia National Park. Entdecken Sie die Tierwelt und die Gew\u00e4sser der Flussm\u00fcndungen von Mawddach und Dyfi, fahren Sie mit der historischen Schmalspurbahn Tallyll oder erkunden Sie das unterirdische Leben in den Corris Slate Mines","robots":{"index":"index","follow":"follow","max-snippet":"max-snippet:-1","max-image-preview":"max-image-preview:large","max-video-preview":"max-video-preview:-1"},"canonical":"https:\/\/www.urlaubcornwall.de\/blog\/ferienhaus-snowdonia-mit-hund-nord-wales\/","og_locale":"en_US","og_type":"article","og_title":"Ferienhaus in Snowdonia mit Hund - Nord Wales - Urlaub &amp; Reisen","og_description":"Mit vielen Wanderwegen, um dieses Ferienhaus in einem K\u00fcstendorf zu erkunden bietet ein Pub Shop und felsiger Strand in der N\u00e4he. Machen Sie einen Spaziergang am Strand entlang dem K\u00fcstenpfad oder besteigen Sie Cader Idris im Snowdonia National Park. Entdecken Sie die Tierwelt und die Gew\u00e4sser der Flussm\u00fcndungen von Mawddach und Dyfi, fahren Sie mit der historischen Schmalspurbahn Tallyll oder erkunden Sie das unterirdische Leben in den Corris Slate Mines","og_url":"https:\/\/www.urlaubcornwall.de\/blog\/ferienhaus-snowdonia-mit-hund-nord-wales\/","og_site_name":"Urlaub &amp; Reisen","article_modified_time":"2021-09-17T12:21:52+00:00","og_image":[{"url":"https:\/\/www.urlaubcornwall.de\/blog\/wp-content\/uploads\/2018\/02\/ferienhaus-mit-hund-snowdonia-wales.jpg"}],"twitter_card":"summary","twitter_misc":{"Est. reading time":"1 minute"},"schema":{"@context":"https:\/\/schema.org","@graph":[{"@type":"WebSite","@id":"https:\/\/www.urlaubcornwall.de\/blog\/#website","url":"https:\/\/www.urlaubcornwall.de\/blog\/","name":"Urlaub &amp; Reisen","description":"Urlaub, Reisen, Cornwall und S\u00fcdengland: eine perfekte Kombination","potentialAction":[{"@type":"SearchAction","target":{"@type":"EntryPoint","urlTemplate":"https:\/\/www.urlaubcornwall.de\/blog\/?s={search_term_string}"},"query-input":"required name=search_term_string"}],"inLanguage":"en-US"},{"@type":"WebPage","@id":"https:\/\/www.urlaubcornwall.de\/blog\/ferienhaus-snowdonia-mit-hund-nord-wales\/","url":"https:\/\/www.urlaubcornwall.de\/blog\/ferienhaus-snowdonia-mit-hund-nord-wales\/","name":"Ferienhaus in Snowdonia mit Hund - Nord Wales - Urlaub &amp; Reisen","isPartOf":{"@id":"https:\/\/www.urlaubcornwall.de\/blog\/#website"},"datePublished":"2018-02-17T16:25:04+00:00","dateModified":"2021-09-17T12:21:52+00:00","description":"Mit vielen Wanderwegen, um dieses Ferienhaus in einem K\u00fcstendorf zu erkunden bietet ein Pub Shop und felsiger Strand in der N\u00e4he. Machen Sie einen Spaziergang am Strand entlang dem K\u00fcstenpfad oder besteigen Sie Cader Idris im Snowdonia National Park. Entdecken Sie die Tierwelt und die Gew\u00e4sser der Flussm\u00fcndungen von Mawddach und Dyfi, fahren Sie mit der historischen Schmalspurbahn Tallyll oder erkunden Sie das unterirdische Leben in den Corris Slate Mines","breadcrumb":{"@id":"https:\/\/www.urlaubcornwall.de\/blog\/ferienhaus-snowdonia-mit-hund-nord-wales\/#breadcrumb"},"inLanguage":"en-US","potentialAction":[{"@type":"ReadAction","target":["https:\/\/www.urlaubcornwall.de\/blog\/ferienhaus-snowdonia-mit-hund-nord-wales\/"]}]},{"@type":"BreadcrumbList","@id":"https:\/\/www.urlaubcornwall.de\/blog\/ferienhaus-snowdonia-mit-hund-nord-wales\/#breadcrumb","itemListElement":[{"@type":"ListItem","position":1,"name":"Home","item":"https:\/\/www.urlaubcornwall.de\/blog\/"},{"@type":"ListItem","position":2,"name":"Ferienhaus in Snowdonia mit Hund &#8211; Nord Wales"}]}]}},"_links":{"self":[{"href":"https:\/\/www.urlaubcornwall.de\/blog\/wp-json\/wp\/v2\/pages\/32546"}],"collection":[{"href":"https:\/\/www.urlaubcornwall.de\/blog\/wp-json\/wp\/v2\/pages"}],"about":[{"href":"https:\/\/www.urlaubcornwall.de\/blog\/wp-json\/wp\/v2\/types\/page"}],"author":[{"embeddable":true,"href":"https:\/\/www.urlaubcornwall.de\/blog\/wp-json\/wp\/v2\/users\/1"}],"replies":[{"embeddable":true,"href":"https:\/\/www.urlaubcornwall.de\/blog\/wp-json\/wp\/v2\/comments?post=32546"}],"version-history":[{"count":5,"href":"https:\/\/www.urlaubcornwall.de\/blog\/wp-json\/wp\/v2\/pages\/32546\/revisions"}],"predecessor-version":[{"id":42896,"href":"https:\/\/www.urlaubcornwall.de\/blog\/wp-json\/wp\/v2\/pages\/32546\/revisions\/42896"}],"wp:attachment":[{"href":"https:\/\/www.urlaubcornwall.de\/blog\/wp-json\/wp\/v2\/media?parent=32546"}],"curies":[{"name":"wp","href":"https:\/\/api.w.org\/{rel}","templated":true}]}}