{"id":32542,"date":"2018-02-17T16:16:52","date_gmt":"2018-02-17T16:16:52","guid":{"rendered":"https:\/\/www.urlaubcornwall.de\/blog\/?page_id=32542"},"modified":"2021-09-17T12:19:22","modified_gmt":"2021-09-17T12:19:22","slug":"ferienhaus-snowdonia-mieten-nord-wales","status":"publish","type":"page","link":"https:\/\/www.urlaubcornwall.de\/blog\/ferienhaus-snowdonia-mieten-nord-wales\/","title":{"rendered":"Ferienhaus in Snowdonia mieten &#8211; Nord Wales"},"content":{"rendered":"<p><img loading=\"lazy\" class=\"aligncenter size-full wp-image-32544\" src=\"https:\/\/www.urlaubcornwall.de\/blog\/wp-content\/uploads\/2018\/02\/ferienhaus-snowdonia-wales.jpg\" alt=\"ferienhaus snowdonia wales\" width=\"749\" height=\"558\"\/><\/p>\n<p><strong>Hundefreundlich Ferienhaus in Bala mit 3 Schlafzimmer, 6 Schlafgelegenheiten<\/strong><\/p>\n<p>Eines von zwei attraktiven Ferienh\u00e4usern aus dem 16. Jahrhundert in der N\u00e4he von Bala mit seinen Caf\u00e9s, Pubs, Kinos, Schwimmb\u00e4dern und dem gr\u00f6\u00dften nat\u00fcrlichen See von Wales. Genie\u00dfen Sie Bootstouren und spazieren Sie um den See oder fahren Sie mit der Dampfeisenbahn. F\u00fcr die Abenteurer gibt es das National White Water Centre, die Slate Caverns in Blaenau Ffestiniog und das Mountainbike-Zentrum in Coed y Brenin. Besuchen Sie das King Arthur&#8217;s Labyrinth oder den Sandstrand von Harlech, die historischen Schlossl\u00e4den, Caf\u00e9s und den St. David&#8217;s Golf Course. In S\u00fcd Snowdonia k\u00f6nnen Sie eine Vielzahl von Wander- und Radwegen genie\u00dfen.<\/p>\n<p style=\"text-align: center;\"><a class=\"tidycta\" href=\"https:\/\/www.urlaubcornwall.de\/ferienhaeuser-fewos\/wal\/nordwales\/snowdonia.html\">Suche Ferienh\u00e4user Snowdonia<\/a><\/p>\n<p style=\"text-align: center;\">Pers\u00f6nlich inspizierte Ferienh\u00e4user und Ferienwohnungen f\u00fcr Ihren Urlaub in Wales.<\/p>\n<p style=\"text-align: center;\"><a href=\"https:\/\/www.urlaubcornwall.de\/ferienhaeuser-fewos\/wal\/nordwales\/nordwales.html\"><strong>Ferienh\u00e4user, Cottages &amp; Ferienwohnungen in Nord-Wales<\/strong><\/a><\/p>\n","protected":false},"excerpt":{"rendered":"<p>Hundefreundlich Ferienhaus in Bala mit 3 Schlafzimmer, 6 Schlafgelegenheiten Eines von zwei attraktiven Ferienh\u00e4usern aus dem 16. Jahrhundert in der N\u00e4he von Bala mit seinen Caf\u00e9s, Pubs, Kinos, Schwimmb\u00e4dern und dem gr\u00f6\u00dften nat\u00fcrlichen See von Wales. Genie\u00dfen Sie Bootstouren und spazieren Sie um den See oder fahren Sie mit der Dampfeisenbahn. F\u00fcr die Abenteurer gibt [&hellip;]<\/p>\n","protected":false},"author":1,"featured_media":0,"parent":0,"menu_order":0,"comment_status":"closed","ping_status":"closed","template":"single-four.php","meta":[],"acf":[],"yoast_head":"<!-- This site is optimized with the Yoast SEO plugin v19.4 - https:\/\/yoast.com\/wordpress\/plugins\/seo\/ -->\n<title>Ferienhaus in Snowdonia mieten - Nord Wales - Urlaub &amp; Reisen<\/title>\n<meta name=\"description\" content=\"Eines von zwei attraktiven Ferienh\u00e4usern aus dem 16. Jahrhundert in der N\u00e4he von Bala mit seinen Caf\u00e9s, Pubs, Kinos, Schwimmb\u00e4dern und dem gr\u00f6\u00dften nat\u00fcrlichen See von Wales. Genie\u00dfen Sie Bootstouren und spazieren Sie um den See oder fahren Sie mit der Dampfeisenbahn. F\u00fcr die Abenteurer gibt es das National White Water Centre, die Slate Caverns in Blaenau Ffestiniog und das Mountainbike-Zentrum in Coed y Brenin. Besuchen Sie das King Arthur&#039;s Labyrinth\" \/>\n<meta name=\"robots\" content=\"index, follow, max-snippet:-1, max-image-preview:large, max-video-preview:-1\" \/>\n<link rel=\"canonical\" href=\"https:\/\/www.urlaubcornwall.de\/blog\/ferienhaus-snowdonia-mieten-nord-wales\/\" \/>\n<meta property=\"og:locale\" content=\"en_US\" \/>\n<meta property=\"og:type\" content=\"article\" \/>\n<meta property=\"og:title\" content=\"Ferienhaus in Snowdonia mieten - Nord Wales - Urlaub &amp; Reisen\" \/>\n<meta property=\"og:description\" content=\"Eines von zwei attraktiven Ferienh\u00e4usern aus dem 16. Jahrhundert in der N\u00e4he von Bala mit seinen Caf\u00e9s, Pubs, Kinos, Schwimmb\u00e4dern und dem gr\u00f6\u00dften nat\u00fcrlichen See von Wales. Genie\u00dfen Sie Bootstouren und spazieren Sie um den See oder fahren Sie mit der Dampfeisenbahn. F\u00fcr die Abenteurer gibt es das National White Water Centre, die Slate Caverns in Blaenau Ffestiniog und das Mountainbike-Zentrum in Coed y Brenin. Besuchen Sie das King Arthur&#039;s Labyrinth\" \/>\n<meta property=\"og:url\" content=\"https:\/\/www.urlaubcornwall.de\/blog\/ferienhaus-snowdonia-mieten-nord-wales\/\" \/>\n<meta property=\"og:site_name\" content=\"Urlaub &amp; Reisen\" \/>\n<meta property=\"article:modified_time\" content=\"2021-09-17T12:19:22+00:00\" \/>\n<meta property=\"og:image\" content=\"https:\/\/www.urlaubcornwall.de\/blog\/wp-content\/uploads\/2018\/02\/ferienhaus-snowdonia-wales.jpg\" \/>\n<meta name=\"twitter:card\" content=\"summary\" \/>\n<meta name=\"twitter:label1\" content=\"Est. reading time\" \/>\n\t<meta name=\"twitter:data1\" content=\"1 minute\" \/>\n<script type=\"application\/ld+json\" class=\"yoast-schema-graph\">{\"@context\":\"https:\/\/schema.org\",\"@graph\":[{\"@type\":\"WebSite\",\"@id\":\"https:\/\/www.urlaubcornwall.de\/blog\/#website\",\"url\":\"https:\/\/www.urlaubcornwall.de\/blog\/\",\"name\":\"Urlaub &amp; Reisen\",\"description\":\"Urlaub, Reisen, Cornwall und S\u00fcdengland: eine perfekte Kombination\",\"potentialAction\":[{\"@type\":\"SearchAction\",\"target\":{\"@type\":\"EntryPoint\",\"urlTemplate\":\"https:\/\/www.urlaubcornwall.de\/blog\/?s={search_term_string}\"},\"query-input\":\"required name=search_term_string\"}],\"inLanguage\":\"en-US\"},{\"@type\":\"WebPage\",\"@id\":\"https:\/\/www.urlaubcornwall.de\/blog\/ferienhaus-snowdonia-mieten-nord-wales\/\",\"url\":\"https:\/\/www.urlaubcornwall.de\/blog\/ferienhaus-snowdonia-mieten-nord-wales\/\",\"name\":\"Ferienhaus in Snowdonia mieten - Nord Wales - Urlaub &amp; Reisen\",\"isPartOf\":{\"@id\":\"https:\/\/www.urlaubcornwall.de\/blog\/#website\"},\"datePublished\":\"2018-02-17T16:16:52+00:00\",\"dateModified\":\"2021-09-17T12:19:22+00:00\",\"description\":\"Eines von zwei attraktiven Ferienh\u00e4usern aus dem 16. Jahrhundert in der N\u00e4he von Bala mit seinen Caf\u00e9s, Pubs, Kinos, Schwimmb\u00e4dern und dem gr\u00f6\u00dften nat\u00fcrlichen See von Wales. Genie\u00dfen Sie Bootstouren und spazieren Sie um den See oder fahren Sie mit der Dampfeisenbahn. F\u00fcr die Abenteurer gibt es das National White Water Centre, die Slate Caverns in Blaenau Ffestiniog und das Mountainbike-Zentrum in Coed y Brenin. Besuchen Sie das King Arthur's Labyrinth\",\"breadcrumb\":{\"@id\":\"https:\/\/www.urlaubcornwall.de\/blog\/ferienhaus-snowdonia-mieten-nord-wales\/#breadcrumb\"},\"inLanguage\":\"en-US\",\"potentialAction\":[{\"@type\":\"ReadAction\",\"target\":[\"https:\/\/www.urlaubcornwall.de\/blog\/ferienhaus-snowdonia-mieten-nord-wales\/\"]}]},{\"@type\":\"BreadcrumbList\",\"@id\":\"https:\/\/www.urlaubcornwall.de\/blog\/ferienhaus-snowdonia-mieten-nord-wales\/#breadcrumb\",\"itemListElement\":[{\"@type\":\"ListItem\",\"position\":1,\"name\":\"Home\",\"item\":\"https:\/\/www.urlaubcornwall.de\/blog\/\"},{\"@type\":\"ListItem\",\"position\":2,\"name\":\"Ferienhaus in Snowdonia mieten &#8211; Nord Wales\"}]}]}<\/script>\n<!-- \/ Yoast SEO plugin. -->","yoast_head_json":{"title":"Ferienhaus in Snowdonia mieten - Nord Wales - Urlaub &amp; Reisen","description":"Eines von zwei attraktiven Ferienh\u00e4usern aus dem 16. Jahrhundert in der N\u00e4he von Bala mit seinen Caf\u00e9s, Pubs, Kinos, Schwimmb\u00e4dern und dem gr\u00f6\u00dften nat\u00fcrlichen See von Wales. Genie\u00dfen Sie Bootstouren und spazieren Sie um den See oder fahren Sie mit der Dampfeisenbahn. F\u00fcr die Abenteurer gibt es das National White Water Centre, die Slate Caverns in Blaenau Ffestiniog und das Mountainbike-Zentrum in Coed y Brenin. Besuchen Sie das King Arthur's Labyrinth","robots":{"index":"index","follow":"follow","max-snippet":"max-snippet:-1","max-image-preview":"max-image-preview:large","max-video-preview":"max-video-preview:-1"},"canonical":"https:\/\/www.urlaubcornwall.de\/blog\/ferienhaus-snowdonia-mieten-nord-wales\/","og_locale":"en_US","og_type":"article","og_title":"Ferienhaus in Snowdonia mieten - Nord Wales - Urlaub &amp; Reisen","og_description":"Eines von zwei attraktiven Ferienh\u00e4usern aus dem 16. Jahrhundert in der N\u00e4he von Bala mit seinen Caf\u00e9s, Pubs, Kinos, Schwimmb\u00e4dern und dem gr\u00f6\u00dften nat\u00fcrlichen See von Wales. Genie\u00dfen Sie Bootstouren und spazieren Sie um den See oder fahren Sie mit der Dampfeisenbahn. F\u00fcr die Abenteurer gibt es das National White Water Centre, die Slate Caverns in Blaenau Ffestiniog und das Mountainbike-Zentrum in Coed y Brenin. Besuchen Sie das King Arthur's Labyrinth","og_url":"https:\/\/www.urlaubcornwall.de\/blog\/ferienhaus-snowdonia-mieten-nord-wales\/","og_site_name":"Urlaub &amp; Reisen","article_modified_time":"2021-09-17T12:19:22+00:00","og_image":[{"url":"https:\/\/www.urlaubcornwall.de\/blog\/wp-content\/uploads\/2018\/02\/ferienhaus-snowdonia-wales.jpg"}],"twitter_card":"summary","twitter_misc":{"Est. reading time":"1 minute"},"schema":{"@context":"https:\/\/schema.org","@graph":[{"@type":"WebSite","@id":"https:\/\/www.urlaubcornwall.de\/blog\/#website","url":"https:\/\/www.urlaubcornwall.de\/blog\/","name":"Urlaub &amp; Reisen","description":"Urlaub, Reisen, Cornwall und S\u00fcdengland: eine perfekte Kombination","potentialAction":[{"@type":"SearchAction","target":{"@type":"EntryPoint","urlTemplate":"https:\/\/www.urlaubcornwall.de\/blog\/?s={search_term_string}"},"query-input":"required name=search_term_string"}],"inLanguage":"en-US"},{"@type":"WebPage","@id":"https:\/\/www.urlaubcornwall.de\/blog\/ferienhaus-snowdonia-mieten-nord-wales\/","url":"https:\/\/www.urlaubcornwall.de\/blog\/ferienhaus-snowdonia-mieten-nord-wales\/","name":"Ferienhaus in Snowdonia mieten - Nord Wales - Urlaub &amp; Reisen","isPartOf":{"@id":"https:\/\/www.urlaubcornwall.de\/blog\/#website"},"datePublished":"2018-02-17T16:16:52+00:00","dateModified":"2021-09-17T12:19:22+00:00","description":"Eines von zwei attraktiven Ferienh\u00e4usern aus dem 16. Jahrhundert in der N\u00e4he von Bala mit seinen Caf\u00e9s, Pubs, Kinos, Schwimmb\u00e4dern und dem gr\u00f6\u00dften nat\u00fcrlichen See von Wales. Genie\u00dfen Sie Bootstouren und spazieren Sie um den See oder fahren Sie mit der Dampfeisenbahn. F\u00fcr die Abenteurer gibt es das National White Water Centre, die Slate Caverns in Blaenau Ffestiniog und das Mountainbike-Zentrum in Coed y Brenin. Besuchen Sie das King Arthur's Labyrinth","breadcrumb":{"@id":"https:\/\/www.urlaubcornwall.de\/blog\/ferienhaus-snowdonia-mieten-nord-wales\/#breadcrumb"},"inLanguage":"en-US","potentialAction":[{"@type":"ReadAction","target":["https:\/\/www.urlaubcornwall.de\/blog\/ferienhaus-snowdonia-mieten-nord-wales\/"]}]},{"@type":"BreadcrumbList","@id":"https:\/\/www.urlaubcornwall.de\/blog\/ferienhaus-snowdonia-mieten-nord-wales\/#breadcrumb","itemListElement":[{"@type":"ListItem","position":1,"name":"Home","item":"https:\/\/www.urlaubcornwall.de\/blog\/"},{"@type":"ListItem","position":2,"name":"Ferienhaus in Snowdonia mieten &#8211; Nord Wales"}]}]}},"_links":{"self":[{"href":"https:\/\/www.urlaubcornwall.de\/blog\/wp-json\/wp\/v2\/pages\/32542"}],"collection":[{"href":"https:\/\/www.urlaubcornwall.de\/blog\/wp-json\/wp\/v2\/pages"}],"about":[{"href":"https:\/\/www.urlaubcornwall.de\/blog\/wp-json\/wp\/v2\/types\/page"}],"author":[{"embeddable":true,"href":"https:\/\/www.urlaubcornwall.de\/blog\/wp-json\/wp\/v2\/users\/1"}],"replies":[{"embeddable":true,"href":"https:\/\/www.urlaubcornwall.de\/blog\/wp-json\/wp\/v2\/comments?post=32542"}],"version-history":[{"count":6,"href":"https:\/\/www.urlaubcornwall.de\/blog\/wp-json\/wp\/v2\/pages\/32542\/revisions"}],"predecessor-version":[{"id":42894,"href":"https:\/\/www.urlaubcornwall.de\/blog\/wp-json\/wp\/v2\/pages\/32542\/revisions\/42894"}],"wp:attachment":[{"href":"https:\/\/www.urlaubcornwall.de\/blog\/wp-json\/wp\/v2\/media?parent=32542"}],"curies":[{"name":"wp","href":"https:\/\/api.w.org\/{rel}","templated":true}]}}