{"id":32505,"date":"2018-02-15T14:30:12","date_gmt":"2018-02-15T14:30:12","guid":{"rendered":"https:\/\/www.urlaubcornwall.de\/blog\/?page_id=32505"},"modified":"2021-09-02T10:23:09","modified_gmt":"2021-09-02T10:23:09","slug":"pilcher-ferienhaus-meer-cornwall","status":"publish","type":"page","link":"https:\/\/www.urlaubcornwall.de\/blog\/pilcher-ferienhaus-meer-cornwall\/","title":{"rendered":"Pilcher Ferienhaus am Meer in Cornwall"},"content":{"rendered":"<p><img loading=\"lazy\" class=\"aligncenter size-full wp-image-32506\" src=\"https:\/\/www.urlaubcornwall.de\/blog\/wp-content\/uploads\/2018\/02\/25560131.jpg\" alt=\"Pilcher haus am meer\" width=\"747\" height=\"447\"\/><\/p>\n<p><strong>Ferienhaus mit Meerblick Marazion, West-Cornwall<\/strong><\/p>\n<p>6 Schlafzimmer, Schlafplatz f\u00fcr 12 + 2 Kinderbetten, An-\/Abreisetag am Samstag, Preis pro Woche \u00a31594 &#8211; \u00a34830<\/p>\n<p>The Old Manor House Marazion mit Blick zum St Michael\u2019s Mount hin St Michael\u2019s Mount liegt majest\u00e4tisch in der Bucht der alten <a href=\"https:\/\/www.urlaubcornwall.de\/ferienhaeuser-fewos\/marazion.html\">Marktstadt Marazion<\/a>, verdienterweise eine von Cornwalls beliebtesten Orten. The Old Manor House, 1775 erbaut, liegt direkt \u00fcber dem Top Tieb Hafen -, von dem aus die Boote bei Flut Besucher zum und vom \u201cBerg\u201d bringen. Tore f\u00fchren zur hauseigenen Auffahrt und in die G\u00e4rten mit Palmen, einer Wiese und Grillterrasse. Im ersten Stock befindet sich ein sehr gro\u00dfes Wohnzimmer, ein Arbeitsbereich und ein Sonnenzimmer; allesamt mit Meeresblick und Blick hin zum \u201eBerg\u201c<\/p>\n<p>Das eklektische, rustikale, dreist\u00f6ckige, denkmalgesch\u00fctzte Herrenhaus hat zwei Haupttreppen und Stufen hier und da. Originelle Schieferb\u00f6den befinden sich im Erdgeschoss\/Kellereingang; rechter Hand finden Sie ein Esszimmer und ein Spielzimmer, w\u00e4hrend sich linker Hand ein fabelhafter K\u00fcchen-\/Essbereich mit doppelelektrischem Aga und einem sehr gro\u00dfen Bauerntisch befindet, der Platz bietet f\u00fcr so manche gesellige Zusammenkunft&#8230;&#8230;.<\/p>\n<p style=\"text-align: center;\"><a class=\"tidycta\" href=\"https:\/\/www.urlaubcornwall.de\/ferienhaeuser-fewos\/cornwall-am-meer.html\">Suche Ferienh\u00e4user am Meer<\/a><\/p>\n<p>Um UrlaubCornwall.de einzigartige Kollektion nach Ihrem idealen Ferienhaus zu durchsuchen. <a href=\"https:\/\/www.urlaubcornwall.de\/ferienhaeuser\/cornwall.php\"><span style=\"text-decoration: underline;\">Klicken Sie hier<\/span> &gt;&gt;<\/a><\/p>\n","protected":false},"excerpt":{"rendered":"<p>Ferienhaus mit Meerblick Marazion, West-Cornwall 6 Schlafzimmer, Schlafplatz f\u00fcr 12 + 2 Kinderbetten, An-\/Abreisetag am Samstag, Preis pro Woche \u00a31594 &#8211; \u00a34830 The Old Manor House Marazion mit Blick zum St Michael\u2019s Mount hin St Michael\u2019s Mount liegt majest\u00e4tisch in der Bucht der alten Marktstadt Marazion, verdienterweise eine von Cornwalls beliebtesten Orten. The Old Manor [&hellip;]<\/p>\n","protected":false},"author":1,"featured_media":0,"parent":0,"menu_order":0,"comment_status":"closed","ping_status":"closed","template":"single-four.php","meta":[],"acf":[],"yoast_head":"<!-- This site is optimized with the Yoast SEO plugin v19.4 - https:\/\/yoast.com\/wordpress\/plugins\/seo\/ -->\n<title>Pilcher Ferienhaus am Meer in Cornwall - Urlaub &amp; Reisen<\/title>\n<meta name=\"robots\" content=\"index, follow, max-snippet:-1, max-image-preview:large, max-video-preview:-1\" \/>\n<link rel=\"canonical\" href=\"https:\/\/www.urlaubcornwall.de\/blog\/pilcher-ferienhaus-meer-cornwall\/\" \/>\n<meta property=\"og:locale\" content=\"en_US\" \/>\n<meta property=\"og:type\" content=\"article\" \/>\n<meta property=\"og:title\" content=\"Pilcher Ferienhaus am Meer in Cornwall - Urlaub &amp; Reisen\" \/>\n<meta property=\"og:description\" content=\"Ferienhaus mit Meerblick Marazion, West-Cornwall 6 Schlafzimmer, Schlafplatz f\u00fcr 12 + 2 Kinderbetten, An-\/Abreisetag am Samstag, Preis pro Woche \u00a31594 &#8211; \u00a34830 The Old Manor House Marazion mit Blick zum St Michael\u2019s Mount hin St Michael\u2019s Mount liegt majest\u00e4tisch in der Bucht der alten Marktstadt Marazion, verdienterweise eine von Cornwalls beliebtesten Orten. The Old Manor [&hellip;]\" \/>\n<meta property=\"og:url\" content=\"https:\/\/www.urlaubcornwall.de\/blog\/pilcher-ferienhaus-meer-cornwall\/\" \/>\n<meta property=\"og:site_name\" content=\"Urlaub &amp; Reisen\" \/>\n<meta property=\"article:modified_time\" content=\"2021-09-02T10:23:09+00:00\" \/>\n<meta property=\"og:image\" content=\"https:\/\/www.urlaubcornwall.de\/blog\/wp-content\/uploads\/2018\/02\/25560131.jpg\" \/>\n<meta name=\"twitter:card\" content=\"summary\" \/>\n<meta name=\"twitter:label1\" content=\"Est. reading time\" \/>\n\t<meta name=\"twitter:data1\" content=\"1 minute\" \/>\n<script type=\"application\/ld+json\" class=\"yoast-schema-graph\">{\"@context\":\"https:\/\/schema.org\",\"@graph\":[{\"@type\":\"WebSite\",\"@id\":\"https:\/\/www.urlaubcornwall.de\/blog\/#website\",\"url\":\"https:\/\/www.urlaubcornwall.de\/blog\/\",\"name\":\"Urlaub &amp; Reisen\",\"description\":\"Urlaub, Reisen, Cornwall und S\u00fcdengland: eine perfekte Kombination\",\"potentialAction\":[{\"@type\":\"SearchAction\",\"target\":{\"@type\":\"EntryPoint\",\"urlTemplate\":\"https:\/\/www.urlaubcornwall.de\/blog\/?s={search_term_string}\"},\"query-input\":\"required name=search_term_string\"}],\"inLanguage\":\"en-US\"},{\"@type\":\"WebPage\",\"@id\":\"https:\/\/www.urlaubcornwall.de\/blog\/pilcher-ferienhaus-meer-cornwall\/\",\"url\":\"https:\/\/www.urlaubcornwall.de\/blog\/pilcher-ferienhaus-meer-cornwall\/\",\"name\":\"Pilcher Ferienhaus am Meer in Cornwall - Urlaub &amp; Reisen\",\"isPartOf\":{\"@id\":\"https:\/\/www.urlaubcornwall.de\/blog\/#website\"},\"datePublished\":\"2018-02-15T14:30:12+00:00\",\"dateModified\":\"2021-09-02T10:23:09+00:00\",\"breadcrumb\":{\"@id\":\"https:\/\/www.urlaubcornwall.de\/blog\/pilcher-ferienhaus-meer-cornwall\/#breadcrumb\"},\"inLanguage\":\"en-US\",\"potentialAction\":[{\"@type\":\"ReadAction\",\"target\":[\"https:\/\/www.urlaubcornwall.de\/blog\/pilcher-ferienhaus-meer-cornwall\/\"]}]},{\"@type\":\"BreadcrumbList\",\"@id\":\"https:\/\/www.urlaubcornwall.de\/blog\/pilcher-ferienhaus-meer-cornwall\/#breadcrumb\",\"itemListElement\":[{\"@type\":\"ListItem\",\"position\":1,\"name\":\"Home\",\"item\":\"https:\/\/www.urlaubcornwall.de\/blog\/\"},{\"@type\":\"ListItem\",\"position\":2,\"name\":\"Pilcher Ferienhaus am Meer in Cornwall\"}]}]}<\/script>\n<!-- \/ Yoast SEO plugin. -->","yoast_head_json":{"title":"Pilcher Ferienhaus am Meer in Cornwall - Urlaub &amp; Reisen","robots":{"index":"index","follow":"follow","max-snippet":"max-snippet:-1","max-image-preview":"max-image-preview:large","max-video-preview":"max-video-preview:-1"},"canonical":"https:\/\/www.urlaubcornwall.de\/blog\/pilcher-ferienhaus-meer-cornwall\/","og_locale":"en_US","og_type":"article","og_title":"Pilcher Ferienhaus am Meer in Cornwall - Urlaub &amp; Reisen","og_description":"Ferienhaus mit Meerblick Marazion, West-Cornwall 6 Schlafzimmer, Schlafplatz f\u00fcr 12 + 2 Kinderbetten, An-\/Abreisetag am Samstag, Preis pro Woche \u00a31594 &#8211; \u00a34830 The Old Manor House Marazion mit Blick zum St Michael\u2019s Mount hin St Michael\u2019s Mount liegt majest\u00e4tisch in der Bucht der alten Marktstadt Marazion, verdienterweise eine von Cornwalls beliebtesten Orten. The Old Manor [&hellip;]","og_url":"https:\/\/www.urlaubcornwall.de\/blog\/pilcher-ferienhaus-meer-cornwall\/","og_site_name":"Urlaub &amp; Reisen","article_modified_time":"2021-09-02T10:23:09+00:00","og_image":[{"url":"https:\/\/www.urlaubcornwall.de\/blog\/wp-content\/uploads\/2018\/02\/25560131.jpg"}],"twitter_card":"summary","twitter_misc":{"Est. reading time":"1 minute"},"schema":{"@context":"https:\/\/schema.org","@graph":[{"@type":"WebSite","@id":"https:\/\/www.urlaubcornwall.de\/blog\/#website","url":"https:\/\/www.urlaubcornwall.de\/blog\/","name":"Urlaub &amp; Reisen","description":"Urlaub, Reisen, Cornwall und S\u00fcdengland: eine perfekte Kombination","potentialAction":[{"@type":"SearchAction","target":{"@type":"EntryPoint","urlTemplate":"https:\/\/www.urlaubcornwall.de\/blog\/?s={search_term_string}"},"query-input":"required name=search_term_string"}],"inLanguage":"en-US"},{"@type":"WebPage","@id":"https:\/\/www.urlaubcornwall.de\/blog\/pilcher-ferienhaus-meer-cornwall\/","url":"https:\/\/www.urlaubcornwall.de\/blog\/pilcher-ferienhaus-meer-cornwall\/","name":"Pilcher Ferienhaus am Meer in Cornwall - Urlaub &amp; Reisen","isPartOf":{"@id":"https:\/\/www.urlaubcornwall.de\/blog\/#website"},"datePublished":"2018-02-15T14:30:12+00:00","dateModified":"2021-09-02T10:23:09+00:00","breadcrumb":{"@id":"https:\/\/www.urlaubcornwall.de\/blog\/pilcher-ferienhaus-meer-cornwall\/#breadcrumb"},"inLanguage":"en-US","potentialAction":[{"@type":"ReadAction","target":["https:\/\/www.urlaubcornwall.de\/blog\/pilcher-ferienhaus-meer-cornwall\/"]}]},{"@type":"BreadcrumbList","@id":"https:\/\/www.urlaubcornwall.de\/blog\/pilcher-ferienhaus-meer-cornwall\/#breadcrumb","itemListElement":[{"@type":"ListItem","position":1,"name":"Home","item":"https:\/\/www.urlaubcornwall.de\/blog\/"},{"@type":"ListItem","position":2,"name":"Pilcher Ferienhaus am Meer in Cornwall"}]}]}},"_links":{"self":[{"href":"https:\/\/www.urlaubcornwall.de\/blog\/wp-json\/wp\/v2\/pages\/32505"}],"collection":[{"href":"https:\/\/www.urlaubcornwall.de\/blog\/wp-json\/wp\/v2\/pages"}],"about":[{"href":"https:\/\/www.urlaubcornwall.de\/blog\/wp-json\/wp\/v2\/types\/page"}],"author":[{"embeddable":true,"href":"https:\/\/www.urlaubcornwall.de\/blog\/wp-json\/wp\/v2\/users\/1"}],"replies":[{"embeddable":true,"href":"https:\/\/www.urlaubcornwall.de\/blog\/wp-json\/wp\/v2\/comments?post=32505"}],"version-history":[{"count":3,"href":"https:\/\/www.urlaubcornwall.de\/blog\/wp-json\/wp\/v2\/pages\/32505\/revisions"}],"predecessor-version":[{"id":42460,"href":"https:\/\/www.urlaubcornwall.de\/blog\/wp-json\/wp\/v2\/pages\/32505\/revisions\/42460"}],"wp:attachment":[{"href":"https:\/\/www.urlaubcornwall.de\/blog\/wp-json\/wp\/v2\/media?parent=32505"}],"curies":[{"name":"wp","href":"https:\/\/api.w.org\/{rel}","templated":true}]}}