{"id":32501,"date":"2018-02-15T14:35:32","date_gmt":"2018-02-15T14:35:32","guid":{"rendered":"https:\/\/www.urlaubcornwall.de\/blog\/?page_id=32501"},"modified":"2024-05-30T10:16:28","modified_gmt":"2024-05-30T10:16:28","slug":"historischen-haeusern-zur-miete-cornwall","status":"publish","type":"page","link":"https:\/\/www.urlaubcornwall.de\/blog\/historischen-haeusern-zur-miete-cornwall\/","title":{"rendered":"Historischen H\u00e4usern in Cornwall &#8211; mieten Sie ein historisches Pilcher Haus"},"content":{"rendered":"<p><img loading=\"lazy\" class=\"aligncenter size-full wp-image-32502\" src=\"https:\/\/www.urlaubcornwall.de\/blog\/wp-content\/uploads\/2018\/02\/pilcher-ferienhaus-mieten.jpg\" alt=\"pilcher ferienhaus mieten\" width=\"748\" height=\"494\"\/><\/p>\n<p><strong>Bei uns finden Sie Pilcher Ferienh\u00e4user zum Verlieben \u2013 so einfach ist das! <\/strong>UrlaubCornwall gemeinsam mit <a href=\"https:\/\/www.urlaubcornwall.de\/ferienhaeuser\/cornwall.php\"><span style=\"text-decoration: underline;\">Classic Cottages<\/span><\/a>, pr\u00e4sentiert Ihnen eine Auswahl an herrlichen historischen H\u00e4usern zur Miete und bietet Ihnen somit eine luxuri\u00f6se Urlaubserfahrung in einem einzigartigen Ferienhaus.<\/p>\n<p>H\u00e4ufig befinden sich diese H\u00e4user innerhalb ihrer eigenen wundersch\u00f6nen G\u00e4rten und Grundst\u00fccke, einige mit hervorragendem Meeresblick; sie bieten Geschichte, Charakter und Charme. Manche H\u00e4user haben gro\u00dfz\u00fcgige Speiser\u00e4ume mit historischen Bildern und zeitgen\u00f6ssischen Grundz\u00fcgen; doch alle bieten sie die modernen Annehmlichkeiten, die Sie brauchen.<\/p>\n<p style=\"text-align: center;\"><a class=\"tidycta\" href=\"https:\/\/www.urlaubcornwall.de\/ferienhaeuser-fewos\/cornwall.html\">Suche Ferienh\u00e4user<\/a><\/p>\n","protected":false},"excerpt":{"rendered":"<p>Bei uns finden Sie Pilcher Ferienh\u00e4user zum Verlieben \u2013 so einfach ist das! UrlaubCornwall gemeinsam mit Classic Cottages, pr\u00e4sentiert Ihnen eine Auswahl an herrlichen historischen H\u00e4usern zur Miete und bietet Ihnen somit eine luxuri\u00f6se Urlaubserfahrung in einem einzigartigen Ferienhaus. H\u00e4ufig befinden sich diese H\u00e4user innerhalb ihrer eigenen wundersch\u00f6nen G\u00e4rten und Grundst\u00fccke, einige mit hervorragendem Meeresblick; [&hellip;]<\/p>\n","protected":false},"author":1,"featured_media":0,"parent":0,"menu_order":0,"comment_status":"closed","ping_status":"closed","template":"single-four.php","meta":[],"acf":[],"yoast_head":"<!-- This site is optimized with the Yoast SEO plugin v19.4 - https:\/\/yoast.com\/wordpress\/plugins\/seo\/ -->\n<title>Historischen H\u00e4usern in Cornwall - mieten Sie ein historisches Pilcher Haus - Urlaub &amp; Reisen<\/title>\n<meta name=\"robots\" content=\"index, follow, max-snippet:-1, max-image-preview:large, max-video-preview:-1\" \/>\n<link rel=\"canonical\" href=\"https:\/\/www.urlaubcornwall.de\/blog\/historischen-haeusern-zur-miete-cornwall\/\" \/>\n<meta property=\"og:locale\" content=\"en_US\" \/>\n<meta property=\"og:type\" content=\"article\" \/>\n<meta property=\"og:title\" content=\"Historischen H\u00e4usern in Cornwall - mieten Sie ein historisches Pilcher Haus - Urlaub &amp; Reisen\" \/>\n<meta property=\"og:description\" content=\"Bei uns finden Sie Pilcher Ferienh\u00e4user zum Verlieben \u2013 so einfach ist das! UrlaubCornwall gemeinsam mit Classic Cottages, pr\u00e4sentiert Ihnen eine Auswahl an herrlichen historischen H\u00e4usern zur Miete und bietet Ihnen somit eine luxuri\u00f6se Urlaubserfahrung in einem einzigartigen Ferienhaus. H\u00e4ufig befinden sich diese H\u00e4user innerhalb ihrer eigenen wundersch\u00f6nen G\u00e4rten und Grundst\u00fccke, einige mit hervorragendem Meeresblick; [&hellip;]\" \/>\n<meta property=\"og:url\" content=\"https:\/\/www.urlaubcornwall.de\/blog\/historischen-haeusern-zur-miete-cornwall\/\" \/>\n<meta property=\"og:site_name\" content=\"Urlaub &amp; Reisen\" \/>\n<meta property=\"article:modified_time\" content=\"2024-05-30T10:16:28+00:00\" \/>\n<meta property=\"og:image\" content=\"https:\/\/www.urlaubcornwall.de\/blog\/wp-content\/uploads\/2018\/02\/pilcher-ferienhaus-mieten.jpg\" \/>\n<meta name=\"twitter:card\" content=\"summary\" \/>\n<meta name=\"twitter:label1\" content=\"Est. reading time\" \/>\n\t<meta name=\"twitter:data1\" content=\"1 minute\" \/>\n<script type=\"application\/ld+json\" class=\"yoast-schema-graph\">{\"@context\":\"https:\/\/schema.org\",\"@graph\":[{\"@type\":\"WebSite\",\"@id\":\"https:\/\/www.urlaubcornwall.de\/blog\/#website\",\"url\":\"https:\/\/www.urlaubcornwall.de\/blog\/\",\"name\":\"Urlaub &amp; Reisen\",\"description\":\"Urlaub, Reisen, Cornwall und S\u00fcdengland: eine perfekte Kombination\",\"potentialAction\":[{\"@type\":\"SearchAction\",\"target\":{\"@type\":\"EntryPoint\",\"urlTemplate\":\"https:\/\/www.urlaubcornwall.de\/blog\/?s={search_term_string}\"},\"query-input\":\"required name=search_term_string\"}],\"inLanguage\":\"en-US\"},{\"@type\":\"WebPage\",\"@id\":\"https:\/\/www.urlaubcornwall.de\/blog\/historischen-haeusern-zur-miete-cornwall\/\",\"url\":\"https:\/\/www.urlaubcornwall.de\/blog\/historischen-haeusern-zur-miete-cornwall\/\",\"name\":\"Historischen H\u00e4usern in Cornwall - mieten Sie ein historisches Pilcher Haus - Urlaub &amp; Reisen\",\"isPartOf\":{\"@id\":\"https:\/\/www.urlaubcornwall.de\/blog\/#website\"},\"datePublished\":\"2018-02-15T14:35:32+00:00\",\"dateModified\":\"2024-05-30T10:16:28+00:00\",\"breadcrumb\":{\"@id\":\"https:\/\/www.urlaubcornwall.de\/blog\/historischen-haeusern-zur-miete-cornwall\/#breadcrumb\"},\"inLanguage\":\"en-US\",\"potentialAction\":[{\"@type\":\"ReadAction\",\"target\":[\"https:\/\/www.urlaubcornwall.de\/blog\/historischen-haeusern-zur-miete-cornwall\/\"]}]},{\"@type\":\"BreadcrumbList\",\"@id\":\"https:\/\/www.urlaubcornwall.de\/blog\/historischen-haeusern-zur-miete-cornwall\/#breadcrumb\",\"itemListElement\":[{\"@type\":\"ListItem\",\"position\":1,\"name\":\"Home\",\"item\":\"https:\/\/www.urlaubcornwall.de\/blog\/\"},{\"@type\":\"ListItem\",\"position\":2,\"name\":\"Historischen H\u00e4usern in Cornwall &#8211; mieten Sie ein historisches Pilcher Haus\"}]}]}<\/script>\n<!-- \/ Yoast SEO plugin. -->","yoast_head_json":{"title":"Historischen H\u00e4usern in Cornwall - mieten Sie ein historisches Pilcher Haus - Urlaub &amp; Reisen","robots":{"index":"index","follow":"follow","max-snippet":"max-snippet:-1","max-image-preview":"max-image-preview:large","max-video-preview":"max-video-preview:-1"},"canonical":"https:\/\/www.urlaubcornwall.de\/blog\/historischen-haeusern-zur-miete-cornwall\/","og_locale":"en_US","og_type":"article","og_title":"Historischen H\u00e4usern in Cornwall - mieten Sie ein historisches Pilcher Haus - Urlaub &amp; Reisen","og_description":"Bei uns finden Sie Pilcher Ferienh\u00e4user zum Verlieben \u2013 so einfach ist das! UrlaubCornwall gemeinsam mit Classic Cottages, pr\u00e4sentiert Ihnen eine Auswahl an herrlichen historischen H\u00e4usern zur Miete und bietet Ihnen somit eine luxuri\u00f6se Urlaubserfahrung in einem einzigartigen Ferienhaus. H\u00e4ufig befinden sich diese H\u00e4user innerhalb ihrer eigenen wundersch\u00f6nen G\u00e4rten und Grundst\u00fccke, einige mit hervorragendem Meeresblick; [&hellip;]","og_url":"https:\/\/www.urlaubcornwall.de\/blog\/historischen-haeusern-zur-miete-cornwall\/","og_site_name":"Urlaub &amp; Reisen","article_modified_time":"2024-05-30T10:16:28+00:00","og_image":[{"url":"https:\/\/www.urlaubcornwall.de\/blog\/wp-content\/uploads\/2018\/02\/pilcher-ferienhaus-mieten.jpg"}],"twitter_card":"summary","twitter_misc":{"Est. reading time":"1 minute"},"schema":{"@context":"https:\/\/schema.org","@graph":[{"@type":"WebSite","@id":"https:\/\/www.urlaubcornwall.de\/blog\/#website","url":"https:\/\/www.urlaubcornwall.de\/blog\/","name":"Urlaub &amp; Reisen","description":"Urlaub, Reisen, Cornwall und S\u00fcdengland: eine perfekte Kombination","potentialAction":[{"@type":"SearchAction","target":{"@type":"EntryPoint","urlTemplate":"https:\/\/www.urlaubcornwall.de\/blog\/?s={search_term_string}"},"query-input":"required name=search_term_string"}],"inLanguage":"en-US"},{"@type":"WebPage","@id":"https:\/\/www.urlaubcornwall.de\/blog\/historischen-haeusern-zur-miete-cornwall\/","url":"https:\/\/www.urlaubcornwall.de\/blog\/historischen-haeusern-zur-miete-cornwall\/","name":"Historischen H\u00e4usern in Cornwall - mieten Sie ein historisches Pilcher Haus - Urlaub &amp; Reisen","isPartOf":{"@id":"https:\/\/www.urlaubcornwall.de\/blog\/#website"},"datePublished":"2018-02-15T14:35:32+00:00","dateModified":"2024-05-30T10:16:28+00:00","breadcrumb":{"@id":"https:\/\/www.urlaubcornwall.de\/blog\/historischen-haeusern-zur-miete-cornwall\/#breadcrumb"},"inLanguage":"en-US","potentialAction":[{"@type":"ReadAction","target":["https:\/\/www.urlaubcornwall.de\/blog\/historischen-haeusern-zur-miete-cornwall\/"]}]},{"@type":"BreadcrumbList","@id":"https:\/\/www.urlaubcornwall.de\/blog\/historischen-haeusern-zur-miete-cornwall\/#breadcrumb","itemListElement":[{"@type":"ListItem","position":1,"name":"Home","item":"https:\/\/www.urlaubcornwall.de\/blog\/"},{"@type":"ListItem","position":2,"name":"Historischen H\u00e4usern in Cornwall &#8211; mieten Sie ein historisches Pilcher Haus"}]}]}},"_links":{"self":[{"href":"https:\/\/www.urlaubcornwall.de\/blog\/wp-json\/wp\/v2\/pages\/32501"}],"collection":[{"href":"https:\/\/www.urlaubcornwall.de\/blog\/wp-json\/wp\/v2\/pages"}],"about":[{"href":"https:\/\/www.urlaubcornwall.de\/blog\/wp-json\/wp\/v2\/types\/page"}],"author":[{"embeddable":true,"href":"https:\/\/www.urlaubcornwall.de\/blog\/wp-json\/wp\/v2\/users\/1"}],"replies":[{"embeddable":true,"href":"https:\/\/www.urlaubcornwall.de\/blog\/wp-json\/wp\/v2\/comments?post=32501"}],"version-history":[{"count":8,"href":"https:\/\/www.urlaubcornwall.de\/blog\/wp-json\/wp\/v2\/pages\/32501\/revisions"}],"predecessor-version":[{"id":50398,"href":"https:\/\/www.urlaubcornwall.de\/blog\/wp-json\/wp\/v2\/pages\/32501\/revisions\/50398"}],"wp:attachment":[{"href":"https:\/\/www.urlaubcornwall.de\/blog\/wp-json\/wp\/v2\/media?parent=32501"}],"curies":[{"name":"wp","href":"https:\/\/api.w.org\/{rel}","templated":true}]}}