{"id":32439,"date":"2018-02-14T10:51:24","date_gmt":"2018-02-14T10:51:24","guid":{"rendered":"https:\/\/www.urlaubcornwall.de\/blog\/?page_id=32439"},"modified":"2021-09-17T11:52:39","modified_gmt":"2021-09-17T11:52:39","slug":"ferienhaus-hastings-mieten-urlaub-sussex-meer","status":"publish","type":"page","link":"https:\/\/www.urlaubcornwall.de\/blog\/ferienhaus-hastings-mieten-urlaub-sussex-meer\/","title":{"rendered":"Ferienhaus in Hastings mieten &#8211; Urlaub in Sussex am Meer"},"content":{"rendered":"<p><img loading=\"lazy\" class=\"aligncenter size-full wp-image-32440\" src=\"https:\/\/www.urlaubcornwall.de\/blog\/wp-content\/uploads\/2018\/02\/ferienhaus-hastings-mieten.jpg\" alt=\"ferienhaus hastings mieten\" width=\"749\" height=\"558\"\/><\/p>\n<p><strong>Ferienhaus in Hastings mit 2 Schlafzimmern, Schlafgelegenheiten 5<\/strong><\/p>\n<p>\u00dcbernachten Sie in diesem liebevoll renovierten Fischerferienhaus, das f\u00fcr bis zu f\u00fcnf Personen ideal ist, im Zentrum der Altstadt von <a href=\"https:\/\/www.urlaubcornwall.de\/blog\/urlaub-in-hastings-sussex-sehenswuerdigkeiten-unterkunft-und-geschichte\/\">Hastings<\/a>. Sie betreten das Anwesen in das Wohnzimmer, das hell und luftig ist und mit allem Komfort des Lebens am Meer. Eine Wendeltreppe f\u00fchrt Sie in die neue moderne K\u00fcche, komplett ausgestattet mit allem, was Sie w\u00e4hrend Ihres Urlaubs ben\u00f6tigen k\u00f6nnten. Die K\u00fcche \u00f6ffnet sich auf einen kleinen Garten, um die sonnigen Abende zu genie\u00dfen. Das moderne Familienbadezimmer befindet sich auf dieser Ebene und wurde ebenfalls k\u00fcrzlich renoviert.<\/p>\n<p style=\"text-align: center;\"><a class=\"tidycta\" href=\"https:\/\/www.urlaubcornwall.de\/ferienhaeuser-fewos\/eng\/sussex\/hastings.html\">Suche Ferienh\u00e4user Hastings<\/a><\/p>\n<p style=\"text-align: center;\">Pers\u00f6nlich inspizierte Ferienh\u00e4user und Ferienwohnungen in Sussex f\u00fcr Ihren Urlaub.<\/p>\n<p style=\"text-align: center;\"><a href=\"https:\/\/www.urlaubcornwall.de\/ferienhaeuser-fewos\/eng\/sussex\/sussex.html\"><strong>Ferienh\u00e4user, Cottages &amp; Ferienwohnungen in Sussex <\/strong><\/a><\/p>\n","protected":false},"excerpt":{"rendered":"<p>Ferienhaus in Hastings mit 2 Schlafzimmern, Schlafgelegenheiten 5 \u00dcbernachten Sie in diesem liebevoll renovierten Fischerferienhaus, das f\u00fcr bis zu f\u00fcnf Personen ideal ist, im Zentrum der Altstadt von Hastings. Sie betreten das Anwesen in das Wohnzimmer, das hell und luftig ist und mit allem Komfort des Lebens am Meer. Eine Wendeltreppe f\u00fchrt Sie in die [&hellip;]<\/p>\n","protected":false},"author":1,"featured_media":0,"parent":0,"menu_order":0,"comment_status":"closed","ping_status":"closed","template":"single-four.php","meta":[],"acf":[],"yoast_head":"<!-- This site is optimized with the Yoast SEO plugin v19.4 - https:\/\/yoast.com\/wordpress\/plugins\/seo\/ -->\n<title>Ferienhaus in Hastings mieten - Urlaub in Sussex am Meer - Urlaub &amp; Reisen<\/title>\n<meta name=\"description\" content=\"\u00dcbernachten Sie in diesem liebevoll renovierten Fischerferienhaus, das f\u00fcr bis zu f\u00fcnf Personen ideal ist, im Zentrum der Altstadt von Hastings. Sie betreten das Anwesen in das Wohnzimmer, das hell und luftig ist und mit allem Komfort des Lebens am Meer. Eine Wendeltreppe f\u00fchrt Sie in die neue moderne K\u00fcche\" \/>\n<meta name=\"robots\" content=\"index, follow, max-snippet:-1, max-image-preview:large, max-video-preview:-1\" \/>\n<link rel=\"canonical\" href=\"https:\/\/www.urlaubcornwall.de\/blog\/ferienhaus-hastings-mieten-urlaub-sussex-meer\/\" \/>\n<meta property=\"og:locale\" content=\"en_US\" \/>\n<meta property=\"og:type\" content=\"article\" \/>\n<meta property=\"og:title\" content=\"Ferienhaus in Hastings mieten - Urlaub in Sussex am Meer - Urlaub &amp; Reisen\" \/>\n<meta property=\"og:description\" content=\"\u00dcbernachten Sie in diesem liebevoll renovierten Fischerferienhaus, das f\u00fcr bis zu f\u00fcnf Personen ideal ist, im Zentrum der Altstadt von Hastings. Sie betreten das Anwesen in das Wohnzimmer, das hell und luftig ist und mit allem Komfort des Lebens am Meer. Eine Wendeltreppe f\u00fchrt Sie in die neue moderne K\u00fcche\" \/>\n<meta property=\"og:url\" content=\"https:\/\/www.urlaubcornwall.de\/blog\/ferienhaus-hastings-mieten-urlaub-sussex-meer\/\" \/>\n<meta property=\"og:site_name\" content=\"Urlaub &amp; Reisen\" \/>\n<meta property=\"article:modified_time\" content=\"2021-09-17T11:52:39+00:00\" \/>\n<meta property=\"og:image\" content=\"https:\/\/www.urlaubcornwall.de\/blog\/wp-content\/uploads\/2018\/02\/ferienhaus-hastings-mieten.jpg\" \/>\n<meta name=\"twitter:card\" content=\"summary\" \/>\n<meta name=\"twitter:label1\" content=\"Est. reading time\" \/>\n\t<meta name=\"twitter:data1\" content=\"1 minute\" \/>\n<script type=\"application\/ld+json\" class=\"yoast-schema-graph\">{\"@context\":\"https:\/\/schema.org\",\"@graph\":[{\"@type\":\"WebSite\",\"@id\":\"https:\/\/www.urlaubcornwall.de\/blog\/#website\",\"url\":\"https:\/\/www.urlaubcornwall.de\/blog\/\",\"name\":\"Urlaub &amp; Reisen\",\"description\":\"Urlaub, Reisen, Cornwall und S\u00fcdengland: eine perfekte Kombination\",\"potentialAction\":[{\"@type\":\"SearchAction\",\"target\":{\"@type\":\"EntryPoint\",\"urlTemplate\":\"https:\/\/www.urlaubcornwall.de\/blog\/?s={search_term_string}\"},\"query-input\":\"required name=search_term_string\"}],\"inLanguage\":\"en-US\"},{\"@type\":\"WebPage\",\"@id\":\"https:\/\/www.urlaubcornwall.de\/blog\/ferienhaus-hastings-mieten-urlaub-sussex-meer\/\",\"url\":\"https:\/\/www.urlaubcornwall.de\/blog\/ferienhaus-hastings-mieten-urlaub-sussex-meer\/\",\"name\":\"Ferienhaus in Hastings mieten - Urlaub in Sussex am Meer - Urlaub &amp; Reisen\",\"isPartOf\":{\"@id\":\"https:\/\/www.urlaubcornwall.de\/blog\/#website\"},\"datePublished\":\"2018-02-14T10:51:24+00:00\",\"dateModified\":\"2021-09-17T11:52:39+00:00\",\"description\":\"\u00dcbernachten Sie in diesem liebevoll renovierten Fischerferienhaus, das f\u00fcr bis zu f\u00fcnf Personen ideal ist, im Zentrum der Altstadt von Hastings. Sie betreten das Anwesen in das Wohnzimmer, das hell und luftig ist und mit allem Komfort des Lebens am Meer. Eine Wendeltreppe f\u00fchrt Sie in die neue moderne K\u00fcche\",\"breadcrumb\":{\"@id\":\"https:\/\/www.urlaubcornwall.de\/blog\/ferienhaus-hastings-mieten-urlaub-sussex-meer\/#breadcrumb\"},\"inLanguage\":\"en-US\",\"potentialAction\":[{\"@type\":\"ReadAction\",\"target\":[\"https:\/\/www.urlaubcornwall.de\/blog\/ferienhaus-hastings-mieten-urlaub-sussex-meer\/\"]}]},{\"@type\":\"BreadcrumbList\",\"@id\":\"https:\/\/www.urlaubcornwall.de\/blog\/ferienhaus-hastings-mieten-urlaub-sussex-meer\/#breadcrumb\",\"itemListElement\":[{\"@type\":\"ListItem\",\"position\":1,\"name\":\"Home\",\"item\":\"https:\/\/www.urlaubcornwall.de\/blog\/\"},{\"@type\":\"ListItem\",\"position\":2,\"name\":\"Ferienhaus in Hastings mieten &#8211; Urlaub in Sussex am Meer\"}]}]}<\/script>\n<!-- \/ Yoast SEO plugin. -->","yoast_head_json":{"title":"Ferienhaus in Hastings mieten - Urlaub in Sussex am Meer - Urlaub &amp; Reisen","description":"\u00dcbernachten Sie in diesem liebevoll renovierten Fischerferienhaus, das f\u00fcr bis zu f\u00fcnf Personen ideal ist, im Zentrum der Altstadt von Hastings. Sie betreten das Anwesen in das Wohnzimmer, das hell und luftig ist und mit allem Komfort des Lebens am Meer. Eine Wendeltreppe f\u00fchrt Sie in die neue moderne K\u00fcche","robots":{"index":"index","follow":"follow","max-snippet":"max-snippet:-1","max-image-preview":"max-image-preview:large","max-video-preview":"max-video-preview:-1"},"canonical":"https:\/\/www.urlaubcornwall.de\/blog\/ferienhaus-hastings-mieten-urlaub-sussex-meer\/","og_locale":"en_US","og_type":"article","og_title":"Ferienhaus in Hastings mieten - Urlaub in Sussex am Meer - Urlaub &amp; Reisen","og_description":"\u00dcbernachten Sie in diesem liebevoll renovierten Fischerferienhaus, das f\u00fcr bis zu f\u00fcnf Personen ideal ist, im Zentrum der Altstadt von Hastings. Sie betreten das Anwesen in das Wohnzimmer, das hell und luftig ist und mit allem Komfort des Lebens am Meer. Eine Wendeltreppe f\u00fchrt Sie in die neue moderne K\u00fcche","og_url":"https:\/\/www.urlaubcornwall.de\/blog\/ferienhaus-hastings-mieten-urlaub-sussex-meer\/","og_site_name":"Urlaub &amp; Reisen","article_modified_time":"2021-09-17T11:52:39+00:00","og_image":[{"url":"https:\/\/www.urlaubcornwall.de\/blog\/wp-content\/uploads\/2018\/02\/ferienhaus-hastings-mieten.jpg"}],"twitter_card":"summary","twitter_misc":{"Est. reading time":"1 minute"},"schema":{"@context":"https:\/\/schema.org","@graph":[{"@type":"WebSite","@id":"https:\/\/www.urlaubcornwall.de\/blog\/#website","url":"https:\/\/www.urlaubcornwall.de\/blog\/","name":"Urlaub &amp; Reisen","description":"Urlaub, Reisen, Cornwall und S\u00fcdengland: eine perfekte Kombination","potentialAction":[{"@type":"SearchAction","target":{"@type":"EntryPoint","urlTemplate":"https:\/\/www.urlaubcornwall.de\/blog\/?s={search_term_string}"},"query-input":"required name=search_term_string"}],"inLanguage":"en-US"},{"@type":"WebPage","@id":"https:\/\/www.urlaubcornwall.de\/blog\/ferienhaus-hastings-mieten-urlaub-sussex-meer\/","url":"https:\/\/www.urlaubcornwall.de\/blog\/ferienhaus-hastings-mieten-urlaub-sussex-meer\/","name":"Ferienhaus in Hastings mieten - Urlaub in Sussex am Meer - Urlaub &amp; Reisen","isPartOf":{"@id":"https:\/\/www.urlaubcornwall.de\/blog\/#website"},"datePublished":"2018-02-14T10:51:24+00:00","dateModified":"2021-09-17T11:52:39+00:00","description":"\u00dcbernachten Sie in diesem liebevoll renovierten Fischerferienhaus, das f\u00fcr bis zu f\u00fcnf Personen ideal ist, im Zentrum der Altstadt von Hastings. Sie betreten das Anwesen in das Wohnzimmer, das hell und luftig ist und mit allem Komfort des Lebens am Meer. Eine Wendeltreppe f\u00fchrt Sie in die neue moderne K\u00fcche","breadcrumb":{"@id":"https:\/\/www.urlaubcornwall.de\/blog\/ferienhaus-hastings-mieten-urlaub-sussex-meer\/#breadcrumb"},"inLanguage":"en-US","potentialAction":[{"@type":"ReadAction","target":["https:\/\/www.urlaubcornwall.de\/blog\/ferienhaus-hastings-mieten-urlaub-sussex-meer\/"]}]},{"@type":"BreadcrumbList","@id":"https:\/\/www.urlaubcornwall.de\/blog\/ferienhaus-hastings-mieten-urlaub-sussex-meer\/#breadcrumb","itemListElement":[{"@type":"ListItem","position":1,"name":"Home","item":"https:\/\/www.urlaubcornwall.de\/blog\/"},{"@type":"ListItem","position":2,"name":"Ferienhaus in Hastings mieten &#8211; Urlaub in Sussex am Meer"}]}]}},"_links":{"self":[{"href":"https:\/\/www.urlaubcornwall.de\/blog\/wp-json\/wp\/v2\/pages\/32439"}],"collection":[{"href":"https:\/\/www.urlaubcornwall.de\/blog\/wp-json\/wp\/v2\/pages"}],"about":[{"href":"https:\/\/www.urlaubcornwall.de\/blog\/wp-json\/wp\/v2\/types\/page"}],"author":[{"embeddable":true,"href":"https:\/\/www.urlaubcornwall.de\/blog\/wp-json\/wp\/v2\/users\/1"}],"replies":[{"embeddable":true,"href":"https:\/\/www.urlaubcornwall.de\/blog\/wp-json\/wp\/v2\/comments?post=32439"}],"version-history":[{"count":7,"href":"https:\/\/www.urlaubcornwall.de\/blog\/wp-json\/wp\/v2\/pages\/32439\/revisions"}],"predecessor-version":[{"id":42876,"href":"https:\/\/www.urlaubcornwall.de\/blog\/wp-json\/wp\/v2\/pages\/32439\/revisions\/42876"}],"wp:attachment":[{"href":"https:\/\/www.urlaubcornwall.de\/blog\/wp-json\/wp\/v2\/media?parent=32439"}],"curies":[{"name":"wp","href":"https:\/\/api.w.org\/{rel}","templated":true}]}}