{"id":32423,"date":"2018-02-12T16:26:36","date_gmt":"2018-02-12T16:26:36","guid":{"rendered":"https:\/\/www.urlaubcornwall.de\/blog\/?page_id=32423"},"modified":"2021-09-17T12:40:06","modified_gmt":"2021-09-17T12:40:06","slug":"ferienwohnung-edinburgh-fuer-5-mieten","status":"publish","type":"page","link":"https:\/\/www.urlaubcornwall.de\/blog\/ferienwohnung-edinburgh-fuer-5-mieten\/","title":{"rendered":"Ferienwohnung in Edinburgh f\u00fcr 5 mieten"},"content":{"rendered":"<p><img loading=\"lazy\" class=\"aligncenter size-full wp-image-32424\" src=\"https:\/\/www.urlaubcornwall.de\/blog\/wp-content\/uploads\/2018\/02\/familien-Ferienwohnung-in-Edinburgh-mieten.jpg\" alt=\"familien Ferienwohnung in Edinburgh mieten\" width=\"749\" height=\"471\"\/><\/p>\n<p><strong>Ferienwohnung in Edinburgh Zentrum mit 3 Schlafzimmer, 5 Schlafgelegenheiten<\/strong><\/p>\n<p>Lage im Stadtzentrum mit spektakul\u00e4rem Blick auf das Edinburgh Castle f\u00fcr 5 Personen. Diese hervorragend gelegene Ferienwohnung an der Princes Street bietet Besuchern eine seltene Gelegenheit, eine St\u00e4dtereise an einer sehr renommierten Adresse zu genie\u00dfen. Es befindet sich im 2. Stock eines traditionellen Geb\u00e4udes und bietet Blick auf das Schloss. Princes St. liegt im Herzen der Hauptstadt und die Wohnung befindet sich in bester Lage, um die wunderbare Einkaufsm\u00f6glichkeiten, hervorragende Auswahl an Restaurants, Kneipen und Weinbars, Kultur-und Unterhaltungsm\u00f6glichkeiten einschlie\u00dflich Galerien Theater und Besucherattraktionen zu genie\u00dfen. Alles, was die Stadt zu bieten hat, ist vor der Haust\u00fcr, die faszinierende Altstadt ist leicht zu Fu\u00df erreichbar.<\/p>\n<p style=\"text-align: center;\"><a class=\"tidycta\" href=\"https:\/\/www.urlaubcornwall.de\/ferienhaeuser-fewos\/sco\/zentralschottland\/edinburgh.html\">Suche Ferienh\u00e4user Edinburgh<\/a><\/p>\n<p style=\"text-align: center;\">Pers\u00f6nlich inspizierte Ferienh\u00e4user und Ferienwohnungen f\u00fcr Ihren Urlaub in Schottland.<\/p>\n<p style=\"text-align: center;\"><a href=\"https:\/\/www.urlaubcornwall.de\/ferienhaeuser\/schottland.php\"><strong>Ferienh\u00e4user, Cottages &amp; Ferienwohnungen in Schottland<\/strong><\/a><\/p>\n","protected":false},"excerpt":{"rendered":"<p>Ferienwohnung in Edinburgh Zentrum mit 3 Schlafzimmer, 5 Schlafgelegenheiten Lage im Stadtzentrum mit spektakul\u00e4rem Blick auf das Edinburgh Castle f\u00fcr 5 Personen. Diese hervorragend gelegene Ferienwohnung an der Princes Street bietet Besuchern eine seltene Gelegenheit, eine St\u00e4dtereise an einer sehr renommierten Adresse zu genie\u00dfen. Es befindet sich im 2. Stock eines traditionellen Geb\u00e4udes und bietet [&hellip;]<\/p>\n","protected":false},"author":1,"featured_media":0,"parent":0,"menu_order":0,"comment_status":"closed","ping_status":"closed","template":"single-four.php","meta":[],"acf":[],"yoast_head":"<!-- This site is optimized with the Yoast SEO plugin v19.4 - https:\/\/yoast.com\/wordpress\/plugins\/seo\/ -->\n<title>Ferienwohnung in Edinburgh f\u00fcr 5 mieten - Urlaub &amp; Reisen<\/title>\n<meta name=\"description\" content=\"age im Stadtzentrum mit spektakul\u00e4rem Blick auf das Edinburgh Castle f\u00fcr 5 Personen. Diese hervorragend gelegene Ferienwohnung an der Princes Street bietet Besuchern eine seltene Gelegenheit, eine St\u00e4dtereise an einer sehr renommierten Adresse zu genie\u00dfen. Es befindet sich im 2. Stock eines traditionellen Geb\u00e4udes und bietet Blick auf das Schloss. Princes St. liegt im Herzen der Hauptstadt und die Wohnung befindet sich in\" \/>\n<meta name=\"robots\" content=\"index, follow, max-snippet:-1, max-image-preview:large, max-video-preview:-1\" \/>\n<link rel=\"canonical\" href=\"https:\/\/www.urlaubcornwall.de\/blog\/ferienwohnung-edinburgh-fuer-5-mieten\/\" \/>\n<meta property=\"og:locale\" content=\"en_US\" \/>\n<meta property=\"og:type\" content=\"article\" \/>\n<meta property=\"og:title\" content=\"Ferienwohnung in Edinburgh f\u00fcr 5 mieten - Urlaub &amp; Reisen\" \/>\n<meta property=\"og:description\" content=\"age im Stadtzentrum mit spektakul\u00e4rem Blick auf das Edinburgh Castle f\u00fcr 5 Personen. Diese hervorragend gelegene Ferienwohnung an der Princes Street bietet Besuchern eine seltene Gelegenheit, eine St\u00e4dtereise an einer sehr renommierten Adresse zu genie\u00dfen. Es befindet sich im 2. Stock eines traditionellen Geb\u00e4udes und bietet Blick auf das Schloss. Princes St. liegt im Herzen der Hauptstadt und die Wohnung befindet sich in\" \/>\n<meta property=\"og:url\" content=\"https:\/\/www.urlaubcornwall.de\/blog\/ferienwohnung-edinburgh-fuer-5-mieten\/\" \/>\n<meta property=\"og:site_name\" content=\"Urlaub &amp; Reisen\" \/>\n<meta property=\"article:modified_time\" content=\"2021-09-17T12:40:06+00:00\" \/>\n<meta property=\"og:image\" content=\"https:\/\/www.urlaubcornwall.de\/blog\/wp-content\/uploads\/2018\/02\/familien-Ferienwohnung-in-Edinburgh-mieten.jpg\" \/>\n<meta name=\"twitter:card\" content=\"summary\" \/>\n<meta name=\"twitter:label1\" content=\"Est. reading time\" \/>\n\t<meta name=\"twitter:data1\" content=\"1 minute\" \/>\n<script type=\"application\/ld+json\" class=\"yoast-schema-graph\">{\"@context\":\"https:\/\/schema.org\",\"@graph\":[{\"@type\":\"WebSite\",\"@id\":\"https:\/\/www.urlaubcornwall.de\/blog\/#website\",\"url\":\"https:\/\/www.urlaubcornwall.de\/blog\/\",\"name\":\"Urlaub &amp; Reisen\",\"description\":\"Urlaub, Reisen, Cornwall und S\u00fcdengland: eine perfekte Kombination\",\"potentialAction\":[{\"@type\":\"SearchAction\",\"target\":{\"@type\":\"EntryPoint\",\"urlTemplate\":\"https:\/\/www.urlaubcornwall.de\/blog\/?s={search_term_string}\"},\"query-input\":\"required name=search_term_string\"}],\"inLanguage\":\"en-US\"},{\"@type\":\"WebPage\",\"@id\":\"https:\/\/www.urlaubcornwall.de\/blog\/ferienwohnung-edinburgh-fuer-5-mieten\/\",\"url\":\"https:\/\/www.urlaubcornwall.de\/blog\/ferienwohnung-edinburgh-fuer-5-mieten\/\",\"name\":\"Ferienwohnung in Edinburgh f\u00fcr 5 mieten - Urlaub &amp; Reisen\",\"isPartOf\":{\"@id\":\"https:\/\/www.urlaubcornwall.de\/blog\/#website\"},\"datePublished\":\"2018-02-12T16:26:36+00:00\",\"dateModified\":\"2021-09-17T12:40:06+00:00\",\"description\":\"age im Stadtzentrum mit spektakul\u00e4rem Blick auf das Edinburgh Castle f\u00fcr 5 Personen. Diese hervorragend gelegene Ferienwohnung an der Princes Street bietet Besuchern eine seltene Gelegenheit, eine St\u00e4dtereise an einer sehr renommierten Adresse zu genie\u00dfen. Es befindet sich im 2. Stock eines traditionellen Geb\u00e4udes und bietet Blick auf das Schloss. Princes St. liegt im Herzen der Hauptstadt und die Wohnung befindet sich in\",\"breadcrumb\":{\"@id\":\"https:\/\/www.urlaubcornwall.de\/blog\/ferienwohnung-edinburgh-fuer-5-mieten\/#breadcrumb\"},\"inLanguage\":\"en-US\",\"potentialAction\":[{\"@type\":\"ReadAction\",\"target\":[\"https:\/\/www.urlaubcornwall.de\/blog\/ferienwohnung-edinburgh-fuer-5-mieten\/\"]}]},{\"@type\":\"BreadcrumbList\",\"@id\":\"https:\/\/www.urlaubcornwall.de\/blog\/ferienwohnung-edinburgh-fuer-5-mieten\/#breadcrumb\",\"itemListElement\":[{\"@type\":\"ListItem\",\"position\":1,\"name\":\"Home\",\"item\":\"https:\/\/www.urlaubcornwall.de\/blog\/\"},{\"@type\":\"ListItem\",\"position\":2,\"name\":\"Ferienwohnung in Edinburgh f\u00fcr 5 mieten\"}]}]}<\/script>\n<!-- \/ Yoast SEO plugin. -->","yoast_head_json":{"title":"Ferienwohnung in Edinburgh f\u00fcr 5 mieten - Urlaub &amp; Reisen","description":"age im Stadtzentrum mit spektakul\u00e4rem Blick auf das Edinburgh Castle f\u00fcr 5 Personen. Diese hervorragend gelegene Ferienwohnung an der Princes Street bietet Besuchern eine seltene Gelegenheit, eine St\u00e4dtereise an einer sehr renommierten Adresse zu genie\u00dfen. Es befindet sich im 2. Stock eines traditionellen Geb\u00e4udes und bietet Blick auf das Schloss. Princes St. liegt im Herzen der Hauptstadt und die Wohnung befindet sich in","robots":{"index":"index","follow":"follow","max-snippet":"max-snippet:-1","max-image-preview":"max-image-preview:large","max-video-preview":"max-video-preview:-1"},"canonical":"https:\/\/www.urlaubcornwall.de\/blog\/ferienwohnung-edinburgh-fuer-5-mieten\/","og_locale":"en_US","og_type":"article","og_title":"Ferienwohnung in Edinburgh f\u00fcr 5 mieten - Urlaub &amp; Reisen","og_description":"age im Stadtzentrum mit spektakul\u00e4rem Blick auf das Edinburgh Castle f\u00fcr 5 Personen. Diese hervorragend gelegene Ferienwohnung an der Princes Street bietet Besuchern eine seltene Gelegenheit, eine St\u00e4dtereise an einer sehr renommierten Adresse zu genie\u00dfen. Es befindet sich im 2. Stock eines traditionellen Geb\u00e4udes und bietet Blick auf das Schloss. Princes St. liegt im Herzen der Hauptstadt und die Wohnung befindet sich in","og_url":"https:\/\/www.urlaubcornwall.de\/blog\/ferienwohnung-edinburgh-fuer-5-mieten\/","og_site_name":"Urlaub &amp; Reisen","article_modified_time":"2021-09-17T12:40:06+00:00","og_image":[{"url":"https:\/\/www.urlaubcornwall.de\/blog\/wp-content\/uploads\/2018\/02\/familien-Ferienwohnung-in-Edinburgh-mieten.jpg"}],"twitter_card":"summary","twitter_misc":{"Est. reading time":"1 minute"},"schema":{"@context":"https:\/\/schema.org","@graph":[{"@type":"WebSite","@id":"https:\/\/www.urlaubcornwall.de\/blog\/#website","url":"https:\/\/www.urlaubcornwall.de\/blog\/","name":"Urlaub &amp; Reisen","description":"Urlaub, Reisen, Cornwall und S\u00fcdengland: eine perfekte Kombination","potentialAction":[{"@type":"SearchAction","target":{"@type":"EntryPoint","urlTemplate":"https:\/\/www.urlaubcornwall.de\/blog\/?s={search_term_string}"},"query-input":"required name=search_term_string"}],"inLanguage":"en-US"},{"@type":"WebPage","@id":"https:\/\/www.urlaubcornwall.de\/blog\/ferienwohnung-edinburgh-fuer-5-mieten\/","url":"https:\/\/www.urlaubcornwall.de\/blog\/ferienwohnung-edinburgh-fuer-5-mieten\/","name":"Ferienwohnung in Edinburgh f\u00fcr 5 mieten - Urlaub &amp; Reisen","isPartOf":{"@id":"https:\/\/www.urlaubcornwall.de\/blog\/#website"},"datePublished":"2018-02-12T16:26:36+00:00","dateModified":"2021-09-17T12:40:06+00:00","description":"age im Stadtzentrum mit spektakul\u00e4rem Blick auf das Edinburgh Castle f\u00fcr 5 Personen. Diese hervorragend gelegene Ferienwohnung an der Princes Street bietet Besuchern eine seltene Gelegenheit, eine St\u00e4dtereise an einer sehr renommierten Adresse zu genie\u00dfen. Es befindet sich im 2. Stock eines traditionellen Geb\u00e4udes und bietet Blick auf das Schloss. Princes St. liegt im Herzen der Hauptstadt und die Wohnung befindet sich in","breadcrumb":{"@id":"https:\/\/www.urlaubcornwall.de\/blog\/ferienwohnung-edinburgh-fuer-5-mieten\/#breadcrumb"},"inLanguage":"en-US","potentialAction":[{"@type":"ReadAction","target":["https:\/\/www.urlaubcornwall.de\/blog\/ferienwohnung-edinburgh-fuer-5-mieten\/"]}]},{"@type":"BreadcrumbList","@id":"https:\/\/www.urlaubcornwall.de\/blog\/ferienwohnung-edinburgh-fuer-5-mieten\/#breadcrumb","itemListElement":[{"@type":"ListItem","position":1,"name":"Home","item":"https:\/\/www.urlaubcornwall.de\/blog\/"},{"@type":"ListItem","position":2,"name":"Ferienwohnung in Edinburgh f\u00fcr 5 mieten"}]}]}},"_links":{"self":[{"href":"https:\/\/www.urlaubcornwall.de\/blog\/wp-json\/wp\/v2\/pages\/32423"}],"collection":[{"href":"https:\/\/www.urlaubcornwall.de\/blog\/wp-json\/wp\/v2\/pages"}],"about":[{"href":"https:\/\/www.urlaubcornwall.de\/blog\/wp-json\/wp\/v2\/types\/page"}],"author":[{"embeddable":true,"href":"https:\/\/www.urlaubcornwall.de\/blog\/wp-json\/wp\/v2\/users\/1"}],"replies":[{"embeddable":true,"href":"https:\/\/www.urlaubcornwall.de\/blog\/wp-json\/wp\/v2\/comments?post=32423"}],"version-history":[{"count":4,"href":"https:\/\/www.urlaubcornwall.de\/blog\/wp-json\/wp\/v2\/pages\/32423\/revisions"}],"predecessor-version":[{"id":42913,"href":"https:\/\/www.urlaubcornwall.de\/blog\/wp-json\/wp\/v2\/pages\/32423\/revisions\/42913"}],"wp:attachment":[{"href":"https:\/\/www.urlaubcornwall.de\/blog\/wp-json\/wp\/v2\/media?parent=32423"}],"curies":[{"name":"wp","href":"https:\/\/api.w.org\/{rel}","templated":true}]}}