{"id":32420,"date":"2018-02-12T16:15:45","date_gmt":"2018-02-12T16:15:45","guid":{"rendered":"https:\/\/www.urlaubcornwall.de\/blog\/?page_id=32420"},"modified":"2021-09-17T12:44:26","modified_gmt":"2021-09-17T12:44:26","slug":"luxus-ferienwohnung-edinburgh-mieten","status":"publish","type":"page","link":"https:\/\/www.urlaubcornwall.de\/blog\/luxus-ferienwohnung-edinburgh-mieten\/","title":{"rendered":"Luxus Ferienwohnung in Edinburgh mieten"},"content":{"rendered":"<p><img loading=\"lazy\" class=\"aligncenter size-full wp-image-32421\" src=\"https:\/\/www.urlaubcornwall.de\/blog\/wp-content\/uploads\/2018\/02\/luxus-Ferienwohnung-in-Edinburgh-mieten.jpg\" alt=\"luxus Ferienwohnung in Edinburgh mieten\" width=\"749\" height=\"448\"\/><\/p>\n<p><strong>Ferienwohnung in Edinburgh mit 2 Schlafzimmer, 4 Schlafgelegenheiten<\/strong><\/p>\n<p>Sch\u00f6ne ger\u00e4umige Ferienwohnung mit Panoramablick. Diese luxuri\u00f6se Wohnung im sechsten Stock befindet sich im angesagten Hafenviertel der Stadt und bietet einen spektakul\u00e4ren Panoramablick \u00fcber den Firth of Forth zu den Forth Bridges \u00fcber die Skyline der Stadt bis hin zu Edinburgh Castle und Arthur&#8217;s Seat sowie \u00fcber die Royal Yacht Britannia bis zum Port of Leith. Der Hafen von Leith bietet Ihnen alle Vorteile des Stadtlebens mit einer hervorragenden Auswahl an Caf\u00e9s, Bars, Unterhaltung, Gesch\u00e4ften und Superm\u00e4rkten. Die Gegend ist Tag und Nacht sehr gut mit \u00f6ffentlichen Verkehrsmitteln in die Stadt (Bushaltestelle direkt gegen\u00fcber der Wohnung) serviert.<\/p>\n<p style=\"text-align: center;\"><a class=\"tidycta\" href=\"https:\/\/www.urlaubcornwall.de\/ferienhaeuser-fewos\/sco\/zentralschottland\/edinburgh.html\">Suche Ferienh\u00e4user Edinburgh<\/a><\/p>\n<p style=\"text-align: center;\">Pers\u00f6nlich inspizierte Ferienh\u00e4user und Ferienwohnungen f\u00fcr Ihren Urlaub in Schottland.<\/p>\n<p style=\"text-align: center;\"><a href=\"https:\/\/www.urlaubcornwall.de\/ferienhaeuser\/schottland.php\"><strong>Luxus Ferienh\u00e4user in Schottland <\/strong><strong><\/strong><\/a><\/p>\n","protected":false},"excerpt":{"rendered":"<p>Ferienwohnung in Edinburgh mit 2 Schlafzimmer, 4 Schlafgelegenheiten Sch\u00f6ne ger\u00e4umige Ferienwohnung mit Panoramablick. Diese luxuri\u00f6se Wohnung im sechsten Stock befindet sich im angesagten Hafenviertel der Stadt und bietet einen spektakul\u00e4ren Panoramablick \u00fcber den Firth of Forth zu den Forth Bridges \u00fcber die Skyline der Stadt bis hin zu Edinburgh Castle und Arthur&#8217;s Seat sowie \u00fcber [&hellip;]<\/p>\n","protected":false},"author":1,"featured_media":0,"parent":0,"menu_order":0,"comment_status":"closed","ping_status":"closed","template":"single-four.php","meta":[],"acf":[],"yoast_head":"<!-- This site is optimized with the Yoast SEO plugin v19.4 - https:\/\/yoast.com\/wordpress\/plugins\/seo\/ -->\n<title>Luxus Ferienwohnung in Edinburgh mieten - Urlaub &amp; Reisen<\/title>\n<meta name=\"description\" content=\"Sch\u00f6ne ger\u00e4umige Ferienwohnung mit Panoramablick. Diese luxuri\u00f6se Wohnung im sechsten Stock befindet sich im angesagten Hafenviertel der Stadt und bietet einen spektakul\u00e4ren Panoramablick \u00fcber den Firth of Forth zu den Forth Bridges \u00fcber die Skyline der Stadt bis hin zu Edinburgh Castle und Arthur&#039;s Seat sowie \u00fcber die Royal Yacht Britannia bis zum Port of Leith. Der Hafen von Leith bietet Ihnen alle Vorteile des Stadtleben\" \/>\n<meta name=\"robots\" content=\"index, follow, max-snippet:-1, max-image-preview:large, max-video-preview:-1\" \/>\n<link rel=\"canonical\" href=\"https:\/\/www.urlaubcornwall.de\/blog\/luxus-ferienwohnung-edinburgh-mieten\/\" \/>\n<meta property=\"og:locale\" content=\"en_US\" \/>\n<meta property=\"og:type\" content=\"article\" \/>\n<meta property=\"og:title\" content=\"Luxus Ferienwohnung in Edinburgh mieten - Urlaub &amp; Reisen\" \/>\n<meta property=\"og:description\" content=\"Sch\u00f6ne ger\u00e4umige Ferienwohnung mit Panoramablick. Diese luxuri\u00f6se Wohnung im sechsten Stock befindet sich im angesagten Hafenviertel der Stadt und bietet einen spektakul\u00e4ren Panoramablick \u00fcber den Firth of Forth zu den Forth Bridges \u00fcber die Skyline der Stadt bis hin zu Edinburgh Castle und Arthur&#039;s Seat sowie \u00fcber die Royal Yacht Britannia bis zum Port of Leith. Der Hafen von Leith bietet Ihnen alle Vorteile des Stadtleben\" \/>\n<meta property=\"og:url\" content=\"https:\/\/www.urlaubcornwall.de\/blog\/luxus-ferienwohnung-edinburgh-mieten\/\" \/>\n<meta property=\"og:site_name\" content=\"Urlaub &amp; Reisen\" \/>\n<meta property=\"article:modified_time\" content=\"2021-09-17T12:44:26+00:00\" \/>\n<meta property=\"og:image\" content=\"https:\/\/www.urlaubcornwall.de\/blog\/wp-content\/uploads\/2018\/02\/luxus-Ferienwohnung-in-Edinburgh-mieten.jpg\" \/>\n<meta name=\"twitter:card\" content=\"summary\" \/>\n<meta name=\"twitter:label1\" content=\"Est. reading time\" \/>\n\t<meta name=\"twitter:data1\" content=\"1 minute\" \/>\n<script type=\"application\/ld+json\" class=\"yoast-schema-graph\">{\"@context\":\"https:\/\/schema.org\",\"@graph\":[{\"@type\":\"WebSite\",\"@id\":\"https:\/\/www.urlaubcornwall.de\/blog\/#website\",\"url\":\"https:\/\/www.urlaubcornwall.de\/blog\/\",\"name\":\"Urlaub &amp; Reisen\",\"description\":\"Urlaub, Reisen, Cornwall und S\u00fcdengland: eine perfekte Kombination\",\"potentialAction\":[{\"@type\":\"SearchAction\",\"target\":{\"@type\":\"EntryPoint\",\"urlTemplate\":\"https:\/\/www.urlaubcornwall.de\/blog\/?s={search_term_string}\"},\"query-input\":\"required name=search_term_string\"}],\"inLanguage\":\"en-US\"},{\"@type\":\"WebPage\",\"@id\":\"https:\/\/www.urlaubcornwall.de\/blog\/luxus-ferienwohnung-edinburgh-mieten\/\",\"url\":\"https:\/\/www.urlaubcornwall.de\/blog\/luxus-ferienwohnung-edinburgh-mieten\/\",\"name\":\"Luxus Ferienwohnung in Edinburgh mieten - Urlaub &amp; Reisen\",\"isPartOf\":{\"@id\":\"https:\/\/www.urlaubcornwall.de\/blog\/#website\"},\"datePublished\":\"2018-02-12T16:15:45+00:00\",\"dateModified\":\"2021-09-17T12:44:26+00:00\",\"description\":\"Sch\u00f6ne ger\u00e4umige Ferienwohnung mit Panoramablick. Diese luxuri\u00f6se Wohnung im sechsten Stock befindet sich im angesagten Hafenviertel der Stadt und bietet einen spektakul\u00e4ren Panoramablick \u00fcber den Firth of Forth zu den Forth Bridges \u00fcber die Skyline der Stadt bis hin zu Edinburgh Castle und Arthur's Seat sowie \u00fcber die Royal Yacht Britannia bis zum Port of Leith. Der Hafen von Leith bietet Ihnen alle Vorteile des Stadtleben\",\"breadcrumb\":{\"@id\":\"https:\/\/www.urlaubcornwall.de\/blog\/luxus-ferienwohnung-edinburgh-mieten\/#breadcrumb\"},\"inLanguage\":\"en-US\",\"potentialAction\":[{\"@type\":\"ReadAction\",\"target\":[\"https:\/\/www.urlaubcornwall.de\/blog\/luxus-ferienwohnung-edinburgh-mieten\/\"]}]},{\"@type\":\"BreadcrumbList\",\"@id\":\"https:\/\/www.urlaubcornwall.de\/blog\/luxus-ferienwohnung-edinburgh-mieten\/#breadcrumb\",\"itemListElement\":[{\"@type\":\"ListItem\",\"position\":1,\"name\":\"Home\",\"item\":\"https:\/\/www.urlaubcornwall.de\/blog\/\"},{\"@type\":\"ListItem\",\"position\":2,\"name\":\"Luxus Ferienwohnung in Edinburgh mieten\"}]}]}<\/script>\n<!-- \/ Yoast SEO plugin. -->","yoast_head_json":{"title":"Luxus Ferienwohnung in Edinburgh mieten - Urlaub &amp; Reisen","description":"Sch\u00f6ne ger\u00e4umige Ferienwohnung mit Panoramablick. Diese luxuri\u00f6se Wohnung im sechsten Stock befindet sich im angesagten Hafenviertel der Stadt und bietet einen spektakul\u00e4ren Panoramablick \u00fcber den Firth of Forth zu den Forth Bridges \u00fcber die Skyline der Stadt bis hin zu Edinburgh Castle und Arthur's Seat sowie \u00fcber die Royal Yacht Britannia bis zum Port of Leith. Der Hafen von Leith bietet Ihnen alle Vorteile des Stadtleben","robots":{"index":"index","follow":"follow","max-snippet":"max-snippet:-1","max-image-preview":"max-image-preview:large","max-video-preview":"max-video-preview:-1"},"canonical":"https:\/\/www.urlaubcornwall.de\/blog\/luxus-ferienwohnung-edinburgh-mieten\/","og_locale":"en_US","og_type":"article","og_title":"Luxus Ferienwohnung in Edinburgh mieten - Urlaub &amp; Reisen","og_description":"Sch\u00f6ne ger\u00e4umige Ferienwohnung mit Panoramablick. Diese luxuri\u00f6se Wohnung im sechsten Stock befindet sich im angesagten Hafenviertel der Stadt und bietet einen spektakul\u00e4ren Panoramablick \u00fcber den Firth of Forth zu den Forth Bridges \u00fcber die Skyline der Stadt bis hin zu Edinburgh Castle und Arthur's Seat sowie \u00fcber die Royal Yacht Britannia bis zum Port of Leith. Der Hafen von Leith bietet Ihnen alle Vorteile des Stadtleben","og_url":"https:\/\/www.urlaubcornwall.de\/blog\/luxus-ferienwohnung-edinburgh-mieten\/","og_site_name":"Urlaub &amp; Reisen","article_modified_time":"2021-09-17T12:44:26+00:00","og_image":[{"url":"https:\/\/www.urlaubcornwall.de\/blog\/wp-content\/uploads\/2018\/02\/luxus-Ferienwohnung-in-Edinburgh-mieten.jpg"}],"twitter_card":"summary","twitter_misc":{"Est. reading time":"1 minute"},"schema":{"@context":"https:\/\/schema.org","@graph":[{"@type":"WebSite","@id":"https:\/\/www.urlaubcornwall.de\/blog\/#website","url":"https:\/\/www.urlaubcornwall.de\/blog\/","name":"Urlaub &amp; Reisen","description":"Urlaub, Reisen, Cornwall und S\u00fcdengland: eine perfekte Kombination","potentialAction":[{"@type":"SearchAction","target":{"@type":"EntryPoint","urlTemplate":"https:\/\/www.urlaubcornwall.de\/blog\/?s={search_term_string}"},"query-input":"required name=search_term_string"}],"inLanguage":"en-US"},{"@type":"WebPage","@id":"https:\/\/www.urlaubcornwall.de\/blog\/luxus-ferienwohnung-edinburgh-mieten\/","url":"https:\/\/www.urlaubcornwall.de\/blog\/luxus-ferienwohnung-edinburgh-mieten\/","name":"Luxus Ferienwohnung in Edinburgh mieten - Urlaub &amp; Reisen","isPartOf":{"@id":"https:\/\/www.urlaubcornwall.de\/blog\/#website"},"datePublished":"2018-02-12T16:15:45+00:00","dateModified":"2021-09-17T12:44:26+00:00","description":"Sch\u00f6ne ger\u00e4umige Ferienwohnung mit Panoramablick. Diese luxuri\u00f6se Wohnung im sechsten Stock befindet sich im angesagten Hafenviertel der Stadt und bietet einen spektakul\u00e4ren Panoramablick \u00fcber den Firth of Forth zu den Forth Bridges \u00fcber die Skyline der Stadt bis hin zu Edinburgh Castle und Arthur's Seat sowie \u00fcber die Royal Yacht Britannia bis zum Port of Leith. Der Hafen von Leith bietet Ihnen alle Vorteile des Stadtleben","breadcrumb":{"@id":"https:\/\/www.urlaubcornwall.de\/blog\/luxus-ferienwohnung-edinburgh-mieten\/#breadcrumb"},"inLanguage":"en-US","potentialAction":[{"@type":"ReadAction","target":["https:\/\/www.urlaubcornwall.de\/blog\/luxus-ferienwohnung-edinburgh-mieten\/"]}]},{"@type":"BreadcrumbList","@id":"https:\/\/www.urlaubcornwall.de\/blog\/luxus-ferienwohnung-edinburgh-mieten\/#breadcrumb","itemListElement":[{"@type":"ListItem","position":1,"name":"Home","item":"https:\/\/www.urlaubcornwall.de\/blog\/"},{"@type":"ListItem","position":2,"name":"Luxus Ferienwohnung in Edinburgh mieten"}]}]}},"_links":{"self":[{"href":"https:\/\/www.urlaubcornwall.de\/blog\/wp-json\/wp\/v2\/pages\/32420"}],"collection":[{"href":"https:\/\/www.urlaubcornwall.de\/blog\/wp-json\/wp\/v2\/pages"}],"about":[{"href":"https:\/\/www.urlaubcornwall.de\/blog\/wp-json\/wp\/v2\/types\/page"}],"author":[{"embeddable":true,"href":"https:\/\/www.urlaubcornwall.de\/blog\/wp-json\/wp\/v2\/users\/1"}],"replies":[{"embeddable":true,"href":"https:\/\/www.urlaubcornwall.de\/blog\/wp-json\/wp\/v2\/comments?post=32420"}],"version-history":[{"count":4,"href":"https:\/\/www.urlaubcornwall.de\/blog\/wp-json\/wp\/v2\/pages\/32420\/revisions"}],"predecessor-version":[{"id":42916,"href":"https:\/\/www.urlaubcornwall.de\/blog\/wp-json\/wp\/v2\/pages\/32420\/revisions\/42916"}],"wp:attachment":[{"href":"https:\/\/www.urlaubcornwall.de\/blog\/wp-json\/wp\/v2\/media?parent=32420"}],"curies":[{"name":"wp","href":"https:\/\/api.w.org\/{rel}","templated":true}]}}