{"id":32417,"date":"2018-02-12T16:05:18","date_gmt":"2018-02-12T16:05:18","guid":{"rendered":"https:\/\/www.urlaubcornwall.de\/blog\/?page_id=32417"},"modified":"2021-09-17T12:40:56","modified_gmt":"2021-09-17T12:40:56","slug":"ferienwohnung-edinburgh-mit-1-schlafzimmer-mieten","status":"publish","type":"page","link":"https:\/\/www.urlaubcornwall.de\/blog\/ferienwohnung-edinburgh-mit-1-schlafzimmer-mieten\/","title":{"rendered":"Ferienwohnung in Edinburgh mit 1 Schlafzimmer mieten"},"content":{"rendered":"<p><img loading=\"lazy\" class=\"aligncenter size-full wp-image-32418\" src=\"https:\/\/www.urlaubcornwall.de\/blog\/wp-content\/uploads\/2018\/02\/Ferienwohnung-in-Edinburgh-mit-1-Schlafzimmer-mieten.jpg\" alt=\"Ferienwohnung in Edinburgh mit 1 Schlafzimmer mieten\" width=\"749\" height=\"491\"\/><\/p>\n<p><strong>Ferienwohnung in Edinburgh mit 1 Schlafzimmer, 2 Schlafgelegenheiten<\/strong><\/p>\n<p>Atemberaubende Ferienwohnung in einer ruhigen Lage am Wasser. Diese fabelhafte Wohnung im dritten Stock liegt wundersch\u00f6n in der begehrten Leith Shore Unterst\u00fctzung auf das Wasser von Leith und ist Teil eines einzigartigen umgebauten Geb\u00e4ude aus dem sp\u00e4ten 18. Jahrhundert. Es verf\u00fcgt \u00fcber einen Aufzug und einen privaten Parkplatz. Leith ist ein sehr lebendiger Teil von Edinburgh mit vielen Pubs, Parks und Gemeindeveranstaltungen. Es ist das Top-Food-Reiseziel in Edinburgh und geh\u00f6rt zu den besten in <a href=\"https:\/\/www.urlaubcornwall.de\/ferienhaeuser.php\">Gro\u00dfbritannien<\/a> mit einer enormen Auswahl an Restaurants.<\/p>\n<p style=\"text-align: center;\"><a class=\"tidycta\" href=\"https:\/\/www.urlaubcornwall.de\/ferienhaeuser-fewos\/sco\/zentralschottland\/edinburgh.html\">Suche Ferienh\u00e4user Edinburgh<\/a><\/p>\n<p style=\"text-align: center;\">Pers\u00f6nlich inspizierte Ferienh\u00e4user und Ferienwohnungen f\u00fcr Ihren Urlaub in Schottland.<\/p>\n<p style=\"text-align: center;\"><a href=\"https:\/\/www.urlaubcornwall.de\/ferienhaeuser\/schottland.php\"><strong>Ferienh\u00e4user, Cottages &amp; Ferienwohnungen in Schottland<\/strong><\/a><\/p>\n","protected":false},"excerpt":{"rendered":"<p>Ferienwohnung in Edinburgh mit 1 Schlafzimmer, 2 Schlafgelegenheiten Atemberaubende Ferienwohnung in einer ruhigen Lage am Wasser. Diese fabelhafte Wohnung im dritten Stock liegt wundersch\u00f6n in der begehrten Leith Shore Unterst\u00fctzung auf das Wasser von Leith und ist Teil eines einzigartigen umgebauten Geb\u00e4ude aus dem sp\u00e4ten 18. Jahrhundert. Es verf\u00fcgt \u00fcber einen Aufzug und einen privaten [&hellip;]<\/p>\n","protected":false},"author":1,"featured_media":0,"parent":0,"menu_order":0,"comment_status":"closed","ping_status":"closed","template":"single-four.php","meta":[],"acf":[],"yoast_head":"<!-- This site is optimized with the Yoast SEO plugin v19.4 - https:\/\/yoast.com\/wordpress\/plugins\/seo\/ -->\n<title>Ferienwohnung in Edinburgh mit 1 Schlafzimmer mieten - Urlaub &amp; Reisen<\/title>\n<meta name=\"description\" content=\"Atemberaubende Ferienwohnung in einer ruhigen Lage am Wasser. Diese fabelhafte Wohnung im dritten Stock liegt wundersch\u00f6n in der begehrten Leith Shore Unterst\u00fctzung auf das Wasser von Leith und ist Teil eines einzigartigen umgebauten Geb\u00e4ude aus dem sp\u00e4ten 18. Jahrhundert. Es verf\u00fcgt \u00fcber einen Aufzug und einen privaten Parkplatz. Leith ist ein sehr lebendiger Teil von Edinburgh mit vielen Pubs, Parks und Gemeindeveranstaltungen. Es ist das Top-Food-Reiseziel in Edinburgh und geh\u00f6rt zu den besten in Gro\u00dfbritannien mit einer enormen Auswahl an Restaurants.\" \/>\n<meta name=\"robots\" content=\"index, follow, max-snippet:-1, max-image-preview:large, max-video-preview:-1\" \/>\n<link rel=\"canonical\" href=\"https:\/\/www.urlaubcornwall.de\/blog\/ferienwohnung-edinburgh-mit-1-schlafzimmer-mieten\/\" \/>\n<meta property=\"og:locale\" content=\"en_US\" \/>\n<meta property=\"og:type\" content=\"article\" \/>\n<meta property=\"og:title\" content=\"Ferienwohnung in Edinburgh mit 1 Schlafzimmer mieten - Urlaub &amp; Reisen\" \/>\n<meta property=\"og:description\" content=\"Atemberaubende Ferienwohnung in einer ruhigen Lage am Wasser. Diese fabelhafte Wohnung im dritten Stock liegt wundersch\u00f6n in der begehrten Leith Shore Unterst\u00fctzung auf das Wasser von Leith und ist Teil eines einzigartigen umgebauten Geb\u00e4ude aus dem sp\u00e4ten 18. Jahrhundert. Es verf\u00fcgt \u00fcber einen Aufzug und einen privaten Parkplatz. Leith ist ein sehr lebendiger Teil von Edinburgh mit vielen Pubs, Parks und Gemeindeveranstaltungen. Es ist das Top-Food-Reiseziel in Edinburgh und geh\u00f6rt zu den besten in Gro\u00dfbritannien mit einer enormen Auswahl an Restaurants.\" \/>\n<meta property=\"og:url\" content=\"https:\/\/www.urlaubcornwall.de\/blog\/ferienwohnung-edinburgh-mit-1-schlafzimmer-mieten\/\" \/>\n<meta property=\"og:site_name\" content=\"Urlaub &amp; Reisen\" \/>\n<meta property=\"article:modified_time\" content=\"2021-09-17T12:40:56+00:00\" \/>\n<meta property=\"og:image\" content=\"https:\/\/www.urlaubcornwall.de\/blog\/wp-content\/uploads\/2018\/02\/Ferienwohnung-in-Edinburgh-mit-1-Schlafzimmer-mieten.jpg\" \/>\n<meta name=\"twitter:card\" content=\"summary\" \/>\n<meta name=\"twitter:label1\" content=\"Est. reading time\" \/>\n\t<meta name=\"twitter:data1\" content=\"1 minute\" \/>\n<script type=\"application\/ld+json\" class=\"yoast-schema-graph\">{\"@context\":\"https:\/\/schema.org\",\"@graph\":[{\"@type\":\"WebSite\",\"@id\":\"https:\/\/www.urlaubcornwall.de\/blog\/#website\",\"url\":\"https:\/\/www.urlaubcornwall.de\/blog\/\",\"name\":\"Urlaub &amp; Reisen\",\"description\":\"Urlaub, Reisen, Cornwall und S\u00fcdengland: eine perfekte Kombination\",\"potentialAction\":[{\"@type\":\"SearchAction\",\"target\":{\"@type\":\"EntryPoint\",\"urlTemplate\":\"https:\/\/www.urlaubcornwall.de\/blog\/?s={search_term_string}\"},\"query-input\":\"required name=search_term_string\"}],\"inLanguage\":\"en-US\"},{\"@type\":\"WebPage\",\"@id\":\"https:\/\/www.urlaubcornwall.de\/blog\/ferienwohnung-edinburgh-mit-1-schlafzimmer-mieten\/\",\"url\":\"https:\/\/www.urlaubcornwall.de\/blog\/ferienwohnung-edinburgh-mit-1-schlafzimmer-mieten\/\",\"name\":\"Ferienwohnung in Edinburgh mit 1 Schlafzimmer mieten - Urlaub &amp; Reisen\",\"isPartOf\":{\"@id\":\"https:\/\/www.urlaubcornwall.de\/blog\/#website\"},\"datePublished\":\"2018-02-12T16:05:18+00:00\",\"dateModified\":\"2021-09-17T12:40:56+00:00\",\"description\":\"Atemberaubende Ferienwohnung in einer ruhigen Lage am Wasser. Diese fabelhafte Wohnung im dritten Stock liegt wundersch\u00f6n in der begehrten Leith Shore Unterst\u00fctzung auf das Wasser von Leith und ist Teil eines einzigartigen umgebauten Geb\u00e4ude aus dem sp\u00e4ten 18. Jahrhundert. Es verf\u00fcgt \u00fcber einen Aufzug und einen privaten Parkplatz. Leith ist ein sehr lebendiger Teil von Edinburgh mit vielen Pubs, Parks und Gemeindeveranstaltungen. Es ist das Top-Food-Reiseziel in Edinburgh und geh\u00f6rt zu den besten in Gro\u00dfbritannien mit einer enormen Auswahl an Restaurants.\",\"breadcrumb\":{\"@id\":\"https:\/\/www.urlaubcornwall.de\/blog\/ferienwohnung-edinburgh-mit-1-schlafzimmer-mieten\/#breadcrumb\"},\"inLanguage\":\"en-US\",\"potentialAction\":[{\"@type\":\"ReadAction\",\"target\":[\"https:\/\/www.urlaubcornwall.de\/blog\/ferienwohnung-edinburgh-mit-1-schlafzimmer-mieten\/\"]}]},{\"@type\":\"BreadcrumbList\",\"@id\":\"https:\/\/www.urlaubcornwall.de\/blog\/ferienwohnung-edinburgh-mit-1-schlafzimmer-mieten\/#breadcrumb\",\"itemListElement\":[{\"@type\":\"ListItem\",\"position\":1,\"name\":\"Home\",\"item\":\"https:\/\/www.urlaubcornwall.de\/blog\/\"},{\"@type\":\"ListItem\",\"position\":2,\"name\":\"Ferienwohnung in Edinburgh mit 1 Schlafzimmer mieten\"}]}]}<\/script>\n<!-- \/ Yoast SEO plugin. -->","yoast_head_json":{"title":"Ferienwohnung in Edinburgh mit 1 Schlafzimmer mieten - Urlaub &amp; Reisen","description":"Atemberaubende Ferienwohnung in einer ruhigen Lage am Wasser. Diese fabelhafte Wohnung im dritten Stock liegt wundersch\u00f6n in der begehrten Leith Shore Unterst\u00fctzung auf das Wasser von Leith und ist Teil eines einzigartigen umgebauten Geb\u00e4ude aus dem sp\u00e4ten 18. Jahrhundert. Es verf\u00fcgt \u00fcber einen Aufzug und einen privaten Parkplatz. Leith ist ein sehr lebendiger Teil von Edinburgh mit vielen Pubs, Parks und Gemeindeveranstaltungen. Es ist das Top-Food-Reiseziel in Edinburgh und geh\u00f6rt zu den besten in Gro\u00dfbritannien mit einer enormen Auswahl an Restaurants.","robots":{"index":"index","follow":"follow","max-snippet":"max-snippet:-1","max-image-preview":"max-image-preview:large","max-video-preview":"max-video-preview:-1"},"canonical":"https:\/\/www.urlaubcornwall.de\/blog\/ferienwohnung-edinburgh-mit-1-schlafzimmer-mieten\/","og_locale":"en_US","og_type":"article","og_title":"Ferienwohnung in Edinburgh mit 1 Schlafzimmer mieten - Urlaub &amp; Reisen","og_description":"Atemberaubende Ferienwohnung in einer ruhigen Lage am Wasser. Diese fabelhafte Wohnung im dritten Stock liegt wundersch\u00f6n in der begehrten Leith Shore Unterst\u00fctzung auf das Wasser von Leith und ist Teil eines einzigartigen umgebauten Geb\u00e4ude aus dem sp\u00e4ten 18. Jahrhundert. Es verf\u00fcgt \u00fcber einen Aufzug und einen privaten Parkplatz. Leith ist ein sehr lebendiger Teil von Edinburgh mit vielen Pubs, Parks und Gemeindeveranstaltungen. Es ist das Top-Food-Reiseziel in Edinburgh und geh\u00f6rt zu den besten in Gro\u00dfbritannien mit einer enormen Auswahl an Restaurants.","og_url":"https:\/\/www.urlaubcornwall.de\/blog\/ferienwohnung-edinburgh-mit-1-schlafzimmer-mieten\/","og_site_name":"Urlaub &amp; Reisen","article_modified_time":"2021-09-17T12:40:56+00:00","og_image":[{"url":"https:\/\/www.urlaubcornwall.de\/blog\/wp-content\/uploads\/2018\/02\/Ferienwohnung-in-Edinburgh-mit-1-Schlafzimmer-mieten.jpg"}],"twitter_card":"summary","twitter_misc":{"Est. reading time":"1 minute"},"schema":{"@context":"https:\/\/schema.org","@graph":[{"@type":"WebSite","@id":"https:\/\/www.urlaubcornwall.de\/blog\/#website","url":"https:\/\/www.urlaubcornwall.de\/blog\/","name":"Urlaub &amp; Reisen","description":"Urlaub, Reisen, Cornwall und S\u00fcdengland: eine perfekte Kombination","potentialAction":[{"@type":"SearchAction","target":{"@type":"EntryPoint","urlTemplate":"https:\/\/www.urlaubcornwall.de\/blog\/?s={search_term_string}"},"query-input":"required name=search_term_string"}],"inLanguage":"en-US"},{"@type":"WebPage","@id":"https:\/\/www.urlaubcornwall.de\/blog\/ferienwohnung-edinburgh-mit-1-schlafzimmer-mieten\/","url":"https:\/\/www.urlaubcornwall.de\/blog\/ferienwohnung-edinburgh-mit-1-schlafzimmer-mieten\/","name":"Ferienwohnung in Edinburgh mit 1 Schlafzimmer mieten - Urlaub &amp; Reisen","isPartOf":{"@id":"https:\/\/www.urlaubcornwall.de\/blog\/#website"},"datePublished":"2018-02-12T16:05:18+00:00","dateModified":"2021-09-17T12:40:56+00:00","description":"Atemberaubende Ferienwohnung in einer ruhigen Lage am Wasser. Diese fabelhafte Wohnung im dritten Stock liegt wundersch\u00f6n in der begehrten Leith Shore Unterst\u00fctzung auf das Wasser von Leith und ist Teil eines einzigartigen umgebauten Geb\u00e4ude aus dem sp\u00e4ten 18. Jahrhundert. Es verf\u00fcgt \u00fcber einen Aufzug und einen privaten Parkplatz. Leith ist ein sehr lebendiger Teil von Edinburgh mit vielen Pubs, Parks und Gemeindeveranstaltungen. Es ist das Top-Food-Reiseziel in Edinburgh und geh\u00f6rt zu den besten in Gro\u00dfbritannien mit einer enormen Auswahl an Restaurants.","breadcrumb":{"@id":"https:\/\/www.urlaubcornwall.de\/blog\/ferienwohnung-edinburgh-mit-1-schlafzimmer-mieten\/#breadcrumb"},"inLanguage":"en-US","potentialAction":[{"@type":"ReadAction","target":["https:\/\/www.urlaubcornwall.de\/blog\/ferienwohnung-edinburgh-mit-1-schlafzimmer-mieten\/"]}]},{"@type":"BreadcrumbList","@id":"https:\/\/www.urlaubcornwall.de\/blog\/ferienwohnung-edinburgh-mit-1-schlafzimmer-mieten\/#breadcrumb","itemListElement":[{"@type":"ListItem","position":1,"name":"Home","item":"https:\/\/www.urlaubcornwall.de\/blog\/"},{"@type":"ListItem","position":2,"name":"Ferienwohnung in Edinburgh mit 1 Schlafzimmer mieten"}]}]}},"_links":{"self":[{"href":"https:\/\/www.urlaubcornwall.de\/blog\/wp-json\/wp\/v2\/pages\/32417"}],"collection":[{"href":"https:\/\/www.urlaubcornwall.de\/blog\/wp-json\/wp\/v2\/pages"}],"about":[{"href":"https:\/\/www.urlaubcornwall.de\/blog\/wp-json\/wp\/v2\/types\/page"}],"author":[{"embeddable":true,"href":"https:\/\/www.urlaubcornwall.de\/blog\/wp-json\/wp\/v2\/users\/1"}],"replies":[{"embeddable":true,"href":"https:\/\/www.urlaubcornwall.de\/blog\/wp-json\/wp\/v2\/comments?post=32417"}],"version-history":[{"count":3,"href":"https:\/\/www.urlaubcornwall.de\/blog\/wp-json\/wp\/v2\/pages\/32417\/revisions"}],"predecessor-version":[{"id":42914,"href":"https:\/\/www.urlaubcornwall.de\/blog\/wp-json\/wp\/v2\/pages\/32417\/revisions\/42914"}],"wp:attachment":[{"href":"https:\/\/www.urlaubcornwall.de\/blog\/wp-json\/wp\/v2\/media?parent=32417"}],"curies":[{"name":"wp","href":"https:\/\/api.w.org\/{rel}","templated":true}]}}