{"id":32382,"date":"2018-02-08T16:02:58","date_gmt":"2018-02-08T16:02:58","guid":{"rendered":"https:\/\/www.urlaubcornwall.de\/blog\/?page_id=32382"},"modified":"2026-01-02T10:42:43","modified_gmt":"2026-01-02T10:42:43","slug":"rundreise-suedengland-mit-hund-abbis-dover-9-tage","status":"publish","type":"page","link":"https:\/\/www.urlaubcornwall.de\/blog\/rundreise-suedengland-mit-hund-abbis-dover-9-tage\/","title":{"rendered":"Rundreise in S\u00fcdengland mit Hund ab\/bis Dover \u2013 9 Tage"},"content":{"rendered":"<p><img loading=\"lazy\" class=\"aligncenter size-full wp-image-32383\" src=\"https:\/\/www.urlaubcornwall.de\/blog\/wp-content\/uploads\/2018\/02\/rundreise-mit-hund-england.jpg\" alt=\"rundreise mit hund england\" width=\"748\" height=\"355\" srcset=\"https:\/\/www.urlaubcornwall.de\/blog\/wp-content\/uploads\/2018\/02\/rundreise-mit-hund-england.jpg 745w, https:\/\/www.urlaubcornwall.de\/blog\/wp-content\/uploads\/2018\/02\/rundreise-mit-hund-england-300x143.jpg 300w\" sizes=\"(max-width: 748px) 100vw, 748px\" \/><\/p>\n<h2><strong>Highlights: Salisbury, Plymouth, Dartmoor, Cornwall, Eden Project, Bath, Cotswolds, Oxford<\/strong><\/h2>\n<p>9 Tage\/8 N\u00e4chte | ab\/bis Dover | t\u00e4glich m\u00f6glich | verschiedene Unterkunftsvariante<\/p>\n<p style=\"text-align: left;\">Unsere 9 t\u00e4gige Selbstfahrertour \u201eS\u00fcdengland mit Hund\u201c bietet Ihnen die M\u00f6glichkeit auch Ihre Vierbeiner mit auf eine wunderbare Reise zu nehmen. In unseren angebotenen Unterk\u00fcnfte werden auch Hunde willkommen gehei\u00dfen. Die Anreise findet im eigenen Auto per F\u00e4hre zum Beispiel von Calais nach Dover statt. Dies ist ein einfacher, unkomplizieter und f\u00fcr Ihren Hund angenehmer Weg nach Gro\u00dfbritannien zu reisen.<\/p>\n<p><strong>Diese Tour ist 2026 nicht verf\u00fcgbar.<\/strong><\/p>\n<p><strong>Tourbeschreibung<\/strong><\/p>\n<p>1. Tag:  Dover \u2013 Salisbury\/Southampton (ca. 260km)<br \/>\nAnreise nach Dover in Eigenregie (z.B. mit der F\u00e4hre von Calais nach Dover). Nach Ankunft starten Sie die Rundreise in Richtung S\u00fcdwestengland. Auf der Fahrt zu Ihrer ersten Unterkunft k\u00f6nnen Sie Sehensw\u00fcrdigkeiten wie das Bilderbuchschloss Leeds Castle, das zum UNESCO Weltkulturerbe erkl\u00e4rte Stonehenge oder das reizende Salisbury, Hauptstadt der Grafschaft Wiltshire, besichtigen. \u00dcbernachtung im Raum Salisbury\/Southampton.<\/p>\n<p>2.\/3. Tag: Salisbury\/Southampton \u2013 Torquay\/Plymouth (ca. 230km)<br \/>\nHeute machen Sie sich in Richtung Plymouth auf den Weg. Dabei durchqueren Sie eine der kleinsten Grafschaften S\u00fcdenglands. Auf dieser Fahrt w\u00fcrde sich ein Stop bei Corfe lohnen. Das Corfe Castle, von dem nur noch die Ruinen \u00fcbrig sind, sowie die Swanage Steam Railway verschaffen dem St\u00e4dtchen eine ganz besondere Atmosph\u00e4re. Danach Weiterfahrt in westlicher Richtung zur Jurassic Coast. Hier bietet sich eine kurze Wanderung von der Durdle Door zur Lulworth Cove und wieder zur\u00fcck an, bei der auch Ihr Hund sich austoben kann. Anschlie\u00dfend fahren Sie weiter zu Ihrer Unterkunft, welche sich an der englischen Riviera befindet. Am n\u00e4chsten Tag besuchen Sie den Dartmoor Nationalpark. Das Moor bietet ein Kontrastprogramm zu der K\u00fcste und hat f\u00fcr jeden Besucher etwas zu bieten. 2 \u00dcbernachtungen im Raum Torquay\/ Plymouth<\/p>\n<p>4.\/5. Tag: Torquay\/ Plymouth \u2013 Cornwall (ca. 130km)<\/p>\n<p>Nun geht es f\u00fcr Sie weiter Richtung Cornwall. Bezaubernde K\u00fcsten und wundersch\u00f6ne Sandstr\u00e4nde, wie bei Rosamunde Pilcher Filmen, erwarten Sie. Das Eden Project, ein botanischer Garten, ist auf jeden Fall ein Besuch wert. Das Minack Open Air Theatre, die Lizard Peninsula, das St Michaels Mount, St Ives und die Lost Gardens of Heligan sind sehenswerte Highlights. 2 \u00dcbernachtungen im Raum Penzance\/Falmouth\/St Ives<\/p>\n<p><img loading=\"lazy\" class=\"aligncenter size-full wp-image-32385\" src=\"https:\/\/www.urlaubcornwall.de\/blog\/wp-content\/uploads\/2018\/02\/urlaub-cotswolds-bourton-on-the-water.jpg\" alt=\"rundreise mit hund cotswolds bourton on the water\" width=\"748\" height=\"332\" srcset=\"https:\/\/www.urlaubcornwall.de\/blog\/wp-content\/uploads\/2018\/02\/urlaub-cotswolds-bourton-on-the-water.jpg 746w, https:\/\/www.urlaubcornwall.de\/blog\/wp-content\/uploads\/2018\/02\/urlaub-cotswolds-bourton-on-the-water-300x134.jpg 300w\" sizes=\"(max-width: 748px) 100vw, 748px\" \/><\/p>\n<p>6.\/7. Tag: Cornwall \u2013 Cotswolds (ca. 350km)<\/p>\n<p>Heute m\u00fcssen Sie das bezaubernde Cornwall leider wieder verlassen. Doch auch die n\u00e4chsten zwei Tage werden Sie beeindrucken. Auf dem Weg zu Ihrer Unterkunft halten Sie in Glastonbury. Hier k\u00f6nnen Sie die \u00dcberreste der Abtei aus dem 13. Jahrhundert bewundern, in welcher der Legende nach K\u00f6nig Artur begraben liegt. Doch auch Bath ist eine Stadt, die Sie nicht verpassen sollten. Dort gibt es die bekannten und restaurierten Ruinen eines r\u00f6mischen Heilbades zu sehen. Au\u00dferdem d\u00fcrfen Sie sich einen Besuch der Cotswolds nicht entgehen lassen. Hier k\u00f6nnen Sie Bilderbuchd\u00f6rfer wie Broadway, Lower Slaughter, Bibury und Stow on the World entdecken. 2 \u00dcbernachtungen im Raum Cotswolds<\/p>\n<p><strong>8. Tag:<\/strong> Cotswolds \u2013 Oxford \u2013 London Umgebung (ca. 200km)<\/p>\n<p>An Ihrem vorletzten Tag fahren Sie wieder in Richtung Dover. Auf dem Weg dorthin kommen Sie an Oxford vorbei. Eine Erkundung der University of Oxford und auch des Oxford Castles ist hier sehr zu empfehlen. Viele Parks wie die Christ Church Meadows laden zu einem gem\u00fctlichen Spaziergang mit Ihrem Hund ein. Am Nachmittag fahren Sie dann zu Ihrer letzten Unterkunft, welche sich au\u00dferhalb von London (M25) befindet. \u00dcbernachtung im Raum London<\/p>\n<p><strong>9. Tag<\/strong>: Heimreise<\/p>\n<p>Auf Wiedersehen England! Sollten die F\u00e4hre erst am Nachmittag ablegen, so k\u00f6nnen Sie noch die Stadt Canterbury besichtigen. Fahrt nach Dover und R\u00fcckfahrt mit der F\u00e4hre nach Calais in Eigenregie. Ankunft in Frankreich und individuelle Heimreise. Ende Ihrer England Autoreise.<\/p>\n<p><strong>Diese Tour ist 2026 nicht verf\u00fcgbar.<\/strong><\/p>\n","protected":false},"excerpt":{"rendered":"<p>Highlights: Salisbury, Plymouth, Dartmoor, Cornwall, Eden Project, Bath, Cotswolds, Oxford 9 Tage\/8 N\u00e4chte | ab\/bis Dover | t\u00e4glich m\u00f6glich | verschiedene Unterkunftsvariante Unsere 9 t\u00e4gige Selbstfahrertour \u201eS\u00fcdengland mit Hund\u201c bietet Ihnen die M\u00f6glichkeit auch Ihre Vierbeiner mit auf eine wunderbare Reise zu nehmen. In unseren angebotenen Unterk\u00fcnfte werden auch Hunde willkommen gehei\u00dfen. Die Anreise findet [&hellip;]<\/p>\n","protected":false},"author":1,"featured_media":0,"parent":0,"menu_order":0,"comment_status":"closed","ping_status":"closed","template":"single-four.php","meta":[],"acf":[],"yoast_head":"<!-- This site is optimized with the Yoast SEO plugin v19.4 - https:\/\/yoast.com\/wordpress\/plugins\/seo\/ -->\n<title>Rundreise in S\u00fcdengland mit Hund ab\/bis Dover \u2013 9 Tage - Urlaub &amp; Reisen<\/title>\n<meta name=\"robots\" content=\"index, follow, max-snippet:-1, max-image-preview:large, max-video-preview:-1\" \/>\n<link rel=\"canonical\" href=\"https:\/\/www.urlaubcornwall.de\/blog\/rundreise-suedengland-mit-hund-abbis-dover-9-tage\/\" \/>\n<meta property=\"og:locale\" content=\"en_US\" \/>\n<meta property=\"og:type\" content=\"article\" \/>\n<meta property=\"og:title\" content=\"Rundreise in S\u00fcdengland mit Hund ab\/bis Dover \u2013 9 Tage - Urlaub &amp; Reisen\" \/>\n<meta property=\"og:description\" content=\"Highlights: Salisbury, Plymouth, Dartmoor, Cornwall, Eden Project, Bath, Cotswolds, Oxford 9 Tage\/8 N\u00e4chte | ab\/bis Dover | t\u00e4glich m\u00f6glich | verschiedene Unterkunftsvariante Unsere 9 t\u00e4gige Selbstfahrertour \u201eS\u00fcdengland mit Hund\u201c bietet Ihnen die M\u00f6glichkeit auch Ihre Vierbeiner mit auf eine wunderbare Reise zu nehmen. In unseren angebotenen Unterk\u00fcnfte werden auch Hunde willkommen gehei\u00dfen. Die Anreise findet [&hellip;]\" \/>\n<meta property=\"og:url\" content=\"https:\/\/www.urlaubcornwall.de\/blog\/rundreise-suedengland-mit-hund-abbis-dover-9-tage\/\" \/>\n<meta property=\"og:site_name\" content=\"Urlaub &amp; Reisen\" \/>\n<meta property=\"article:modified_time\" content=\"2026-01-02T10:42:43+00:00\" \/>\n<meta property=\"og:image\" content=\"https:\/\/www.urlaubcornwall.de\/blog\/wp-content\/uploads\/2018\/02\/rundreise-mit-hund-england.jpg\" \/>\n<meta name=\"twitter:card\" content=\"summary\" \/>\n<meta name=\"twitter:label1\" content=\"Est. reading time\" \/>\n\t<meta name=\"twitter:data1\" content=\"3 minutes\" \/>\n<script type=\"application\/ld+json\" class=\"yoast-schema-graph\">{\"@context\":\"https:\/\/schema.org\",\"@graph\":[{\"@type\":\"WebSite\",\"@id\":\"https:\/\/www.urlaubcornwall.de\/blog\/#website\",\"url\":\"https:\/\/www.urlaubcornwall.de\/blog\/\",\"name\":\"Urlaub &amp; Reisen\",\"description\":\"Urlaub, Reisen, Cornwall und S\u00fcdengland: eine perfekte Kombination\",\"potentialAction\":[{\"@type\":\"SearchAction\",\"target\":{\"@type\":\"EntryPoint\",\"urlTemplate\":\"https:\/\/www.urlaubcornwall.de\/blog\/?s={search_term_string}\"},\"query-input\":\"required name=search_term_string\"}],\"inLanguage\":\"en-US\"},{\"@type\":\"WebPage\",\"@id\":\"https:\/\/www.urlaubcornwall.de\/blog\/rundreise-suedengland-mit-hund-abbis-dover-9-tage\/\",\"url\":\"https:\/\/www.urlaubcornwall.de\/blog\/rundreise-suedengland-mit-hund-abbis-dover-9-tage\/\",\"name\":\"Rundreise in S\u00fcdengland mit Hund ab\/bis Dover \u2013 9 Tage - Urlaub &amp; Reisen\",\"isPartOf\":{\"@id\":\"https:\/\/www.urlaubcornwall.de\/blog\/#website\"},\"datePublished\":\"2018-02-08T16:02:58+00:00\",\"dateModified\":\"2026-01-02T10:42:43+00:00\",\"breadcrumb\":{\"@id\":\"https:\/\/www.urlaubcornwall.de\/blog\/rundreise-suedengland-mit-hund-abbis-dover-9-tage\/#breadcrumb\"},\"inLanguage\":\"en-US\",\"potentialAction\":[{\"@type\":\"ReadAction\",\"target\":[\"https:\/\/www.urlaubcornwall.de\/blog\/rundreise-suedengland-mit-hund-abbis-dover-9-tage\/\"]}]},{\"@type\":\"BreadcrumbList\",\"@id\":\"https:\/\/www.urlaubcornwall.de\/blog\/rundreise-suedengland-mit-hund-abbis-dover-9-tage\/#breadcrumb\",\"itemListElement\":[{\"@type\":\"ListItem\",\"position\":1,\"name\":\"Home\",\"item\":\"https:\/\/www.urlaubcornwall.de\/blog\/\"},{\"@type\":\"ListItem\",\"position\":2,\"name\":\"Rundreise in S\u00fcdengland mit Hund ab\/bis Dover \u2013 9 Tage\"}]}]}<\/script>\n<!-- \/ Yoast SEO plugin. -->","yoast_head_json":{"title":"Rundreise in S\u00fcdengland mit Hund ab\/bis Dover \u2013 9 Tage - Urlaub &amp; Reisen","robots":{"index":"index","follow":"follow","max-snippet":"max-snippet:-1","max-image-preview":"max-image-preview:large","max-video-preview":"max-video-preview:-1"},"canonical":"https:\/\/www.urlaubcornwall.de\/blog\/rundreise-suedengland-mit-hund-abbis-dover-9-tage\/","og_locale":"en_US","og_type":"article","og_title":"Rundreise in S\u00fcdengland mit Hund ab\/bis Dover \u2013 9 Tage - Urlaub &amp; Reisen","og_description":"Highlights: Salisbury, Plymouth, Dartmoor, Cornwall, Eden Project, Bath, Cotswolds, Oxford 9 Tage\/8 N\u00e4chte | ab\/bis Dover | t\u00e4glich m\u00f6glich | verschiedene Unterkunftsvariante Unsere 9 t\u00e4gige Selbstfahrertour \u201eS\u00fcdengland mit Hund\u201c bietet Ihnen die M\u00f6glichkeit auch Ihre Vierbeiner mit auf eine wunderbare Reise zu nehmen. In unseren angebotenen Unterk\u00fcnfte werden auch Hunde willkommen gehei\u00dfen. Die Anreise findet [&hellip;]","og_url":"https:\/\/www.urlaubcornwall.de\/blog\/rundreise-suedengland-mit-hund-abbis-dover-9-tage\/","og_site_name":"Urlaub &amp; Reisen","article_modified_time":"2026-01-02T10:42:43+00:00","og_image":[{"url":"https:\/\/www.urlaubcornwall.de\/blog\/wp-content\/uploads\/2018\/02\/rundreise-mit-hund-england.jpg"}],"twitter_card":"summary","twitter_misc":{"Est. reading time":"3 minutes"},"schema":{"@context":"https:\/\/schema.org","@graph":[{"@type":"WebSite","@id":"https:\/\/www.urlaubcornwall.de\/blog\/#website","url":"https:\/\/www.urlaubcornwall.de\/blog\/","name":"Urlaub &amp; Reisen","description":"Urlaub, Reisen, Cornwall und S\u00fcdengland: eine perfekte Kombination","potentialAction":[{"@type":"SearchAction","target":{"@type":"EntryPoint","urlTemplate":"https:\/\/www.urlaubcornwall.de\/blog\/?s={search_term_string}"},"query-input":"required name=search_term_string"}],"inLanguage":"en-US"},{"@type":"WebPage","@id":"https:\/\/www.urlaubcornwall.de\/blog\/rundreise-suedengland-mit-hund-abbis-dover-9-tage\/","url":"https:\/\/www.urlaubcornwall.de\/blog\/rundreise-suedengland-mit-hund-abbis-dover-9-tage\/","name":"Rundreise in S\u00fcdengland mit Hund ab\/bis Dover \u2013 9 Tage - Urlaub &amp; Reisen","isPartOf":{"@id":"https:\/\/www.urlaubcornwall.de\/blog\/#website"},"datePublished":"2018-02-08T16:02:58+00:00","dateModified":"2026-01-02T10:42:43+00:00","breadcrumb":{"@id":"https:\/\/www.urlaubcornwall.de\/blog\/rundreise-suedengland-mit-hund-abbis-dover-9-tage\/#breadcrumb"},"inLanguage":"en-US","potentialAction":[{"@type":"ReadAction","target":["https:\/\/www.urlaubcornwall.de\/blog\/rundreise-suedengland-mit-hund-abbis-dover-9-tage\/"]}]},{"@type":"BreadcrumbList","@id":"https:\/\/www.urlaubcornwall.de\/blog\/rundreise-suedengland-mit-hund-abbis-dover-9-tage\/#breadcrumb","itemListElement":[{"@type":"ListItem","position":1,"name":"Home","item":"https:\/\/www.urlaubcornwall.de\/blog\/"},{"@type":"ListItem","position":2,"name":"Rundreise in S\u00fcdengland mit Hund ab\/bis Dover \u2013 9 Tage"}]}]}},"_links":{"self":[{"href":"https:\/\/www.urlaubcornwall.de\/blog\/wp-json\/wp\/v2\/pages\/32382"}],"collection":[{"href":"https:\/\/www.urlaubcornwall.de\/blog\/wp-json\/wp\/v2\/pages"}],"about":[{"href":"https:\/\/www.urlaubcornwall.de\/blog\/wp-json\/wp\/v2\/types\/page"}],"author":[{"embeddable":true,"href":"https:\/\/www.urlaubcornwall.de\/blog\/wp-json\/wp\/v2\/users\/1"}],"replies":[{"embeddable":true,"href":"https:\/\/www.urlaubcornwall.de\/blog\/wp-json\/wp\/v2\/comments?post=32382"}],"version-history":[{"count":13,"href":"https:\/\/www.urlaubcornwall.de\/blog\/wp-json\/wp\/v2\/pages\/32382\/revisions"}],"predecessor-version":[{"id":51912,"href":"https:\/\/www.urlaubcornwall.de\/blog\/wp-json\/wp\/v2\/pages\/32382\/revisions\/51912"}],"wp:attachment":[{"href":"https:\/\/www.urlaubcornwall.de\/blog\/wp-json\/wp\/v2\/media?parent=32382"}],"curies":[{"name":"wp","href":"https:\/\/api.w.org\/{rel}","templated":true}]}}