{"id":32365,"date":"2018-02-08T14:52:30","date_gmt":"2018-02-08T14:52:30","guid":{"rendered":"https:\/\/www.urlaubcornwall.de\/blog\/?page_id=32365"},"modified":"2025-10-20T11:01:57","modified_gmt":"2025-10-20T11:01:57","slug":"familientour-devon-cornwall-8-tage","status":"publish","type":"page","link":"https:\/\/www.urlaubcornwall.de\/blog\/familientour-devon-cornwall-8-tage\/","title":{"rendered":"Familientour Devon &#038; Cornwall \u2013 8 Tage"},"content":{"rendered":"<p><img loading=\"lazy\" class=\"aligncenter size-full wp-image-19127\" src=\"https:\/\/www.urlaubcornwall.de\/blog\/wp-content\/uploads\/2015\/05\/Bath.jpg\" alt=\"rundreise bath\" width=\"748\" height=\"331\"\/><\/p>\n<h2><strong>Highlights: Southampton, New Forest Nationalpark, Stonehenge, Plymouth, Dartmoor Nationalpark, Bath<\/strong><\/h2>\n<p>8 Tage \/ 7 N\u00e4chte | t\u00e4glich m\u00f6glich | ab\/bis London<\/p>\n<p style=\"text-align: left;\">Erleben Sie auf dieser Autoreise &#8220;Familientour eindrucksvolles Devon und Cornwall&#8221; die eindrucksvolle Sch\u00f6nheit der Regionen <a href=\"https:\/\/www.urlaubcornwall.de\/reiseziel\/devon.php\">Devon<\/a> und <a href=\"https:\/\/www.urlaubcornwall.de\/reiseziel\/cornwall.php\">Cornwall<\/a> im S\u00fcden Englands. In Ihrem eigenen Tempo entdecken Sie bei dieser Autoreise einzigartige Landschaften, romantische Fischerd\u00f6fer, alte Schl\u00f6sser und tolle Gartenanlagen. Ein Kind (0-12 Jahre) im Zimmer der Eltern inklusive!<\/p>\n<p style=\"text-align: center;\"><a class=\"tidycta\" href=\"http:\/\/www.urlaubcornwall.de\/anfrage.php?tourcode=ENGSELBST-3\">Anfrage \/ Buchung<\/a><\/p>\n<p><strong>Tourbeschreibung<\/strong><\/p>\n<p>1. Tag: London \u2013 Bournemouth\/Southampton (ca. 200km)<\/p>\n<p>Anreise nach London in Eigenregie. Falls Sie lieber mit der F\u00e4hre nach Gro\u00dfbritannien (z.B. Dover) anreisen m\u00f6chten, so ist dies ebenfalls m\u00f6glich. Ein erster Halt lohnt in Windsor, ein kleines St\u00e4dtchen nahe dem Flughafen London Heathrow. Die Hauptsehensw\u00fcrdigkeit ist das auf einer Anh\u00f6he liegende <a href=\"https:\/\/www.urlaubcornwall.de\/blog\/schloss-windsor-historische-haeuser-gaerten-berkshire\/\">Windsor Castle<\/a>, in dem auch K\u00f6nigin Elizabeth II. ein paar Tage im Jahr verweilt. F\u00fcr Familien mit Kindern bietet sich anschlie\u00dfend noch ein Besuch im Legoland an. Vorbei an Winchester erreichen Sie den New Forest Nationalpark. Im Herzen dieses Naturschutzgebiets liegt Beaulieu. Eine besondere Attraktion f\u00fcr kleine und gro\u00dfe Autofans ist hier das National Motor Museum. Bestaunen Sie \u00fcber 250 Fahrzeuge, vom Oldtimer bis zum moderne Rennwagen k\u00f6nnen Sie hier alles finden. 2 \u00dcbernachtungen im Raum Bournemouth\/Southampton.<\/p>\n<p><strong>2. Tag:<\/strong> Bournemouth\/Southampton<\/p>\n<p>Dieser Tag steht Ihnen zur freien Verf\u00fcgung. Der New Forest Nationalpark bietet Familien zahlreiche Ausflugsm\u00f6glichkeiten. Unternehmen Sie eine Kajakfahrt auf dem Beaulieu River, klettern Sie auf einen der Baumriesen im <a href=\"https:\/\/www.urlaubcornwall.de\/reiseziel\/hampshire.php\">New Forest<\/a> Outdoor Centre in Lyndhurst, wandern Sie zur 600 Jahre alten Eiche \u201eKnightwood Oak\u201c, welche einen Umfang von etwa sieben Metern vorweisen kann oder leihen Sie sich ein Fahrrad, es wird Ihnen sicherlich nicht langweilig werden. Alternativ bietet sich auch ein Ausflug nach Salisbury und Stonehenge an. \u00dcbernachtung wie am Vortag.<\/p>\n<p><strong>3. Tag:<\/strong> Bournemouth\/Southampton \u2013 Plymouth\/Torquay\/Exeter (ca. 200km)<\/p>\n<p>Nach dem Fr\u00fchst\u00fcck verlassen Sie die Unterkunft und folgend der <a href=\"https:\/\/www.urlaubcornwall.de\/reiseziel\/dorset.php\">150 Kilometer langen Jurassic Coast<\/a>, UNESCO Weltkulturerbe seit dem Jahr 2001. Charmouth ist ein ruhiger K\u00fcstenort mit fossilienreichen Str\u00e4nden. Bevor Sie an den Str\u00e4nden nach pr\u00e4historischen Lebewesen, kleinen Dinosaurierknochen und l\u00e4ngst ausgestorbenen Ammoniten suchen, lohnt ein Besuch des Heritage Coast Centre. Hier erhalten Sie ein paar Tipps f\u00fcr die Suche und k\u00f6nnen anschlie\u00dfend Ihre Funde unter einem Mikroskop betrachten. Weiterfahrt vorbei an Exeter nach <a href=\"https:\/\/www.urlaubcornwall.de\/blog\/urlaub-plymouth-unterkunft-sehenswuerdigkeiten-und-geschichte\/\">Plymouth<\/a>. Unterwegs k\u00f6nnen Sie am Landschloss Powderham Castle mit seiner herrlichen Gartenanlage halten. 3 \u00dcbernachtungen im Raum Plymouth\/Torquay\/Exeter.<\/p>\n<p><strong>4. Tag:<\/strong> Dartmoor Nationalpark<\/p>\n<p>Dieser Tag steht Ihnen zur freien Verf\u00fcgung um den Dartmoor Nationalpark zu erkunden. Beobachten Sie die wilden Dartmoor Ponies zwischen den Gr\u00e4sern, genie\u00dfen Sie ein Picknick auf einem satt gr\u00fcnem Hang mit wundersch\u00f6ner Aussicht oder besuchen Sie das beliebte Shilstone Rock Riding Centre. Auch das Miniaturdorf Babbacombe Model Village wird Ihrer Familie sicherlich gefallen. Hier finden Sie eine Mischung aus Eisenbahnen, mittelalterlichen Schl\u00f6ssern und verwunschenen G\u00e4rten. Sollte unter Ihnen ein Eisenbahn Fan sein, so lohnt eine Fahrt mit der South Devon Railway, eine nostalgische Dampflok. \u00dcbernachtung wie am Vortag.<br \/>\n<img loading=\"lazy\" class=\"aligncenter size-full wp-image-32364\" src=\"https:\/\/www.urlaubcornwall.de\/blog\/wp-content\/uploads\/2018\/02\/rundreise-cornwall.jpg\" alt=\"rundreise cornwall\" width=\"748\" height=\"380\"\/><\/p>\n<p><strong>5. Tag:<\/strong> Cornwall<\/p>\n<p>Auf dem Weg in Richtung Cornwall kommen Sie am Tausendseelendorf Polperro, ein vom National Trust ausgezeichnetes \u201eHistoric Fishing Village\u201c, vorbei. Tags\u00fcber d\u00fcrfen keine Autos in den Fischerort, weshalb Sie die verwinkelten Gassen und die uralten Hafenmauern unbeschwert zu Fu\u00df erkunden k\u00f6nnen. Mit etwas Phantasie kann man sich dort in eine l\u00e4ngst vergangene Zeit zur\u00fcckversetzen lassen. F\u00fcr heute legen wir Ihnen den Besuch der Lost Gardens of Heligan ans Herz. Die vielseitigen G\u00e4rten, die zu den bekanntesten Gro\u00dfbritanniens z\u00e4hlen, begeistern sowohl Jung als auch Alt. Highlights sind der Heligans Dschungel samt H\u00e4ngeseilbr\u00fccke sowie die verlorenen Statuen, die aus der Erde sprie\u00dfen. Wenn es die Zeit erlaubt, k\u00f6nnen Sie den Ausflug noch um St. Michael\u2019s Mount erweitern. Diese wundersch\u00f6ne Insel in der Michael\u2018 Bay ist ein Wahrzeichen f\u00fcr Cornwall geworden. Sp\u00e4ter fahren sie zur\u00fcck nach Plymouth, wo Sie erneut \u00fcbernachten.<\/p>\n<p><strong>6. Tag:<\/strong> Plymouth \u2013 Bath\/Bristol (ca. 230km)<\/p>\n<p>Auf dem heutigen Programm Ihrer Autoreise England steht zun\u00e4chst die Fahrt nach Longleat. Besuchen Sie die wilden Tiere im Safari Park und genie\u00dfen Sie die eindrucksvolle Atmosph\u00e4re des Herrenhauses oder erkunden Sie einige der anderen vielseitigen Attraktionen des Parks. Sp\u00e4ter erreichen Sie die Stadt Bath, UNESCO Weltkulturerbe seit 1987. Der Kurort beeindruckt mit wundersch\u00f6nen Parkanlagen und georgianischen Baustil. Literaturfans erfahren bei einem Besuch im Jane Austen Centre alles \u00fcber das Leben und die Werke der ber\u00fchmten Autorin. 2 \u00dcbernachtungen im Raum Bath\/Bristol.<\/p>\n<p><img loading=\"lazy\" class=\"aligncenter size-full wp-image-27295\" src=\"https:\/\/www.urlaubcornwall.de\/blog\/wp-content\/uploads\/2017\/03\/urlaub-broadway-cotswolds.jpg\" alt=\"rundreise cotswolds \" width=\"746\" height=\"407\" srcset=\"https:\/\/www.urlaubcornwall.de\/blog\/wp-content\/uploads\/2017\/03\/urlaub-broadway-cotswolds.jpg 746w, https:\/\/www.urlaubcornwall.de\/blog\/wp-content\/uploads\/2017\/03\/urlaub-broadway-cotswolds-300x164.jpg 300w\" sizes=\"(max-width: 746px) 100vw, 746px\" \/><\/p>\n<p><strong>7. Tag:<\/strong> Cotswolds Umgebung<\/p>\n<p>F\u00fcr heute empfehlen wir einen Ausflug in <a href=\"https:\/\/www.urlaubcornwall.de\/reiseziel\/cotswolds.php\">die Cotswolds<\/a>, f\u00fcr viele der Inbegriff des l\u00e4ndlichen Englands. Lassen Sie sich von den vertr\u00e4umten D\u00f6rfern, glasklar sprudelnden B\u00e4chen und reetgedeckten Bilderbuch-Cottages verzaubern. Auf dem Programmzettel sollte auf jedem Fall die D\u00f6rfer Castle Combe sowie Lacock stehen. Der letzt genannte Ort diente als Filmkulisse f\u00fcr \u201eStolz und Vorurteil\u201c als auch \u201eHarry Potter\u201c. R\u00fcckfahrt in Ihre Unterkunft, wo Sie erneut \u00fcbernachten.<\/p>\n<p><strong>8. Tag:<\/strong> Bath\/Bristol \u2013 Oxford \u2013 London (ca. 200km)<\/p>\n<p>Sie verlassen die Umgebung von Bath\/Brisol und setzen die Selbstfahrertour \u201eFamilientour eindrucksvolles Devon und Cornwall\u201c in Richtung Oxford fort. Einen guten \u00dcberblick erhalten Sie bei einer Stadtrundfahrt in einem roten Doppeldeckerbus. Falls Sie die Stadt lieber von oben sehen wollen, so steigen Sie am besten auf den Carfax Tower oder den Turm der University Church. In dem bekannten Christ Church College, einem von 38 in Oxford, wurden einige Szenen f\u00fcr die Harry Potter Reihe und f\u00fcr den Film \u201eDer Goldene Kompass\u201c gedreht \u2013 ein Besuch f\u00fcr wahre Fans ist demnach ein Muss. Sp\u00e4ter Fahrt nach London, wo Sie den Mietwagen abgeben und die Heimreise in Eigenregie antreten.<\/p>\n<p><strong>Folgende Unterkunftskategorien stehen zur Auswahl:<\/strong><\/p>\n<p>Bronze = Bed &#038; Breakfast Unterk\u00fcnfte und Inns (mit eigenem Bad)<\/p>\n<p>Silber = Mittelklassehotels<\/p>\n<p><strong>Eingeschlossene Leistungen:<\/strong><\/p>\n<p>7 \u00dcbernachtungen in der gew\u00e4hlten Unterkunftskategorie (Bronze oder Silber)<\/p>\n<p>1 Kind (0-12 Jahre) im Zimmer der Eltern inklusive (Doppelzimmer mit Zustellbett)<\/p>\n<p>T\u00e4gliches Fr\u00fchst\u00fcck<\/p>\n<p>1 Reisef\u00fchrer \u00fcber England<\/p>\n<p><strong>Nicht eingeschlossene Leistungen:<\/strong><\/p>\n<p>Fl\u00fcge, F\u00e4hre, Mietwagen (bieten wir Ihnen gerne passend dazu an)<\/p>\n<p>Verl\u00e4ngerung in London<\/p>\n<p>Pers\u00f6nliche Ausgaben aller Art<\/p>\n<p>Weitere Mahlzeiten<\/p>\n<p>Eintritte, Ausfl\u00fcge<\/p>\n<p>National Trust Pass (sehr zu empfehlen)<\/p>\n<p>Trinkgelder, Benzin<\/p>\n<p>T\u00e4glich m\u00f6glich!<\/p>\n<p><strong>Preise 2026<\/strong><\/p>\n<p>Bronze: \u20ac 910,- pro Person im Doppelzimmer | \u20ac 1.120,- pro Person im Einzelzimmer <\/p>\n<p>Silber: Preise saisonabh\u00e4nig ab \u20ac 675,- pro Person im Doppelzimmer | ab \u20ac 1.105,- pro Person im Einzelzimmer <\/p>\n<p>Mehrbettzimmer auf Anfrage!<\/p>\n<p style=\"text-align: center;\"><a class=\"tidycta\" href=\"http:\/\/www.urlaubcornwall.de\/anfrage.php?tourcode=ENGSELBST-3\">Anfrage \/ Buchung<\/a><\/p>\n<p>Hier finden Sie eine Auswahl an Ready Made Touren und <a href=\"https:\/\/www.urlaubcornwall.de\/rundreisen\/cornwall-suedengland.php\">Rundreisen in Cornwall, S\u00fcdwest und S\u00fcdengland<\/a>.<\/p>\n","protected":false},"excerpt":{"rendered":"<p>Highlights: Southampton, New Forest Nationalpark, Stonehenge, Plymouth, Dartmoor Nationalpark, Bath 8 Tage \/ 7 N\u00e4chte | t\u00e4glich m\u00f6glich | ab\/bis London Erleben Sie auf dieser Autoreise &#8220;Familientour eindrucksvolles Devon und Cornwall&#8221; die eindrucksvolle Sch\u00f6nheit der Regionen Devon und Cornwall im S\u00fcden Englands. In Ihrem eigenen Tempo entdecken Sie bei dieser Autoreise einzigartige Landschaften, romantische Fischerd\u00f6fer, [&hellip;]<\/p>\n","protected":false},"author":1,"featured_media":0,"parent":0,"menu_order":0,"comment_status":"closed","ping_status":"closed","template":"single-four.php","meta":[],"acf":[],"yoast_head":"<!-- This site is optimized with the Yoast SEO plugin v19.4 - https:\/\/yoast.com\/wordpress\/plugins\/seo\/ -->\n<title>Familientour Devon &amp; Cornwall \u2013 8 Tage - Urlaub &amp; Reisen<\/title>\n<meta name=\"robots\" content=\"index, follow, max-snippet:-1, max-image-preview:large, max-video-preview:-1\" \/>\n<link rel=\"canonical\" href=\"https:\/\/www.urlaubcornwall.de\/blog\/familientour-devon-cornwall-8-tage\/\" \/>\n<meta property=\"og:locale\" content=\"en_US\" \/>\n<meta property=\"og:type\" content=\"article\" \/>\n<meta property=\"og:title\" content=\"Familientour Devon &amp; Cornwall \u2013 8 Tage - Urlaub &amp; Reisen\" \/>\n<meta property=\"og:description\" content=\"Highlights: Southampton, New Forest Nationalpark, Stonehenge, Plymouth, Dartmoor Nationalpark, Bath 8 Tage \/ 7 N\u00e4chte | t\u00e4glich m\u00f6glich | ab\/bis London Erleben Sie auf dieser Autoreise &#8220;Familientour eindrucksvolles Devon und Cornwall&#8221; die eindrucksvolle Sch\u00f6nheit der Regionen Devon und Cornwall im S\u00fcden Englands. In Ihrem eigenen Tempo entdecken Sie bei dieser Autoreise einzigartige Landschaften, romantische Fischerd\u00f6fer, [&hellip;]\" \/>\n<meta property=\"og:url\" content=\"https:\/\/www.urlaubcornwall.de\/blog\/familientour-devon-cornwall-8-tage\/\" \/>\n<meta property=\"og:site_name\" content=\"Urlaub &amp; Reisen\" \/>\n<meta property=\"article:modified_time\" content=\"2025-10-20T11:01:57+00:00\" \/>\n<meta property=\"og:image\" content=\"https:\/\/www.urlaubcornwall.de\/blog\/wp-content\/uploads\/2015\/05\/Bath.jpg\" \/>\n<meta name=\"twitter:card\" content=\"summary\" \/>\n<meta name=\"twitter:label1\" content=\"Est. reading time\" \/>\n\t<meta name=\"twitter:data1\" content=\"6 minutes\" \/>\n<script type=\"application\/ld+json\" class=\"yoast-schema-graph\">{\"@context\":\"https:\/\/schema.org\",\"@graph\":[{\"@type\":\"WebSite\",\"@id\":\"https:\/\/www.urlaubcornwall.de\/blog\/#website\",\"url\":\"https:\/\/www.urlaubcornwall.de\/blog\/\",\"name\":\"Urlaub &amp; Reisen\",\"description\":\"Urlaub, Reisen, Cornwall und S\u00fcdengland: eine perfekte Kombination\",\"potentialAction\":[{\"@type\":\"SearchAction\",\"target\":{\"@type\":\"EntryPoint\",\"urlTemplate\":\"https:\/\/www.urlaubcornwall.de\/blog\/?s={search_term_string}\"},\"query-input\":\"required name=search_term_string\"}],\"inLanguage\":\"en-US\"},{\"@type\":\"WebPage\",\"@id\":\"https:\/\/www.urlaubcornwall.de\/blog\/familientour-devon-cornwall-8-tage\/\",\"url\":\"https:\/\/www.urlaubcornwall.de\/blog\/familientour-devon-cornwall-8-tage\/\",\"name\":\"Familientour Devon & Cornwall \u2013 8 Tage - Urlaub &amp; Reisen\",\"isPartOf\":{\"@id\":\"https:\/\/www.urlaubcornwall.de\/blog\/#website\"},\"datePublished\":\"2018-02-08T14:52:30+00:00\",\"dateModified\":\"2025-10-20T11:01:57+00:00\",\"breadcrumb\":{\"@id\":\"https:\/\/www.urlaubcornwall.de\/blog\/familientour-devon-cornwall-8-tage\/#breadcrumb\"},\"inLanguage\":\"en-US\",\"potentialAction\":[{\"@type\":\"ReadAction\",\"target\":[\"https:\/\/www.urlaubcornwall.de\/blog\/familientour-devon-cornwall-8-tage\/\"]}]},{\"@type\":\"BreadcrumbList\",\"@id\":\"https:\/\/www.urlaubcornwall.de\/blog\/familientour-devon-cornwall-8-tage\/#breadcrumb\",\"itemListElement\":[{\"@type\":\"ListItem\",\"position\":1,\"name\":\"Home\",\"item\":\"https:\/\/www.urlaubcornwall.de\/blog\/\"},{\"@type\":\"ListItem\",\"position\":2,\"name\":\"Familientour Devon &#038; Cornwall \u2013 8 Tage\"}]}]}<\/script>\n<!-- \/ Yoast SEO plugin. -->","yoast_head_json":{"title":"Familientour Devon & Cornwall \u2013 8 Tage - Urlaub &amp; Reisen","robots":{"index":"index","follow":"follow","max-snippet":"max-snippet:-1","max-image-preview":"max-image-preview:large","max-video-preview":"max-video-preview:-1"},"canonical":"https:\/\/www.urlaubcornwall.de\/blog\/familientour-devon-cornwall-8-tage\/","og_locale":"en_US","og_type":"article","og_title":"Familientour Devon & Cornwall \u2013 8 Tage - Urlaub &amp; Reisen","og_description":"Highlights: Southampton, New Forest Nationalpark, Stonehenge, Plymouth, Dartmoor Nationalpark, Bath 8 Tage \/ 7 N\u00e4chte | t\u00e4glich m\u00f6glich | ab\/bis London Erleben Sie auf dieser Autoreise &#8220;Familientour eindrucksvolles Devon und Cornwall&#8221; die eindrucksvolle Sch\u00f6nheit der Regionen Devon und Cornwall im S\u00fcden Englands. In Ihrem eigenen Tempo entdecken Sie bei dieser Autoreise einzigartige Landschaften, romantische Fischerd\u00f6fer, [&hellip;]","og_url":"https:\/\/www.urlaubcornwall.de\/blog\/familientour-devon-cornwall-8-tage\/","og_site_name":"Urlaub &amp; Reisen","article_modified_time":"2025-10-20T11:01:57+00:00","og_image":[{"url":"https:\/\/www.urlaubcornwall.de\/blog\/wp-content\/uploads\/2015\/05\/Bath.jpg"}],"twitter_card":"summary","twitter_misc":{"Est. reading time":"6 minutes"},"schema":{"@context":"https:\/\/schema.org","@graph":[{"@type":"WebSite","@id":"https:\/\/www.urlaubcornwall.de\/blog\/#website","url":"https:\/\/www.urlaubcornwall.de\/blog\/","name":"Urlaub &amp; Reisen","description":"Urlaub, Reisen, Cornwall und S\u00fcdengland: eine perfekte Kombination","potentialAction":[{"@type":"SearchAction","target":{"@type":"EntryPoint","urlTemplate":"https:\/\/www.urlaubcornwall.de\/blog\/?s={search_term_string}"},"query-input":"required name=search_term_string"}],"inLanguage":"en-US"},{"@type":"WebPage","@id":"https:\/\/www.urlaubcornwall.de\/blog\/familientour-devon-cornwall-8-tage\/","url":"https:\/\/www.urlaubcornwall.de\/blog\/familientour-devon-cornwall-8-tage\/","name":"Familientour Devon & Cornwall \u2013 8 Tage - Urlaub &amp; Reisen","isPartOf":{"@id":"https:\/\/www.urlaubcornwall.de\/blog\/#website"},"datePublished":"2018-02-08T14:52:30+00:00","dateModified":"2025-10-20T11:01:57+00:00","breadcrumb":{"@id":"https:\/\/www.urlaubcornwall.de\/blog\/familientour-devon-cornwall-8-tage\/#breadcrumb"},"inLanguage":"en-US","potentialAction":[{"@type":"ReadAction","target":["https:\/\/www.urlaubcornwall.de\/blog\/familientour-devon-cornwall-8-tage\/"]}]},{"@type":"BreadcrumbList","@id":"https:\/\/www.urlaubcornwall.de\/blog\/familientour-devon-cornwall-8-tage\/#breadcrumb","itemListElement":[{"@type":"ListItem","position":1,"name":"Home","item":"https:\/\/www.urlaubcornwall.de\/blog\/"},{"@type":"ListItem","position":2,"name":"Familientour Devon &#038; Cornwall \u2013 8 Tage"}]}]}},"_links":{"self":[{"href":"https:\/\/www.urlaubcornwall.de\/blog\/wp-json\/wp\/v2\/pages\/32365"}],"collection":[{"href":"https:\/\/www.urlaubcornwall.de\/blog\/wp-json\/wp\/v2\/pages"}],"about":[{"href":"https:\/\/www.urlaubcornwall.de\/blog\/wp-json\/wp\/v2\/types\/page"}],"author":[{"embeddable":true,"href":"https:\/\/www.urlaubcornwall.de\/blog\/wp-json\/wp\/v2\/users\/1"}],"replies":[{"embeddable":true,"href":"https:\/\/www.urlaubcornwall.de\/blog\/wp-json\/wp\/v2\/comments?post=32365"}],"version-history":[{"count":15,"href":"https:\/\/www.urlaubcornwall.de\/blog\/wp-json\/wp\/v2\/pages\/32365\/revisions"}],"predecessor-version":[{"id":51893,"href":"https:\/\/www.urlaubcornwall.de\/blog\/wp-json\/wp\/v2\/pages\/32365\/revisions\/51893"}],"wp:attachment":[{"href":"https:\/\/www.urlaubcornwall.de\/blog\/wp-json\/wp\/v2\/media?parent=32365"}],"curies":[{"name":"wp","href":"https:\/\/api.w.org\/{rel}","templated":true}]}}