{"id":32359,"date":"2018-02-08T13:23:01","date_gmt":"2018-02-08T13:23:01","guid":{"rendered":"https:\/\/www.urlaubcornwall.de\/blog\/?page_id=32359"},"modified":"2024-05-30T13:00:17","modified_gmt":"2024-05-30T13:00:17","slug":"test-11234","status":"publish","type":"page","link":"https:\/\/www.urlaubcornwall.de\/blog\/test-11234\/","title":{"rendered":"Rundreise durch Cornwall und S\u00fcdengland."},"content":{"rendered":"<p>Hier finden Sie eine Auswahl an Touren und Rundreisen in S\u00fcdwest und S\u00fcdengland. Benutzen Sie unsere Website als Inspiration oder teilen Sie uns Ihre Urlaubspl\u00e4ne mit. Wir k\u00fcmmern uns um Alleinreisende, Paare, Familien und Gruppen jeder Gr\u00f6\u00dfe.<\/p>\n<p><img loading=\"lazy\" class=\"aligncenter size-full wp-image-32397\" src=\"https:\/\/www.urlaubcornwall.de\/blog\/wp-content\/uploads\/2018\/02\/rundreise-cornwall_st-ives.jpg\" alt=\"rundreise cornwall_st ives\" width=\"741\" height=\"355\" srcset=\"https:\/\/www.urlaubcornwall.de\/blog\/wp-content\/uploads\/2018\/02\/rundreise-cornwall_st-ives.jpg 741w, https:\/\/www.urlaubcornwall.de\/blog\/wp-content\/uploads\/2018\/02\/rundreise-cornwall_st-ives-300x144.jpg 300w\" sizes=\"(max-width: 741px) 100vw, 741px\" \/><\/p>\n<h1 style=\"text-align: left;\"><strong><a href=\"https:\/\/www.urlaubcornwall.de\/blog\/autotour-in-grossbritannien-cornwall-rundreise-9-tage\/\"><span style=\"text-decoration: underline;\">Cornwall Rundreise &#8211; 9 Tage<\/span><\/a><br \/>\n<\/strong><\/h1>\n<p><strong>Highlights: London, Bournemouth, Torquay, Exmoor Nationalpark, Bath<\/strong><\/p>\n<p>9 Tage \/ 8 N\u00e4chte | t\u00e4glich m\u00f6glich | ab\/bis London<\/p>\n<p>Bei dieser Cornwall Rundreise entdecken Sie die H\u00f6hepunkte S\u00fcdenglands. Kultur, Geschichte, Landschaft und heutiges Leben werden Sie hierbei kennenlernen. Zu Beginn der Reise haben Sie zwei Tage Zeit, um die Sehensw\u00fcrdigkeiten der Hauptstadt Englands&#8230;.<a href=\"https:\/\/www.urlaubcornwall.de\/blog\/autotour-in-grossbritannien-cornwall-rundreise-9-tage\/\">[Mehr]<\/a><br \/>\n<img loading=\"lazy\" class=\"aligncenter size-full wp-image-32364\" src=\"https:\/\/www.urlaubcornwall.de\/blog\/wp-content\/uploads\/2018\/02\/rundreise-cornwall.jpg\" alt=\"rundreise cornwall\" width=\"747\" height=\"344\" srcset=\"https:\/\/www.urlaubcornwall.de\/blog\/wp-content\/uploads\/2018\/02\/rundreise-cornwall.jpg 744w, https:\/\/www.urlaubcornwall.de\/blog\/wp-content\/uploads\/2018\/02\/rundreise-cornwall-300x139.jpg 300w\" sizes=\"(max-width: 747px) 100vw, 747px\" \/><\/p>\n<h1 style=\"text-align: left;\"><strong><a href=\"https:\/\/www.urlaubcornwall.de\/blog\/scilly-inseln-suedliches-cornwall-11-tage-tui\/\"><span style=\"text-decoration: underline;\">Autoreise Cornwall &amp; Scilly Inseln\u2013 11 Tage<\/span><\/a><br \/>\n<\/strong><\/h1>\n<p><strong>Highlights: Newquay, Scilly Islands, Lizard Halbinsel<\/strong><\/p>\n<p>11 Tage \/ 10 N\u00e4chte | t\u00e4glich m\u00f6glich<\/p>\n<p>Auf dieser Autoreise England erkunden Sie neben den H\u00f6hepunkten Cornwalls auch die einmalig sch\u00f6nen Scilly Islands. Diese besondere Inselgruppe ist autofrei und damit bei Naturfreunden&#8230;&#8230;<a href=\"https:\/\/www.urlaubcornwall.de\/blog\/scilly-inseln-suedliches-cornwall-11-tage-tui\/\">[Mehr]<\/a><br \/>\n<strong><a href=\"https:\/\/www.urlaubcornwall.de\/blog\/autoreisen-suedengland-bezauberndes-england-12-tage\/\"><span style=\"text-decoration: underline;\">Autoreisen S\u00fcdengland: Bezauberndes England 12 Tage<\/span><\/a><br \/>\n<\/strong>\n<\/p><p><strong>Highlights: London, Brighton, Bournemouth, Sussex, Exmoor, Bath, Stonehenge<\/strong><\/p>\n<p>12 Tage \/ 11 N\u00e4chte | t\u00e4glich m\u00f6glich |ab\/bis London<\/p>\n<p>Entdecken Sie die H\u00f6hepunkte S\u00fcdenglands w\u00e4hrend einer 12-t\u00e4gigen Selbstfahrertour durch England. Von London geht es nach Bournemouth in die sch\u00f6ne Grafschaft Dorset und weiter durch Devon&#8230;.<a href=\"https:\/\/www.urlaubcornwall.de\/blog\/autoreisen-suedengland-bezauberndes-england-12-tage\/\">[Mehr]<\/a><br \/>\n<img loading=\"lazy\" class=\"aligncenter size-full wp-image-32377\" src=\"https:\/\/www.urlaubcornwall.de\/blog\/wp-content\/uploads\/2018\/02\/rundreise-devon-cornwall.jpg\" alt=\"rundreise devon cornwall\" width=\"748\" height=\"364\" srcset=\"https:\/\/www.urlaubcornwall.de\/blog\/wp-content\/uploads\/2018\/02\/rundreise-devon-cornwall.jpg 748w, https:\/\/www.urlaubcornwall.de\/blog\/wp-content\/uploads\/2018\/02\/rundreise-devon-cornwall-300x146.jpg 300w\" sizes=\"(max-width: 748px) 100vw, 748px\" \/><\/p>\n<h1 style=\"text-align: left;\"><strong><a href=\"https:\/\/www.urlaubcornwall.de\/blog\/familientour-devon-cornwall-8-tage\/\"><span style=\"text-decoration: underline;\">Familientour Devon &amp; Cornwall \u2013 8 Tage<\/span><\/a><br \/>\n<\/strong><\/h1>\n<p><strong><br \/>\nHighlights: Bath, Bristol, Exmoor Nationalpark, Newquay, Lands End, Dartmoor Nationalpark<\/strong><\/p>\n<p>10 Tage \/ 9 N\u00e4chte | T\u00e4glich m\u00f6glich | ab\/bis Bristol<\/p>\n<p>Erleben Sie auf dieser Autoreise &#8220;Familientour eindrucksvolles Devon und Cornwall&#8221; die eindrucksvolle Sch\u00f6nheit der Regionen Devon und Cornwall im S\u00fcden Englands&#8230;&#8230;<a href=\"https:\/\/www.urlaubcornwall.de\/blog\/familientour-devon-cornwall-8-tage\/\">[Mehr]<\/a><\/p>\n<p><img loading=\"lazy\" class=\"aligncenter size-full wp-image-32372\" src=\"https:\/\/www.urlaubcornwall.de\/blog\/wp-content\/uploads\/2018\/02\/luxus-rundreise-england.jpg\" alt=\"luxus rundreise engand\" width=\"747\" height=\"362\" srcset=\"https:\/\/www.urlaubcornwall.de\/blog\/wp-content\/uploads\/2018\/02\/luxus-rundreise-england.jpg 747w, https:\/\/www.urlaubcornwall.de\/blog\/wp-content\/uploads\/2018\/02\/luxus-rundreise-england-300x145.jpg 300w\" sizes=\"(max-width: 747px) 100vw, 747px\" \/><\/p>\n<h1 style=\"text-align: left;\"><strong><a href=\"https:\/\/www.urlaubcornwall.de\/blog\/rundreise-suedengland-4-und-5-sterne-hotels-8-tage\/\"><span style=\"text-decoration: underline;\">Rundreise in S\u00fcdengland 4 und 5 Sterne Hotels \u2013 8 Tage<\/span><\/a><br \/>\n<\/strong><\/h1>\n<p><strong>Highlights: Bath, Cotswolds, Dartmoor Nationalpark, Devon, Cornwall<\/strong><\/p>\n<p>8 Tage \/ 7 N\u00e4chte | t\u00e4glich m\u00f6glich | ab\/bis Newquay, Bristol, Cardiff oder London<\/p>\n<p>Sie legen etwas mehr Wert auf tolle Unterk\u00fcnfte? Dann ist diese Reise genau das Richtige f\u00fcr Sie, denn es sind sieben \u00dcbernachtungen in sch\u00f6nen 4-5* Hotels eingeschlossen&#8230;&#8230;<a href=\"https:\/\/www.urlaubcornwall.de\/blog\/rundreise-suedengland-4-und-5-sterne-hotels-8-tage\/\">[Mehr]<\/a><\/p>\n<p><img loading=\"lazy\" class=\"aligncenter size-full wp-image-32364\" src=\"https:\/\/www.urlaubcornwall.de\/blog\/wp-content\/uploads\/2018\/02\/rundreise-cornwall.jpg\" alt=\"rundreise cornwall\" width=\"747\" height=\"344\" srcset=\"https:\/\/www.urlaubcornwall.de\/blog\/wp-content\/uploads\/2018\/02\/rundreise-cornwall.jpg 744w, https:\/\/www.urlaubcornwall.de\/blog\/wp-content\/uploads\/2018\/02\/rundreise-cornwall-300x139.jpg 300w\" sizes=\"(max-width: 747px) 100vw, 747px\" \/><\/p>\n<h1 style=\"text-align: left;\"><strong><a href=\"https:\/\/www.urlaubcornwall.de\/blog\/rundreise-suedengland-mit-auto-geniesserreise-suedengland-10-tage\/\"><span style=\"text-decoration: underline;\">Rundreise S\u00fcdengland mit Auto &#8211; 10 Tage<\/span><\/a><br \/>\n<\/strong><\/h1>\n<p><strong><br \/>\nHighlights: Bath, Bristol, Exmoor Nationalpark, Newquay, Lands End, Dartmoor Nationalpark<\/strong><\/p>\n<p>10 Tage \/ 9 N\u00e4chte | T\u00e4glich m\u00f6glich | ab\/bis Bristol<\/p>\n<p>W\u00e4hrend dieser S\u00fcdengland Rundreise Auto &#8220;Genie\u00dferreise S\u00fcdengland&#8221; haben Sie ausreichend Zeit um wundersch\u00f6n angelegte G\u00e4rten&#8230;&#8230;.<a href=\"https:\/\/www.urlaubcornwall.de\/blog\/rundreise-suedengland-mit-auto-geniesserreise-suedengland-10-tage\/\">[Mehr]<\/a><\/p>\n","protected":false},"excerpt":{"rendered":"<p>Hier finden Sie eine Auswahl an Touren und Rundreisen in S\u00fcdwest und S\u00fcdengland. Benutzen Sie unsere Website als Inspiration oder teilen Sie uns Ihre Urlaubspl\u00e4ne mit. Wir k\u00fcmmern uns um Alleinreisende, Paare, Familien und Gruppen jeder Gr\u00f6\u00dfe. Cornwall Rundreise &#8211; 9 Tage Highlights: London, Bournemouth, Torquay, Exmoor Nationalpark, Bath 9 Tage \/ 8 N\u00e4chte | [&hellip;]<\/p>\n","protected":false},"author":1,"featured_media":0,"parent":0,"menu_order":0,"comment_status":"closed","ping_status":"closed","template":"single-four.php","meta":[],"acf":[],"yoast_head":"<!-- This site is optimized with the Yoast SEO plugin v19.4 - https:\/\/yoast.com\/wordpress\/plugins\/seo\/ -->\n<title>Rundreise durch Cornwall und S\u00fcdengland. - Urlaub &amp; Reisen<\/title>\n<meta name=\"robots\" content=\"index, follow, max-snippet:-1, max-image-preview:large, max-video-preview:-1\" \/>\n<link rel=\"canonical\" href=\"https:\/\/www.urlaubcornwall.de\/blog\/test-11234\/\" \/>\n<meta property=\"og:locale\" content=\"en_US\" \/>\n<meta property=\"og:type\" content=\"article\" \/>\n<meta property=\"og:title\" content=\"Rundreise durch Cornwall und S\u00fcdengland. - Urlaub &amp; Reisen\" \/>\n<meta property=\"og:description\" content=\"Hier finden Sie eine Auswahl an Touren und Rundreisen in S\u00fcdwest und S\u00fcdengland. Benutzen Sie unsere Website als Inspiration oder teilen Sie uns Ihre Urlaubspl\u00e4ne mit. Wir k\u00fcmmern uns um Alleinreisende, Paare, Familien und Gruppen jeder Gr\u00f6\u00dfe. Cornwall Rundreise &#8211; 9 Tage Highlights: London, Bournemouth, Torquay, Exmoor Nationalpark, Bath 9 Tage \/ 8 N\u00e4chte | [&hellip;]\" \/>\n<meta property=\"og:url\" content=\"https:\/\/www.urlaubcornwall.de\/blog\/test-11234\/\" \/>\n<meta property=\"og:site_name\" content=\"Urlaub &amp; Reisen\" \/>\n<meta property=\"article:modified_time\" content=\"2024-05-30T13:00:17+00:00\" \/>\n<meta property=\"og:image\" content=\"https:\/\/www.urlaubcornwall.de\/blog\/wp-content\/uploads\/2018\/02\/rundreise-cornwall_st-ives.jpg\" \/>\n<meta name=\"twitter:card\" content=\"summary\" \/>\n<meta name=\"twitter:label1\" content=\"Est. reading time\" \/>\n\t<meta name=\"twitter:data1\" content=\"3 minutes\" \/>\n<script type=\"application\/ld+json\" class=\"yoast-schema-graph\">{\"@context\":\"https:\/\/schema.org\",\"@graph\":[{\"@type\":\"WebSite\",\"@id\":\"https:\/\/www.urlaubcornwall.de\/blog\/#website\",\"url\":\"https:\/\/www.urlaubcornwall.de\/blog\/\",\"name\":\"Urlaub &amp; Reisen\",\"description\":\"Urlaub, Reisen, Cornwall und S\u00fcdengland: eine perfekte Kombination\",\"potentialAction\":[{\"@type\":\"SearchAction\",\"target\":{\"@type\":\"EntryPoint\",\"urlTemplate\":\"https:\/\/www.urlaubcornwall.de\/blog\/?s={search_term_string}\"},\"query-input\":\"required name=search_term_string\"}],\"inLanguage\":\"en-US\"},{\"@type\":\"WebPage\",\"@id\":\"https:\/\/www.urlaubcornwall.de\/blog\/test-11234\/\",\"url\":\"https:\/\/www.urlaubcornwall.de\/blog\/test-11234\/\",\"name\":\"Rundreise durch Cornwall und S\u00fcdengland. - Urlaub &amp; Reisen\",\"isPartOf\":{\"@id\":\"https:\/\/www.urlaubcornwall.de\/blog\/#website\"},\"datePublished\":\"2018-02-08T13:23:01+00:00\",\"dateModified\":\"2024-05-30T13:00:17+00:00\",\"breadcrumb\":{\"@id\":\"https:\/\/www.urlaubcornwall.de\/blog\/test-11234\/#breadcrumb\"},\"inLanguage\":\"en-US\",\"potentialAction\":[{\"@type\":\"ReadAction\",\"target\":[\"https:\/\/www.urlaubcornwall.de\/blog\/test-11234\/\"]}]},{\"@type\":\"BreadcrumbList\",\"@id\":\"https:\/\/www.urlaubcornwall.de\/blog\/test-11234\/#breadcrumb\",\"itemListElement\":[{\"@type\":\"ListItem\",\"position\":1,\"name\":\"Home\",\"item\":\"https:\/\/www.urlaubcornwall.de\/blog\/\"},{\"@type\":\"ListItem\",\"position\":2,\"name\":\"Rundreise durch Cornwall und S\u00fcdengland.\"}]}]}<\/script>\n<!-- \/ Yoast SEO plugin. -->","yoast_head_json":{"title":"Rundreise durch Cornwall und S\u00fcdengland. - Urlaub &amp; Reisen","robots":{"index":"index","follow":"follow","max-snippet":"max-snippet:-1","max-image-preview":"max-image-preview:large","max-video-preview":"max-video-preview:-1"},"canonical":"https:\/\/www.urlaubcornwall.de\/blog\/test-11234\/","og_locale":"en_US","og_type":"article","og_title":"Rundreise durch Cornwall und S\u00fcdengland. - Urlaub &amp; Reisen","og_description":"Hier finden Sie eine Auswahl an Touren und Rundreisen in S\u00fcdwest und S\u00fcdengland. Benutzen Sie unsere Website als Inspiration oder teilen Sie uns Ihre Urlaubspl\u00e4ne mit. Wir k\u00fcmmern uns um Alleinreisende, Paare, Familien und Gruppen jeder Gr\u00f6\u00dfe. Cornwall Rundreise &#8211; 9 Tage Highlights: London, Bournemouth, Torquay, Exmoor Nationalpark, Bath 9 Tage \/ 8 N\u00e4chte | [&hellip;]","og_url":"https:\/\/www.urlaubcornwall.de\/blog\/test-11234\/","og_site_name":"Urlaub &amp; Reisen","article_modified_time":"2024-05-30T13:00:17+00:00","og_image":[{"url":"https:\/\/www.urlaubcornwall.de\/blog\/wp-content\/uploads\/2018\/02\/rundreise-cornwall_st-ives.jpg"}],"twitter_card":"summary","twitter_misc":{"Est. reading time":"3 minutes"},"schema":{"@context":"https:\/\/schema.org","@graph":[{"@type":"WebSite","@id":"https:\/\/www.urlaubcornwall.de\/blog\/#website","url":"https:\/\/www.urlaubcornwall.de\/blog\/","name":"Urlaub &amp; Reisen","description":"Urlaub, Reisen, Cornwall und S\u00fcdengland: eine perfekte Kombination","potentialAction":[{"@type":"SearchAction","target":{"@type":"EntryPoint","urlTemplate":"https:\/\/www.urlaubcornwall.de\/blog\/?s={search_term_string}"},"query-input":"required name=search_term_string"}],"inLanguage":"en-US"},{"@type":"WebPage","@id":"https:\/\/www.urlaubcornwall.de\/blog\/test-11234\/","url":"https:\/\/www.urlaubcornwall.de\/blog\/test-11234\/","name":"Rundreise durch Cornwall und S\u00fcdengland. - Urlaub &amp; Reisen","isPartOf":{"@id":"https:\/\/www.urlaubcornwall.de\/blog\/#website"},"datePublished":"2018-02-08T13:23:01+00:00","dateModified":"2024-05-30T13:00:17+00:00","breadcrumb":{"@id":"https:\/\/www.urlaubcornwall.de\/blog\/test-11234\/#breadcrumb"},"inLanguage":"en-US","potentialAction":[{"@type":"ReadAction","target":["https:\/\/www.urlaubcornwall.de\/blog\/test-11234\/"]}]},{"@type":"BreadcrumbList","@id":"https:\/\/www.urlaubcornwall.de\/blog\/test-11234\/#breadcrumb","itemListElement":[{"@type":"ListItem","position":1,"name":"Home","item":"https:\/\/www.urlaubcornwall.de\/blog\/"},{"@type":"ListItem","position":2,"name":"Rundreise durch Cornwall und S\u00fcdengland."}]}]}},"_links":{"self":[{"href":"https:\/\/www.urlaubcornwall.de\/blog\/wp-json\/wp\/v2\/pages\/32359"}],"collection":[{"href":"https:\/\/www.urlaubcornwall.de\/blog\/wp-json\/wp\/v2\/pages"}],"about":[{"href":"https:\/\/www.urlaubcornwall.de\/blog\/wp-json\/wp\/v2\/types\/page"}],"author":[{"embeddable":true,"href":"https:\/\/www.urlaubcornwall.de\/blog\/wp-json\/wp\/v2\/users\/1"}],"replies":[{"embeddable":true,"href":"https:\/\/www.urlaubcornwall.de\/blog\/wp-json\/wp\/v2\/comments?post=32359"}],"version-history":[{"count":8,"href":"https:\/\/www.urlaubcornwall.de\/blog\/wp-json\/wp\/v2\/pages\/32359\/revisions"}],"predecessor-version":[{"id":51057,"href":"https:\/\/www.urlaubcornwall.de\/blog\/wp-json\/wp\/v2\/pages\/32359\/revisions\/51057"}],"wp:attachment":[{"href":"https:\/\/www.urlaubcornwall.de\/blog\/wp-json\/wp\/v2\/media?parent=32359"}],"curies":[{"name":"wp","href":"https:\/\/api.w.org\/{rel}","templated":true}]}}