{"id":32354,"date":"2018-02-08T12:09:07","date_gmt":"2018-02-08T12:09:07","guid":{"rendered":"https:\/\/www.urlaubcornwall.de\/blog\/?page_id=32354"},"modified":"2021-09-02T09:40:28","modified_gmt":"2021-09-02T09:40:28","slug":"ferienhaus-newquay-mit-hund-mieten","status":"publish","type":"page","link":"https:\/\/www.urlaubcornwall.de\/blog\/ferienhaus-newquay-mit-hund-mieten\/","title":{"rendered":"Ferienhaus in Newquay mit Hund mieten"},"content":{"rendered":"<p><img loading=\"lazy\" class=\"aligncenter size-full wp-image-32355\" src=\"https:\/\/www.urlaubcornwall.de\/blog\/wp-content\/uploads\/2018\/02\/ferienhaus-mit-hund-newquay.jpg\" alt=\"ferienhaus mit hund newquay\" width=\"747\" height=\"494\"\/><\/p>\n<p><strong>Ferienhaus 2.6 kilometern O von Perranporth, Nordk\u00fcste Cornwall.<\/strong><\/p>\n<p>1 Schlafzimmer, hundefreundlich, Schlafplatz f\u00fcr 2 + Kinderbett, An-\/Abreisetag am Freitag<\/p>\n<p>Preis pro Woche \u00a3343 &#8211; \u00a3746<\/p>\n<p>Die Nordk\u00fcste ist ber\u00fchmt f\u00fcr wundersch\u00f6ne Str\u00e4nde und Perranporth in der N\u00e4he von Newquay, ein gro\u00dfartiges Beispiel f\u00fcr eine der besten, ist nur wenige Autominuten vom sch\u00f6nen Primrose Cottage entfernt. Das Ferienhaus liegt in einem ruhigen, friedlichen Tal mit Feldern und W\u00e4ldern. Das Cottage verf\u00fcgt \u00fcber einen eigenen Garten, Steinb\u00f6den im Erdgeschoss, eine Balkendecke und einen offenen Kamin&#8230;..<\/p>\n<p style=\"text-align: center;\"><a class=\"tidycta\" href=\"https:\/\/www.urlaubcornwall.de\/ferienhaeuser-fewos\/newquay-mit-hund.html\">Suche Ferienh\u00e4user Newquay<\/a><\/p>\n<p>Um UrlaubCornwall.de einzigartige Kollektion nach Ihrem idealen Ferienhaus zu durchsuchen. <a href=\"https:\/\/www.urlaubcornwall.de\/ferienhaeuser\/cornwall.php\"><span style=\"text-decoration: underline;\">Klicken Sie hier<\/span> &gt;&gt;<\/a><\/p>\n","protected":false},"excerpt":{"rendered":"<p>Ferienhaus 2.6 kilometern O von Perranporth, Nordk\u00fcste Cornwall. 1 Schlafzimmer, hundefreundlich, Schlafplatz f\u00fcr 2 + Kinderbett, An-\/Abreisetag am Freitag Preis pro Woche \u00a3343 &#8211; \u00a3746 Die Nordk\u00fcste ist ber\u00fchmt f\u00fcr wundersch\u00f6ne Str\u00e4nde und Perranporth in der N\u00e4he von Newquay, ein gro\u00dfartiges Beispiel f\u00fcr eine der besten, ist nur wenige Autominuten vom sch\u00f6nen Primrose Cottage entfernt. [&hellip;]<\/p>\n","protected":false},"author":1,"featured_media":0,"parent":0,"menu_order":0,"comment_status":"closed","ping_status":"closed","template":"single-four.php","meta":[],"acf":[],"yoast_head":"<!-- This site is optimized with the Yoast SEO plugin v19.4 - https:\/\/yoast.com\/wordpress\/plugins\/seo\/ -->\n<title>Ferienhaus in Newquay mit Hund mieten - Urlaub &amp; Reisen<\/title>\n<meta name=\"robots\" content=\"index, follow, max-snippet:-1, max-image-preview:large, max-video-preview:-1\" \/>\n<link rel=\"canonical\" href=\"https:\/\/www.urlaubcornwall.de\/blog\/ferienhaus-newquay-mit-hund-mieten\/\" \/>\n<meta property=\"og:locale\" content=\"en_US\" \/>\n<meta property=\"og:type\" content=\"article\" \/>\n<meta property=\"og:title\" content=\"Ferienhaus in Newquay mit Hund mieten - Urlaub &amp; Reisen\" \/>\n<meta property=\"og:description\" content=\"Ferienhaus 2.6 kilometern O von Perranporth, Nordk\u00fcste Cornwall. 1 Schlafzimmer, hundefreundlich, Schlafplatz f\u00fcr 2 + Kinderbett, An-\/Abreisetag am Freitag Preis pro Woche \u00a3343 &#8211; \u00a3746 Die Nordk\u00fcste ist ber\u00fchmt f\u00fcr wundersch\u00f6ne Str\u00e4nde und Perranporth in der N\u00e4he von Newquay, ein gro\u00dfartiges Beispiel f\u00fcr eine der besten, ist nur wenige Autominuten vom sch\u00f6nen Primrose Cottage entfernt. [&hellip;]\" \/>\n<meta property=\"og:url\" content=\"https:\/\/www.urlaubcornwall.de\/blog\/ferienhaus-newquay-mit-hund-mieten\/\" \/>\n<meta property=\"og:site_name\" content=\"Urlaub &amp; Reisen\" \/>\n<meta property=\"article:modified_time\" content=\"2021-09-02T09:40:28+00:00\" \/>\n<meta property=\"og:image\" content=\"https:\/\/www.urlaubcornwall.de\/blog\/wp-content\/uploads\/2018\/02\/ferienhaus-mit-hund-newquay.jpg\" \/>\n<meta name=\"twitter:card\" content=\"summary\" \/>\n<meta name=\"twitter:label1\" content=\"Est. reading time\" \/>\n\t<meta name=\"twitter:data1\" content=\"1 minute\" \/>\n<script type=\"application\/ld+json\" class=\"yoast-schema-graph\">{\"@context\":\"https:\/\/schema.org\",\"@graph\":[{\"@type\":\"WebSite\",\"@id\":\"https:\/\/www.urlaubcornwall.de\/blog\/#website\",\"url\":\"https:\/\/www.urlaubcornwall.de\/blog\/\",\"name\":\"Urlaub &amp; Reisen\",\"description\":\"Urlaub, Reisen, Cornwall und S\u00fcdengland: eine perfekte Kombination\",\"potentialAction\":[{\"@type\":\"SearchAction\",\"target\":{\"@type\":\"EntryPoint\",\"urlTemplate\":\"https:\/\/www.urlaubcornwall.de\/blog\/?s={search_term_string}\"},\"query-input\":\"required name=search_term_string\"}],\"inLanguage\":\"en-US\"},{\"@type\":\"WebPage\",\"@id\":\"https:\/\/www.urlaubcornwall.de\/blog\/ferienhaus-newquay-mit-hund-mieten\/\",\"url\":\"https:\/\/www.urlaubcornwall.de\/blog\/ferienhaus-newquay-mit-hund-mieten\/\",\"name\":\"Ferienhaus in Newquay mit Hund mieten - Urlaub &amp; Reisen\",\"isPartOf\":{\"@id\":\"https:\/\/www.urlaubcornwall.de\/blog\/#website\"},\"datePublished\":\"2018-02-08T12:09:07+00:00\",\"dateModified\":\"2021-09-02T09:40:28+00:00\",\"breadcrumb\":{\"@id\":\"https:\/\/www.urlaubcornwall.de\/blog\/ferienhaus-newquay-mit-hund-mieten\/#breadcrumb\"},\"inLanguage\":\"en-US\",\"potentialAction\":[{\"@type\":\"ReadAction\",\"target\":[\"https:\/\/www.urlaubcornwall.de\/blog\/ferienhaus-newquay-mit-hund-mieten\/\"]}]},{\"@type\":\"BreadcrumbList\",\"@id\":\"https:\/\/www.urlaubcornwall.de\/blog\/ferienhaus-newquay-mit-hund-mieten\/#breadcrumb\",\"itemListElement\":[{\"@type\":\"ListItem\",\"position\":1,\"name\":\"Home\",\"item\":\"https:\/\/www.urlaubcornwall.de\/blog\/\"},{\"@type\":\"ListItem\",\"position\":2,\"name\":\"Ferienhaus in Newquay mit Hund mieten\"}]}]}<\/script>\n<!-- \/ Yoast SEO plugin. -->","yoast_head_json":{"title":"Ferienhaus in Newquay mit Hund mieten - Urlaub &amp; Reisen","robots":{"index":"index","follow":"follow","max-snippet":"max-snippet:-1","max-image-preview":"max-image-preview:large","max-video-preview":"max-video-preview:-1"},"canonical":"https:\/\/www.urlaubcornwall.de\/blog\/ferienhaus-newquay-mit-hund-mieten\/","og_locale":"en_US","og_type":"article","og_title":"Ferienhaus in Newquay mit Hund mieten - Urlaub &amp; Reisen","og_description":"Ferienhaus 2.6 kilometern O von Perranporth, Nordk\u00fcste Cornwall. 1 Schlafzimmer, hundefreundlich, Schlafplatz f\u00fcr 2 + Kinderbett, An-\/Abreisetag am Freitag Preis pro Woche \u00a3343 &#8211; \u00a3746 Die Nordk\u00fcste ist ber\u00fchmt f\u00fcr wundersch\u00f6ne Str\u00e4nde und Perranporth in der N\u00e4he von Newquay, ein gro\u00dfartiges Beispiel f\u00fcr eine der besten, ist nur wenige Autominuten vom sch\u00f6nen Primrose Cottage entfernt. [&hellip;]","og_url":"https:\/\/www.urlaubcornwall.de\/blog\/ferienhaus-newquay-mit-hund-mieten\/","og_site_name":"Urlaub &amp; Reisen","article_modified_time":"2021-09-02T09:40:28+00:00","og_image":[{"url":"https:\/\/www.urlaubcornwall.de\/blog\/wp-content\/uploads\/2018\/02\/ferienhaus-mit-hund-newquay.jpg"}],"twitter_card":"summary","twitter_misc":{"Est. reading time":"1 minute"},"schema":{"@context":"https:\/\/schema.org","@graph":[{"@type":"WebSite","@id":"https:\/\/www.urlaubcornwall.de\/blog\/#website","url":"https:\/\/www.urlaubcornwall.de\/blog\/","name":"Urlaub &amp; Reisen","description":"Urlaub, Reisen, Cornwall und S\u00fcdengland: eine perfekte Kombination","potentialAction":[{"@type":"SearchAction","target":{"@type":"EntryPoint","urlTemplate":"https:\/\/www.urlaubcornwall.de\/blog\/?s={search_term_string}"},"query-input":"required name=search_term_string"}],"inLanguage":"en-US"},{"@type":"WebPage","@id":"https:\/\/www.urlaubcornwall.de\/blog\/ferienhaus-newquay-mit-hund-mieten\/","url":"https:\/\/www.urlaubcornwall.de\/blog\/ferienhaus-newquay-mit-hund-mieten\/","name":"Ferienhaus in Newquay mit Hund mieten - Urlaub &amp; Reisen","isPartOf":{"@id":"https:\/\/www.urlaubcornwall.de\/blog\/#website"},"datePublished":"2018-02-08T12:09:07+00:00","dateModified":"2021-09-02T09:40:28+00:00","breadcrumb":{"@id":"https:\/\/www.urlaubcornwall.de\/blog\/ferienhaus-newquay-mit-hund-mieten\/#breadcrumb"},"inLanguage":"en-US","potentialAction":[{"@type":"ReadAction","target":["https:\/\/www.urlaubcornwall.de\/blog\/ferienhaus-newquay-mit-hund-mieten\/"]}]},{"@type":"BreadcrumbList","@id":"https:\/\/www.urlaubcornwall.de\/blog\/ferienhaus-newquay-mit-hund-mieten\/#breadcrumb","itemListElement":[{"@type":"ListItem","position":1,"name":"Home","item":"https:\/\/www.urlaubcornwall.de\/blog\/"},{"@type":"ListItem","position":2,"name":"Ferienhaus in Newquay mit Hund mieten"}]}]}},"_links":{"self":[{"href":"https:\/\/www.urlaubcornwall.de\/blog\/wp-json\/wp\/v2\/pages\/32354"}],"collection":[{"href":"https:\/\/www.urlaubcornwall.de\/blog\/wp-json\/wp\/v2\/pages"}],"about":[{"href":"https:\/\/www.urlaubcornwall.de\/blog\/wp-json\/wp\/v2\/types\/page"}],"author":[{"embeddable":true,"href":"https:\/\/www.urlaubcornwall.de\/blog\/wp-json\/wp\/v2\/users\/1"}],"replies":[{"embeddable":true,"href":"https:\/\/www.urlaubcornwall.de\/blog\/wp-json\/wp\/v2\/comments?post=32354"}],"version-history":[{"count":3,"href":"https:\/\/www.urlaubcornwall.de\/blog\/wp-json\/wp\/v2\/pages\/32354\/revisions"}],"predecessor-version":[{"id":42443,"href":"https:\/\/www.urlaubcornwall.de\/blog\/wp-json\/wp\/v2\/pages\/32354\/revisions\/42443"}],"wp:attachment":[{"href":"https:\/\/www.urlaubcornwall.de\/blog\/wp-json\/wp\/v2\/media?parent=32354"}],"curies":[{"name":"wp","href":"https:\/\/api.w.org\/{rel}","templated":true}]}}