{"id":32338,"date":"2018-02-06T15:16:18","date_gmt":"2018-02-06T15:16:18","guid":{"rendered":"https:\/\/www.urlaubcornwall.de\/blog\/?page_id=32338"},"modified":"2021-09-02T10:23:59","modified_gmt":"2021-09-02T10:23:59","slug":"schoene-ferienhaus-fowey-meer-mieten","status":"publish","type":"page","link":"https:\/\/www.urlaubcornwall.de\/blog\/schoene-ferienhaus-fowey-meer-mieten\/","title":{"rendered":"Sch\u00f6ne Ferienhaus in Fowey am Meer mieten"},"content":{"rendered":"<p><img loading=\"lazy\" class=\"aligncenter size-full wp-image-32339\" src=\"https:\/\/www.urlaubcornwall.de\/blog\/wp-content\/uploads\/2018\/02\/ferienhaus-fowey-meerblick.jpg\" alt=\"ferienhaus fowey meerblick\" width=\"749\" height=\"494\"\/><\/p>\n<p><strong>Ferienhaus mit Meerblick Fowey, S\u00fcdk\u00fcste Cornwall.<\/strong><\/p>\n<p>4 Schlafzimmer, leider keine Haustiere erlaubt, Schlafplatz f\u00fcr 8 + Kinderbett, An-\/Abreisetag am Freitag, Preis pro Woche \u00a3900 &#8211; \u00a32250<\/p>\n<p>Dies ist wirklich ein ganz besonderes Ferienhaus, ideal f\u00fcr Familienfeiern und Gruppen von Freunden. Vom Beobachten von Fischerbooten, Yachten und Delfinen im Sommer bis hin zu tosenden Wellen im Winter, die Aussicht von Trelowen ist atemberaubend. Dieses Haus im New England Stil grenzt an den K\u00fcstenweg oberhalb des malerischen Hafens in Polruan, einem ehemaligen Fischerdorf mit engen Gassen und Reihenh\u00e4usern, direkt gegen\u00fcber dem Fluss von Fowey. Riesige Fenster im offenen Wohnzimmer des ersten Stocks rahmen die hervorragende Aussicht ein, und der wundersch\u00f6n angelegte Garten und die Terrasse mit einem Whirlpool, Sofas und einem Grill, wo Sie das ganze Jahr \u00fcber Mahlzeiten im Freien genie\u00dfen k\u00f6nnen&#8230;&#8230;<\/p>\n<p style=\"text-align: center;\"><a class=\"tidycta\" href=\"https:\/\/www.urlaubcornwall.de\/ferienhaeuser-fewos\/fowey-am-meer.html\">Suche Ferienh\u00e4user Fowey<\/a><\/p>\n<p>Um UrlaubCornwall.de einzigartige Kollektion nach Ihrem idealen Ferienhaus zu durchsuchen. <a href=\"https:\/\/www.urlaubcornwall.de\/ferienhaeuser\/cornwall.php\"><span style=\"text-decoration: underline;\">Klicken Sie hier<\/span> &gt;&gt;<\/a><\/p>\n","protected":false},"excerpt":{"rendered":"<p>Ferienhaus mit Meerblick Fowey, S\u00fcdk\u00fcste Cornwall. 4 Schlafzimmer, leider keine Haustiere erlaubt, Schlafplatz f\u00fcr 8 + Kinderbett, An-\/Abreisetag am Freitag, Preis pro Woche \u00a3900 &#8211; \u00a32250 Dies ist wirklich ein ganz besonderes Ferienhaus, ideal f\u00fcr Familienfeiern und Gruppen von Freunden. Vom Beobachten von Fischerbooten, Yachten und Delfinen im Sommer bis hin zu tosenden Wellen im [&hellip;]<\/p>\n","protected":false},"author":1,"featured_media":0,"parent":0,"menu_order":0,"comment_status":"closed","ping_status":"closed","template":"single-four.php","meta":[],"acf":[],"yoast_head":"<!-- This site is optimized with the Yoast SEO plugin v19.4 - https:\/\/yoast.com\/wordpress\/plugins\/seo\/ -->\n<title>Sch\u00f6ne Ferienhaus in Fowey am Meer mieten - Urlaub &amp; Reisen<\/title>\n<meta name=\"robots\" content=\"index, follow, max-snippet:-1, max-image-preview:large, max-video-preview:-1\" \/>\n<link rel=\"canonical\" href=\"https:\/\/www.urlaubcornwall.de\/blog\/schoene-ferienhaus-fowey-meer-mieten\/\" \/>\n<meta property=\"og:locale\" content=\"en_US\" \/>\n<meta property=\"og:type\" content=\"article\" \/>\n<meta property=\"og:title\" content=\"Sch\u00f6ne Ferienhaus in Fowey am Meer mieten - Urlaub &amp; Reisen\" \/>\n<meta property=\"og:description\" content=\"Ferienhaus mit Meerblick Fowey, S\u00fcdk\u00fcste Cornwall. 4 Schlafzimmer, leider keine Haustiere erlaubt, Schlafplatz f\u00fcr 8 + Kinderbett, An-\/Abreisetag am Freitag, Preis pro Woche \u00a3900 &#8211; \u00a32250 Dies ist wirklich ein ganz besonderes Ferienhaus, ideal f\u00fcr Familienfeiern und Gruppen von Freunden. Vom Beobachten von Fischerbooten, Yachten und Delfinen im Sommer bis hin zu tosenden Wellen im [&hellip;]\" \/>\n<meta property=\"og:url\" content=\"https:\/\/www.urlaubcornwall.de\/blog\/schoene-ferienhaus-fowey-meer-mieten\/\" \/>\n<meta property=\"og:site_name\" content=\"Urlaub &amp; Reisen\" \/>\n<meta property=\"article:modified_time\" content=\"2021-09-02T10:23:59+00:00\" \/>\n<meta property=\"og:image\" content=\"https:\/\/www.urlaubcornwall.de\/blog\/wp-content\/uploads\/2018\/02\/ferienhaus-fowey-meerblick.jpg\" \/>\n<meta name=\"twitter:card\" content=\"summary\" \/>\n<meta name=\"twitter:label1\" content=\"Est. reading time\" \/>\n\t<meta name=\"twitter:data1\" content=\"1 minute\" \/>\n<script type=\"application\/ld+json\" class=\"yoast-schema-graph\">{\"@context\":\"https:\/\/schema.org\",\"@graph\":[{\"@type\":\"WebSite\",\"@id\":\"https:\/\/www.urlaubcornwall.de\/blog\/#website\",\"url\":\"https:\/\/www.urlaubcornwall.de\/blog\/\",\"name\":\"Urlaub &amp; Reisen\",\"description\":\"Urlaub, Reisen, Cornwall und S\u00fcdengland: eine perfekte Kombination\",\"potentialAction\":[{\"@type\":\"SearchAction\",\"target\":{\"@type\":\"EntryPoint\",\"urlTemplate\":\"https:\/\/www.urlaubcornwall.de\/blog\/?s={search_term_string}\"},\"query-input\":\"required name=search_term_string\"}],\"inLanguage\":\"en-US\"},{\"@type\":\"WebPage\",\"@id\":\"https:\/\/www.urlaubcornwall.de\/blog\/schoene-ferienhaus-fowey-meer-mieten\/\",\"url\":\"https:\/\/www.urlaubcornwall.de\/blog\/schoene-ferienhaus-fowey-meer-mieten\/\",\"name\":\"Sch\u00f6ne Ferienhaus in Fowey am Meer mieten - Urlaub &amp; Reisen\",\"isPartOf\":{\"@id\":\"https:\/\/www.urlaubcornwall.de\/blog\/#website\"},\"datePublished\":\"2018-02-06T15:16:18+00:00\",\"dateModified\":\"2021-09-02T10:23:59+00:00\",\"breadcrumb\":{\"@id\":\"https:\/\/www.urlaubcornwall.de\/blog\/schoene-ferienhaus-fowey-meer-mieten\/#breadcrumb\"},\"inLanguage\":\"en-US\",\"potentialAction\":[{\"@type\":\"ReadAction\",\"target\":[\"https:\/\/www.urlaubcornwall.de\/blog\/schoene-ferienhaus-fowey-meer-mieten\/\"]}]},{\"@type\":\"BreadcrumbList\",\"@id\":\"https:\/\/www.urlaubcornwall.de\/blog\/schoene-ferienhaus-fowey-meer-mieten\/#breadcrumb\",\"itemListElement\":[{\"@type\":\"ListItem\",\"position\":1,\"name\":\"Home\",\"item\":\"https:\/\/www.urlaubcornwall.de\/blog\/\"},{\"@type\":\"ListItem\",\"position\":2,\"name\":\"Sch\u00f6ne Ferienhaus in Fowey am Meer mieten\"}]}]}<\/script>\n<!-- \/ Yoast SEO plugin. -->","yoast_head_json":{"title":"Sch\u00f6ne Ferienhaus in Fowey am Meer mieten - Urlaub &amp; Reisen","robots":{"index":"index","follow":"follow","max-snippet":"max-snippet:-1","max-image-preview":"max-image-preview:large","max-video-preview":"max-video-preview:-1"},"canonical":"https:\/\/www.urlaubcornwall.de\/blog\/schoene-ferienhaus-fowey-meer-mieten\/","og_locale":"en_US","og_type":"article","og_title":"Sch\u00f6ne Ferienhaus in Fowey am Meer mieten - Urlaub &amp; Reisen","og_description":"Ferienhaus mit Meerblick Fowey, S\u00fcdk\u00fcste Cornwall. 4 Schlafzimmer, leider keine Haustiere erlaubt, Schlafplatz f\u00fcr 8 + Kinderbett, An-\/Abreisetag am Freitag, Preis pro Woche \u00a3900 &#8211; \u00a32250 Dies ist wirklich ein ganz besonderes Ferienhaus, ideal f\u00fcr Familienfeiern und Gruppen von Freunden. Vom Beobachten von Fischerbooten, Yachten und Delfinen im Sommer bis hin zu tosenden Wellen im [&hellip;]","og_url":"https:\/\/www.urlaubcornwall.de\/blog\/schoene-ferienhaus-fowey-meer-mieten\/","og_site_name":"Urlaub &amp; Reisen","article_modified_time":"2021-09-02T10:23:59+00:00","og_image":[{"url":"https:\/\/www.urlaubcornwall.de\/blog\/wp-content\/uploads\/2018\/02\/ferienhaus-fowey-meerblick.jpg"}],"twitter_card":"summary","twitter_misc":{"Est. reading time":"1 minute"},"schema":{"@context":"https:\/\/schema.org","@graph":[{"@type":"WebSite","@id":"https:\/\/www.urlaubcornwall.de\/blog\/#website","url":"https:\/\/www.urlaubcornwall.de\/blog\/","name":"Urlaub &amp; Reisen","description":"Urlaub, Reisen, Cornwall und S\u00fcdengland: eine perfekte Kombination","potentialAction":[{"@type":"SearchAction","target":{"@type":"EntryPoint","urlTemplate":"https:\/\/www.urlaubcornwall.de\/blog\/?s={search_term_string}"},"query-input":"required name=search_term_string"}],"inLanguage":"en-US"},{"@type":"WebPage","@id":"https:\/\/www.urlaubcornwall.de\/blog\/schoene-ferienhaus-fowey-meer-mieten\/","url":"https:\/\/www.urlaubcornwall.de\/blog\/schoene-ferienhaus-fowey-meer-mieten\/","name":"Sch\u00f6ne Ferienhaus in Fowey am Meer mieten - Urlaub &amp; Reisen","isPartOf":{"@id":"https:\/\/www.urlaubcornwall.de\/blog\/#website"},"datePublished":"2018-02-06T15:16:18+00:00","dateModified":"2021-09-02T10:23:59+00:00","breadcrumb":{"@id":"https:\/\/www.urlaubcornwall.de\/blog\/schoene-ferienhaus-fowey-meer-mieten\/#breadcrumb"},"inLanguage":"en-US","potentialAction":[{"@type":"ReadAction","target":["https:\/\/www.urlaubcornwall.de\/blog\/schoene-ferienhaus-fowey-meer-mieten\/"]}]},{"@type":"BreadcrumbList","@id":"https:\/\/www.urlaubcornwall.de\/blog\/schoene-ferienhaus-fowey-meer-mieten\/#breadcrumb","itemListElement":[{"@type":"ListItem","position":1,"name":"Home","item":"https:\/\/www.urlaubcornwall.de\/blog\/"},{"@type":"ListItem","position":2,"name":"Sch\u00f6ne Ferienhaus in Fowey am Meer mieten"}]}]}},"_links":{"self":[{"href":"https:\/\/www.urlaubcornwall.de\/blog\/wp-json\/wp\/v2\/pages\/32338"}],"collection":[{"href":"https:\/\/www.urlaubcornwall.de\/blog\/wp-json\/wp\/v2\/pages"}],"about":[{"href":"https:\/\/www.urlaubcornwall.de\/blog\/wp-json\/wp\/v2\/types\/page"}],"author":[{"embeddable":true,"href":"https:\/\/www.urlaubcornwall.de\/blog\/wp-json\/wp\/v2\/users\/1"}],"replies":[{"embeddable":true,"href":"https:\/\/www.urlaubcornwall.de\/blog\/wp-json\/wp\/v2\/comments?post=32338"}],"version-history":[{"count":2,"href":"https:\/\/www.urlaubcornwall.de\/blog\/wp-json\/wp\/v2\/pages\/32338\/revisions"}],"predecessor-version":[{"id":42461,"href":"https:\/\/www.urlaubcornwall.de\/blog\/wp-json\/wp\/v2\/pages\/32338\/revisions\/42461"}],"wp:attachment":[{"href":"https:\/\/www.urlaubcornwall.de\/blog\/wp-json\/wp\/v2\/media?parent=32338"}],"curies":[{"name":"wp","href":"https:\/\/api.w.org\/{rel}","templated":true}]}}