{"id":32333,"date":"2018-02-06T15:07:01","date_gmt":"2018-02-06T15:07:01","guid":{"rendered":"https:\/\/www.urlaubcornwall.de\/blog\/?page_id=32333"},"modified":"2021-09-02T09:33:33","modified_gmt":"2021-09-02T09:33:33","slug":"ferienhaus-fowey-meer-mieten","status":"publish","type":"page","link":"https:\/\/www.urlaubcornwall.de\/blog\/ferienhaus-fowey-meer-mieten\/","title":{"rendered":"Ferienhaus in Fowey am Meer mieten"},"content":{"rendered":"<p><img loading=\"lazy\" class=\"aligncenter size-full wp-image-32336\" src=\"https:\/\/www.urlaubcornwall.de\/blog\/wp-content\/uploads\/2018\/02\/ferienhaus-fowey-am-meer-mieten.jpg\" alt=\"ferienhaus fowey am meer mieten\" width=\"747\" height=\"494\"\/><\/p>\n<p><strong>Ferienhaus strandnah Fowey, S\u00fcdk\u00fcste Cornwall.<\/strong><\/p>\n<p>2 Schlafzimmer, leider keine Haustiere erlaubt, Schlafplatz f\u00fcr 5 + Kinderbett, An-\/Abreisetag am Samstag<\/p>\n<p>Preis pro Woche \u00a3358 &#8211; \u00a31120<\/p>\n<p>Dieses wundersch\u00f6ne viktorianische Cottage ist eine absolute Freude; aktualisiert mit sanfter Sympathie, um die modernen Notwendigkeiten der Zentralheizung, Drench-Kopf-Dusche und eine Granit-K\u00fcche zu bieten. Wundersch\u00f6nes, einladend und sch\u00f6n eingerichtetes Ferienhaus in einer kleinen Gasse in der N\u00e4he des Stadtzentrums von Fowey. Die Ruhe der Umgebung ist ein unerwarteter Bonus. Die Gesch\u00e4fte, Restaurants, Kunstgalerien und der Hafen dieser Fischerstadt, die bei Yachtliebhabern beliebt sind, sind nur eine Gehminute entfernt. Perfekt f\u00fcr Mahlzeiten, Bootsfahrten oder einen Spaziergang durch die engen Gassen. Sandstr\u00e4nde, K\u00fcstenwanderwege und versteckte Buchten finden Sie in dieser wundersch\u00f6nen Gegend&#8230;..<\/p>\n<p style=\"text-align: center;\"><a class=\"tidycta\" href=\"https:\/\/www.urlaubcornwall.de\/ferienhaeuser-fewos\/fowey-am-meer.html\">Suche Ferienh\u00e4user Fowey<\/a><\/p>\n<p><strong>Um UrlaubCornwall.de einzigartige Kollektion nach Ihrem idealen Ferienhaus zu durchsuchen.<\/strong> <a href=\"https:\/\/www.urlaubcornwall.de\/ferienhaeuser\/cornwall.php\"><span style=\"text-decoration: underline;\"><strong>Klicken Sie hier<\/strong><\/span><strong> &gt;&gt;<\/strong><\/a><\/p>\n","protected":false},"excerpt":{"rendered":"<p>Ferienhaus strandnah Fowey, S\u00fcdk\u00fcste Cornwall. 2 Schlafzimmer, leider keine Haustiere erlaubt, Schlafplatz f\u00fcr 5 + Kinderbett, An-\/Abreisetag am Samstag Preis pro Woche \u00a3358 &#8211; \u00a31120 Dieses wundersch\u00f6ne viktorianische Cottage ist eine absolute Freude; aktualisiert mit sanfter Sympathie, um die modernen Notwendigkeiten der Zentralheizung, Drench-Kopf-Dusche und eine Granit-K\u00fcche zu bieten. Wundersch\u00f6nes, einladend und sch\u00f6n eingerichtetes Ferienhaus [&hellip;]<\/p>\n","protected":false},"author":1,"featured_media":0,"parent":0,"menu_order":0,"comment_status":"closed","ping_status":"closed","template":"single-four.php","meta":[],"acf":[],"yoast_head":"<!-- This site is optimized with the Yoast SEO plugin v19.4 - https:\/\/yoast.com\/wordpress\/plugins\/seo\/ -->\n<title>Ferienhaus in Fowey am Meer mieten - Urlaub &amp; Reisen<\/title>\n<meta name=\"robots\" content=\"index, follow, max-snippet:-1, max-image-preview:large, max-video-preview:-1\" \/>\n<link rel=\"canonical\" href=\"https:\/\/www.urlaubcornwall.de\/blog\/ferienhaus-fowey-meer-mieten\/\" \/>\n<meta property=\"og:locale\" content=\"en_US\" \/>\n<meta property=\"og:type\" content=\"article\" \/>\n<meta property=\"og:title\" content=\"Ferienhaus in Fowey am Meer mieten - Urlaub &amp; Reisen\" \/>\n<meta property=\"og:description\" content=\"Ferienhaus strandnah Fowey, S\u00fcdk\u00fcste Cornwall. 2 Schlafzimmer, leider keine Haustiere erlaubt, Schlafplatz f\u00fcr 5 + Kinderbett, An-\/Abreisetag am Samstag Preis pro Woche \u00a3358 &#8211; \u00a31120 Dieses wundersch\u00f6ne viktorianische Cottage ist eine absolute Freude; aktualisiert mit sanfter Sympathie, um die modernen Notwendigkeiten der Zentralheizung, Drench-Kopf-Dusche und eine Granit-K\u00fcche zu bieten. Wundersch\u00f6nes, einladend und sch\u00f6n eingerichtetes Ferienhaus [&hellip;]\" \/>\n<meta property=\"og:url\" content=\"https:\/\/www.urlaubcornwall.de\/blog\/ferienhaus-fowey-meer-mieten\/\" \/>\n<meta property=\"og:site_name\" content=\"Urlaub &amp; Reisen\" \/>\n<meta property=\"article:modified_time\" content=\"2021-09-02T09:33:33+00:00\" \/>\n<meta property=\"og:image\" content=\"https:\/\/www.urlaubcornwall.de\/blog\/wp-content\/uploads\/2018\/02\/ferienhaus-fowey-am-meer-mieten.jpg\" \/>\n<meta name=\"twitter:card\" content=\"summary\" \/>\n<meta name=\"twitter:label1\" content=\"Est. reading time\" \/>\n\t<meta name=\"twitter:data1\" content=\"1 minute\" \/>\n<script type=\"application\/ld+json\" class=\"yoast-schema-graph\">{\"@context\":\"https:\/\/schema.org\",\"@graph\":[{\"@type\":\"WebSite\",\"@id\":\"https:\/\/www.urlaubcornwall.de\/blog\/#website\",\"url\":\"https:\/\/www.urlaubcornwall.de\/blog\/\",\"name\":\"Urlaub &amp; Reisen\",\"description\":\"Urlaub, Reisen, Cornwall und S\u00fcdengland: eine perfekte Kombination\",\"potentialAction\":[{\"@type\":\"SearchAction\",\"target\":{\"@type\":\"EntryPoint\",\"urlTemplate\":\"https:\/\/www.urlaubcornwall.de\/blog\/?s={search_term_string}\"},\"query-input\":\"required name=search_term_string\"}],\"inLanguage\":\"en-US\"},{\"@type\":\"WebPage\",\"@id\":\"https:\/\/www.urlaubcornwall.de\/blog\/ferienhaus-fowey-meer-mieten\/\",\"url\":\"https:\/\/www.urlaubcornwall.de\/blog\/ferienhaus-fowey-meer-mieten\/\",\"name\":\"Ferienhaus in Fowey am Meer mieten - Urlaub &amp; Reisen\",\"isPartOf\":{\"@id\":\"https:\/\/www.urlaubcornwall.de\/blog\/#website\"},\"datePublished\":\"2018-02-06T15:07:01+00:00\",\"dateModified\":\"2021-09-02T09:33:33+00:00\",\"breadcrumb\":{\"@id\":\"https:\/\/www.urlaubcornwall.de\/blog\/ferienhaus-fowey-meer-mieten\/#breadcrumb\"},\"inLanguage\":\"en-US\",\"potentialAction\":[{\"@type\":\"ReadAction\",\"target\":[\"https:\/\/www.urlaubcornwall.de\/blog\/ferienhaus-fowey-meer-mieten\/\"]}]},{\"@type\":\"BreadcrumbList\",\"@id\":\"https:\/\/www.urlaubcornwall.de\/blog\/ferienhaus-fowey-meer-mieten\/#breadcrumb\",\"itemListElement\":[{\"@type\":\"ListItem\",\"position\":1,\"name\":\"Home\",\"item\":\"https:\/\/www.urlaubcornwall.de\/blog\/\"},{\"@type\":\"ListItem\",\"position\":2,\"name\":\"Ferienhaus in Fowey am Meer mieten\"}]}]}<\/script>\n<!-- \/ Yoast SEO plugin. -->","yoast_head_json":{"title":"Ferienhaus in Fowey am Meer mieten - Urlaub &amp; Reisen","robots":{"index":"index","follow":"follow","max-snippet":"max-snippet:-1","max-image-preview":"max-image-preview:large","max-video-preview":"max-video-preview:-1"},"canonical":"https:\/\/www.urlaubcornwall.de\/blog\/ferienhaus-fowey-meer-mieten\/","og_locale":"en_US","og_type":"article","og_title":"Ferienhaus in Fowey am Meer mieten - Urlaub &amp; Reisen","og_description":"Ferienhaus strandnah Fowey, S\u00fcdk\u00fcste Cornwall. 2 Schlafzimmer, leider keine Haustiere erlaubt, Schlafplatz f\u00fcr 5 + Kinderbett, An-\/Abreisetag am Samstag Preis pro Woche \u00a3358 &#8211; \u00a31120 Dieses wundersch\u00f6ne viktorianische Cottage ist eine absolute Freude; aktualisiert mit sanfter Sympathie, um die modernen Notwendigkeiten der Zentralheizung, Drench-Kopf-Dusche und eine Granit-K\u00fcche zu bieten. Wundersch\u00f6nes, einladend und sch\u00f6n eingerichtetes Ferienhaus [&hellip;]","og_url":"https:\/\/www.urlaubcornwall.de\/blog\/ferienhaus-fowey-meer-mieten\/","og_site_name":"Urlaub &amp; Reisen","article_modified_time":"2021-09-02T09:33:33+00:00","og_image":[{"url":"https:\/\/www.urlaubcornwall.de\/blog\/wp-content\/uploads\/2018\/02\/ferienhaus-fowey-am-meer-mieten.jpg"}],"twitter_card":"summary","twitter_misc":{"Est. reading time":"1 minute"},"schema":{"@context":"https:\/\/schema.org","@graph":[{"@type":"WebSite","@id":"https:\/\/www.urlaubcornwall.de\/blog\/#website","url":"https:\/\/www.urlaubcornwall.de\/blog\/","name":"Urlaub &amp; Reisen","description":"Urlaub, Reisen, Cornwall und S\u00fcdengland: eine perfekte Kombination","potentialAction":[{"@type":"SearchAction","target":{"@type":"EntryPoint","urlTemplate":"https:\/\/www.urlaubcornwall.de\/blog\/?s={search_term_string}"},"query-input":"required name=search_term_string"}],"inLanguage":"en-US"},{"@type":"WebPage","@id":"https:\/\/www.urlaubcornwall.de\/blog\/ferienhaus-fowey-meer-mieten\/","url":"https:\/\/www.urlaubcornwall.de\/blog\/ferienhaus-fowey-meer-mieten\/","name":"Ferienhaus in Fowey am Meer mieten - Urlaub &amp; Reisen","isPartOf":{"@id":"https:\/\/www.urlaubcornwall.de\/blog\/#website"},"datePublished":"2018-02-06T15:07:01+00:00","dateModified":"2021-09-02T09:33:33+00:00","breadcrumb":{"@id":"https:\/\/www.urlaubcornwall.de\/blog\/ferienhaus-fowey-meer-mieten\/#breadcrumb"},"inLanguage":"en-US","potentialAction":[{"@type":"ReadAction","target":["https:\/\/www.urlaubcornwall.de\/blog\/ferienhaus-fowey-meer-mieten\/"]}]},{"@type":"BreadcrumbList","@id":"https:\/\/www.urlaubcornwall.de\/blog\/ferienhaus-fowey-meer-mieten\/#breadcrumb","itemListElement":[{"@type":"ListItem","position":1,"name":"Home","item":"https:\/\/www.urlaubcornwall.de\/blog\/"},{"@type":"ListItem","position":2,"name":"Ferienhaus in Fowey am Meer mieten"}]}]}},"_links":{"self":[{"href":"https:\/\/www.urlaubcornwall.de\/blog\/wp-json\/wp\/v2\/pages\/32333"}],"collection":[{"href":"https:\/\/www.urlaubcornwall.de\/blog\/wp-json\/wp\/v2\/pages"}],"about":[{"href":"https:\/\/www.urlaubcornwall.de\/blog\/wp-json\/wp\/v2\/types\/page"}],"author":[{"embeddable":true,"href":"https:\/\/www.urlaubcornwall.de\/blog\/wp-json\/wp\/v2\/users\/1"}],"replies":[{"embeddable":true,"href":"https:\/\/www.urlaubcornwall.de\/blog\/wp-json\/wp\/v2\/comments?post=32333"}],"version-history":[{"count":2,"href":"https:\/\/www.urlaubcornwall.de\/blog\/wp-json\/wp\/v2\/pages\/32333\/revisions"}],"predecessor-version":[{"id":42433,"href":"https:\/\/www.urlaubcornwall.de\/blog\/wp-json\/wp\/v2\/pages\/32333\/revisions\/42433"}],"wp:attachment":[{"href":"https:\/\/www.urlaubcornwall.de\/blog\/wp-json\/wp\/v2\/media?parent=32333"}],"curies":[{"name":"wp","href":"https:\/\/api.w.org\/{rel}","templated":true}]}}