{"id":32293,"date":"2018-02-03T15:51:31","date_gmt":"2018-02-03T15:51:31","guid":{"rendered":"https:\/\/www.urlaubcornwall.de\/blog\/?page_id=32293"},"modified":"2021-09-17T12:46:53","modified_gmt":"2021-09-17T12:46:53","slug":"schoene-cottages-suedengland-meer-mieten","status":"publish","type":"page","link":"https:\/\/www.urlaubcornwall.de\/blog\/schoene-cottages-suedengland-meer-mieten\/","title":{"rendered":"Sch\u00f6ne Cottages in S\u00fcdengland am Meer mieten"},"content":{"rendered":"<p><img loading=\"lazy\" class=\"aligncenter size-full wp-image-32296\" src=\"https:\/\/www.urlaubcornwall.de\/blog\/wp-content\/uploads\/2018\/02\/cottages-s\u00fcdengland-meer-mieten.jpg\" alt=\"cottages s\u00fcdengland meer mieten\" width=\"749\" height=\"497\"\/><\/p>\n<p><strong>Ferienhaus in Wareham, 3 Schlafzimmer, Schlafplatz f\u00fcr 6, Jurassic K\u00fcste, Dorset<\/strong><\/p>\n<p>Ein Cottage in unmittelbarer N\u00e4he des Strandes und an der Jurassic Coast gelegen und perfekt positioniert, um den Rest von Dorset zu erkunden. Dieses Ferienhaus wurde zu einem hohen Standard eingerichtet und bietet ein einzigartiges Urlaubserlebnis. West Lulworth ist ein sch\u00f6nes Dorf mit der ber\u00fchmten Lulworth Cove. Hier k\u00f6nnen Sie schwimmen und am Strand entspannen und die Gegend eignet sich gut zum Schnorcheln und Tauchen. Durdle Door ist ein weiteres Highlight von Dorset, das Sie zu Fu\u00df direkt von der Unterkunft aus erreichen k\u00f6nnen.<\/p>\n<p style=\"text-align: center;\"><a class=\"tidycta\" href=\"https:\/\/www.urlaubcornwall.de\/ferienhaeuser-fewos\/eng\/dorset\/wareham.html\">Suche Ferienh\u00e4user Wareham<\/a><\/p>\n<p style=\"text-align: center;\">Pers\u00f6nlich inspizierte Ferienh\u00e4user und Ferienwohnungen f\u00fcr Ihren Urlaub.<\/p>\n<p style=\"text-align: center;\"><a href=\"https:\/\/www.urlaubcornwall.de\/ferienhaeuser\/suedengland.php\"><strong>Ferienh\u00e4user, Cottages &amp; Ferienwohnungen in S\u00fcdengland<\/strong><\/a><\/p>\n","protected":false},"excerpt":{"rendered":"<p>Ferienhaus in Wareham, 3 Schlafzimmer, Schlafplatz f\u00fcr 6, Jurassic K\u00fcste, Dorset Ein Cottage in unmittelbarer N\u00e4he des Strandes und an der Jurassic Coast gelegen und perfekt positioniert, um den Rest von Dorset zu erkunden. Dieses Ferienhaus wurde zu einem hohen Standard eingerichtet und bietet ein einzigartiges Urlaubserlebnis. West Lulworth ist ein sch\u00f6nes Dorf mit der [&hellip;]<\/p>\n","protected":false},"author":1,"featured_media":0,"parent":0,"menu_order":0,"comment_status":"closed","ping_status":"closed","template":"single-four.php","meta":[],"acf":[],"yoast_head":"<!-- This site is optimized with the Yoast SEO plugin v19.4 - https:\/\/yoast.com\/wordpress\/plugins\/seo\/ -->\n<title>Sch\u00f6ne Cottages in S\u00fcdengland am Meer mieten - Urlaub &amp; Reisen<\/title>\n<meta name=\"description\" content=\"Ein Cottage in unmittelbarer N\u00e4he des Strandes und an der Jurassic Coast gelegen und perfekt positioniert, um den Rest von Dorset zu erkunden. Dieses Ferienhaus wurde zu einem hohen Standard eingerichtet und bietet ein einzigartiges Urlaubserlebnis. West Lulworth ist ein sch\u00f6nes Dorf mit der ber\u00fchmten Lulworth Cove. Hier k\u00f6nnen Sie schwimmen und am Strand entspannen und die Gegend eignet sich gut zum Schnorcheln und Tauchen. Durdle Door ist ein weiteres Highlight von Dorset, das Sie zu Fu\u00df direkt von der Unterkunft aus erreichen k\u00f6nnen.\" \/>\n<meta name=\"robots\" content=\"index, follow, max-snippet:-1, max-image-preview:large, max-video-preview:-1\" \/>\n<link rel=\"canonical\" href=\"https:\/\/www.urlaubcornwall.de\/blog\/schoene-cottages-suedengland-meer-mieten\/\" \/>\n<meta property=\"og:locale\" content=\"en_US\" \/>\n<meta property=\"og:type\" content=\"article\" \/>\n<meta property=\"og:title\" content=\"Sch\u00f6ne Cottages in S\u00fcdengland am Meer mieten - Urlaub &amp; Reisen\" \/>\n<meta property=\"og:description\" content=\"Ein Cottage in unmittelbarer N\u00e4he des Strandes und an der Jurassic Coast gelegen und perfekt positioniert, um den Rest von Dorset zu erkunden. Dieses Ferienhaus wurde zu einem hohen Standard eingerichtet und bietet ein einzigartiges Urlaubserlebnis. West Lulworth ist ein sch\u00f6nes Dorf mit der ber\u00fchmten Lulworth Cove. Hier k\u00f6nnen Sie schwimmen und am Strand entspannen und die Gegend eignet sich gut zum Schnorcheln und Tauchen. Durdle Door ist ein weiteres Highlight von Dorset, das Sie zu Fu\u00df direkt von der Unterkunft aus erreichen k\u00f6nnen.\" \/>\n<meta property=\"og:url\" content=\"https:\/\/www.urlaubcornwall.de\/blog\/schoene-cottages-suedengland-meer-mieten\/\" \/>\n<meta property=\"og:site_name\" content=\"Urlaub &amp; Reisen\" \/>\n<meta property=\"article:modified_time\" content=\"2021-09-17T12:46:53+00:00\" \/>\n<meta property=\"og:image\" content=\"https:\/\/www.urlaubcornwall.de\/blog\/wp-content\/uploads\/2018\/02\/cottages-s\u00fcdengland-meer-mieten.jpg\" \/>\n<meta name=\"twitter:card\" content=\"summary\" \/>\n<meta name=\"twitter:label1\" content=\"Est. reading time\" \/>\n\t<meta name=\"twitter:data1\" content=\"1 minute\" \/>\n<script type=\"application\/ld+json\" class=\"yoast-schema-graph\">{\"@context\":\"https:\/\/schema.org\",\"@graph\":[{\"@type\":\"WebSite\",\"@id\":\"https:\/\/www.urlaubcornwall.de\/blog\/#website\",\"url\":\"https:\/\/www.urlaubcornwall.de\/blog\/\",\"name\":\"Urlaub &amp; Reisen\",\"description\":\"Urlaub, Reisen, Cornwall und S\u00fcdengland: eine perfekte Kombination\",\"potentialAction\":[{\"@type\":\"SearchAction\",\"target\":{\"@type\":\"EntryPoint\",\"urlTemplate\":\"https:\/\/www.urlaubcornwall.de\/blog\/?s={search_term_string}\"},\"query-input\":\"required name=search_term_string\"}],\"inLanguage\":\"en-US\"},{\"@type\":\"WebPage\",\"@id\":\"https:\/\/www.urlaubcornwall.de\/blog\/schoene-cottages-suedengland-meer-mieten\/\",\"url\":\"https:\/\/www.urlaubcornwall.de\/blog\/schoene-cottages-suedengland-meer-mieten\/\",\"name\":\"Sch\u00f6ne Cottages in S\u00fcdengland am Meer mieten - Urlaub &amp; Reisen\",\"isPartOf\":{\"@id\":\"https:\/\/www.urlaubcornwall.de\/blog\/#website\"},\"datePublished\":\"2018-02-03T15:51:31+00:00\",\"dateModified\":\"2021-09-17T12:46:53+00:00\",\"description\":\"Ein Cottage in unmittelbarer N\u00e4he des Strandes und an der Jurassic Coast gelegen und perfekt positioniert, um den Rest von Dorset zu erkunden. Dieses Ferienhaus wurde zu einem hohen Standard eingerichtet und bietet ein einzigartiges Urlaubserlebnis. West Lulworth ist ein sch\u00f6nes Dorf mit der ber\u00fchmten Lulworth Cove. Hier k\u00f6nnen Sie schwimmen und am Strand entspannen und die Gegend eignet sich gut zum Schnorcheln und Tauchen. Durdle Door ist ein weiteres Highlight von Dorset, das Sie zu Fu\u00df direkt von der Unterkunft aus erreichen k\u00f6nnen.\",\"breadcrumb\":{\"@id\":\"https:\/\/www.urlaubcornwall.de\/blog\/schoene-cottages-suedengland-meer-mieten\/#breadcrumb\"},\"inLanguage\":\"en-US\",\"potentialAction\":[{\"@type\":\"ReadAction\",\"target\":[\"https:\/\/www.urlaubcornwall.de\/blog\/schoene-cottages-suedengland-meer-mieten\/\"]}]},{\"@type\":\"BreadcrumbList\",\"@id\":\"https:\/\/www.urlaubcornwall.de\/blog\/schoene-cottages-suedengland-meer-mieten\/#breadcrumb\",\"itemListElement\":[{\"@type\":\"ListItem\",\"position\":1,\"name\":\"Home\",\"item\":\"https:\/\/www.urlaubcornwall.de\/blog\/\"},{\"@type\":\"ListItem\",\"position\":2,\"name\":\"Sch\u00f6ne Cottages in S\u00fcdengland am Meer mieten\"}]}]}<\/script>\n<!-- \/ Yoast SEO plugin. -->","yoast_head_json":{"title":"Sch\u00f6ne Cottages in S\u00fcdengland am Meer mieten - Urlaub &amp; Reisen","description":"Ein Cottage in unmittelbarer N\u00e4he des Strandes und an der Jurassic Coast gelegen und perfekt positioniert, um den Rest von Dorset zu erkunden. Dieses Ferienhaus wurde zu einem hohen Standard eingerichtet und bietet ein einzigartiges Urlaubserlebnis. West Lulworth ist ein sch\u00f6nes Dorf mit der ber\u00fchmten Lulworth Cove. Hier k\u00f6nnen Sie schwimmen und am Strand entspannen und die Gegend eignet sich gut zum Schnorcheln und Tauchen. Durdle Door ist ein weiteres Highlight von Dorset, das Sie zu Fu\u00df direkt von der Unterkunft aus erreichen k\u00f6nnen.","robots":{"index":"index","follow":"follow","max-snippet":"max-snippet:-1","max-image-preview":"max-image-preview:large","max-video-preview":"max-video-preview:-1"},"canonical":"https:\/\/www.urlaubcornwall.de\/blog\/schoene-cottages-suedengland-meer-mieten\/","og_locale":"en_US","og_type":"article","og_title":"Sch\u00f6ne Cottages in S\u00fcdengland am Meer mieten - Urlaub &amp; Reisen","og_description":"Ein Cottage in unmittelbarer N\u00e4he des Strandes und an der Jurassic Coast gelegen und perfekt positioniert, um den Rest von Dorset zu erkunden. Dieses Ferienhaus wurde zu einem hohen Standard eingerichtet und bietet ein einzigartiges Urlaubserlebnis. West Lulworth ist ein sch\u00f6nes Dorf mit der ber\u00fchmten Lulworth Cove. Hier k\u00f6nnen Sie schwimmen und am Strand entspannen und die Gegend eignet sich gut zum Schnorcheln und Tauchen. Durdle Door ist ein weiteres Highlight von Dorset, das Sie zu Fu\u00df direkt von der Unterkunft aus erreichen k\u00f6nnen.","og_url":"https:\/\/www.urlaubcornwall.de\/blog\/schoene-cottages-suedengland-meer-mieten\/","og_site_name":"Urlaub &amp; Reisen","article_modified_time":"2021-09-17T12:46:53+00:00","og_image":[{"url":"https:\/\/www.urlaubcornwall.de\/blog\/wp-content\/uploads\/2018\/02\/cottages-s\u00fcdengland-meer-mieten.jpg"}],"twitter_card":"summary","twitter_misc":{"Est. reading time":"1 minute"},"schema":{"@context":"https:\/\/schema.org","@graph":[{"@type":"WebSite","@id":"https:\/\/www.urlaubcornwall.de\/blog\/#website","url":"https:\/\/www.urlaubcornwall.de\/blog\/","name":"Urlaub &amp; Reisen","description":"Urlaub, Reisen, Cornwall und S\u00fcdengland: eine perfekte Kombination","potentialAction":[{"@type":"SearchAction","target":{"@type":"EntryPoint","urlTemplate":"https:\/\/www.urlaubcornwall.de\/blog\/?s={search_term_string}"},"query-input":"required name=search_term_string"}],"inLanguage":"en-US"},{"@type":"WebPage","@id":"https:\/\/www.urlaubcornwall.de\/blog\/schoene-cottages-suedengland-meer-mieten\/","url":"https:\/\/www.urlaubcornwall.de\/blog\/schoene-cottages-suedengland-meer-mieten\/","name":"Sch\u00f6ne Cottages in S\u00fcdengland am Meer mieten - Urlaub &amp; Reisen","isPartOf":{"@id":"https:\/\/www.urlaubcornwall.de\/blog\/#website"},"datePublished":"2018-02-03T15:51:31+00:00","dateModified":"2021-09-17T12:46:53+00:00","description":"Ein Cottage in unmittelbarer N\u00e4he des Strandes und an der Jurassic Coast gelegen und perfekt positioniert, um den Rest von Dorset zu erkunden. Dieses Ferienhaus wurde zu einem hohen Standard eingerichtet und bietet ein einzigartiges Urlaubserlebnis. West Lulworth ist ein sch\u00f6nes Dorf mit der ber\u00fchmten Lulworth Cove. Hier k\u00f6nnen Sie schwimmen und am Strand entspannen und die Gegend eignet sich gut zum Schnorcheln und Tauchen. Durdle Door ist ein weiteres Highlight von Dorset, das Sie zu Fu\u00df direkt von der Unterkunft aus erreichen k\u00f6nnen.","breadcrumb":{"@id":"https:\/\/www.urlaubcornwall.de\/blog\/schoene-cottages-suedengland-meer-mieten\/#breadcrumb"},"inLanguage":"en-US","potentialAction":[{"@type":"ReadAction","target":["https:\/\/www.urlaubcornwall.de\/blog\/schoene-cottages-suedengland-meer-mieten\/"]}]},{"@type":"BreadcrumbList","@id":"https:\/\/www.urlaubcornwall.de\/blog\/schoene-cottages-suedengland-meer-mieten\/#breadcrumb","itemListElement":[{"@type":"ListItem","position":1,"name":"Home","item":"https:\/\/www.urlaubcornwall.de\/blog\/"},{"@type":"ListItem","position":2,"name":"Sch\u00f6ne Cottages in S\u00fcdengland am Meer mieten"}]}]}},"_links":{"self":[{"href":"https:\/\/www.urlaubcornwall.de\/blog\/wp-json\/wp\/v2\/pages\/32293"}],"collection":[{"href":"https:\/\/www.urlaubcornwall.de\/blog\/wp-json\/wp\/v2\/pages"}],"about":[{"href":"https:\/\/www.urlaubcornwall.de\/blog\/wp-json\/wp\/v2\/types\/page"}],"author":[{"embeddable":true,"href":"https:\/\/www.urlaubcornwall.de\/blog\/wp-json\/wp\/v2\/users\/1"}],"replies":[{"embeddable":true,"href":"https:\/\/www.urlaubcornwall.de\/blog\/wp-json\/wp\/v2\/comments?post=32293"}],"version-history":[{"count":4,"href":"https:\/\/www.urlaubcornwall.de\/blog\/wp-json\/wp\/v2\/pages\/32293\/revisions"}],"predecessor-version":[{"id":42919,"href":"https:\/\/www.urlaubcornwall.de\/blog\/wp-json\/wp\/v2\/pages\/32293\/revisions\/42919"}],"wp:attachment":[{"href":"https:\/\/www.urlaubcornwall.de\/blog\/wp-json\/wp\/v2\/media?parent=32293"}],"curies":[{"name":"wp","href":"https:\/\/api.w.org\/{rel}","templated":true}]}}