{"id":32290,"date":"2018-02-03T15:30:20","date_gmt":"2018-02-03T15:30:20","guid":{"rendered":"https:\/\/www.urlaubcornwall.de\/blog\/?page_id=32290"},"modified":"2021-09-17T12:48:21","modified_gmt":"2021-09-17T12:48:21","slug":"schoene-cottages-suedengland-mieten","status":"publish","type":"page","link":"https:\/\/www.urlaubcornwall.de\/blog\/schoene-cottages-suedengland-mieten\/","title":{"rendered":"Sch\u00f6ne Cottages in S\u00fcdengland mieten"},"content":{"rendered":"<p><img loading=\"lazy\" class=\"aligncenter size-full wp-image-32291\" src=\"https:\/\/www.urlaubcornwall.de\/blog\/wp-content\/uploads\/2018\/02\/cottages-s\u00fcdengland-mieten-urlaub.jpg\" alt=\"cottages s\u00fcdengland mieten urlaub\" width=\"746\" height=\"500\" srcset=\"https:\/\/www.urlaubcornwall.de\/blog\/wp-content\/uploads\/2018\/02\/cottages-s\u00fcdengland-mieten-urlaub.jpg 744w, https:\/\/www.urlaubcornwall.de\/blog\/wp-content\/uploads\/2018\/02\/cottages-s\u00fcdengland-mieten-urlaub-300x202.jpg 300w\" sizes=\"(max-width: 746px) 100vw, 746px\" \/><\/p>\n<p><strong>Luxus Ferienhaus in Burley, 4 Schlafzimmer, Schlafplatz f\u00fcr 8 + Kinderbett, An-\/Abreisetag am Freitag, New forest, Hampshire<\/strong><\/p>\n<p>Dieses beeindruckende, freistehende Ferienhaus bietet eine stilvolle Luxusunterkunft f\u00fcr Familien und Paare, die einen Urlaub in diesem sch\u00f6nen Teil von S\u00fcdengland verbringen m\u00f6chten.<\/p>\n<p style=\"text-align: center;\"><a class=\"tidycta\" href=\"https:\/\/www.urlaubcornwall.de\/ferienhaeuser-fewos\/eng\/dorset\/new-forest-hampshire.html\">Suche Ferienh\u00e4user New Forest<\/a><\/p>\n<p style=\"text-align: center;\">Pers\u00f6nlich inspizierte Ferienh\u00e4user und Ferienwohnungen f\u00fcr Ihren Urlaub.<\/p>\n<p style=\"text-align: center;\"><a href=\"https:\/\/www.urlaubcornwall.de\/ferienhaeuser\/suedengland.php\"><strong>Ferienh\u00e4user, Cottages &amp; Ferienwohnungen in S\u00fcdengland<\/strong><\/a><\/p>\n","protected":false},"excerpt":{"rendered":"<p>Luxus Ferienhaus in Burley, 4 Schlafzimmer, Schlafplatz f\u00fcr 8 + Kinderbett, An-\/Abreisetag am Freitag, New forest, Hampshire Dieses beeindruckende, freistehende Ferienhaus bietet eine stilvolle Luxusunterkunft f\u00fcr Familien und Paare, die einen Urlaub in diesem sch\u00f6nen Teil von S\u00fcdengland verbringen m\u00f6chten. Suche Ferienh\u00e4user New Forest Pers\u00f6nlich inspizierte Ferienh\u00e4user und Ferienwohnungen f\u00fcr Ihren Urlaub. Ferienh\u00e4user, Cottages &amp; [&hellip;]<\/p>\n","protected":false},"author":1,"featured_media":0,"parent":0,"menu_order":0,"comment_status":"closed","ping_status":"closed","template":"single-four.php","meta":[],"acf":[],"yoast_head":"<!-- This site is optimized with the Yoast SEO plugin v19.4 - https:\/\/yoast.com\/wordpress\/plugins\/seo\/ -->\n<title>Sch\u00f6ne Cottages in S\u00fcdengland mieten - Urlaub &amp; Reisen<\/title>\n<meta name=\"description\" content=\"Dieses beeindruckende, freistehende Ferienhaus bietet eine stilvolle Luxusunterkunft f\u00fcr Familien und Paare, die einen Urlaub in diesem sch\u00f6nen Teil von S\u00fcdengland verbringen m\u00f6chten.\" \/>\n<meta name=\"robots\" content=\"index, follow, max-snippet:-1, max-image-preview:large, max-video-preview:-1\" \/>\n<link rel=\"canonical\" href=\"https:\/\/www.urlaubcornwall.de\/blog\/schoene-cottages-suedengland-mieten\/\" \/>\n<meta property=\"og:locale\" content=\"en_US\" \/>\n<meta property=\"og:type\" content=\"article\" \/>\n<meta property=\"og:title\" content=\"Sch\u00f6ne Cottages in S\u00fcdengland mieten - Urlaub &amp; Reisen\" \/>\n<meta property=\"og:description\" content=\"Dieses beeindruckende, freistehende Ferienhaus bietet eine stilvolle Luxusunterkunft f\u00fcr Familien und Paare, die einen Urlaub in diesem sch\u00f6nen Teil von S\u00fcdengland verbringen m\u00f6chten.\" \/>\n<meta property=\"og:url\" content=\"https:\/\/www.urlaubcornwall.de\/blog\/schoene-cottages-suedengland-mieten\/\" \/>\n<meta property=\"og:site_name\" content=\"Urlaub &amp; Reisen\" \/>\n<meta property=\"article:modified_time\" content=\"2021-09-17T12:48:21+00:00\" \/>\n<meta property=\"og:image\" content=\"https:\/\/www.urlaubcornwall.de\/blog\/wp-content\/uploads\/2018\/02\/cottages-s\u00fcdengland-mieten-urlaub.jpg\" \/>\n<meta name=\"twitter:card\" content=\"summary\" \/>\n<script type=\"application\/ld+json\" class=\"yoast-schema-graph\">{\"@context\":\"https:\/\/schema.org\",\"@graph\":[{\"@type\":\"WebSite\",\"@id\":\"https:\/\/www.urlaubcornwall.de\/blog\/#website\",\"url\":\"https:\/\/www.urlaubcornwall.de\/blog\/\",\"name\":\"Urlaub &amp; Reisen\",\"description\":\"Urlaub, Reisen, Cornwall und S\u00fcdengland: eine perfekte Kombination\",\"potentialAction\":[{\"@type\":\"SearchAction\",\"target\":{\"@type\":\"EntryPoint\",\"urlTemplate\":\"https:\/\/www.urlaubcornwall.de\/blog\/?s={search_term_string}\"},\"query-input\":\"required name=search_term_string\"}],\"inLanguage\":\"en-US\"},{\"@type\":\"WebPage\",\"@id\":\"https:\/\/www.urlaubcornwall.de\/blog\/schoene-cottages-suedengland-mieten\/\",\"url\":\"https:\/\/www.urlaubcornwall.de\/blog\/schoene-cottages-suedengland-mieten\/\",\"name\":\"Sch\u00f6ne Cottages in S\u00fcdengland mieten - Urlaub &amp; Reisen\",\"isPartOf\":{\"@id\":\"https:\/\/www.urlaubcornwall.de\/blog\/#website\"},\"datePublished\":\"2018-02-03T15:30:20+00:00\",\"dateModified\":\"2021-09-17T12:48:21+00:00\",\"description\":\"Dieses beeindruckende, freistehende Ferienhaus bietet eine stilvolle Luxusunterkunft f\u00fcr Familien und Paare, die einen Urlaub in diesem sch\u00f6nen Teil von S\u00fcdengland verbringen m\u00f6chten.\",\"breadcrumb\":{\"@id\":\"https:\/\/www.urlaubcornwall.de\/blog\/schoene-cottages-suedengland-mieten\/#breadcrumb\"},\"inLanguage\":\"en-US\",\"potentialAction\":[{\"@type\":\"ReadAction\",\"target\":[\"https:\/\/www.urlaubcornwall.de\/blog\/schoene-cottages-suedengland-mieten\/\"]}]},{\"@type\":\"BreadcrumbList\",\"@id\":\"https:\/\/www.urlaubcornwall.de\/blog\/schoene-cottages-suedengland-mieten\/#breadcrumb\",\"itemListElement\":[{\"@type\":\"ListItem\",\"position\":1,\"name\":\"Home\",\"item\":\"https:\/\/www.urlaubcornwall.de\/blog\/\"},{\"@type\":\"ListItem\",\"position\":2,\"name\":\"Sch\u00f6ne Cottages in S\u00fcdengland mieten\"}]}]}<\/script>\n<!-- \/ Yoast SEO plugin. -->","yoast_head_json":{"title":"Sch\u00f6ne Cottages in S\u00fcdengland mieten - Urlaub &amp; Reisen","description":"Dieses beeindruckende, freistehende Ferienhaus bietet eine stilvolle Luxusunterkunft f\u00fcr Familien und Paare, die einen Urlaub in diesem sch\u00f6nen Teil von S\u00fcdengland verbringen m\u00f6chten.","robots":{"index":"index","follow":"follow","max-snippet":"max-snippet:-1","max-image-preview":"max-image-preview:large","max-video-preview":"max-video-preview:-1"},"canonical":"https:\/\/www.urlaubcornwall.de\/blog\/schoene-cottages-suedengland-mieten\/","og_locale":"en_US","og_type":"article","og_title":"Sch\u00f6ne Cottages in S\u00fcdengland mieten - Urlaub &amp; Reisen","og_description":"Dieses beeindruckende, freistehende Ferienhaus bietet eine stilvolle Luxusunterkunft f\u00fcr Familien und Paare, die einen Urlaub in diesem sch\u00f6nen Teil von S\u00fcdengland verbringen m\u00f6chten.","og_url":"https:\/\/www.urlaubcornwall.de\/blog\/schoene-cottages-suedengland-mieten\/","og_site_name":"Urlaub &amp; Reisen","article_modified_time":"2021-09-17T12:48:21+00:00","og_image":[{"url":"https:\/\/www.urlaubcornwall.de\/blog\/wp-content\/uploads\/2018\/02\/cottages-s\u00fcdengland-mieten-urlaub.jpg"}],"twitter_card":"summary","schema":{"@context":"https:\/\/schema.org","@graph":[{"@type":"WebSite","@id":"https:\/\/www.urlaubcornwall.de\/blog\/#website","url":"https:\/\/www.urlaubcornwall.de\/blog\/","name":"Urlaub &amp; Reisen","description":"Urlaub, Reisen, Cornwall und S\u00fcdengland: eine perfekte Kombination","potentialAction":[{"@type":"SearchAction","target":{"@type":"EntryPoint","urlTemplate":"https:\/\/www.urlaubcornwall.de\/blog\/?s={search_term_string}"},"query-input":"required name=search_term_string"}],"inLanguage":"en-US"},{"@type":"WebPage","@id":"https:\/\/www.urlaubcornwall.de\/blog\/schoene-cottages-suedengland-mieten\/","url":"https:\/\/www.urlaubcornwall.de\/blog\/schoene-cottages-suedengland-mieten\/","name":"Sch\u00f6ne Cottages in S\u00fcdengland mieten - Urlaub &amp; Reisen","isPartOf":{"@id":"https:\/\/www.urlaubcornwall.de\/blog\/#website"},"datePublished":"2018-02-03T15:30:20+00:00","dateModified":"2021-09-17T12:48:21+00:00","description":"Dieses beeindruckende, freistehende Ferienhaus bietet eine stilvolle Luxusunterkunft f\u00fcr Familien und Paare, die einen Urlaub in diesem sch\u00f6nen Teil von S\u00fcdengland verbringen m\u00f6chten.","breadcrumb":{"@id":"https:\/\/www.urlaubcornwall.de\/blog\/schoene-cottages-suedengland-mieten\/#breadcrumb"},"inLanguage":"en-US","potentialAction":[{"@type":"ReadAction","target":["https:\/\/www.urlaubcornwall.de\/blog\/schoene-cottages-suedengland-mieten\/"]}]},{"@type":"BreadcrumbList","@id":"https:\/\/www.urlaubcornwall.de\/blog\/schoene-cottages-suedengland-mieten\/#breadcrumb","itemListElement":[{"@type":"ListItem","position":1,"name":"Home","item":"https:\/\/www.urlaubcornwall.de\/blog\/"},{"@type":"ListItem","position":2,"name":"Sch\u00f6ne Cottages in S\u00fcdengland mieten"}]}]}},"_links":{"self":[{"href":"https:\/\/www.urlaubcornwall.de\/blog\/wp-json\/wp\/v2\/pages\/32290"}],"collection":[{"href":"https:\/\/www.urlaubcornwall.de\/blog\/wp-json\/wp\/v2\/pages"}],"about":[{"href":"https:\/\/www.urlaubcornwall.de\/blog\/wp-json\/wp\/v2\/types\/page"}],"author":[{"embeddable":true,"href":"https:\/\/www.urlaubcornwall.de\/blog\/wp-json\/wp\/v2\/users\/1"}],"replies":[{"embeddable":true,"href":"https:\/\/www.urlaubcornwall.de\/blog\/wp-json\/wp\/v2\/comments?post=32290"}],"version-history":[{"count":7,"href":"https:\/\/www.urlaubcornwall.de\/blog\/wp-json\/wp\/v2\/pages\/32290\/revisions"}],"predecessor-version":[{"id":42921,"href":"https:\/\/www.urlaubcornwall.de\/blog\/wp-json\/wp\/v2\/pages\/32290\/revisions\/42921"}],"wp:attachment":[{"href":"https:\/\/www.urlaubcornwall.de\/blog\/wp-json\/wp\/v2\/media?parent=32290"}],"curies":[{"name":"wp","href":"https:\/\/api.w.org\/{rel}","templated":true}]}}