{"id":32281,"date":"2018-02-03T14:00:16","date_gmt":"2018-02-03T14:00:16","guid":{"rendered":"https:\/\/www.urlaubcornwall.de\/blog\/?page_id=32281"},"modified":"2021-09-02T09:36:33","modified_gmt":"2021-09-02T09:36:33","slug":"ferienhaus-newquay-mieten","status":"publish","type":"page","link":"https:\/\/www.urlaubcornwall.de\/blog\/ferienhaus-newquay-mieten\/","title":{"rendered":"Ferienhaus in Newquay mieten"},"content":{"rendered":"<p>n<img loading=\"lazy\" class=\"aligncenter size-full wp-image-32282\" src=\"https:\/\/www.urlaubcornwall.de\/blog\/wp-content\/uploads\/2018\/02\/ferienhaus-newquay-mieten.jpg\" alt=\"ferienhaus newquay mieten\" width=\"747\" height=\"494\"\/><\/p>\n<p><strong>Ferienhaus strandnah Crantock, Nordk\u00fcste Cornwall.<\/strong><\/p>\n<p>4 Schlafzimmer, leider keine Haustiere erlaubt, Schlafplatz f\u00fcr 8 + Kinderbett, An-\/Abreisetag am Freitag<\/p>\n<p>Preis pro Woche \u00a3540 &#8211; \u00a31850<\/p>\n<p>Crantock ist ein \u00e4u\u00dferst charmantes Dorf in der N\u00e4he von Newquay an der Nordk\u00fcste von Cornwall mit reetgedeckten H\u00e4usern, ein Dorf gr\u00fcn, zwei Kneipen, Post und Gesch\u00e4ft, Gesch\u00e4ft, eine Teestube und ein wirklich fantastischer Strand! Gelegen in einer ruhigen Gasse in der Mitte des Dorfes, Barn Hill Ferienhaus ein komfortabel eingerichtetes freistehendes Bungalow, das das perfekte Zuhause f\u00fcr Familienurlaub am Meer oder Abenteurer, die die atemberaubende K\u00fcste entdecken wollen&#8230;&#8230;&#8230;.<\/p>\n<p style=\"text-align: center;\"><a class=\"tidycta\" href=\"https:\/\/www.urlaubcornwall.de\/ferienhaeuser-fewos\/newquay.html\">Suche Ferienh\u00e4user Newquay<\/a><\/p>\n<p><strong>Um UrlaubCornwall.de einzigartige Kollektion nach Ihrem idealen Ferienhaus zu durchsuchen.<\/strong> <a href=\"https:\/\/www.urlaubcornwall.de\/ferienhaeuser\/cornwall.php\"><span style=\"text-decoration: underline;\"><strong>Klicken Sie hier<\/strong><\/span><strong> &gt;&gt;<\/strong><\/a><\/p>\n","protected":false},"excerpt":{"rendered":"<p>n Ferienhaus strandnah Crantock, Nordk\u00fcste Cornwall. 4 Schlafzimmer, leider keine Haustiere erlaubt, Schlafplatz f\u00fcr 8 + Kinderbett, An-\/Abreisetag am Freitag Preis pro Woche \u00a3540 &#8211; \u00a31850 Crantock ist ein \u00e4u\u00dferst charmantes Dorf in der N\u00e4he von Newquay an der Nordk\u00fcste von Cornwall mit reetgedeckten H\u00e4usern, ein Dorf gr\u00fcn, zwei Kneipen, Post und Gesch\u00e4ft, Gesch\u00e4ft, eine [&hellip;]<\/p>\n","protected":false},"author":1,"featured_media":0,"parent":0,"menu_order":0,"comment_status":"closed","ping_status":"closed","template":"single-four.php","meta":[],"acf":[],"yoast_head":"<!-- This site is optimized with the Yoast SEO plugin v19.4 - https:\/\/yoast.com\/wordpress\/plugins\/seo\/ -->\n<title>Ferienhaus in Newquay mieten - Urlaub &amp; Reisen<\/title>\n<meta name=\"robots\" content=\"index, follow, max-snippet:-1, max-image-preview:large, max-video-preview:-1\" \/>\n<link rel=\"canonical\" href=\"https:\/\/www.urlaubcornwall.de\/blog\/ferienhaus-newquay-mieten\/\" \/>\n<meta property=\"og:locale\" content=\"en_US\" \/>\n<meta property=\"og:type\" content=\"article\" \/>\n<meta property=\"og:title\" content=\"Ferienhaus in Newquay mieten - Urlaub &amp; Reisen\" \/>\n<meta property=\"og:description\" content=\"n Ferienhaus strandnah Crantock, Nordk\u00fcste Cornwall. 4 Schlafzimmer, leider keine Haustiere erlaubt, Schlafplatz f\u00fcr 8 + Kinderbett, An-\/Abreisetag am Freitag Preis pro Woche \u00a3540 &#8211; \u00a31850 Crantock ist ein \u00e4u\u00dferst charmantes Dorf in der N\u00e4he von Newquay an der Nordk\u00fcste von Cornwall mit reetgedeckten H\u00e4usern, ein Dorf gr\u00fcn, zwei Kneipen, Post und Gesch\u00e4ft, Gesch\u00e4ft, eine [&hellip;]\" \/>\n<meta property=\"og:url\" content=\"https:\/\/www.urlaubcornwall.de\/blog\/ferienhaus-newquay-mieten\/\" \/>\n<meta property=\"og:site_name\" content=\"Urlaub &amp; Reisen\" \/>\n<meta property=\"article:modified_time\" content=\"2021-09-02T09:36:33+00:00\" \/>\n<meta property=\"og:image\" content=\"https:\/\/www.urlaubcornwall.de\/blog\/wp-content\/uploads\/2018\/02\/ferienhaus-newquay-mieten.jpg\" \/>\n<meta name=\"twitter:card\" content=\"summary\" \/>\n<meta name=\"twitter:label1\" content=\"Est. reading time\" \/>\n\t<meta name=\"twitter:data1\" content=\"1 minute\" \/>\n<script type=\"application\/ld+json\" class=\"yoast-schema-graph\">{\"@context\":\"https:\/\/schema.org\",\"@graph\":[{\"@type\":\"WebSite\",\"@id\":\"https:\/\/www.urlaubcornwall.de\/blog\/#website\",\"url\":\"https:\/\/www.urlaubcornwall.de\/blog\/\",\"name\":\"Urlaub &amp; Reisen\",\"description\":\"Urlaub, Reisen, Cornwall und S\u00fcdengland: eine perfekte Kombination\",\"potentialAction\":[{\"@type\":\"SearchAction\",\"target\":{\"@type\":\"EntryPoint\",\"urlTemplate\":\"https:\/\/www.urlaubcornwall.de\/blog\/?s={search_term_string}\"},\"query-input\":\"required name=search_term_string\"}],\"inLanguage\":\"en-US\"},{\"@type\":\"WebPage\",\"@id\":\"https:\/\/www.urlaubcornwall.de\/blog\/ferienhaus-newquay-mieten\/\",\"url\":\"https:\/\/www.urlaubcornwall.de\/blog\/ferienhaus-newquay-mieten\/\",\"name\":\"Ferienhaus in Newquay mieten - Urlaub &amp; Reisen\",\"isPartOf\":{\"@id\":\"https:\/\/www.urlaubcornwall.de\/blog\/#website\"},\"datePublished\":\"2018-02-03T14:00:16+00:00\",\"dateModified\":\"2021-09-02T09:36:33+00:00\",\"breadcrumb\":{\"@id\":\"https:\/\/www.urlaubcornwall.de\/blog\/ferienhaus-newquay-mieten\/#breadcrumb\"},\"inLanguage\":\"en-US\",\"potentialAction\":[{\"@type\":\"ReadAction\",\"target\":[\"https:\/\/www.urlaubcornwall.de\/blog\/ferienhaus-newquay-mieten\/\"]}]},{\"@type\":\"BreadcrumbList\",\"@id\":\"https:\/\/www.urlaubcornwall.de\/blog\/ferienhaus-newquay-mieten\/#breadcrumb\",\"itemListElement\":[{\"@type\":\"ListItem\",\"position\":1,\"name\":\"Home\",\"item\":\"https:\/\/www.urlaubcornwall.de\/blog\/\"},{\"@type\":\"ListItem\",\"position\":2,\"name\":\"Ferienhaus in Newquay mieten\"}]}]}<\/script>\n<!-- \/ Yoast SEO plugin. -->","yoast_head_json":{"title":"Ferienhaus in Newquay mieten - Urlaub &amp; Reisen","robots":{"index":"index","follow":"follow","max-snippet":"max-snippet:-1","max-image-preview":"max-image-preview:large","max-video-preview":"max-video-preview:-1"},"canonical":"https:\/\/www.urlaubcornwall.de\/blog\/ferienhaus-newquay-mieten\/","og_locale":"en_US","og_type":"article","og_title":"Ferienhaus in Newquay mieten - Urlaub &amp; Reisen","og_description":"n Ferienhaus strandnah Crantock, Nordk\u00fcste Cornwall. 4 Schlafzimmer, leider keine Haustiere erlaubt, Schlafplatz f\u00fcr 8 + Kinderbett, An-\/Abreisetag am Freitag Preis pro Woche \u00a3540 &#8211; \u00a31850 Crantock ist ein \u00e4u\u00dferst charmantes Dorf in der N\u00e4he von Newquay an der Nordk\u00fcste von Cornwall mit reetgedeckten H\u00e4usern, ein Dorf gr\u00fcn, zwei Kneipen, Post und Gesch\u00e4ft, Gesch\u00e4ft, eine [&hellip;]","og_url":"https:\/\/www.urlaubcornwall.de\/blog\/ferienhaus-newquay-mieten\/","og_site_name":"Urlaub &amp; Reisen","article_modified_time":"2021-09-02T09:36:33+00:00","og_image":[{"url":"https:\/\/www.urlaubcornwall.de\/blog\/wp-content\/uploads\/2018\/02\/ferienhaus-newquay-mieten.jpg"}],"twitter_card":"summary","twitter_misc":{"Est. reading time":"1 minute"},"schema":{"@context":"https:\/\/schema.org","@graph":[{"@type":"WebSite","@id":"https:\/\/www.urlaubcornwall.de\/blog\/#website","url":"https:\/\/www.urlaubcornwall.de\/blog\/","name":"Urlaub &amp; Reisen","description":"Urlaub, Reisen, Cornwall und S\u00fcdengland: eine perfekte Kombination","potentialAction":[{"@type":"SearchAction","target":{"@type":"EntryPoint","urlTemplate":"https:\/\/www.urlaubcornwall.de\/blog\/?s={search_term_string}"},"query-input":"required name=search_term_string"}],"inLanguage":"en-US"},{"@type":"WebPage","@id":"https:\/\/www.urlaubcornwall.de\/blog\/ferienhaus-newquay-mieten\/","url":"https:\/\/www.urlaubcornwall.de\/blog\/ferienhaus-newquay-mieten\/","name":"Ferienhaus in Newquay mieten - Urlaub &amp; Reisen","isPartOf":{"@id":"https:\/\/www.urlaubcornwall.de\/blog\/#website"},"datePublished":"2018-02-03T14:00:16+00:00","dateModified":"2021-09-02T09:36:33+00:00","breadcrumb":{"@id":"https:\/\/www.urlaubcornwall.de\/blog\/ferienhaus-newquay-mieten\/#breadcrumb"},"inLanguage":"en-US","potentialAction":[{"@type":"ReadAction","target":["https:\/\/www.urlaubcornwall.de\/blog\/ferienhaus-newquay-mieten\/"]}]},{"@type":"BreadcrumbList","@id":"https:\/\/www.urlaubcornwall.de\/blog\/ferienhaus-newquay-mieten\/#breadcrumb","itemListElement":[{"@type":"ListItem","position":1,"name":"Home","item":"https:\/\/www.urlaubcornwall.de\/blog\/"},{"@type":"ListItem","position":2,"name":"Ferienhaus in Newquay mieten"}]}]}},"_links":{"self":[{"href":"https:\/\/www.urlaubcornwall.de\/blog\/wp-json\/wp\/v2\/pages\/32281"}],"collection":[{"href":"https:\/\/www.urlaubcornwall.de\/blog\/wp-json\/wp\/v2\/pages"}],"about":[{"href":"https:\/\/www.urlaubcornwall.de\/blog\/wp-json\/wp\/v2\/types\/page"}],"author":[{"embeddable":true,"href":"https:\/\/www.urlaubcornwall.de\/blog\/wp-json\/wp\/v2\/users\/1"}],"replies":[{"embeddable":true,"href":"https:\/\/www.urlaubcornwall.de\/blog\/wp-json\/wp\/v2\/comments?post=32281"}],"version-history":[{"count":6,"href":"https:\/\/www.urlaubcornwall.de\/blog\/wp-json\/wp\/v2\/pages\/32281\/revisions"}],"predecessor-version":[{"id":42437,"href":"https:\/\/www.urlaubcornwall.de\/blog\/wp-json\/wp\/v2\/pages\/32281\/revisions\/42437"}],"wp:attachment":[{"href":"https:\/\/www.urlaubcornwall.de\/blog\/wp-json\/wp\/v2\/media?parent=32281"}],"curies":[{"name":"wp","href":"https:\/\/api.w.org\/{rel}","templated":true}]}}