{"id":32239,"date":"2018-01-31T10:50:09","date_gmt":"2018-01-31T10:50:09","guid":{"rendered":"https:\/\/www.urlaubcornwall.de\/blog\/?page_id=32239"},"modified":"2024-05-30T12:55:36","modified_gmt":"2024-05-30T12:55:36","slug":"sehenswuerdigkeiten-der-new-forest-historische-haeuser-gaerten","status":"publish","type":"page","link":"https:\/\/www.urlaubcornwall.de\/blog\/sehenswuerdigkeiten-der-new-forest-historische-haeuser-gaerten\/","title":{"rendered":"Sehensw\u00fcrdigkeiten in der New Forest \u2013 Historische Herrenh\u00e4user &#038; G\u00e4rten"},"content":{"rendered":"<p><a href=\"https:\/\/www.urlaubcornwall.de\/blog\/wp-content\/uploads\/2024\/03\/Beaulieu_Palace_House_Beaulieu.jpg\"><img loading=\"lazy\" src=\"https:\/\/www.urlaubcornwall.de\/blog\/wp-content\/uploads\/2024\/03\/Beaulieu_Palace_House_Beaulieu.jpg\" alt=\"Beaulieu_Palace_House,_Beaulieu\" width=\"750\" height=\"486\" class=\"alignnone size-full wp-image-47974\" srcset=\"https:\/\/www.urlaubcornwall.de\/blog\/wp-content\/uploads\/2024\/03\/Beaulieu_Palace_House_Beaulieu.jpg 750w, https:\/\/www.urlaubcornwall.de\/blog\/wp-content\/uploads\/2024\/03\/Beaulieu_Palace_House_Beaulieu-300x194.jpg 300w\" sizes=\"(max-width: 750px) 100vw, 750px\" \/><\/a><\/p>\n<p>Der <a href=\"https:\/\/www.urlaubcornwall.de\/reiseziel\/hampshire.php\">New Forest in S\u00fcdengland<\/a> hat einige eindrucksvolle historische H\u00e4user und G\u00e4rten; hier finden Sie unsere Top 5, die Sie w\u00e4hrend Ihres Urlaubs im Vereinten K\u00f6nigreich nicht verpassen sollten.<\/p>\n<p><a href=\"https:\/\/www.exbury.co.uk\/\"rel=\"nofollow\"><strong>Exbury G\u00e4rten und Dampfeisenbahn<\/strong><\/a><\/p>\n<p>Die Exbury G\u00e4rten im New Forest Nationalpark befinden sich in einer spektakul\u00e4ren Lage, 80-Hektar umfassend, und sind weltbekannt f\u00fcr die Rothschild Sammlung an Rhododendren, Azaleen, Kamelien, seltenen B\u00e4umen und Str\u00e4uchern. Zu s\u00e4mtlichen Jahreszeiten ist die Farbenpracht des Gartens wundervoll; die Rhododendren und Azaleen sind jedoch im April und Mai am sch\u00f6nsten. Spazieren Sie den wundersch\u00f6nen Fluss Beaulieu entlang und erkunden Sie die G\u00e4rten \u00fcber zahlreiche Pfade. Genie\u00dfen Sie eine 20min\u00fctige Fahrt mit der 311mm Spurweite umfassenden Exbury Dampfeisenbahn. Dies wird mit Sicherheit Besucher s\u00e4mtlicher Altersstufen entz\u00fccken. Exbury Gardens bietet einen wundervollen familien- und hundefreundlichen Ausflugstag in Hampshire; Hunde sind sogar in der Dampfeisenbahn gestattet. Die G\u00e4rten und Dampfeisenbahn sind von M\u00e4rz bis November ge\u00f6ffnet.<\/p>\n<p><a href=\"https:\/\/www.bucklershard.co.uk\/\"rel=\"nofollow\"><strong>Buckler\u2019s Hard<\/strong><\/a><\/p>\n<p>Dies ist nicht nur ein historisches Haus, sondern vielmehr ein historisches Schiffbaudorf des 18. Jahrhunderts, wo die Schiffe f\u00fcr Nelsons Marine gebaut wurden. Das malerische Dorf Buckler\u2019s Hard liegt an den Ufern des Flusses Beaulieu im Herzen des New Forest. Einst ein gesch\u00e4ftiges Schiffsbaudorf, ist es nun ein ruhiges Paradies in einzigartiger Lage. Sie k\u00f6nnen die Geschichte des Dorfes im Maritime Museum entdecken, eine der historischen Schiffsh\u00fctten betreten oder zusehen, wie die Boote den friedvollen Fluss Beaulieu entlang segeln. Von M\u00e4rz \u2013 Oktober gibt es Flussfahrten entlang des wundersch\u00f6nen Flusses, der reich ist an Geschichte und Tierleben. Buckler\u2019s Hard ist t\u00e4glich au\u00dfer am Weihnachtstag ge\u00f6ffnet und sollte w\u00e4hrend Ihres S\u00fcdenglandurlaubs nicht verpasst werden.<\/p>\n<p><a href=\"https:\/\/www.beaulieu.co.uk\/\"rel=\"nofollow\"><strong>Beaulieu \u2013 Zuhause des Nationalen Fahrzeugmuseums<\/strong><\/a><\/p>\n<p>Beaulieu Palace House in idyllischer Lage im New Forest war seit 1538 das Stammhaus der Montagu Familie. Das Haus, das im 16. und 19. Jahrhundert erweitert wurde, ist ein feines Beispiel eines gotischen Landhauses. Das Palace House ist der \u00d6ffentlichkeit zug\u00e4nglich, obgleich es noch immer Familienwohnsitz ist. Die wundersch\u00f6nen G\u00e4rten, die zum Fluss Beaulieu f\u00fchren, sind entz\u00fcckend, um darin herumzuspazieren, und der viktorianische Kr\u00e4utergarten wurde gem\u00e4\u00df seines Layouts aus dem Jahre 1872 restauriert. Es gibt f\u00fcr jedes Familienmitglied etwas hier bei Beaulieu, und das Nationale Fahrzeugmuseum ist ein fantastischer Ort, um die Geschichte des Autofahrens zu entdecken. Es gibt mehr als 285 Fahrzeuge, vom \u00e4ltesten angefangen, das aus dem Jahre 1875 stammt, bis hin zu legend\u00e4ren F1 Autos und Geschwindigkeitsrekordbrechern. Beaulieu ist t\u00e4glich das ganze Jahr \u00fcber ge\u00f6ffnet, au\u00dfer am Weihnachtstag, und es gibt bei jedem Wetter etwas zu tun.<\/p>\n<p><a href=\"http:\/\/www.breamorehouse.com\/\"rel=\"nofollow\"><strong>Breamore House<\/strong><\/a><\/p>\n<p>Breamore House ist eine elisabethanische Villa bei Fordingbridge im New Forest. Das Haus war neun Generationen lang im Besitz der Familie Hulse und ist heute noch immer ein Familienwohnsitz. Es ist von April bis Oktober ge\u00f6ffnet. Es befindet sich innerhalb eines wundersch\u00f6nen Parks, und die Pracht und Herrlichkeit des Hauses hat sich w\u00e4hrend der vergangenen 400 Jahre kaum ver\u00e4ndert. Breamore House ist bekannt f\u00fcr seine feine Sammlung an Gem\u00e4lden und M\u00f6beln. Neben dem Haus gibt es das Countryside Museum, das faszinierenden Einblick bietet ins Dorfleben w\u00e4hrend der vergangenen Jahrhunderte. Breamore House und das Grundst\u00fcck sind einzigartig, und seine besondere Lage hat dazu gef\u00fchrt, dass es h\u00e4ufig als Filmdrehort benutzt wird.<\/p>\n<p><a href=\"https:\/\/www.minsteadtrust.org.uk\/Pages\/Category\/Furzey-Gardens\"rel=\"nofollow\"><strong>Furzey Gardens<\/strong><\/a><\/p>\n<p>Im Herzen des New Forest bei Minstead in der N\u00e4he von Lyndhurst, sind die Furzey G\u00e4rten, die 1922 geschaffen wurden, entz\u00fcckend und informell. Die friedvollen 4 Hektar Waldg\u00e4rten, die bekannt sind f\u00fcr ihre Sammlung an Azaleen und Rhododendren, beinhalten einen See, ein Spielgebiet, ein Waldcottage des16. Jahrhunderts und einen wiederbelebten, mit Gold preisgekr\u00f6nten RHS Chelsea Showgarten. Im Garten versteckt, befinden sich winzige Feent\u00fcrchen zum \u00d6ffnen; es gibt mehr als 40 winzige T\u00fcrchen, die in Baumst\u00e4mme geschnitzt wurden, und Kinder lieben es, die Furzey Gardens zu besuchen, um diese geheimen T\u00fcrchen zu entdecken und der Feenk\u00f6nigin Briefe zu schicken, die in den speziellen Fairy Post Briefkasten eingeworfen werden. Die G\u00e4rten sind das ganze Jahr \u00fcber ge\u00f6ffnet; Hunde sind nicht gestattet.<\/p>\n<p style=\"text-align: center;\"><strong>Pers\u00f6nlich inspizierte Ferienh\u00e4user, Ferienwohnungen &amp; Cottages in der New Forest f\u00fcr Ihren Urlaub.<\/strong><\/p>\n<p style=\"text-align: center;\">Bei uns finden Sie Ferienh\u00e4user zum Verlieben; so einfach ist das!<\/p>\n<p style=\"text-align: center;\"><a class=\"tidycta\" href=\"https:\/\/www.urlaubcornwall.de\/ferienhaeuser-fewos\/eng\/dorset\/new-forest-hampshire.html\">Suche Ferienh\u00e4user<\/a><\/p>\n<p><img loading=\"lazy\" class=\"aligncenter size-full wp-image-24598\" src=\"https:\/\/www.urlaubcornwall.de\/blog\/wp-content\/uploads\/2016\/06\/urlaub-und-sudengland_logo-final.jpg\" width=\"746\" height=\"361\"\/><\/p>\n<p style=\"text-align: right;\"><em>Images \u00a9 National Trust<\/em><\/p>\n","protected":false},"excerpt":{"rendered":"<p>Der New Forest in S\u00fcdengland hat einige eindrucksvolle historische H\u00e4user und G\u00e4rten; hier finden Sie unsere Top 5, die Sie w\u00e4hrend Ihres Urlaubs im Vereinten K\u00f6nigreich nicht verpassen sollten. Exbury G\u00e4rten und Dampfeisenbahn Die Exbury G\u00e4rten im New Forest Nationalpark befinden sich in einer spektakul\u00e4ren Lage, 80-Hektar umfassend, und sind weltbekannt f\u00fcr die Rothschild Sammlung [&hellip;]<\/p>\n","protected":false},"author":1,"featured_media":0,"parent":0,"menu_order":0,"comment_status":"closed","ping_status":"closed","template":"single-four.php","meta":[],"acf":[],"yoast_head":"<!-- This site is optimized with the Yoast SEO plugin v19.4 - https:\/\/yoast.com\/wordpress\/plugins\/seo\/ -->\n<title>Sehensw\u00fcrdigkeiten in der New Forest \u2013 Historische Herrenh\u00e4user &amp; G\u00e4rten - Urlaub &amp; Reisen<\/title>\n<meta name=\"robots\" content=\"index, follow, max-snippet:-1, max-image-preview:large, max-video-preview:-1\" \/>\n<link rel=\"canonical\" href=\"https:\/\/www.urlaubcornwall.de\/blog\/sehenswuerdigkeiten-der-new-forest-historische-haeuser-gaerten\/\" \/>\n<meta property=\"og:locale\" content=\"en_US\" \/>\n<meta property=\"og:type\" content=\"article\" \/>\n<meta property=\"og:title\" content=\"Sehensw\u00fcrdigkeiten in der New Forest \u2013 Historische Herrenh\u00e4user &amp; G\u00e4rten - Urlaub &amp; Reisen\" \/>\n<meta property=\"og:description\" content=\"Der New Forest in S\u00fcdengland hat einige eindrucksvolle historische H\u00e4user und G\u00e4rten; hier finden Sie unsere Top 5, die Sie w\u00e4hrend Ihres Urlaubs im Vereinten K\u00f6nigreich nicht verpassen sollten. Exbury G\u00e4rten und Dampfeisenbahn Die Exbury G\u00e4rten im New Forest Nationalpark befinden sich in einer spektakul\u00e4ren Lage, 80-Hektar umfassend, und sind weltbekannt f\u00fcr die Rothschild Sammlung [&hellip;]\" \/>\n<meta property=\"og:url\" content=\"https:\/\/www.urlaubcornwall.de\/blog\/sehenswuerdigkeiten-der-new-forest-historische-haeuser-gaerten\/\" \/>\n<meta property=\"og:site_name\" content=\"Urlaub &amp; Reisen\" \/>\n<meta property=\"article:modified_time\" content=\"2024-05-30T12:55:36+00:00\" \/>\n<meta property=\"og:image\" content=\"https:\/\/www.urlaubcornwall.de\/blog\/wp-content\/uploads\/2024\/03\/Beaulieu_Palace_House_Beaulieu.jpg\" \/>\n<meta name=\"twitter:card\" content=\"summary\" \/>\n<meta name=\"twitter:label1\" content=\"Est. reading time\" \/>\n\t<meta name=\"twitter:data1\" content=\"4 minutes\" \/>\n<script type=\"application\/ld+json\" class=\"yoast-schema-graph\">{\"@context\":\"https:\/\/schema.org\",\"@graph\":[{\"@type\":\"WebSite\",\"@id\":\"https:\/\/www.urlaubcornwall.de\/blog\/#website\",\"url\":\"https:\/\/www.urlaubcornwall.de\/blog\/\",\"name\":\"Urlaub &amp; Reisen\",\"description\":\"Urlaub, Reisen, Cornwall und S\u00fcdengland: eine perfekte Kombination\",\"potentialAction\":[{\"@type\":\"SearchAction\",\"target\":{\"@type\":\"EntryPoint\",\"urlTemplate\":\"https:\/\/www.urlaubcornwall.de\/blog\/?s={search_term_string}\"},\"query-input\":\"required name=search_term_string\"}],\"inLanguage\":\"en-US\"},{\"@type\":\"WebPage\",\"@id\":\"https:\/\/www.urlaubcornwall.de\/blog\/sehenswuerdigkeiten-der-new-forest-historische-haeuser-gaerten\/\",\"url\":\"https:\/\/www.urlaubcornwall.de\/blog\/sehenswuerdigkeiten-der-new-forest-historische-haeuser-gaerten\/\",\"name\":\"Sehensw\u00fcrdigkeiten in der New Forest \u2013 Historische Herrenh\u00e4user & G\u00e4rten - Urlaub &amp; Reisen\",\"isPartOf\":{\"@id\":\"https:\/\/www.urlaubcornwall.de\/blog\/#website\"},\"datePublished\":\"2018-01-31T10:50:09+00:00\",\"dateModified\":\"2024-05-30T12:55:36+00:00\",\"breadcrumb\":{\"@id\":\"https:\/\/www.urlaubcornwall.de\/blog\/sehenswuerdigkeiten-der-new-forest-historische-haeuser-gaerten\/#breadcrumb\"},\"inLanguage\":\"en-US\",\"potentialAction\":[{\"@type\":\"ReadAction\",\"target\":[\"https:\/\/www.urlaubcornwall.de\/blog\/sehenswuerdigkeiten-der-new-forest-historische-haeuser-gaerten\/\"]}]},{\"@type\":\"BreadcrumbList\",\"@id\":\"https:\/\/www.urlaubcornwall.de\/blog\/sehenswuerdigkeiten-der-new-forest-historische-haeuser-gaerten\/#breadcrumb\",\"itemListElement\":[{\"@type\":\"ListItem\",\"position\":1,\"name\":\"Home\",\"item\":\"https:\/\/www.urlaubcornwall.de\/blog\/\"},{\"@type\":\"ListItem\",\"position\":2,\"name\":\"Sehensw\u00fcrdigkeiten in der New Forest \u2013 Historische Herrenh\u00e4user &#038; G\u00e4rten\"}]}]}<\/script>\n<!-- \/ Yoast SEO plugin. -->","yoast_head_json":{"title":"Sehensw\u00fcrdigkeiten in der New Forest \u2013 Historische Herrenh\u00e4user & G\u00e4rten - Urlaub &amp; Reisen","robots":{"index":"index","follow":"follow","max-snippet":"max-snippet:-1","max-image-preview":"max-image-preview:large","max-video-preview":"max-video-preview:-1"},"canonical":"https:\/\/www.urlaubcornwall.de\/blog\/sehenswuerdigkeiten-der-new-forest-historische-haeuser-gaerten\/","og_locale":"en_US","og_type":"article","og_title":"Sehensw\u00fcrdigkeiten in der New Forest \u2013 Historische Herrenh\u00e4user & G\u00e4rten - Urlaub &amp; Reisen","og_description":"Der New Forest in S\u00fcdengland hat einige eindrucksvolle historische H\u00e4user und G\u00e4rten; hier finden Sie unsere Top 5, die Sie w\u00e4hrend Ihres Urlaubs im Vereinten K\u00f6nigreich nicht verpassen sollten. Exbury G\u00e4rten und Dampfeisenbahn Die Exbury G\u00e4rten im New Forest Nationalpark befinden sich in einer spektakul\u00e4ren Lage, 80-Hektar umfassend, und sind weltbekannt f\u00fcr die Rothschild Sammlung [&hellip;]","og_url":"https:\/\/www.urlaubcornwall.de\/blog\/sehenswuerdigkeiten-der-new-forest-historische-haeuser-gaerten\/","og_site_name":"Urlaub &amp; Reisen","article_modified_time":"2024-05-30T12:55:36+00:00","og_image":[{"url":"https:\/\/www.urlaubcornwall.de\/blog\/wp-content\/uploads\/2024\/03\/Beaulieu_Palace_House_Beaulieu.jpg"}],"twitter_card":"summary","twitter_misc":{"Est. reading time":"4 minutes"},"schema":{"@context":"https:\/\/schema.org","@graph":[{"@type":"WebSite","@id":"https:\/\/www.urlaubcornwall.de\/blog\/#website","url":"https:\/\/www.urlaubcornwall.de\/blog\/","name":"Urlaub &amp; Reisen","description":"Urlaub, Reisen, Cornwall und S\u00fcdengland: eine perfekte Kombination","potentialAction":[{"@type":"SearchAction","target":{"@type":"EntryPoint","urlTemplate":"https:\/\/www.urlaubcornwall.de\/blog\/?s={search_term_string}"},"query-input":"required name=search_term_string"}],"inLanguage":"en-US"},{"@type":"WebPage","@id":"https:\/\/www.urlaubcornwall.de\/blog\/sehenswuerdigkeiten-der-new-forest-historische-haeuser-gaerten\/","url":"https:\/\/www.urlaubcornwall.de\/blog\/sehenswuerdigkeiten-der-new-forest-historische-haeuser-gaerten\/","name":"Sehensw\u00fcrdigkeiten in der New Forest \u2013 Historische Herrenh\u00e4user & G\u00e4rten - Urlaub &amp; Reisen","isPartOf":{"@id":"https:\/\/www.urlaubcornwall.de\/blog\/#website"},"datePublished":"2018-01-31T10:50:09+00:00","dateModified":"2024-05-30T12:55:36+00:00","breadcrumb":{"@id":"https:\/\/www.urlaubcornwall.de\/blog\/sehenswuerdigkeiten-der-new-forest-historische-haeuser-gaerten\/#breadcrumb"},"inLanguage":"en-US","potentialAction":[{"@type":"ReadAction","target":["https:\/\/www.urlaubcornwall.de\/blog\/sehenswuerdigkeiten-der-new-forest-historische-haeuser-gaerten\/"]}]},{"@type":"BreadcrumbList","@id":"https:\/\/www.urlaubcornwall.de\/blog\/sehenswuerdigkeiten-der-new-forest-historische-haeuser-gaerten\/#breadcrumb","itemListElement":[{"@type":"ListItem","position":1,"name":"Home","item":"https:\/\/www.urlaubcornwall.de\/blog\/"},{"@type":"ListItem","position":2,"name":"Sehensw\u00fcrdigkeiten in der New Forest \u2013 Historische Herrenh\u00e4user &#038; G\u00e4rten"}]}]}},"_links":{"self":[{"href":"https:\/\/www.urlaubcornwall.de\/blog\/wp-json\/wp\/v2\/pages\/32239"}],"collection":[{"href":"https:\/\/www.urlaubcornwall.de\/blog\/wp-json\/wp\/v2\/pages"}],"about":[{"href":"https:\/\/www.urlaubcornwall.de\/blog\/wp-json\/wp\/v2\/types\/page"}],"author":[{"embeddable":true,"href":"https:\/\/www.urlaubcornwall.de\/blog\/wp-json\/wp\/v2\/users\/1"}],"replies":[{"embeddable":true,"href":"https:\/\/www.urlaubcornwall.de\/blog\/wp-json\/wp\/v2\/comments?post=32239"}],"version-history":[{"count":14,"href":"https:\/\/www.urlaubcornwall.de\/blog\/wp-json\/wp\/v2\/pages\/32239\/revisions"}],"predecessor-version":[{"id":51054,"href":"https:\/\/www.urlaubcornwall.de\/blog\/wp-json\/wp\/v2\/pages\/32239\/revisions\/51054"}],"wp:attachment":[{"href":"https:\/\/www.urlaubcornwall.de\/blog\/wp-json\/wp\/v2\/media?parent=32239"}],"curies":[{"name":"wp","href":"https:\/\/api.w.org\/{rel}","templated":true}]}}