{"id":32212,"date":"2018-01-30T13:10:59","date_gmt":"2018-01-30T13:10:59","guid":{"rendered":"https:\/\/www.urlaubcornwall.de\/blog\/?page_id=32212"},"modified":"2026-01-07T10:21:47","modified_gmt":"2026-01-07T10:21:47","slug":"sehenswuerdigkeiten-dorset-historische-haeuser-gaerten","status":"publish","type":"page","link":"https:\/\/www.urlaubcornwall.de\/blog\/sehenswuerdigkeiten-dorset-historische-haeuser-gaerten\/","title":{"rendered":"Sehensw\u00fcrdigkeiten in Dorset &#8211; Historische Herrenh\u00e4user &#038; G\u00e4rten"},"content":{"rendered":"<p><a href=\"https:\/\/www.urlaubcornwall.de\/blog\/wp-content\/uploads\/2024\/03\/corfe-castle.jpg\"><img loading=\"lazy\" src=\"https:\/\/www.urlaubcornwall.de\/blog\/wp-content\/uploads\/2024\/03\/corfe-castle.jpg\" alt=\"corfe castle\" width=\"750\" height=\"719\" class=\"alignnone size-full wp-image-47968\" srcset=\"https:\/\/www.urlaubcornwall.de\/blog\/wp-content\/uploads\/2024\/03\/corfe-castle.jpg 750w, https:\/\/www.urlaubcornwall.de\/blog\/wp-content\/uploads\/2024\/03\/corfe-castle-300x288.jpg 300w\" sizes=\"(max-width: 750px) 100vw, 750px\" \/><\/a><\/p>\n<p>Die alte <a href=\"https:\/\/www.urlaubcornwall.de\/reiseziel\/dorset.php\">Grafschaft Dorset<\/a> beherbergt einige der spektakul\u00e4rsten H\u00e4user und G\u00e4rten im S\u00fcden Englands, und viele davon haben direkte Verbindungen zu einigen von Englands ber\u00fchmtesten historischen Gestalten. Hier ist eine Auswahl an H\u00e4usern und G\u00e4rten f\u00fcr Sie, die Sie w\u00e4hrend Ihres Urlaubs im Vereinten K\u00f6nigreich besuchen k\u00f6nnen.<\/p>\n<p><a href=\"https:\/\/www.nationaltrust.org.uk\/kingston-lacy\"rel=\"nofollow\"><strong>Kingston Lacy<\/strong><\/a><\/p>\n<p>Kingston Lacy ist ein luxuri\u00f6ser Familienwohnsitz, der im l\u00e4ndlichen Dorset in der N\u00e4he von Wimborne Minster derart gebaut wurde, dass er einem italienischen Palast gleicht. Dieses Haus aus dem 17. Jahrhundert, das sich im Besitz des National Trust befindet, war mehr als 300 Jahre lang das Zuhause der Familie Bankes. Der au\u00dferordentliche Geschmack der Familie und das Verlangen, sich mit Sch\u00f6nheit zu umgeben, bedeutet, dass Kingston Lacy eine international anerkannte Kunstsammlung besitzt, einschlie\u00dflich Gem\u00e4lden von Rubens, Velazquez und Titian. Auch drau\u00dfen gibt es jede Menge zu erkunden; ausladende Wiesen, einen japanischen Garten, Kr\u00e4utergarten, Waldgebiet und Spazierwege durch den Park. Kingston Lacy ist mit einer Vielzahl an M\u00f6glichkeiten, ein Picknick zu genie\u00dfen, ein gro\u00dfartiger Ort f\u00fcr einen Familienausflug w\u00e4hrend Ihres Urlaubs in Dorset. Garten und Park sind das ganze Jahr \u00fcber ge\u00f6ffnet und angeleinte Hunde sind gestattet. Das Haus ist von Anfang M\u00e4rz bis Ende Oktober ge\u00f6ffnet.<\/p>\n<p><a href=\"http:\/\/www.athelhampton.co.uk\/\"rel=\"nofollow\"><strong>Athelhampton Haus und Garten<\/strong><\/a><\/p>\n<p>In der N\u00e4he von Dorchester befindet sich Athelhampton, das eines der feinsten Herrenh\u00e4user des 15. Jahrhunderts ist; umgeben von einem der pr\u00e4chtigen G\u00e4rten Englands. Die gro\u00dfe Halle ist ein feines Beispiel an Tudor Architektur, und von hier aus betreten Sie die verschiedenen, fein m\u00f6blierten R\u00e4ume. Die G\u00e4rten bei Athelhampton sind variationsreich; die formellen G\u00e4rten wurden zwischen 1891-1899 erschaffen, und der gro\u00dfe Hof mit seinen bemerkenswerten, pyramidenf\u00f6rmigen Eiben ist am bekanntesten. Jenseits der wundervollen G\u00e4rten f\u00fchrt Sie der Pfad entlang der Ufer des Flusses Piddle zum Taubenverschlag aus dem 15. Jahrhundert. Athelhampton Haus und G\u00e4rten sind das ganze Jahr \u00fcber ge\u00f6ffnet und angeleinte Hunde sind in den G\u00e4rten gestattet.<\/p>\n<p><a href=\"https:\/\/www.lulworth.com\/visit\/places-to-visit\/castle-and-park\/\"rel=\"nofollow\"><strong>Lulworth Burg und Park<\/strong><\/a><\/p>\n<p>Burg Lulworth bei Wareham ist eine herrliche Burg aus dem 17. Jahrhundert und eine der sch\u00f6nsten im S\u00fcden Englands. Vom Turm aus ergibt sich ein spektakul\u00e4rer Panoramablick \u00fcber die Landschaft Dorsets hinweg; es gibt ein weitl\u00e4ufiges Gel\u00e4nde zu erkunden, einschlie\u00dflich Waldwanderwegen und einer Vielzahl an Picknickgebieten. Im Herzen der Burg befindet sich ein entz\u00fcckender Teeraum, wo Sie einen Dorset Cream Tea genie\u00dfen k\u00f6nnen. Die Burg ist von Ostern bis Dezember, sonntags \u2013 freitags ge\u00f6ffnet; angeleinte Hunde sind im Park gestattet.<\/p>\n<p><a href=\"http:\/\/mapperton.com\/\"rel=\"nofollow\"><strong>Mapperton Haus und G\u00e4rten<\/strong><\/a><\/p>\n<p>Mapperton Haus ist ein herrliches jakobinisches Haus und das Zuhause des Earl of Sandwich. Es befindet sich in der N\u00e4he von Beaminster mit hervorragendem Blick \u00fcber die H\u00fcgel und W\u00e4lder Dorsets. Das Haus kann lediglich im Rahmen einer gef\u00fchrten Tour vom 1. April \u2013 31. Oktober nachmittags, sonntags &#8211; donnerstags besichtigt werden. Es gibt mehr als 6 Hektar wundersch\u00f6ner G\u00e4rten zu erkunden, einschlie\u00dflich einer Orangerie, Formschnitten, eines italienischen Gartens, die allesamt hinunterf\u00fchren zu einem Fischteich und einem Wildblumengarten. Mapperton House war Drehort f\u00fcr Filme und Fernsehprogramme, einschlie\u00dflich der Fassung aus dem Jahre 2015 von Thomas Hardys \u2018Far from the Madding Crowd\u2019.<\/p>\n<p><a href=\"https:\/\/www.nationaltrust.org.uk\/corfe-castle\"rel=\"nofollow\"><strong>Corfe Castle<\/strong><\/a><\/p>\n<p>Kein Besuch Dorsets w\u00e4re komplett ohne eine Besichtigung der ikonischen Burg Corfe im Dorf Corfe. Mit einer mehr als 1000j\u00e4hrigen Geschichte, bieten diese romantischen Burgruinen atemberaubenden Blick \u00fcber die Landschaft Dorset. Nun im Besitz des National Trust, ist Corfe Castle das ganze Jahr \u00fcber ge\u00f6ffnet, und an kurzen Leinen gef\u00fchrte Hunde sind willkommen. W\u00e4hrend der Monate April \u2013 September gibt es auf der Burg mit Spa\u00df gef\u00fcllte geschichtliche Veranstaltungen f\u00fcr Familien; abseits der Burgmauern gibt es jede Menge Spazierwege durch die historische Landschaft Dorsets.<\/p>\n<p style=\"text-align: center;\"><strong>Pers\u00f6nlich inspizierte Ferienh\u00e4user, Ferienwohnungen &amp; Cottages in Dorset f\u00fcr Ihren Urlaub.<\/strong><\/p>\n<p style=\"text-align: center;\">Bei uns finden Sie Ferienh\u00e4user zum Verlieben; so einfach ist das!<\/p>\n<p style=\"text-align: center;\"><a class=\"tidycta\" href=\"https:\/\/www.urlaubcornwall.de\/ferienhaeuser-fewos\/eng\/dorset\/dorset.html\">Suche Ferienh\u00e4user in Dorset<\/a><\/p>\n<p><img loading=\"lazy\" class=\"aligncenter size-full wp-image-24598\" src=\"https:\/\/www.urlaubcornwall.de\/blog\/wp-content\/uploads\/2016\/06\/urlaub-und-sudengland_logo-final.jpg\" width=\"746\" height=\"361\"\/><\/p>\n<p style=\"text-align: right;\"><em>Images \u00a9 National Trust<\/em><\/p>\n","protected":false},"excerpt":{"rendered":"<p>Die alte Grafschaft Dorset beherbergt einige der spektakul\u00e4rsten H\u00e4user und G\u00e4rten im S\u00fcden Englands, und viele davon haben direkte Verbindungen zu einigen von Englands ber\u00fchmtesten historischen Gestalten. Hier ist eine Auswahl an H\u00e4usern und G\u00e4rten f\u00fcr Sie, die Sie w\u00e4hrend Ihres Urlaubs im Vereinten K\u00f6nigreich besuchen k\u00f6nnen. Kingston Lacy Kingston Lacy ist ein luxuri\u00f6ser Familienwohnsitz, [&hellip;]<\/p>\n","protected":false},"author":1,"featured_media":0,"parent":0,"menu_order":0,"comment_status":"closed","ping_status":"closed","template":"single-four.php","meta":[],"acf":[],"yoast_head":"<!-- This site is optimized with the Yoast SEO plugin v19.4 - https:\/\/yoast.com\/wordpress\/plugins\/seo\/ -->\n<title>Sehensw\u00fcrdigkeiten in Dorset - Historische Herrenh\u00e4user &amp; G\u00e4rten - Urlaub &amp; Reisen<\/title>\n<meta name=\"robots\" content=\"index, follow, max-snippet:-1, max-image-preview:large, max-video-preview:-1\" \/>\n<link rel=\"canonical\" href=\"https:\/\/www.urlaubcornwall.de\/blog\/sehenswuerdigkeiten-dorset-historische-haeuser-gaerten\/\" \/>\n<meta property=\"og:locale\" content=\"en_US\" \/>\n<meta property=\"og:type\" content=\"article\" \/>\n<meta property=\"og:title\" content=\"Sehensw\u00fcrdigkeiten in Dorset - Historische Herrenh\u00e4user &amp; G\u00e4rten - Urlaub &amp; Reisen\" \/>\n<meta property=\"og:description\" content=\"Die alte Grafschaft Dorset beherbergt einige der spektakul\u00e4rsten H\u00e4user und G\u00e4rten im S\u00fcden Englands, und viele davon haben direkte Verbindungen zu einigen von Englands ber\u00fchmtesten historischen Gestalten. Hier ist eine Auswahl an H\u00e4usern und G\u00e4rten f\u00fcr Sie, die Sie w\u00e4hrend Ihres Urlaubs im Vereinten K\u00f6nigreich besuchen k\u00f6nnen. Kingston Lacy Kingston Lacy ist ein luxuri\u00f6ser Familienwohnsitz, [&hellip;]\" \/>\n<meta property=\"og:url\" content=\"https:\/\/www.urlaubcornwall.de\/blog\/sehenswuerdigkeiten-dorset-historische-haeuser-gaerten\/\" \/>\n<meta property=\"og:site_name\" content=\"Urlaub &amp; Reisen\" \/>\n<meta property=\"article:modified_time\" content=\"2026-01-07T10:21:47+00:00\" \/>\n<meta property=\"og:image\" content=\"https:\/\/www.urlaubcornwall.de\/blog\/wp-content\/uploads\/2024\/03\/corfe-castle.jpg\" \/>\n<meta name=\"twitter:card\" content=\"summary\" \/>\n<meta name=\"twitter:label1\" content=\"Est. reading time\" \/>\n\t<meta name=\"twitter:data1\" content=\"4 minutes\" \/>\n<script type=\"application\/ld+json\" class=\"yoast-schema-graph\">{\"@context\":\"https:\/\/schema.org\",\"@graph\":[{\"@type\":\"WebSite\",\"@id\":\"https:\/\/www.urlaubcornwall.de\/blog\/#website\",\"url\":\"https:\/\/www.urlaubcornwall.de\/blog\/\",\"name\":\"Urlaub &amp; Reisen\",\"description\":\"Urlaub, Reisen, Cornwall und S\u00fcdengland: eine perfekte Kombination\",\"potentialAction\":[{\"@type\":\"SearchAction\",\"target\":{\"@type\":\"EntryPoint\",\"urlTemplate\":\"https:\/\/www.urlaubcornwall.de\/blog\/?s={search_term_string}\"},\"query-input\":\"required name=search_term_string\"}],\"inLanguage\":\"en-US\"},{\"@type\":\"WebPage\",\"@id\":\"https:\/\/www.urlaubcornwall.de\/blog\/sehenswuerdigkeiten-dorset-historische-haeuser-gaerten\/\",\"url\":\"https:\/\/www.urlaubcornwall.de\/blog\/sehenswuerdigkeiten-dorset-historische-haeuser-gaerten\/\",\"name\":\"Sehensw\u00fcrdigkeiten in Dorset - Historische Herrenh\u00e4user & G\u00e4rten - Urlaub &amp; Reisen\",\"isPartOf\":{\"@id\":\"https:\/\/www.urlaubcornwall.de\/blog\/#website\"},\"datePublished\":\"2018-01-30T13:10:59+00:00\",\"dateModified\":\"2026-01-07T10:21:47+00:00\",\"breadcrumb\":{\"@id\":\"https:\/\/www.urlaubcornwall.de\/blog\/sehenswuerdigkeiten-dorset-historische-haeuser-gaerten\/#breadcrumb\"},\"inLanguage\":\"en-US\",\"potentialAction\":[{\"@type\":\"ReadAction\",\"target\":[\"https:\/\/www.urlaubcornwall.de\/blog\/sehenswuerdigkeiten-dorset-historische-haeuser-gaerten\/\"]}]},{\"@type\":\"BreadcrumbList\",\"@id\":\"https:\/\/www.urlaubcornwall.de\/blog\/sehenswuerdigkeiten-dorset-historische-haeuser-gaerten\/#breadcrumb\",\"itemListElement\":[{\"@type\":\"ListItem\",\"position\":1,\"name\":\"Home\",\"item\":\"https:\/\/www.urlaubcornwall.de\/blog\/\"},{\"@type\":\"ListItem\",\"position\":2,\"name\":\"Sehensw\u00fcrdigkeiten in Dorset &#8211; Historische Herrenh\u00e4user &#038; G\u00e4rten\"}]}]}<\/script>\n<!-- \/ Yoast SEO plugin. -->","yoast_head_json":{"title":"Sehensw\u00fcrdigkeiten in Dorset - Historische Herrenh\u00e4user & G\u00e4rten - Urlaub &amp; Reisen","robots":{"index":"index","follow":"follow","max-snippet":"max-snippet:-1","max-image-preview":"max-image-preview:large","max-video-preview":"max-video-preview:-1"},"canonical":"https:\/\/www.urlaubcornwall.de\/blog\/sehenswuerdigkeiten-dorset-historische-haeuser-gaerten\/","og_locale":"en_US","og_type":"article","og_title":"Sehensw\u00fcrdigkeiten in Dorset - Historische Herrenh\u00e4user & G\u00e4rten - Urlaub &amp; Reisen","og_description":"Die alte Grafschaft Dorset beherbergt einige der spektakul\u00e4rsten H\u00e4user und G\u00e4rten im S\u00fcden Englands, und viele davon haben direkte Verbindungen zu einigen von Englands ber\u00fchmtesten historischen Gestalten. Hier ist eine Auswahl an H\u00e4usern und G\u00e4rten f\u00fcr Sie, die Sie w\u00e4hrend Ihres Urlaubs im Vereinten K\u00f6nigreich besuchen k\u00f6nnen. Kingston Lacy Kingston Lacy ist ein luxuri\u00f6ser Familienwohnsitz, [&hellip;]","og_url":"https:\/\/www.urlaubcornwall.de\/blog\/sehenswuerdigkeiten-dorset-historische-haeuser-gaerten\/","og_site_name":"Urlaub &amp; Reisen","article_modified_time":"2026-01-07T10:21:47+00:00","og_image":[{"url":"https:\/\/www.urlaubcornwall.de\/blog\/wp-content\/uploads\/2024\/03\/corfe-castle.jpg"}],"twitter_card":"summary","twitter_misc":{"Est. reading time":"4 minutes"},"schema":{"@context":"https:\/\/schema.org","@graph":[{"@type":"WebSite","@id":"https:\/\/www.urlaubcornwall.de\/blog\/#website","url":"https:\/\/www.urlaubcornwall.de\/blog\/","name":"Urlaub &amp; Reisen","description":"Urlaub, Reisen, Cornwall und S\u00fcdengland: eine perfekte Kombination","potentialAction":[{"@type":"SearchAction","target":{"@type":"EntryPoint","urlTemplate":"https:\/\/www.urlaubcornwall.de\/blog\/?s={search_term_string}"},"query-input":"required name=search_term_string"}],"inLanguage":"en-US"},{"@type":"WebPage","@id":"https:\/\/www.urlaubcornwall.de\/blog\/sehenswuerdigkeiten-dorset-historische-haeuser-gaerten\/","url":"https:\/\/www.urlaubcornwall.de\/blog\/sehenswuerdigkeiten-dorset-historische-haeuser-gaerten\/","name":"Sehensw\u00fcrdigkeiten in Dorset - Historische Herrenh\u00e4user & G\u00e4rten - Urlaub &amp; Reisen","isPartOf":{"@id":"https:\/\/www.urlaubcornwall.de\/blog\/#website"},"datePublished":"2018-01-30T13:10:59+00:00","dateModified":"2026-01-07T10:21:47+00:00","breadcrumb":{"@id":"https:\/\/www.urlaubcornwall.de\/blog\/sehenswuerdigkeiten-dorset-historische-haeuser-gaerten\/#breadcrumb"},"inLanguage":"en-US","potentialAction":[{"@type":"ReadAction","target":["https:\/\/www.urlaubcornwall.de\/blog\/sehenswuerdigkeiten-dorset-historische-haeuser-gaerten\/"]}]},{"@type":"BreadcrumbList","@id":"https:\/\/www.urlaubcornwall.de\/blog\/sehenswuerdigkeiten-dorset-historische-haeuser-gaerten\/#breadcrumb","itemListElement":[{"@type":"ListItem","position":1,"name":"Home","item":"https:\/\/www.urlaubcornwall.de\/blog\/"},{"@type":"ListItem","position":2,"name":"Sehensw\u00fcrdigkeiten in Dorset &#8211; Historische Herrenh\u00e4user &#038; G\u00e4rten"}]}]}},"_links":{"self":[{"href":"https:\/\/www.urlaubcornwall.de\/blog\/wp-json\/wp\/v2\/pages\/32212"}],"collection":[{"href":"https:\/\/www.urlaubcornwall.de\/blog\/wp-json\/wp\/v2\/pages"}],"about":[{"href":"https:\/\/www.urlaubcornwall.de\/blog\/wp-json\/wp\/v2\/types\/page"}],"author":[{"embeddable":true,"href":"https:\/\/www.urlaubcornwall.de\/blog\/wp-json\/wp\/v2\/users\/1"}],"replies":[{"embeddable":true,"href":"https:\/\/www.urlaubcornwall.de\/blog\/wp-json\/wp\/v2\/comments?post=32212"}],"version-history":[{"count":10,"href":"https:\/\/www.urlaubcornwall.de\/blog\/wp-json\/wp\/v2\/pages\/32212\/revisions"}],"predecessor-version":[{"id":52021,"href":"https:\/\/www.urlaubcornwall.de\/blog\/wp-json\/wp\/v2\/pages\/32212\/revisions\/52021"}],"wp:attachment":[{"href":"https:\/\/www.urlaubcornwall.de\/blog\/wp-json\/wp\/v2\/media?parent=32212"}],"curies":[{"name":"wp","href":"https:\/\/api.w.org\/{rel}","templated":true}]}}