{"id":32202,"date":"2018-01-30T09:58:08","date_gmt":"2018-01-30T09:58:08","guid":{"rendered":"https:\/\/www.urlaubcornwall.de\/blog\/?page_id=32202"},"modified":"2024-05-30T10:15:14","modified_gmt":"2024-05-30T10:15:14","slug":"sehenswuerdigkeiten-cotswolds-historische-haeuser-gaerten","status":"publish","type":"page","link":"https:\/\/www.urlaubcornwall.de\/blog\/sehenswuerdigkeiten-cotswolds-historische-haeuser-gaerten\/","title":{"rendered":"Historische Herrenh\u00e4user &#038; G\u00e4rten in den Cotswolds"},"content":{"rendered":"<p>Die <a href=\"https:\/\/www.urlaubcornwall.de\/reiseziel\/cotswolds.php\">Cotswolds sind ein wundervoller Teil Englands<\/a> und f\u00fcr viele die quintessentielle l\u00e4ndlich englische Landschaft schlechthin mit ihren honigfarbenen Steingeb\u00e4uden. Sie umfassen ein riesiges Gebiet von mehr als 2000 Quadratkilometern, das durch f\u00fcnf Grafschaften f\u00fchrt \u2013 <a href=\"https:\/\/www.urlaubcornwall.de\/ferienhaeuser-fewos\/eng\/gloucestershire\/gloucestershire.html\">Gloucestershire<\/a>, <a href=\"https:\/\/www.urlaubcornwall.de\/ferienhaeuser-fewos\/eng\/oxfordshire\/oxfordshire.html\">Oxfordshire<\/a>, <a href=\"https:\/\/www.urlaubcornwall.de\/ferienhaeuser-fewos\/eng\/warwickshire\/warwickshire.html\">Warwickshire<\/a>, <a href=\"https:\/\/www.urlaubcornwall.de\/ferienhaeuser-fewos\/eng\/wiltshire\/wiltshire.html\">Wiltshire<\/a> und <a href=\"https:\/\/www.urlaubcornwall.de\/ferienhaeuser-fewos\/eng\/worcestershire\/worcestershire.html\">Worcestershire<\/a>. Hier finden Sie einige der gro\u00dfartigsten Pal\u00e4ste des UK, Burgen und Landh\u00e4user.<\/p>\n<p><img loading=\"lazy\" class=\"aligncenter size-full wp-image-47797\" src=\"https:\/\/www.urlaubcornwall.de\/blog\/wp-content\/uploads\/2024\/03\/snowshill-manor.jpg\" alt=\"snowshill manor\" width=\"750\" height=\"329\" srcset=\"https:\/\/www.urlaubcornwall.de\/blog\/wp-content\/uploads\/2024\/03\/snowshill-manor.jpg 750w, https:\/\/www.urlaubcornwall.de\/blog\/wp-content\/uploads\/2024\/03\/snowshill-manor-300x132.jpg 300w\" sizes=\"(max-width: 750px) 100vw, 750px\" \/><\/p>\n<p style=\"text-align: right;\"><em>Images \u00a9 National Trust<\/em><\/p>\n<p><a href=\"https:\/\/www.nationaltrust.org.uk\/snowshill-manor-and-garden\"rel=\"nofollow\"><strong>Snowshill Manor und Garten<\/strong><\/a> &#8211; Snowshill Manor ist eine Cotswold Villa aus dem 16. Jahrhundert im Dorf Snowshill, <a href=\"https:\/\/www.urlaubcornwall.de\/ferienhaeuser-fewos\/eng\/gloucestershire\/gloucestershire.html\">Gloucestershire<\/a>. Dieses wundersch\u00f6ne Haus war einst das Zuhause von Charles Wade, einem edwardianischen Herrn, der sein Leben damit verbrachte und zu Reichtum kam, wundersch\u00f6ne und interessante Objekte zu sammeln. Das Haus, das sich im Besitz des National Trust befindet, ist gef\u00fcllt mit mehr als 22000 Objekten, von winzigem Spielzeug bis hin zu einer Samurair\u00fcstung, musischen Instrumenten bis hin zu feinen Uhren; sie sind allesamt so ausgestellt wie Charles Wade es beabsichtigte. Die G\u00e4rten, die die Villa umgeben, sind quintessentiell englisch mit formellen Wiesen, farbenpr\u00e4chtigen Staudenrabatten und Wasserspielen, sowie jeder Menge Pl\u00e4tzchen zum Sitzen und Entspannen. Neben der Villa befindet sich das bescheidene Cottage, das Priest\u2019s House, wo Charles Wade lebte. Snowshill Manor, der Garten und das Priest\u2019s House sind von M\u00e4rz bis Oktober ge\u00f6ffnet, Hunde sind nicht gestattet.<\/p>\n<p><a href=\"https:\/\/www.nationaltrust.org.uk\/ashdown-house\"rel=\"nofollow\"><strong>Ashdown House<\/strong><\/a> &#8211; Ashdown House ist ein au\u00dfergew\u00f6hnliches Geb\u00e4ude des 17. Jahrhunderts, das einem Puppenhaus gleicht. Es befindet sich in einem wundersch\u00f6nen Tal der <a href=\"https:\/\/www.urlaubcornwall.de\/ferienhaeuser-fewos\/eng\/berkshire\/berkshire.html\">Berkshire<\/a> Downs mit Panoramablick vom Dach aus \u00fcber drei Grafschaften hinweg. Umgeben von Wald, wurde das Haus 1662 f\u00fcr die K\u00f6nigin von B\u00f6hmen in einem ungew\u00f6hnlichen niederl\u00e4ndischen Stil erbaut. Das Haus befindet sich im Besitz des National Trust, und Zugang bekommen Sie lediglich mit einer gef\u00fchrten Tour an bestimmten Tagen von April bis Oktober. Um auf das Dach zu gelangen, um den Blick zu bewundern, m\u00fcssen Besucher eine Treppe mit 100 Stufen erklimmen. Das Waldgebiet, das das Haus umgibt, ist das ganze Jahr \u00fcber ge\u00f6ffnet und wundervoll f\u00fcr einen Spaziergang. Angeleinte Hunde sind gestattet.<\/p>\n<p><img loading=\"lazy\" class=\"aligncenter size-full wp-image-47791\" src=\"https:\/\/www.urlaubcornwall.de\/blog\/wp-content\/uploads\/2024\/03\/blenheim-palace.jpg\" alt=\"blenheim palace\" width=\"750\" height=\"563\" srcset=\"https:\/\/www.urlaubcornwall.de\/blog\/wp-content\/uploads\/2024\/03\/blenheim-palace.jpg 750w, https:\/\/www.urlaubcornwall.de\/blog\/wp-content\/uploads\/2024\/03\/blenheim-palace-300x225.jpg 300w\" sizes=\"(max-width: 750px) 100vw, 750px\" \/><\/p>\n<p><a href=\"https:\/\/www.blenheimpalace.com\/\"rel=\"nofollow\"><strong>Blenheim Palace<\/strong><\/a> &#8211; Das bildsch\u00f6ne britische Schloss Blenheim Palace liegt innerhalb von mehr als 800 Hektar au\u00dfergew\u00f6hnlich landschaftlich gestalteten Parkgebiets und formellen G\u00e4rten in den <a href=\"https:\/\/www.urlaubcornwall.de\/ferienhaeuser-fewos\/eng\/oxfordshire\/oxfordshire.html\">Oxfordshire Cotswolds<\/a>. Blenheim Palace ist das Zuhause des 12. Duke of Marlborough und seiner Familie; es war auch Geburtsst\u00e4tte von Sir Winston Churchill. Dieser Palast aus dem 18. Jahrhundert wurde im seltenen englischen Barockstil erbaut; es ist eines von Englands gr\u00f6\u00dften H\u00e4usern und eine qualifizierte UNESCO Weltkulturerbest\u00e4tte.<\/p>\n<p>Blenheim Palace beherbergt eine der wichtigsten und umfassendsten Sammlungen in Europa mit Portraits, M\u00f6beln, Skulpturen und Wandbeh\u00e4ngen. Auf einer Tour durch die Staatszimmer gibt es so vieles zu sehen. Von Februar &#8211; September k\u00f6nnen Sie auch die privaten Appartements besuchen und in Teilen des Palastes, die noch immer als ein Zuhause benutzt werden, hinter die Kulissen schauen. Die au\u00dfergew\u00f6hnliche Landschaft des Parks mit dem gro\u00dfen See und Tausenden von B\u00e4umen scheint nat\u00fcrlich zu sein, wurde jedoch g\u00e4nzlich von Lancelot \u2018Capability\u2019 Brown designt. Formelle G\u00e4rten umgeben den Palast. Diese entz\u00fcckenden G\u00e4rten beinhalten majest\u00e4tische Wasserterrassen, den privaten italienischen Garten des Dukes, sowie den neuen Churchill Gedenkgarten. In den familienfreundlichen Vergn\u00fcgungsg\u00e4rten k\u00f6nnen Sie auf einem Miniaturzug fahren, sich im Marlborough Irrgarten verirren und auf dem Abenteuerspielplatz spielen. Blenheim Palace bietet der gesamten Familie einen wundervollen Ausflugstag und ist das ganze Jahr \u00fcber ge\u00f6ffnet.<\/p>\n<p><a href=\"https:\/\/www.nationaltrust.org.uk\/chastleton-house\"rel=\"nofollow\"><strong>Chastleton House<\/strong><\/a> &#8211; Chastleton House befindet sich in der N\u00e4he von Moreton-in-Marsh; dieses jakobinische Landhaus, das aus wundervollem Cotswold Gestein erbaut ist, befand sich \u00fcber mehr als 400 Jahre lang im Besitz derselben Familie, bevor es im Jahre 1991 vom National Trust aufgekauft wurde. Es ist eines von Englands feinsten und vollst\u00e4ndigsten jakobinischen H\u00e4usern und angef\u00fcllt mit einer Mischung seltener Objekte und Alltagsgegenst\u00e4nden, die seit der Fertigstellung des Hauses im Jahre 1612von der Familie gesammelt wurden. Die G\u00e4rten von Chastleton wurden in ihrem jakobinischen Layout erhalten mitsamt eines Kr\u00e4utergartens und jeder Menge Formschnitte. Von April \u2013 September k\u00f6nnen Sie auf den Wiesen Krocket spielen oder einem Demonstrationsspiel zusehen. Chastleton gilt als das \u2018Zuhause des Krocket\u2019, da hier im Jahre 1865 die Spielregeln erfunden wurden. Haus und G\u00e4rten sind von M\u00e4rz bis November ge\u00f6ffnet.<\/p>\n<p><a href=\"https:\/\/www.sudeleycastle.co.uk\/\"rel=\"nofollow\"><strong>Sudeley Castle &amp; G\u00e4rten<\/strong><\/a> &#8211; Schloss Sudeley befindet sich in einer wundersch\u00f6nen Lage im Herzen der Cotswolds in der N\u00e4he des Dorfes Broadway. Umgeben von einem Gut von nahezu 500 Hektar und mit 10 preisgekr\u00f6nten G\u00e4rten hat Schloss Sudeley in Englands Geschichte \u00fcber mehr als 1000 Jahre lang eine wichtige Rolle gespielt, und es ist das einzige private Schloss in England, das auf seinem Grundst\u00fcck eine K\u00f6nigin begraben hat. Katherine Parr, die letzte der Gemahlinnen Heinrichs VIII. ist innerhalb der Schlossg\u00e4rten in der wundersch\u00f6nen Kirche des 15. Jahrhunderts bestattet. In den Schlosszimmern gibt es so vieles zu sehen; es ist eines der interessantesten Schl\u00f6sser, die es in England zu besuchen gibt. Die 10 G\u00e4rten von Sudeley sind das ganze Jahr \u00fcber wundervoll, und der Mittelpunkt ist der Queens Garden, benannt nach vieren von Englands K\u00f6niginnen, die einst hier umherspazierten; Anne Boleyn, Katherine Parr, Lady Jane Grey und Elizabeth I. Schloss Sudeley bietet w\u00e4hrend Ihres Urlaubs in den Cotswolds einen unvergesslichen Familienausflugstag mit etwas f\u00fcr jedermann. Schloss und G\u00e4rten sind von M\u00e4rz bis Dezember ge\u00f6ffnet; Hunde sind nicht gestattet.<\/p>\n<div class=\"snippet\"> <a class=\"featured-item\" href=\"https:\/\/www.urlaubcornwall.de\/ferienhaeuser\/cotswolds.php\"> <span class=\"image-holder\" style=\"background-image: url(' https:\/\/www.urlaubcornwall.de\/blog\/wp-content\/uploads\/2019\/02\/ferienhaus-urlaub-cotswolds.jpg ');\"><\/span> <span class=\"featured-content\"> \n<h2 class=\"featured-title\">Ferienh\u00e4user in den Cotswolds<\/h2>\n<p class=\"featured-body\">Es gibt wohl kaum einen besseren Ort f\u00fcr entspannenden Urlaub als ein Cotswolds Cottage. Untenstehend finden Sie eine Auswahl an Ferienwohnungen in den Cotswolds. Wenn Sie bereits wissen, wo in den Cotswolds&#8230; <\/p><\/span> <span class=\"featured-link-holder\"> <span class=\"featured-extra-info\"> \n<p>F\u00fcr Paare, Familien &#038; Gruppen<\/p>\n<\/span> \n<p class=\"featured-link\">DETAILS<\/p>\n<\/span> <\/a><\/div>\n<div class=\"snippet\"> <a class=\"featured-item\" href=\" https:\/\/www.urlaubcornwall.de\/rundreisen\/grossbritannien.php\"> <span class=\"image-holder\" style=\"background-image: url(' https:\/\/www.urlaubcornwall.de\/blog\/wp-content\/uploads\/2018\/11\/rundreise-cornwall.jpg ');\"><\/span> <span class=\"featured-content\"> \n<h2 class=\"featured-title\">Individuelle Rundreise in Gro\u00dfbritannien<\/h2>\n<p class=\"featured-body\">Mit Sitz im Vereinten K\u00f6nigreich und einer Reiseleidenschaft haben wir uns darin spezialisiert, individuelle Rundreisen f\u00fcr Paare, Familien oder Gruppen zusammenzustellen&#8230;.<\/p>\n<\/span> <span class=\"featured-link-holder\"> <span class=\"featured-extra-info\"> \n<p>Urlaub im eigenen Schritttempo<\/p>\n<\/span> \n<p class=\"featured-link\">DETAILS<\/p>\n<\/span> <\/a><\/div>\n","protected":false},"excerpt":{"rendered":"<p>Die Cotswolds sind ein wundervoller Teil Englands und f\u00fcr viele die quintessentielle l\u00e4ndlich englische Landschaft schlechthin mit ihren honigfarbenen Steingeb\u00e4uden. Sie umfassen ein riesiges Gebiet von mehr als 2000 Quadratkilometern, das durch f\u00fcnf Grafschaften f\u00fchrt \u2013 Gloucestershire, Oxfordshire, Warwickshire, Wiltshire und Worcestershire. Hier finden Sie einige der gro\u00dfartigsten Pal\u00e4ste des UK, Burgen und Landh\u00e4user. Images [&hellip;]<\/p>\n","protected":false},"author":1,"featured_media":0,"parent":0,"menu_order":0,"comment_status":"closed","ping_status":"closed","template":"single-four.php","meta":[],"acf":[],"yoast_head":"<!-- This site is optimized with the Yoast SEO plugin v19.4 - https:\/\/yoast.com\/wordpress\/plugins\/seo\/ -->\n<title>Historische Herrenh\u00e4user &amp; G\u00e4rten in den Cotswolds - Urlaub &amp; Reisen<\/title>\n<meta name=\"robots\" content=\"index, follow, max-snippet:-1, max-image-preview:large, max-video-preview:-1\" \/>\n<link rel=\"canonical\" href=\"https:\/\/www.urlaubcornwall.de\/blog\/sehenswuerdigkeiten-cotswolds-historische-haeuser-gaerten\/\" \/>\n<meta property=\"og:locale\" content=\"en_US\" \/>\n<meta property=\"og:type\" content=\"article\" \/>\n<meta property=\"og:title\" content=\"Historische Herrenh\u00e4user &amp; G\u00e4rten in den Cotswolds - Urlaub &amp; Reisen\" \/>\n<meta property=\"og:description\" content=\"Die Cotswolds sind ein wundervoller Teil Englands und f\u00fcr viele die quintessentielle l\u00e4ndlich englische Landschaft schlechthin mit ihren honigfarbenen Steingeb\u00e4uden. Sie umfassen ein riesiges Gebiet von mehr als 2000 Quadratkilometern, das durch f\u00fcnf Grafschaften f\u00fchrt \u2013 Gloucestershire, Oxfordshire, Warwickshire, Wiltshire und Worcestershire. Hier finden Sie einige der gro\u00dfartigsten Pal\u00e4ste des UK, Burgen und Landh\u00e4user. Images [&hellip;]\" \/>\n<meta property=\"og:url\" content=\"https:\/\/www.urlaubcornwall.de\/blog\/sehenswuerdigkeiten-cotswolds-historische-haeuser-gaerten\/\" \/>\n<meta property=\"og:site_name\" content=\"Urlaub &amp; Reisen\" \/>\n<meta property=\"article:modified_time\" content=\"2024-05-30T10:15:14+00:00\" \/>\n<meta property=\"og:image\" content=\"https:\/\/www.urlaubcornwall.de\/blog\/wp-content\/uploads\/2024\/03\/snowshill-manor.jpg\" \/>\n<meta name=\"twitter:card\" content=\"summary\" \/>\n<meta name=\"twitter:label1\" content=\"Est. reading time\" \/>\n\t<meta name=\"twitter:data1\" content=\"5 minutes\" \/>\n<script type=\"application\/ld+json\" class=\"yoast-schema-graph\">{\"@context\":\"https:\/\/schema.org\",\"@graph\":[{\"@type\":\"WebSite\",\"@id\":\"https:\/\/www.urlaubcornwall.de\/blog\/#website\",\"url\":\"https:\/\/www.urlaubcornwall.de\/blog\/\",\"name\":\"Urlaub &amp; Reisen\",\"description\":\"Urlaub, Reisen, Cornwall und S\u00fcdengland: eine perfekte Kombination\",\"potentialAction\":[{\"@type\":\"SearchAction\",\"target\":{\"@type\":\"EntryPoint\",\"urlTemplate\":\"https:\/\/www.urlaubcornwall.de\/blog\/?s={search_term_string}\"},\"query-input\":\"required name=search_term_string\"}],\"inLanguage\":\"en-US\"},{\"@type\":\"WebPage\",\"@id\":\"https:\/\/www.urlaubcornwall.de\/blog\/sehenswuerdigkeiten-cotswolds-historische-haeuser-gaerten\/\",\"url\":\"https:\/\/www.urlaubcornwall.de\/blog\/sehenswuerdigkeiten-cotswolds-historische-haeuser-gaerten\/\",\"name\":\"Historische Herrenh\u00e4user & G\u00e4rten in den Cotswolds - Urlaub &amp; Reisen\",\"isPartOf\":{\"@id\":\"https:\/\/www.urlaubcornwall.de\/blog\/#website\"},\"datePublished\":\"2018-01-30T09:58:08+00:00\",\"dateModified\":\"2024-05-30T10:15:14+00:00\",\"breadcrumb\":{\"@id\":\"https:\/\/www.urlaubcornwall.de\/blog\/sehenswuerdigkeiten-cotswolds-historische-haeuser-gaerten\/#breadcrumb\"},\"inLanguage\":\"en-US\",\"potentialAction\":[{\"@type\":\"ReadAction\",\"target\":[\"https:\/\/www.urlaubcornwall.de\/blog\/sehenswuerdigkeiten-cotswolds-historische-haeuser-gaerten\/\"]}]},{\"@type\":\"BreadcrumbList\",\"@id\":\"https:\/\/www.urlaubcornwall.de\/blog\/sehenswuerdigkeiten-cotswolds-historische-haeuser-gaerten\/#breadcrumb\",\"itemListElement\":[{\"@type\":\"ListItem\",\"position\":1,\"name\":\"Home\",\"item\":\"https:\/\/www.urlaubcornwall.de\/blog\/\"},{\"@type\":\"ListItem\",\"position\":2,\"name\":\"Historische Herrenh\u00e4user &#038; G\u00e4rten in den Cotswolds\"}]}]}<\/script>\n<!-- \/ Yoast SEO plugin. -->","yoast_head_json":{"title":"Historische Herrenh\u00e4user & G\u00e4rten in den Cotswolds - Urlaub &amp; Reisen","robots":{"index":"index","follow":"follow","max-snippet":"max-snippet:-1","max-image-preview":"max-image-preview:large","max-video-preview":"max-video-preview:-1"},"canonical":"https:\/\/www.urlaubcornwall.de\/blog\/sehenswuerdigkeiten-cotswolds-historische-haeuser-gaerten\/","og_locale":"en_US","og_type":"article","og_title":"Historische Herrenh\u00e4user & G\u00e4rten in den Cotswolds - Urlaub &amp; Reisen","og_description":"Die Cotswolds sind ein wundervoller Teil Englands und f\u00fcr viele die quintessentielle l\u00e4ndlich englische Landschaft schlechthin mit ihren honigfarbenen Steingeb\u00e4uden. Sie umfassen ein riesiges Gebiet von mehr als 2000 Quadratkilometern, das durch f\u00fcnf Grafschaften f\u00fchrt \u2013 Gloucestershire, Oxfordshire, Warwickshire, Wiltshire und Worcestershire. Hier finden Sie einige der gro\u00dfartigsten Pal\u00e4ste des UK, Burgen und Landh\u00e4user. Images [&hellip;]","og_url":"https:\/\/www.urlaubcornwall.de\/blog\/sehenswuerdigkeiten-cotswolds-historische-haeuser-gaerten\/","og_site_name":"Urlaub &amp; Reisen","article_modified_time":"2024-05-30T10:15:14+00:00","og_image":[{"url":"https:\/\/www.urlaubcornwall.de\/blog\/wp-content\/uploads\/2024\/03\/snowshill-manor.jpg"}],"twitter_card":"summary","twitter_misc":{"Est. reading time":"5 minutes"},"schema":{"@context":"https:\/\/schema.org","@graph":[{"@type":"WebSite","@id":"https:\/\/www.urlaubcornwall.de\/blog\/#website","url":"https:\/\/www.urlaubcornwall.de\/blog\/","name":"Urlaub &amp; Reisen","description":"Urlaub, Reisen, Cornwall und S\u00fcdengland: eine perfekte Kombination","potentialAction":[{"@type":"SearchAction","target":{"@type":"EntryPoint","urlTemplate":"https:\/\/www.urlaubcornwall.de\/blog\/?s={search_term_string}"},"query-input":"required name=search_term_string"}],"inLanguage":"en-US"},{"@type":"WebPage","@id":"https:\/\/www.urlaubcornwall.de\/blog\/sehenswuerdigkeiten-cotswolds-historische-haeuser-gaerten\/","url":"https:\/\/www.urlaubcornwall.de\/blog\/sehenswuerdigkeiten-cotswolds-historische-haeuser-gaerten\/","name":"Historische Herrenh\u00e4user & G\u00e4rten in den Cotswolds - Urlaub &amp; Reisen","isPartOf":{"@id":"https:\/\/www.urlaubcornwall.de\/blog\/#website"},"datePublished":"2018-01-30T09:58:08+00:00","dateModified":"2024-05-30T10:15:14+00:00","breadcrumb":{"@id":"https:\/\/www.urlaubcornwall.de\/blog\/sehenswuerdigkeiten-cotswolds-historische-haeuser-gaerten\/#breadcrumb"},"inLanguage":"en-US","potentialAction":[{"@type":"ReadAction","target":["https:\/\/www.urlaubcornwall.de\/blog\/sehenswuerdigkeiten-cotswolds-historische-haeuser-gaerten\/"]}]},{"@type":"BreadcrumbList","@id":"https:\/\/www.urlaubcornwall.de\/blog\/sehenswuerdigkeiten-cotswolds-historische-haeuser-gaerten\/#breadcrumb","itemListElement":[{"@type":"ListItem","position":1,"name":"Home","item":"https:\/\/www.urlaubcornwall.de\/blog\/"},{"@type":"ListItem","position":2,"name":"Historische Herrenh\u00e4user &#038; G\u00e4rten in den Cotswolds"}]}]}},"_links":{"self":[{"href":"https:\/\/www.urlaubcornwall.de\/blog\/wp-json\/wp\/v2\/pages\/32202"}],"collection":[{"href":"https:\/\/www.urlaubcornwall.de\/blog\/wp-json\/wp\/v2\/pages"}],"about":[{"href":"https:\/\/www.urlaubcornwall.de\/blog\/wp-json\/wp\/v2\/types\/page"}],"author":[{"embeddable":true,"href":"https:\/\/www.urlaubcornwall.de\/blog\/wp-json\/wp\/v2\/users\/1"}],"replies":[{"embeddable":true,"href":"https:\/\/www.urlaubcornwall.de\/blog\/wp-json\/wp\/v2\/comments?post=32202"}],"version-history":[{"count":19,"href":"https:\/\/www.urlaubcornwall.de\/blog\/wp-json\/wp\/v2\/pages\/32202\/revisions"}],"predecessor-version":[{"id":50910,"href":"https:\/\/www.urlaubcornwall.de\/blog\/wp-json\/wp\/v2\/pages\/32202\/revisions\/50910"}],"wp:attachment":[{"href":"https:\/\/www.urlaubcornwall.de\/blog\/wp-json\/wp\/v2\/media?parent=32202"}],"curies":[{"name":"wp","href":"https:\/\/api.w.org\/{rel}","templated":true}]}}