{"id":32183,"date":"2018-01-29T10:59:21","date_gmt":"2018-01-29T10:59:21","guid":{"rendered":"https:\/\/www.urlaubcornwall.de\/blog\/?page_id=32183"},"modified":"2021-09-02T08:47:39","modified_gmt":"2021-09-02T08:47:39","slug":"cottage-mullion-meer-mieten","status":"publish","type":"page","link":"https:\/\/www.urlaubcornwall.de\/blog\/cottage-mullion-meer-mieten\/","title":{"rendered":"Cottage in Mullion am Meer mieten"},"content":{"rendered":"<p><img loading=\"lazy\" class=\"aligncenter size-full wp-image-32186\" src=\"https:\/\/www.urlaubcornwall.de\/blog\/wp-content\/uploads\/2018\/01\/cottage-mullion-am-meer.jpg\" alt=\"cottage mullion am meer\" width=\"749\" height=\"494\"\/><br \/>\n<strong>Ferienhaus Mullion am Meer, S\u00fcdwest-Cornwall.<\/strong><\/p>\n<p>2 Schlafzimmer, hundefreundlich, Schlafplatz f\u00fcr 4, An-\/Abreisetag am Samstag | Preis pro Woche \u00a3430 &#8211; \u00a31075<\/p>\n<p>Versteckt im Zentrum von Mullion und doch nur eine Meile vom Strand entfernt, ist das kleine Corlan Cottage von einer wundersch\u00f6nen Landschaft umgeben. Die Gesch\u00e4fte und Einrichtungen des Dorfes befinden sich direkt hinter der privaten Zufahrt. Die urspr\u00fcnglichen Balken und das Mauerwerk in diesem umgebauten alten Granitgeb\u00e4ude wurden sorgf\u00e4ltig erhalten. Die Unterkunft im Erdgeschoss umfasst ein gem\u00fctliches Wohn- \/ Esszimmer mit einem einladenden Kamin, ein Badezimmer, ein Duschbad und zwei Schlafzimmer.Die kompakte, aber gut ausgestattete K\u00fcche f\u00fchrt zum umz\u00e4unten Garten&#8230;<\/p>\n<p style=\"text-align: center;\"><a class=\"tidycta\" href=\"https:\/\/www.urlaubcornwall.de\/ferienhaeuser-fewos\/mullion-am-meer.html\">Suche Ferienh\u00e4user Mullion<\/a><\/p>\n<p><strong>Um UrlaubCornwall.de einzigartige Kollektion nach Ihrem idealen Ferienhaus zu durchsuchen.<\/strong> <a href=\"https:\/\/www.urlaubcornwall.de\/ferienhaeuser\/cornwall.php\"><span style=\"text-decoration: underline;\"><strong>Klicken Sie hier<\/strong><\/span><strong> &gt;&gt;<\/strong><\/a><\/p>\n","protected":false},"excerpt":{"rendered":"<p>Ferienhaus Mullion am Meer, S\u00fcdwest-Cornwall. 2 Schlafzimmer, hundefreundlich, Schlafplatz f\u00fcr 4, An-\/Abreisetag am Samstag | Preis pro Woche \u00a3430 &#8211; \u00a31075 Versteckt im Zentrum von Mullion und doch nur eine Meile vom Strand entfernt, ist das kleine Corlan Cottage von einer wundersch\u00f6nen Landschaft umgeben. Die Gesch\u00e4fte und Einrichtungen des Dorfes befinden sich direkt hinter der [&hellip;]<\/p>\n","protected":false},"author":1,"featured_media":0,"parent":0,"menu_order":0,"comment_status":"closed","ping_status":"closed","template":"single-four.php","meta":[],"acf":[],"yoast_head":"<!-- This site is optimized with the Yoast SEO plugin v19.4 - https:\/\/yoast.com\/wordpress\/plugins\/seo\/ -->\n<title>Cottage in Mullion am Meer mieten - Urlaub &amp; Reisen<\/title>\n<meta name=\"robots\" content=\"index, follow, max-snippet:-1, max-image-preview:large, max-video-preview:-1\" \/>\n<link rel=\"canonical\" href=\"https:\/\/www.urlaubcornwall.de\/blog\/cottage-mullion-meer-mieten\/\" \/>\n<meta property=\"og:locale\" content=\"en_US\" \/>\n<meta property=\"og:type\" content=\"article\" \/>\n<meta property=\"og:title\" content=\"Cottage in Mullion am Meer mieten - Urlaub &amp; Reisen\" \/>\n<meta property=\"og:description\" content=\"Ferienhaus Mullion am Meer, S\u00fcdwest-Cornwall. 2 Schlafzimmer, hundefreundlich, Schlafplatz f\u00fcr 4, An-\/Abreisetag am Samstag | Preis pro Woche \u00a3430 &#8211; \u00a31075 Versteckt im Zentrum von Mullion und doch nur eine Meile vom Strand entfernt, ist das kleine Corlan Cottage von einer wundersch\u00f6nen Landschaft umgeben. Die Gesch\u00e4fte und Einrichtungen des Dorfes befinden sich direkt hinter der [&hellip;]\" \/>\n<meta property=\"og:url\" content=\"https:\/\/www.urlaubcornwall.de\/blog\/cottage-mullion-meer-mieten\/\" \/>\n<meta property=\"og:site_name\" content=\"Urlaub &amp; Reisen\" \/>\n<meta property=\"article:modified_time\" content=\"2021-09-02T08:47:39+00:00\" \/>\n<meta property=\"og:image\" content=\"https:\/\/www.urlaubcornwall.de\/blog\/wp-content\/uploads\/2018\/01\/cottage-mullion-am-meer.jpg\" \/>\n<meta name=\"twitter:card\" content=\"summary\" \/>\n<meta name=\"twitter:label1\" content=\"Est. reading time\" \/>\n\t<meta name=\"twitter:data1\" content=\"1 minute\" \/>\n<script type=\"application\/ld+json\" class=\"yoast-schema-graph\">{\"@context\":\"https:\/\/schema.org\",\"@graph\":[{\"@type\":\"WebSite\",\"@id\":\"https:\/\/www.urlaubcornwall.de\/blog\/#website\",\"url\":\"https:\/\/www.urlaubcornwall.de\/blog\/\",\"name\":\"Urlaub &amp; Reisen\",\"description\":\"Urlaub, Reisen, Cornwall und S\u00fcdengland: eine perfekte Kombination\",\"potentialAction\":[{\"@type\":\"SearchAction\",\"target\":{\"@type\":\"EntryPoint\",\"urlTemplate\":\"https:\/\/www.urlaubcornwall.de\/blog\/?s={search_term_string}\"},\"query-input\":\"required name=search_term_string\"}],\"inLanguage\":\"en-US\"},{\"@type\":\"WebPage\",\"@id\":\"https:\/\/www.urlaubcornwall.de\/blog\/cottage-mullion-meer-mieten\/\",\"url\":\"https:\/\/www.urlaubcornwall.de\/blog\/cottage-mullion-meer-mieten\/\",\"name\":\"Cottage in Mullion am Meer mieten - Urlaub &amp; Reisen\",\"isPartOf\":{\"@id\":\"https:\/\/www.urlaubcornwall.de\/blog\/#website\"},\"datePublished\":\"2018-01-29T10:59:21+00:00\",\"dateModified\":\"2021-09-02T08:47:39+00:00\",\"breadcrumb\":{\"@id\":\"https:\/\/www.urlaubcornwall.de\/blog\/cottage-mullion-meer-mieten\/#breadcrumb\"},\"inLanguage\":\"en-US\",\"potentialAction\":[{\"@type\":\"ReadAction\",\"target\":[\"https:\/\/www.urlaubcornwall.de\/blog\/cottage-mullion-meer-mieten\/\"]}]},{\"@type\":\"BreadcrumbList\",\"@id\":\"https:\/\/www.urlaubcornwall.de\/blog\/cottage-mullion-meer-mieten\/#breadcrumb\",\"itemListElement\":[{\"@type\":\"ListItem\",\"position\":1,\"name\":\"Home\",\"item\":\"https:\/\/www.urlaubcornwall.de\/blog\/\"},{\"@type\":\"ListItem\",\"position\":2,\"name\":\"Cottage in Mullion am Meer mieten\"}]}]}<\/script>\n<!-- \/ Yoast SEO plugin. -->","yoast_head_json":{"title":"Cottage in Mullion am Meer mieten - Urlaub &amp; Reisen","robots":{"index":"index","follow":"follow","max-snippet":"max-snippet:-1","max-image-preview":"max-image-preview:large","max-video-preview":"max-video-preview:-1"},"canonical":"https:\/\/www.urlaubcornwall.de\/blog\/cottage-mullion-meer-mieten\/","og_locale":"en_US","og_type":"article","og_title":"Cottage in Mullion am Meer mieten - Urlaub &amp; Reisen","og_description":"Ferienhaus Mullion am Meer, S\u00fcdwest-Cornwall. 2 Schlafzimmer, hundefreundlich, Schlafplatz f\u00fcr 4, An-\/Abreisetag am Samstag | Preis pro Woche \u00a3430 &#8211; \u00a31075 Versteckt im Zentrum von Mullion und doch nur eine Meile vom Strand entfernt, ist das kleine Corlan Cottage von einer wundersch\u00f6nen Landschaft umgeben. Die Gesch\u00e4fte und Einrichtungen des Dorfes befinden sich direkt hinter der [&hellip;]","og_url":"https:\/\/www.urlaubcornwall.de\/blog\/cottage-mullion-meer-mieten\/","og_site_name":"Urlaub &amp; Reisen","article_modified_time":"2021-09-02T08:47:39+00:00","og_image":[{"url":"https:\/\/www.urlaubcornwall.de\/blog\/wp-content\/uploads\/2018\/01\/cottage-mullion-am-meer.jpg"}],"twitter_card":"summary","twitter_misc":{"Est. reading time":"1 minute"},"schema":{"@context":"https:\/\/schema.org","@graph":[{"@type":"WebSite","@id":"https:\/\/www.urlaubcornwall.de\/blog\/#website","url":"https:\/\/www.urlaubcornwall.de\/blog\/","name":"Urlaub &amp; Reisen","description":"Urlaub, Reisen, Cornwall und S\u00fcdengland: eine perfekte Kombination","potentialAction":[{"@type":"SearchAction","target":{"@type":"EntryPoint","urlTemplate":"https:\/\/www.urlaubcornwall.de\/blog\/?s={search_term_string}"},"query-input":"required name=search_term_string"}],"inLanguage":"en-US"},{"@type":"WebPage","@id":"https:\/\/www.urlaubcornwall.de\/blog\/cottage-mullion-meer-mieten\/","url":"https:\/\/www.urlaubcornwall.de\/blog\/cottage-mullion-meer-mieten\/","name":"Cottage in Mullion am Meer mieten - Urlaub &amp; Reisen","isPartOf":{"@id":"https:\/\/www.urlaubcornwall.de\/blog\/#website"},"datePublished":"2018-01-29T10:59:21+00:00","dateModified":"2021-09-02T08:47:39+00:00","breadcrumb":{"@id":"https:\/\/www.urlaubcornwall.de\/blog\/cottage-mullion-meer-mieten\/#breadcrumb"},"inLanguage":"en-US","potentialAction":[{"@type":"ReadAction","target":["https:\/\/www.urlaubcornwall.de\/blog\/cottage-mullion-meer-mieten\/"]}]},{"@type":"BreadcrumbList","@id":"https:\/\/www.urlaubcornwall.de\/blog\/cottage-mullion-meer-mieten\/#breadcrumb","itemListElement":[{"@type":"ListItem","position":1,"name":"Home","item":"https:\/\/www.urlaubcornwall.de\/blog\/"},{"@type":"ListItem","position":2,"name":"Cottage in Mullion am Meer mieten"}]}]}},"_links":{"self":[{"href":"https:\/\/www.urlaubcornwall.de\/blog\/wp-json\/wp\/v2\/pages\/32183"}],"collection":[{"href":"https:\/\/www.urlaubcornwall.de\/blog\/wp-json\/wp\/v2\/pages"}],"about":[{"href":"https:\/\/www.urlaubcornwall.de\/blog\/wp-json\/wp\/v2\/types\/page"}],"author":[{"embeddable":true,"href":"https:\/\/www.urlaubcornwall.de\/blog\/wp-json\/wp\/v2\/users\/1"}],"replies":[{"embeddable":true,"href":"https:\/\/www.urlaubcornwall.de\/blog\/wp-json\/wp\/v2\/comments?post=32183"}],"version-history":[{"count":3,"href":"https:\/\/www.urlaubcornwall.de\/blog\/wp-json\/wp\/v2\/pages\/32183\/revisions"}],"predecessor-version":[{"id":42394,"href":"https:\/\/www.urlaubcornwall.de\/blog\/wp-json\/wp\/v2\/pages\/32183\/revisions\/42394"}],"wp:attachment":[{"href":"https:\/\/www.urlaubcornwall.de\/blog\/wp-json\/wp\/v2\/media?parent=32183"}],"curies":[{"name":"wp","href":"https:\/\/api.w.org\/{rel}","templated":true}]}}