{"id":32174,"date":"2018-01-28T15:39:56","date_gmt":"2018-01-28T15:39:56","guid":{"rendered":"https:\/\/www.urlaubcornwall.de\/blog\/?page_id=32174"},"modified":"2021-09-16T14:14:25","modified_gmt":"2021-09-16T14:14:25","slug":"cottage-gower-peninsula-meer-mieten","status":"publish","type":"page","link":"https:\/\/www.urlaubcornwall.de\/blog\/cottage-gower-peninsula-meer-mieten\/","title":{"rendered":"Cottage Gower Peninsula am Meer mieten"},"content":{"rendered":"<p><img loading=\"lazy\" class=\"aligncenter size-full wp-image-32175\" src=\"https:\/\/www.urlaubcornwall.de\/blog\/wp-content\/uploads\/2018\/01\/cottage-gower-peninsula-am-meer.jpg\" alt=\"cottage gower peninsula am meer\" width=\"744\" height=\"558\" srcset=\"https:\/\/www.urlaubcornwall.de\/blog\/wp-content\/uploads\/2018\/01\/cottage-gower-peninsula-am-meer.jpg 744w, https:\/\/www.urlaubcornwall.de\/blog\/wp-content\/uploads\/2018\/01\/cottage-gower-peninsula-am-meer-300x225.jpg 300w\" sizes=\"(max-width: 744px) 100vw, 744px\" \/><br \/>\n<strong>Ferienhaus am Meer Gower Halbinsel mit 2 Schlafzimmern, Schlafgelegenheiten 4<\/strong><\/p>\n<p>Cottage mit Blick auf die Landschaft in der N\u00e4he von Beacges und der Stadt. Dieses Ferienhaus wurde speziell f\u00fcr komfortable und ger\u00e4umige Unterk\u00fcnfte mit einem modernen Ambiente und einem sch\u00f6nen Garten gebaut. Auf einem Bauernhof mit Pferden auf den Feldern und einem Bach am Fu\u00dfe der Farm. Gelegen am Rande der <a href=\"https:\/\/www.urlaubcornwall.de\/ferienhaeuser-fewos\/wal\/suedwales\/gower.html\">Halbinsel Gower<\/a>. Mit einem viktorianischen Pier, Pubs und Restaurants erwartet Sie das Mumbles zu einem Besuch. Reisen Sie nach Swansea mit vielen Galerien, Museen, Freizeiteinrichtungen, Gesch\u00e4ften, Caf\u00e9s und Restaurants oder genie\u00dfen Sie eine der vielen Aktivit\u00e4ten in der N\u00e4he.<\/p>\n<p style=\"text-align: center;\"><a class=\"tidycta\" href=\"https:\/\/www.urlaubcornwall.de\/ferienhaeuser-fewos\/wal\/suedwales\/gower.html\">Suche Ferienh\u00e4user am Meer<\/a><\/p>\n<p style=\"text-align: center;\">Pers\u00f6nlich inspizierte Ferienh\u00e4user und Ferienwohnungen f\u00fcr Ihren Urlaub.<\/p>\n<p style=\"text-align: center;\"><a href=\"https:\/\/www.urlaubcornwall.de\/ferienhaeuser\/wales.php\"><strong>Ferienh\u00e4user, Cottages &amp; Ferienwohnungen in Wales. <\/strong><\/a><\/p>\n","protected":false},"excerpt":{"rendered":"<p>Ferienhaus am Meer Gower Halbinsel mit 2 Schlafzimmern, Schlafgelegenheiten 4 Cottage mit Blick auf die Landschaft in der N\u00e4he von Beacges und der Stadt. Dieses Ferienhaus wurde speziell f\u00fcr komfortable und ger\u00e4umige Unterk\u00fcnfte mit einem modernen Ambiente und einem sch\u00f6nen Garten gebaut. Auf einem Bauernhof mit Pferden auf den Feldern und einem Bach am Fu\u00dfe [&hellip;]<\/p>\n","protected":false},"author":1,"featured_media":0,"parent":0,"menu_order":0,"comment_status":"closed","ping_status":"closed","template":"single-four.php","meta":[],"acf":[],"yoast_head":"<!-- This site is optimized with the Yoast SEO plugin v19.4 - https:\/\/yoast.com\/wordpress\/plugins\/seo\/ -->\n<title>Cottage Gower Peninsula am Meer mieten - Urlaub &amp; Reisen<\/title>\n<meta name=\"robots\" content=\"index, follow, max-snippet:-1, max-image-preview:large, max-video-preview:-1\" \/>\n<link rel=\"canonical\" href=\"https:\/\/www.urlaubcornwall.de\/blog\/cottage-gower-peninsula-meer-mieten\/\" \/>\n<meta property=\"og:locale\" content=\"en_US\" \/>\n<meta property=\"og:type\" content=\"article\" \/>\n<meta property=\"og:title\" content=\"Cottage Gower Peninsula am Meer mieten - Urlaub &amp; Reisen\" \/>\n<meta property=\"og:description\" content=\"Ferienhaus am Meer Gower Halbinsel mit 2 Schlafzimmern, Schlafgelegenheiten 4 Cottage mit Blick auf die Landschaft in der N\u00e4he von Beacges und der Stadt. Dieses Ferienhaus wurde speziell f\u00fcr komfortable und ger\u00e4umige Unterk\u00fcnfte mit einem modernen Ambiente und einem sch\u00f6nen Garten gebaut. Auf einem Bauernhof mit Pferden auf den Feldern und einem Bach am Fu\u00dfe [&hellip;]\" \/>\n<meta property=\"og:url\" content=\"https:\/\/www.urlaubcornwall.de\/blog\/cottage-gower-peninsula-meer-mieten\/\" \/>\n<meta property=\"og:site_name\" content=\"Urlaub &amp; Reisen\" \/>\n<meta property=\"article:modified_time\" content=\"2021-09-16T14:14:25+00:00\" \/>\n<meta property=\"og:image\" content=\"https:\/\/www.urlaubcornwall.de\/blog\/wp-content\/uploads\/2018\/01\/cottage-gower-peninsula-am-meer.jpg\" \/>\n<meta name=\"twitter:card\" content=\"summary\" \/>\n<meta name=\"twitter:label1\" content=\"Est. reading time\" \/>\n\t<meta name=\"twitter:data1\" content=\"1 minute\" \/>\n<script type=\"application\/ld+json\" class=\"yoast-schema-graph\">{\"@context\":\"https:\/\/schema.org\",\"@graph\":[{\"@type\":\"WebSite\",\"@id\":\"https:\/\/www.urlaubcornwall.de\/blog\/#website\",\"url\":\"https:\/\/www.urlaubcornwall.de\/blog\/\",\"name\":\"Urlaub &amp; Reisen\",\"description\":\"Urlaub, Reisen, Cornwall und S\u00fcdengland: eine perfekte Kombination\",\"potentialAction\":[{\"@type\":\"SearchAction\",\"target\":{\"@type\":\"EntryPoint\",\"urlTemplate\":\"https:\/\/www.urlaubcornwall.de\/blog\/?s={search_term_string}\"},\"query-input\":\"required name=search_term_string\"}],\"inLanguage\":\"en-US\"},{\"@type\":\"WebPage\",\"@id\":\"https:\/\/www.urlaubcornwall.de\/blog\/cottage-gower-peninsula-meer-mieten\/\",\"url\":\"https:\/\/www.urlaubcornwall.de\/blog\/cottage-gower-peninsula-meer-mieten\/\",\"name\":\"Cottage Gower Peninsula am Meer mieten - Urlaub &amp; Reisen\",\"isPartOf\":{\"@id\":\"https:\/\/www.urlaubcornwall.de\/blog\/#website\"},\"datePublished\":\"2018-01-28T15:39:56+00:00\",\"dateModified\":\"2021-09-16T14:14:25+00:00\",\"breadcrumb\":{\"@id\":\"https:\/\/www.urlaubcornwall.de\/blog\/cottage-gower-peninsula-meer-mieten\/#breadcrumb\"},\"inLanguage\":\"en-US\",\"potentialAction\":[{\"@type\":\"ReadAction\",\"target\":[\"https:\/\/www.urlaubcornwall.de\/blog\/cottage-gower-peninsula-meer-mieten\/\"]}]},{\"@type\":\"BreadcrumbList\",\"@id\":\"https:\/\/www.urlaubcornwall.de\/blog\/cottage-gower-peninsula-meer-mieten\/#breadcrumb\",\"itemListElement\":[{\"@type\":\"ListItem\",\"position\":1,\"name\":\"Home\",\"item\":\"https:\/\/www.urlaubcornwall.de\/blog\/\"},{\"@type\":\"ListItem\",\"position\":2,\"name\":\"Cottage Gower Peninsula am Meer mieten\"}]}]}<\/script>\n<!-- \/ Yoast SEO plugin. -->","yoast_head_json":{"title":"Cottage Gower Peninsula am Meer mieten - Urlaub &amp; Reisen","robots":{"index":"index","follow":"follow","max-snippet":"max-snippet:-1","max-image-preview":"max-image-preview:large","max-video-preview":"max-video-preview:-1"},"canonical":"https:\/\/www.urlaubcornwall.de\/blog\/cottage-gower-peninsula-meer-mieten\/","og_locale":"en_US","og_type":"article","og_title":"Cottage Gower Peninsula am Meer mieten - Urlaub &amp; Reisen","og_description":"Ferienhaus am Meer Gower Halbinsel mit 2 Schlafzimmern, Schlafgelegenheiten 4 Cottage mit Blick auf die Landschaft in der N\u00e4he von Beacges und der Stadt. Dieses Ferienhaus wurde speziell f\u00fcr komfortable und ger\u00e4umige Unterk\u00fcnfte mit einem modernen Ambiente und einem sch\u00f6nen Garten gebaut. Auf einem Bauernhof mit Pferden auf den Feldern und einem Bach am Fu\u00dfe [&hellip;]","og_url":"https:\/\/www.urlaubcornwall.de\/blog\/cottage-gower-peninsula-meer-mieten\/","og_site_name":"Urlaub &amp; Reisen","article_modified_time":"2021-09-16T14:14:25+00:00","og_image":[{"url":"https:\/\/www.urlaubcornwall.de\/blog\/wp-content\/uploads\/2018\/01\/cottage-gower-peninsula-am-meer.jpg"}],"twitter_card":"summary","twitter_misc":{"Est. reading time":"1 minute"},"schema":{"@context":"https:\/\/schema.org","@graph":[{"@type":"WebSite","@id":"https:\/\/www.urlaubcornwall.de\/blog\/#website","url":"https:\/\/www.urlaubcornwall.de\/blog\/","name":"Urlaub &amp; Reisen","description":"Urlaub, Reisen, Cornwall und S\u00fcdengland: eine perfekte Kombination","potentialAction":[{"@type":"SearchAction","target":{"@type":"EntryPoint","urlTemplate":"https:\/\/www.urlaubcornwall.de\/blog\/?s={search_term_string}"},"query-input":"required name=search_term_string"}],"inLanguage":"en-US"},{"@type":"WebPage","@id":"https:\/\/www.urlaubcornwall.de\/blog\/cottage-gower-peninsula-meer-mieten\/","url":"https:\/\/www.urlaubcornwall.de\/blog\/cottage-gower-peninsula-meer-mieten\/","name":"Cottage Gower Peninsula am Meer mieten - Urlaub &amp; Reisen","isPartOf":{"@id":"https:\/\/www.urlaubcornwall.de\/blog\/#website"},"datePublished":"2018-01-28T15:39:56+00:00","dateModified":"2021-09-16T14:14:25+00:00","breadcrumb":{"@id":"https:\/\/www.urlaubcornwall.de\/blog\/cottage-gower-peninsula-meer-mieten\/#breadcrumb"},"inLanguage":"en-US","potentialAction":[{"@type":"ReadAction","target":["https:\/\/www.urlaubcornwall.de\/blog\/cottage-gower-peninsula-meer-mieten\/"]}]},{"@type":"BreadcrumbList","@id":"https:\/\/www.urlaubcornwall.de\/blog\/cottage-gower-peninsula-meer-mieten\/#breadcrumb","itemListElement":[{"@type":"ListItem","position":1,"name":"Home","item":"https:\/\/www.urlaubcornwall.de\/blog\/"},{"@type":"ListItem","position":2,"name":"Cottage Gower Peninsula am Meer mieten"}]}]}},"_links":{"self":[{"href":"https:\/\/www.urlaubcornwall.de\/blog\/wp-json\/wp\/v2\/pages\/32174"}],"collection":[{"href":"https:\/\/www.urlaubcornwall.de\/blog\/wp-json\/wp\/v2\/pages"}],"about":[{"href":"https:\/\/www.urlaubcornwall.de\/blog\/wp-json\/wp\/v2\/types\/page"}],"author":[{"embeddable":true,"href":"https:\/\/www.urlaubcornwall.de\/blog\/wp-json\/wp\/v2\/users\/1"}],"replies":[{"embeddable":true,"href":"https:\/\/www.urlaubcornwall.de\/blog\/wp-json\/wp\/v2\/comments?post=32174"}],"version-history":[{"count":6,"href":"https:\/\/www.urlaubcornwall.de\/blog\/wp-json\/wp\/v2\/pages\/32174\/revisions"}],"predecessor-version":[{"id":42791,"href":"https:\/\/www.urlaubcornwall.de\/blog\/wp-json\/wp\/v2\/pages\/32174\/revisions\/42791"}],"wp:attachment":[{"href":"https:\/\/www.urlaubcornwall.de\/blog\/wp-json\/wp\/v2\/media?parent=32174"}],"curies":[{"name":"wp","href":"https:\/\/api.w.org\/{rel}","templated":true}]}}