{"id":32171,"date":"2018-01-28T15:06:06","date_gmt":"2018-01-28T15:06:06","guid":{"rendered":"https:\/\/www.urlaubcornwall.de\/blog\/?page_id=32171"},"modified":"2021-09-17T08:14:36","modified_gmt":"2021-09-17T08:14:36","slug":"cottage-pembrokeshire-mit-meerblick-mieten","status":"publish","type":"page","link":"https:\/\/www.urlaubcornwall.de\/blog\/cottage-pembrokeshire-mit-meerblick-mieten\/","title":{"rendered":"Cottage in Pembrokeshire mit Meerblick mieten"},"content":{"rendered":"<p><img loading=\"lazy\" class=\"aligncenter size-full wp-image-32172\" src=\"https:\/\/www.urlaubcornwall.de\/blog\/wp-content\/uploads\/2018\/01\/cottage-pemrokeshire-mit-meerblick.jpg\" alt=\"cottage pemrokeshire mit meerblick\" width=\"749\" height=\"558\"\/><br \/>\n<strong>Ferienhaus am Meer in Haverfordwest mit 3 Schlafzimmern, Schlafgelegenheiten 6<\/strong><\/p>\n<p>Dieses Ferienhaus liegt in der N\u00e4he eines Leuchtturms und das Meer dominiert diese atemberaubende Lage. In der N\u00e4he des K\u00fcstenpfades und mit Feldern auf der R\u00fcckseite genie\u00dft dieses Ferienhaus das Beste aus beiden Welten. Das historische Mill Bay bietet einen Sandstrand und Felsenpools und ist nur einen kurzen Spaziergang entfernt. Dale, nur drei Kilometer, ist eine reizvolle Stadt mit Bootfahren, Kajak, Gesch\u00e4ften und Restaurants zu genie\u00dfen. Die Marktstadt Haverfordwest ist 15 km entfernt und die kleinste Stadt Gro\u00dfbritanniens St. Davids mit ihrer wundersch\u00f6nen Kathedrale ist einen Besuch wert und nur 15 km entfernt. Pembrokeshire ist gesegnet mit Super-Str\u00e4nden in der N\u00e4he wie West Dale&#8230;&#8230;.<\/p>\n<p style=\"text-align: center;\"><a class=\"tidycta\" href=\"https:\/\/www.urlaubcornwall.de\/ferienhaeuser-fewos\/wal\/westwales\/westwales-am-meer.html\">Suche Ferienh\u00e4user am Meer<\/a><\/p>\n<p style=\"text-align: center;\">Pers\u00f6nlich inspizierte Ferienh\u00e4user und Ferienwohnungen f\u00fcr Ihren Urlaub.<\/p>\n<p style=\"text-align: center;\"><a href=\"https:\/\/www.urlaubcornwall.de\/ferienhaeuser-fewos\/wal\/wales.html\"><strong>Ferienh\u00e4user, Cottages &amp; Ferienwohnungen in Wales. <\/strong><\/a><\/p>\n","protected":false},"excerpt":{"rendered":"<p>Ferienhaus am Meer in Haverfordwest mit 3 Schlafzimmern, Schlafgelegenheiten 6 Dieses Ferienhaus liegt in der N\u00e4he eines Leuchtturms und das Meer dominiert diese atemberaubende Lage. In der N\u00e4he des K\u00fcstenpfades und mit Feldern auf der R\u00fcckseite genie\u00dft dieses Ferienhaus das Beste aus beiden Welten. Das historische Mill Bay bietet einen Sandstrand und Felsenpools und ist [&hellip;]<\/p>\n","protected":false},"author":1,"featured_media":0,"parent":0,"menu_order":0,"comment_status":"closed","ping_status":"closed","template":"single-four.php","meta":[],"acf":[],"yoast_head":"<!-- This site is optimized with the Yoast SEO plugin v19.4 - https:\/\/yoast.com\/wordpress\/plugins\/seo\/ -->\n<title>Cottage in Pembrokeshire mit Meerblick mieten - Urlaub &amp; Reisen<\/title>\n<meta name=\"description\" content=\"Dieses Ferienhaus liegt in der N\u00e4he eines Leuchtturms und das Meer dominiert diese atemberaubende Lage. In der N\u00e4he des K\u00fcstenpfades und mit Feldern auf der R\u00fcckseite genie\u00dft dieses Ferienhaus das Beste aus beiden Welten. Das historische Mill Bay bietet einen Sandstrand und Felsenpools\" \/>\n<meta name=\"robots\" content=\"index, follow, max-snippet:-1, max-image-preview:large, max-video-preview:-1\" \/>\n<link rel=\"canonical\" href=\"https:\/\/www.urlaubcornwall.de\/blog\/cottage-pembrokeshire-mit-meerblick-mieten\/\" \/>\n<meta property=\"og:locale\" content=\"en_US\" \/>\n<meta property=\"og:type\" content=\"article\" \/>\n<meta property=\"og:title\" content=\"Cottage in Pembrokeshire mit Meerblick mieten - Urlaub &amp; Reisen\" \/>\n<meta property=\"og:description\" content=\"Dieses Ferienhaus liegt in der N\u00e4he eines Leuchtturms und das Meer dominiert diese atemberaubende Lage. In der N\u00e4he des K\u00fcstenpfades und mit Feldern auf der R\u00fcckseite genie\u00dft dieses Ferienhaus das Beste aus beiden Welten. Das historische Mill Bay bietet einen Sandstrand und Felsenpools\" \/>\n<meta property=\"og:url\" content=\"https:\/\/www.urlaubcornwall.de\/blog\/cottage-pembrokeshire-mit-meerblick-mieten\/\" \/>\n<meta property=\"og:site_name\" content=\"Urlaub &amp; Reisen\" \/>\n<meta property=\"article:modified_time\" content=\"2021-09-17T08:14:36+00:00\" \/>\n<meta property=\"og:image\" content=\"https:\/\/www.urlaubcornwall.de\/blog\/wp-content\/uploads\/2018\/01\/cottage-pemrokeshire-mit-meerblick.jpg\" \/>\n<meta name=\"twitter:card\" content=\"summary\" \/>\n<meta name=\"twitter:label1\" content=\"Est. reading time\" \/>\n\t<meta name=\"twitter:data1\" content=\"1 minute\" \/>\n<script type=\"application\/ld+json\" class=\"yoast-schema-graph\">{\"@context\":\"https:\/\/schema.org\",\"@graph\":[{\"@type\":\"WebSite\",\"@id\":\"https:\/\/www.urlaubcornwall.de\/blog\/#website\",\"url\":\"https:\/\/www.urlaubcornwall.de\/blog\/\",\"name\":\"Urlaub &amp; Reisen\",\"description\":\"Urlaub, Reisen, Cornwall und S\u00fcdengland: eine perfekte Kombination\",\"potentialAction\":[{\"@type\":\"SearchAction\",\"target\":{\"@type\":\"EntryPoint\",\"urlTemplate\":\"https:\/\/www.urlaubcornwall.de\/blog\/?s={search_term_string}\"},\"query-input\":\"required name=search_term_string\"}],\"inLanguage\":\"en-US\"},{\"@type\":\"WebPage\",\"@id\":\"https:\/\/www.urlaubcornwall.de\/blog\/cottage-pembrokeshire-mit-meerblick-mieten\/\",\"url\":\"https:\/\/www.urlaubcornwall.de\/blog\/cottage-pembrokeshire-mit-meerblick-mieten\/\",\"name\":\"Cottage in Pembrokeshire mit Meerblick mieten - Urlaub &amp; Reisen\",\"isPartOf\":{\"@id\":\"https:\/\/www.urlaubcornwall.de\/blog\/#website\"},\"datePublished\":\"2018-01-28T15:06:06+00:00\",\"dateModified\":\"2021-09-17T08:14:36+00:00\",\"description\":\"Dieses Ferienhaus liegt in der N\u00e4he eines Leuchtturms und das Meer dominiert diese atemberaubende Lage. In der N\u00e4he des K\u00fcstenpfades und mit Feldern auf der R\u00fcckseite genie\u00dft dieses Ferienhaus das Beste aus beiden Welten. Das historische Mill Bay bietet einen Sandstrand und Felsenpools\",\"breadcrumb\":{\"@id\":\"https:\/\/www.urlaubcornwall.de\/blog\/cottage-pembrokeshire-mit-meerblick-mieten\/#breadcrumb\"},\"inLanguage\":\"en-US\",\"potentialAction\":[{\"@type\":\"ReadAction\",\"target\":[\"https:\/\/www.urlaubcornwall.de\/blog\/cottage-pembrokeshire-mit-meerblick-mieten\/\"]}]},{\"@type\":\"BreadcrumbList\",\"@id\":\"https:\/\/www.urlaubcornwall.de\/blog\/cottage-pembrokeshire-mit-meerblick-mieten\/#breadcrumb\",\"itemListElement\":[{\"@type\":\"ListItem\",\"position\":1,\"name\":\"Home\",\"item\":\"https:\/\/www.urlaubcornwall.de\/blog\/\"},{\"@type\":\"ListItem\",\"position\":2,\"name\":\"Cottage in Pembrokeshire mit Meerblick mieten\"}]}]}<\/script>\n<!-- \/ Yoast SEO plugin. -->","yoast_head_json":{"title":"Cottage in Pembrokeshire mit Meerblick mieten - Urlaub &amp; Reisen","description":"Dieses Ferienhaus liegt in der N\u00e4he eines Leuchtturms und das Meer dominiert diese atemberaubende Lage. In der N\u00e4he des K\u00fcstenpfades und mit Feldern auf der R\u00fcckseite genie\u00dft dieses Ferienhaus das Beste aus beiden Welten. Das historische Mill Bay bietet einen Sandstrand und Felsenpools","robots":{"index":"index","follow":"follow","max-snippet":"max-snippet:-1","max-image-preview":"max-image-preview:large","max-video-preview":"max-video-preview:-1"},"canonical":"https:\/\/www.urlaubcornwall.de\/blog\/cottage-pembrokeshire-mit-meerblick-mieten\/","og_locale":"en_US","og_type":"article","og_title":"Cottage in Pembrokeshire mit Meerblick mieten - Urlaub &amp; Reisen","og_description":"Dieses Ferienhaus liegt in der N\u00e4he eines Leuchtturms und das Meer dominiert diese atemberaubende Lage. In der N\u00e4he des K\u00fcstenpfades und mit Feldern auf der R\u00fcckseite genie\u00dft dieses Ferienhaus das Beste aus beiden Welten. Das historische Mill Bay bietet einen Sandstrand und Felsenpools","og_url":"https:\/\/www.urlaubcornwall.de\/blog\/cottage-pembrokeshire-mit-meerblick-mieten\/","og_site_name":"Urlaub &amp; Reisen","article_modified_time":"2021-09-17T08:14:36+00:00","og_image":[{"url":"https:\/\/www.urlaubcornwall.de\/blog\/wp-content\/uploads\/2018\/01\/cottage-pemrokeshire-mit-meerblick.jpg"}],"twitter_card":"summary","twitter_misc":{"Est. reading time":"1 minute"},"schema":{"@context":"https:\/\/schema.org","@graph":[{"@type":"WebSite","@id":"https:\/\/www.urlaubcornwall.de\/blog\/#website","url":"https:\/\/www.urlaubcornwall.de\/blog\/","name":"Urlaub &amp; Reisen","description":"Urlaub, Reisen, Cornwall und S\u00fcdengland: eine perfekte Kombination","potentialAction":[{"@type":"SearchAction","target":{"@type":"EntryPoint","urlTemplate":"https:\/\/www.urlaubcornwall.de\/blog\/?s={search_term_string}"},"query-input":"required name=search_term_string"}],"inLanguage":"en-US"},{"@type":"WebPage","@id":"https:\/\/www.urlaubcornwall.de\/blog\/cottage-pembrokeshire-mit-meerblick-mieten\/","url":"https:\/\/www.urlaubcornwall.de\/blog\/cottage-pembrokeshire-mit-meerblick-mieten\/","name":"Cottage in Pembrokeshire mit Meerblick mieten - Urlaub &amp; Reisen","isPartOf":{"@id":"https:\/\/www.urlaubcornwall.de\/blog\/#website"},"datePublished":"2018-01-28T15:06:06+00:00","dateModified":"2021-09-17T08:14:36+00:00","description":"Dieses Ferienhaus liegt in der N\u00e4he eines Leuchtturms und das Meer dominiert diese atemberaubende Lage. In der N\u00e4he des K\u00fcstenpfades und mit Feldern auf der R\u00fcckseite genie\u00dft dieses Ferienhaus das Beste aus beiden Welten. Das historische Mill Bay bietet einen Sandstrand und Felsenpools","breadcrumb":{"@id":"https:\/\/www.urlaubcornwall.de\/blog\/cottage-pembrokeshire-mit-meerblick-mieten\/#breadcrumb"},"inLanguage":"en-US","potentialAction":[{"@type":"ReadAction","target":["https:\/\/www.urlaubcornwall.de\/blog\/cottage-pembrokeshire-mit-meerblick-mieten\/"]}]},{"@type":"BreadcrumbList","@id":"https:\/\/www.urlaubcornwall.de\/blog\/cottage-pembrokeshire-mit-meerblick-mieten\/#breadcrumb","itemListElement":[{"@type":"ListItem","position":1,"name":"Home","item":"https:\/\/www.urlaubcornwall.de\/blog\/"},{"@type":"ListItem","position":2,"name":"Cottage in Pembrokeshire mit Meerblick mieten"}]}]}},"_links":{"self":[{"href":"https:\/\/www.urlaubcornwall.de\/blog\/wp-json\/wp\/v2\/pages\/32171"}],"collection":[{"href":"https:\/\/www.urlaubcornwall.de\/blog\/wp-json\/wp\/v2\/pages"}],"about":[{"href":"https:\/\/www.urlaubcornwall.de\/blog\/wp-json\/wp\/v2\/types\/page"}],"author":[{"embeddable":true,"href":"https:\/\/www.urlaubcornwall.de\/blog\/wp-json\/wp\/v2\/users\/1"}],"replies":[{"embeddable":true,"href":"https:\/\/www.urlaubcornwall.de\/blog\/wp-json\/wp\/v2\/comments?post=32171"}],"version-history":[{"count":6,"href":"https:\/\/www.urlaubcornwall.de\/blog\/wp-json\/wp\/v2\/pages\/32171\/revisions"}],"predecessor-version":[{"id":42809,"href":"https:\/\/www.urlaubcornwall.de\/blog\/wp-json\/wp\/v2\/pages\/32171\/revisions\/42809"}],"wp:attachment":[{"href":"https:\/\/www.urlaubcornwall.de\/blog\/wp-json\/wp\/v2\/media?parent=32171"}],"curies":[{"name":"wp","href":"https:\/\/api.w.org\/{rel}","templated":true}]}}