{"id":32168,"date":"2018-01-28T14:41:11","date_gmt":"2018-01-28T14:41:11","guid":{"rendered":"https:\/\/www.urlaubcornwall.de\/blog\/?page_id=32168"},"modified":"2021-09-17T08:13:08","modified_gmt":"2021-09-17T08:13:08","slug":"cottage-pembrokeshire-mit-hund-mieten","status":"publish","type":"page","link":"https:\/\/www.urlaubcornwall.de\/blog\/cottage-pembrokeshire-mit-hund-mieten\/","title":{"rendered":"Cottage in Pembrokeshire mit Hund mieten"},"content":{"rendered":"<p><img loading=\"lazy\" class=\"aligncenter size-full wp-image-32169\" src=\"https:\/\/www.urlaubcornwall.de\/blog\/wp-content\/uploads\/2018\/01\/cottage-pemrokeshire-mit-hund.jpg\" alt=\"cottage pemrokeshire mit hund\" width=\"749\" height=\"558\"\/><br \/>\n<strong>Ferienhaus in Kilgetty mit 2 Schlafzimmern, Schlafgelegenheiten 4, Hundefreundlich<\/strong><\/p>\n<p>Ein ruhiges Ferienhaus mit Blick auf den Fluss, ideal f\u00fcr Paare und Familien in der N\u00e4he der K\u00fcste. Diese sch\u00f6ne Doppelhaush\u00e4lfte liegt auf einem malerischen Weg am idyllischen Flussufer am Cresswell Quay. Mit freiliegenden Balken und dem Fluss, der an Ihrem Fenster vorbeif\u00fchrt, ist dies ideal zum Entspannen und doch nur eine kurze Strecke von den Badeorten Tenby und Saundersfoot entfernt. Cresswell Quay ist ein h\u00fcbsches Dorf mit einem Gasthaus. Der K\u00fcstenweg von Pembrokeshire verl\u00e4uft direkt am Ende der Auffahrt und ist ein beliebter Ort f\u00fcr Wanderer und Naturliebhaber&#8230;&#8230;&#8230;.<\/p>\n<p style=\"text-align: center;\"><a class=\"tidycta\" href=\"https:\/\/www.urlaubcornwall.de\/ferienhaeuser-fewos\/wal\/westwales\/pembroke-hundefreundlich.html\">Suche Ferienh\u00e4userPembrokeshire<\/a><\/p>\n<p style=\"text-align: center;\">Pers\u00f6nlich inspizierte Ferienh\u00e4user und Ferienwohnungen f\u00fcr Ihren Urlaub.<\/p>\n<p style=\"text-align: center;\"><a href=\"https:\/\/www.urlaubcornwall.de\/ferienhaeuser-fewos\/wal\/westwales\/westwales-hundefreundlich.html\"><strong>Ferienh\u00e4user, Cottages &amp; Ferienwohnungen in Wales. <\/strong><\/a><\/p>\n","protected":false},"excerpt":{"rendered":"<p>Ferienhaus in Kilgetty mit 2 Schlafzimmern, Schlafgelegenheiten 4, Hundefreundlich Ein ruhiges Ferienhaus mit Blick auf den Fluss, ideal f\u00fcr Paare und Familien in der N\u00e4he der K\u00fcste. Diese sch\u00f6ne Doppelhaush\u00e4lfte liegt auf einem malerischen Weg am idyllischen Flussufer am Cresswell Quay. Mit freiliegenden Balken und dem Fluss, der an Ihrem Fenster vorbeif\u00fchrt, ist dies ideal [&hellip;]<\/p>\n","protected":false},"author":1,"featured_media":0,"parent":0,"menu_order":0,"comment_status":"closed","ping_status":"closed","template":"single-four.php","meta":[],"acf":[],"yoast_head":"<!-- This site is optimized with the Yoast SEO plugin v19.4 - https:\/\/yoast.com\/wordpress\/plugins\/seo\/ -->\n<title>Cottage in Pembrokeshire mit Hund mieten - Urlaub &amp; Reisen<\/title>\n<meta name=\"description\" content=\"Ein ruhiges Ferienhaus mit Blick auf den Fluss, ideal f\u00fcr Paare und Familien in der N\u00e4he der K\u00fcste. Diese sch\u00f6ne Doppelhaush\u00e4lfte liegt auf einem malerischen Weg am idyllischen Flussufer am Cresswell Quay. Mit freiliegenden Balken und dem Fluss, der an Ihrem Fenster vorbeif\u00fchrt, ist dies ideal zum Entspannen\" \/>\n<meta name=\"robots\" content=\"index, follow, max-snippet:-1, max-image-preview:large, max-video-preview:-1\" \/>\n<link rel=\"canonical\" href=\"https:\/\/www.urlaubcornwall.de\/blog\/cottage-pembrokeshire-mit-hund-mieten\/\" \/>\n<meta property=\"og:locale\" content=\"en_US\" \/>\n<meta property=\"og:type\" content=\"article\" \/>\n<meta property=\"og:title\" content=\"Cottage in Pembrokeshire mit Hund mieten - Urlaub &amp; Reisen\" \/>\n<meta property=\"og:description\" content=\"Ein ruhiges Ferienhaus mit Blick auf den Fluss, ideal f\u00fcr Paare und Familien in der N\u00e4he der K\u00fcste. Diese sch\u00f6ne Doppelhaush\u00e4lfte liegt auf einem malerischen Weg am idyllischen Flussufer am Cresswell Quay. Mit freiliegenden Balken und dem Fluss, der an Ihrem Fenster vorbeif\u00fchrt, ist dies ideal zum Entspannen\" \/>\n<meta property=\"og:url\" content=\"https:\/\/www.urlaubcornwall.de\/blog\/cottage-pembrokeshire-mit-hund-mieten\/\" \/>\n<meta property=\"og:site_name\" content=\"Urlaub &amp; Reisen\" \/>\n<meta property=\"article:modified_time\" content=\"2021-09-17T08:13:08+00:00\" \/>\n<meta property=\"og:image\" content=\"https:\/\/www.urlaubcornwall.de\/blog\/wp-content\/uploads\/2018\/01\/cottage-pemrokeshire-mit-hund.jpg\" \/>\n<meta name=\"twitter:card\" content=\"summary\" \/>\n<meta name=\"twitter:label1\" content=\"Est. reading time\" \/>\n\t<meta name=\"twitter:data1\" content=\"1 minute\" \/>\n<script type=\"application\/ld+json\" class=\"yoast-schema-graph\">{\"@context\":\"https:\/\/schema.org\",\"@graph\":[{\"@type\":\"WebSite\",\"@id\":\"https:\/\/www.urlaubcornwall.de\/blog\/#website\",\"url\":\"https:\/\/www.urlaubcornwall.de\/blog\/\",\"name\":\"Urlaub &amp; Reisen\",\"description\":\"Urlaub, Reisen, Cornwall und S\u00fcdengland: eine perfekte Kombination\",\"potentialAction\":[{\"@type\":\"SearchAction\",\"target\":{\"@type\":\"EntryPoint\",\"urlTemplate\":\"https:\/\/www.urlaubcornwall.de\/blog\/?s={search_term_string}\"},\"query-input\":\"required name=search_term_string\"}],\"inLanguage\":\"en-US\"},{\"@type\":\"WebPage\",\"@id\":\"https:\/\/www.urlaubcornwall.de\/blog\/cottage-pembrokeshire-mit-hund-mieten\/\",\"url\":\"https:\/\/www.urlaubcornwall.de\/blog\/cottage-pembrokeshire-mit-hund-mieten\/\",\"name\":\"Cottage in Pembrokeshire mit Hund mieten - Urlaub &amp; Reisen\",\"isPartOf\":{\"@id\":\"https:\/\/www.urlaubcornwall.de\/blog\/#website\"},\"datePublished\":\"2018-01-28T14:41:11+00:00\",\"dateModified\":\"2021-09-17T08:13:08+00:00\",\"description\":\"Ein ruhiges Ferienhaus mit Blick auf den Fluss, ideal f\u00fcr Paare und Familien in der N\u00e4he der K\u00fcste. Diese sch\u00f6ne Doppelhaush\u00e4lfte liegt auf einem malerischen Weg am idyllischen Flussufer am Cresswell Quay. Mit freiliegenden Balken und dem Fluss, der an Ihrem Fenster vorbeif\u00fchrt, ist dies ideal zum Entspannen\",\"breadcrumb\":{\"@id\":\"https:\/\/www.urlaubcornwall.de\/blog\/cottage-pembrokeshire-mit-hund-mieten\/#breadcrumb\"},\"inLanguage\":\"en-US\",\"potentialAction\":[{\"@type\":\"ReadAction\",\"target\":[\"https:\/\/www.urlaubcornwall.de\/blog\/cottage-pembrokeshire-mit-hund-mieten\/\"]}]},{\"@type\":\"BreadcrumbList\",\"@id\":\"https:\/\/www.urlaubcornwall.de\/blog\/cottage-pembrokeshire-mit-hund-mieten\/#breadcrumb\",\"itemListElement\":[{\"@type\":\"ListItem\",\"position\":1,\"name\":\"Home\",\"item\":\"https:\/\/www.urlaubcornwall.de\/blog\/\"},{\"@type\":\"ListItem\",\"position\":2,\"name\":\"Cottage in Pembrokeshire mit Hund mieten\"}]}]}<\/script>\n<!-- \/ Yoast SEO plugin. -->","yoast_head_json":{"title":"Cottage in Pembrokeshire mit Hund mieten - Urlaub &amp; Reisen","description":"Ein ruhiges Ferienhaus mit Blick auf den Fluss, ideal f\u00fcr Paare und Familien in der N\u00e4he der K\u00fcste. Diese sch\u00f6ne Doppelhaush\u00e4lfte liegt auf einem malerischen Weg am idyllischen Flussufer am Cresswell Quay. Mit freiliegenden Balken und dem Fluss, der an Ihrem Fenster vorbeif\u00fchrt, ist dies ideal zum Entspannen","robots":{"index":"index","follow":"follow","max-snippet":"max-snippet:-1","max-image-preview":"max-image-preview:large","max-video-preview":"max-video-preview:-1"},"canonical":"https:\/\/www.urlaubcornwall.de\/blog\/cottage-pembrokeshire-mit-hund-mieten\/","og_locale":"en_US","og_type":"article","og_title":"Cottage in Pembrokeshire mit Hund mieten - Urlaub &amp; Reisen","og_description":"Ein ruhiges Ferienhaus mit Blick auf den Fluss, ideal f\u00fcr Paare und Familien in der N\u00e4he der K\u00fcste. Diese sch\u00f6ne Doppelhaush\u00e4lfte liegt auf einem malerischen Weg am idyllischen Flussufer am Cresswell Quay. Mit freiliegenden Balken und dem Fluss, der an Ihrem Fenster vorbeif\u00fchrt, ist dies ideal zum Entspannen","og_url":"https:\/\/www.urlaubcornwall.de\/blog\/cottage-pembrokeshire-mit-hund-mieten\/","og_site_name":"Urlaub &amp; Reisen","article_modified_time":"2021-09-17T08:13:08+00:00","og_image":[{"url":"https:\/\/www.urlaubcornwall.de\/blog\/wp-content\/uploads\/2018\/01\/cottage-pemrokeshire-mit-hund.jpg"}],"twitter_card":"summary","twitter_misc":{"Est. reading time":"1 minute"},"schema":{"@context":"https:\/\/schema.org","@graph":[{"@type":"WebSite","@id":"https:\/\/www.urlaubcornwall.de\/blog\/#website","url":"https:\/\/www.urlaubcornwall.de\/blog\/","name":"Urlaub &amp; Reisen","description":"Urlaub, Reisen, Cornwall und S\u00fcdengland: eine perfekte Kombination","potentialAction":[{"@type":"SearchAction","target":{"@type":"EntryPoint","urlTemplate":"https:\/\/www.urlaubcornwall.de\/blog\/?s={search_term_string}"},"query-input":"required name=search_term_string"}],"inLanguage":"en-US"},{"@type":"WebPage","@id":"https:\/\/www.urlaubcornwall.de\/blog\/cottage-pembrokeshire-mit-hund-mieten\/","url":"https:\/\/www.urlaubcornwall.de\/blog\/cottage-pembrokeshire-mit-hund-mieten\/","name":"Cottage in Pembrokeshire mit Hund mieten - Urlaub &amp; Reisen","isPartOf":{"@id":"https:\/\/www.urlaubcornwall.de\/blog\/#website"},"datePublished":"2018-01-28T14:41:11+00:00","dateModified":"2021-09-17T08:13:08+00:00","description":"Ein ruhiges Ferienhaus mit Blick auf den Fluss, ideal f\u00fcr Paare und Familien in der N\u00e4he der K\u00fcste. Diese sch\u00f6ne Doppelhaush\u00e4lfte liegt auf einem malerischen Weg am idyllischen Flussufer am Cresswell Quay. Mit freiliegenden Balken und dem Fluss, der an Ihrem Fenster vorbeif\u00fchrt, ist dies ideal zum Entspannen","breadcrumb":{"@id":"https:\/\/www.urlaubcornwall.de\/blog\/cottage-pembrokeshire-mit-hund-mieten\/#breadcrumb"},"inLanguage":"en-US","potentialAction":[{"@type":"ReadAction","target":["https:\/\/www.urlaubcornwall.de\/blog\/cottage-pembrokeshire-mit-hund-mieten\/"]}]},{"@type":"BreadcrumbList","@id":"https:\/\/www.urlaubcornwall.de\/blog\/cottage-pembrokeshire-mit-hund-mieten\/#breadcrumb","itemListElement":[{"@type":"ListItem","position":1,"name":"Home","item":"https:\/\/www.urlaubcornwall.de\/blog\/"},{"@type":"ListItem","position":2,"name":"Cottage in Pembrokeshire mit Hund mieten"}]}]}},"_links":{"self":[{"href":"https:\/\/www.urlaubcornwall.de\/blog\/wp-json\/wp\/v2\/pages\/32168"}],"collection":[{"href":"https:\/\/www.urlaubcornwall.de\/blog\/wp-json\/wp\/v2\/pages"}],"about":[{"href":"https:\/\/www.urlaubcornwall.de\/blog\/wp-json\/wp\/v2\/types\/page"}],"author":[{"embeddable":true,"href":"https:\/\/www.urlaubcornwall.de\/blog\/wp-json\/wp\/v2\/users\/1"}],"replies":[{"embeddable":true,"href":"https:\/\/www.urlaubcornwall.de\/blog\/wp-json\/wp\/v2\/comments?post=32168"}],"version-history":[{"count":5,"href":"https:\/\/www.urlaubcornwall.de\/blog\/wp-json\/wp\/v2\/pages\/32168\/revisions"}],"predecessor-version":[{"id":42807,"href":"https:\/\/www.urlaubcornwall.de\/blog\/wp-json\/wp\/v2\/pages\/32168\/revisions\/42807"}],"wp:attachment":[{"href":"https:\/\/www.urlaubcornwall.de\/blog\/wp-json\/wp\/v2\/media?parent=32168"}],"curies":[{"name":"wp","href":"https:\/\/api.w.org\/{rel}","templated":true}]}}