{"id":32163,"date":"2018-01-28T14:29:41","date_gmt":"2018-01-28T14:29:41","guid":{"rendered":"https:\/\/www.urlaubcornwall.de\/blog\/?page_id=32163"},"modified":"2021-09-17T12:05:05","modified_gmt":"2021-09-17T12:05:05","slug":"cottage-pembrokeshire-meer-mieten","status":"publish","type":"page","link":"https:\/\/www.urlaubcornwall.de\/blog\/cottage-pembrokeshire-meer-mieten\/","title":{"rendered":"Ferienhaus in Pembrokeshire am Meer mieten"},"content":{"rendered":"<p><img loading=\"lazy\" class=\"aligncenter size-full wp-image-32164\" src=\"https:\/\/www.urlaubcornwall.de\/blog\/wp-content\/uploads\/2018\/01\/cottage-pemrokeshire-am-meer.jpg\" alt=\"cottage pemrokeshire am meer\" width=\"749\" height=\"558\"\/><br \/>\n<strong>Ferienhaus in Saundersfoot mit 3 Schlafzimmern, Schlafgelegenheiten 6<\/strong><\/p>\n<p>Dieses Cottage ist nur ein paar Schritte von Ihrem privaten Parkplatz entfernt. Es hat Charme und einen \u00fcberraschend ger\u00e4umigen Innenraum. Sie k\u00f6nnen das Meer von Ihrer Haust\u00fcr aus sehen. Saundersfoot Strand ist nur einen kurzen Spaziergang entfernt und beh\u00e4lt eine expansive haustierfreundliche Gegend. Das Dorf hat einen gesch\u00e4ftigen Hafen und viele Gesch\u00e4fte, Kneipen und Restaurants, die das ganze Jahr \u00fcber ein Urlaubsziel f\u00fcr Familien, Wanderer und Naturliebhaber sind. Tenby mit seinen gepflasterten Stra\u00dfen und goldenen Sand ist nur eine kurze Autofahrt entfernt.<\/p>\n<p style=\"text-align: center;\"><a class=\"tidycta\" href=\"https:\/\/www.urlaubcornwall.de\/ferienhaeuser-fewos\/wal\/westwales\/pembroke.html\">Suche Ferienh\u00e4user Pembrokeshire<\/a><\/p>\n<p style=\"text-align: center;\">Pers\u00f6nlich inspizierte Ferienh\u00e4user und Ferienwohnungen f\u00fcr Ihren Urlaub.<\/p>\n<p style=\"text-align: center;\"><a href=\"https:\/\/www.urlaubcornwall.de\/ferienhaeuser-fewos\/wal\/westwales\/westwales-am-meer.html\"><strong>Ferienh\u00e4user, Cottages &amp; Ferienwohnungen in Wales. <\/strong><\/a><\/p>\n","protected":false},"excerpt":{"rendered":"<p>Ferienhaus in Saundersfoot mit 3 Schlafzimmern, Schlafgelegenheiten 6 Dieses Cottage ist nur ein paar Schritte von Ihrem privaten Parkplatz entfernt. Es hat Charme und einen \u00fcberraschend ger\u00e4umigen Innenraum. Sie k\u00f6nnen das Meer von Ihrer Haust\u00fcr aus sehen. Saundersfoot Strand ist nur einen kurzen Spaziergang entfernt und beh\u00e4lt eine expansive haustierfreundliche Gegend. Das Dorf hat einen [&hellip;]<\/p>\n","protected":false},"author":1,"featured_media":0,"parent":0,"menu_order":0,"comment_status":"closed","ping_status":"closed","template":"single-four.php","meta":[],"acf":[],"yoast_head":"<!-- This site is optimized with the Yoast SEO plugin v19.4 - https:\/\/yoast.com\/wordpress\/plugins\/seo\/ -->\n<title>Ferienhaus in Pembrokeshire am Meer mieten - Urlaub &amp; Reisen<\/title>\n<meta name=\"description\" content=\"Dieses Cottage ist nur ein paar Schritte von Ihrem privaten Parkplatz entfernt. Es hat Charme und einen \u00fcberraschend ger\u00e4umigen Innenraum. Sie k\u00f6nnen das Meer von Ihrer Haust\u00fcr aus sehen. Saundersfoot Strand ist nur einen kurzen Spaziergang entfernt und beh\u00e4lt eine expansive haustierfreundliche Gegend\" \/>\n<meta name=\"robots\" content=\"index, follow, max-snippet:-1, max-image-preview:large, max-video-preview:-1\" \/>\n<link rel=\"canonical\" href=\"https:\/\/www.urlaubcornwall.de\/blog\/cottage-pembrokeshire-meer-mieten\/\" \/>\n<meta property=\"og:locale\" content=\"en_US\" \/>\n<meta property=\"og:type\" content=\"article\" \/>\n<meta property=\"og:title\" content=\"Ferienhaus in Pembrokeshire am Meer mieten - Urlaub &amp; Reisen\" \/>\n<meta property=\"og:description\" content=\"Dieses Cottage ist nur ein paar Schritte von Ihrem privaten Parkplatz entfernt. Es hat Charme und einen \u00fcberraschend ger\u00e4umigen Innenraum. Sie k\u00f6nnen das Meer von Ihrer Haust\u00fcr aus sehen. Saundersfoot Strand ist nur einen kurzen Spaziergang entfernt und beh\u00e4lt eine expansive haustierfreundliche Gegend\" \/>\n<meta property=\"og:url\" content=\"https:\/\/www.urlaubcornwall.de\/blog\/cottage-pembrokeshire-meer-mieten\/\" \/>\n<meta property=\"og:site_name\" content=\"Urlaub &amp; Reisen\" \/>\n<meta property=\"article:modified_time\" content=\"2021-09-17T12:05:05+00:00\" \/>\n<meta property=\"og:image\" content=\"https:\/\/www.urlaubcornwall.de\/blog\/wp-content\/uploads\/2018\/01\/cottage-pemrokeshire-am-meer.jpg\" \/>\n<meta name=\"twitter:card\" content=\"summary\" \/>\n<meta name=\"twitter:label1\" content=\"Est. reading time\" \/>\n\t<meta name=\"twitter:data1\" content=\"1 minute\" \/>\n<script type=\"application\/ld+json\" class=\"yoast-schema-graph\">{\"@context\":\"https:\/\/schema.org\",\"@graph\":[{\"@type\":\"WebSite\",\"@id\":\"https:\/\/www.urlaubcornwall.de\/blog\/#website\",\"url\":\"https:\/\/www.urlaubcornwall.de\/blog\/\",\"name\":\"Urlaub &amp; Reisen\",\"description\":\"Urlaub, Reisen, Cornwall und S\u00fcdengland: eine perfekte Kombination\",\"potentialAction\":[{\"@type\":\"SearchAction\",\"target\":{\"@type\":\"EntryPoint\",\"urlTemplate\":\"https:\/\/www.urlaubcornwall.de\/blog\/?s={search_term_string}\"},\"query-input\":\"required name=search_term_string\"}],\"inLanguage\":\"en-US\"},{\"@type\":\"WebPage\",\"@id\":\"https:\/\/www.urlaubcornwall.de\/blog\/cottage-pembrokeshire-meer-mieten\/\",\"url\":\"https:\/\/www.urlaubcornwall.de\/blog\/cottage-pembrokeshire-meer-mieten\/\",\"name\":\"Ferienhaus in Pembrokeshire am Meer mieten - Urlaub &amp; Reisen\",\"isPartOf\":{\"@id\":\"https:\/\/www.urlaubcornwall.de\/blog\/#website\"},\"datePublished\":\"2018-01-28T14:29:41+00:00\",\"dateModified\":\"2021-09-17T12:05:05+00:00\",\"description\":\"Dieses Cottage ist nur ein paar Schritte von Ihrem privaten Parkplatz entfernt. Es hat Charme und einen \u00fcberraschend ger\u00e4umigen Innenraum. Sie k\u00f6nnen das Meer von Ihrer Haust\u00fcr aus sehen. Saundersfoot Strand ist nur einen kurzen Spaziergang entfernt und beh\u00e4lt eine expansive haustierfreundliche Gegend\",\"breadcrumb\":{\"@id\":\"https:\/\/www.urlaubcornwall.de\/blog\/cottage-pembrokeshire-meer-mieten\/#breadcrumb\"},\"inLanguage\":\"en-US\",\"potentialAction\":[{\"@type\":\"ReadAction\",\"target\":[\"https:\/\/www.urlaubcornwall.de\/blog\/cottage-pembrokeshire-meer-mieten\/\"]}]},{\"@type\":\"BreadcrumbList\",\"@id\":\"https:\/\/www.urlaubcornwall.de\/blog\/cottage-pembrokeshire-meer-mieten\/#breadcrumb\",\"itemListElement\":[{\"@type\":\"ListItem\",\"position\":1,\"name\":\"Home\",\"item\":\"https:\/\/www.urlaubcornwall.de\/blog\/\"},{\"@type\":\"ListItem\",\"position\":2,\"name\":\"Ferienhaus in Pembrokeshire am Meer mieten\"}]}]}<\/script>\n<!-- \/ Yoast SEO plugin. -->","yoast_head_json":{"title":"Ferienhaus in Pembrokeshire am Meer mieten - Urlaub &amp; Reisen","description":"Dieses Cottage ist nur ein paar Schritte von Ihrem privaten Parkplatz entfernt. Es hat Charme und einen \u00fcberraschend ger\u00e4umigen Innenraum. Sie k\u00f6nnen das Meer von Ihrer Haust\u00fcr aus sehen. Saundersfoot Strand ist nur einen kurzen Spaziergang entfernt und beh\u00e4lt eine expansive haustierfreundliche Gegend","robots":{"index":"index","follow":"follow","max-snippet":"max-snippet:-1","max-image-preview":"max-image-preview:large","max-video-preview":"max-video-preview:-1"},"canonical":"https:\/\/www.urlaubcornwall.de\/blog\/cottage-pembrokeshire-meer-mieten\/","og_locale":"en_US","og_type":"article","og_title":"Ferienhaus in Pembrokeshire am Meer mieten - Urlaub &amp; Reisen","og_description":"Dieses Cottage ist nur ein paar Schritte von Ihrem privaten Parkplatz entfernt. Es hat Charme und einen \u00fcberraschend ger\u00e4umigen Innenraum. Sie k\u00f6nnen das Meer von Ihrer Haust\u00fcr aus sehen. Saundersfoot Strand ist nur einen kurzen Spaziergang entfernt und beh\u00e4lt eine expansive haustierfreundliche Gegend","og_url":"https:\/\/www.urlaubcornwall.de\/blog\/cottage-pembrokeshire-meer-mieten\/","og_site_name":"Urlaub &amp; Reisen","article_modified_time":"2021-09-17T12:05:05+00:00","og_image":[{"url":"https:\/\/www.urlaubcornwall.de\/blog\/wp-content\/uploads\/2018\/01\/cottage-pemrokeshire-am-meer.jpg"}],"twitter_card":"summary","twitter_misc":{"Est. reading time":"1 minute"},"schema":{"@context":"https:\/\/schema.org","@graph":[{"@type":"WebSite","@id":"https:\/\/www.urlaubcornwall.de\/blog\/#website","url":"https:\/\/www.urlaubcornwall.de\/blog\/","name":"Urlaub &amp; Reisen","description":"Urlaub, Reisen, Cornwall und S\u00fcdengland: eine perfekte Kombination","potentialAction":[{"@type":"SearchAction","target":{"@type":"EntryPoint","urlTemplate":"https:\/\/www.urlaubcornwall.de\/blog\/?s={search_term_string}"},"query-input":"required name=search_term_string"}],"inLanguage":"en-US"},{"@type":"WebPage","@id":"https:\/\/www.urlaubcornwall.de\/blog\/cottage-pembrokeshire-meer-mieten\/","url":"https:\/\/www.urlaubcornwall.de\/blog\/cottage-pembrokeshire-meer-mieten\/","name":"Ferienhaus in Pembrokeshire am Meer mieten - Urlaub &amp; Reisen","isPartOf":{"@id":"https:\/\/www.urlaubcornwall.de\/blog\/#website"},"datePublished":"2018-01-28T14:29:41+00:00","dateModified":"2021-09-17T12:05:05+00:00","description":"Dieses Cottage ist nur ein paar Schritte von Ihrem privaten Parkplatz entfernt. Es hat Charme und einen \u00fcberraschend ger\u00e4umigen Innenraum. Sie k\u00f6nnen das Meer von Ihrer Haust\u00fcr aus sehen. Saundersfoot Strand ist nur einen kurzen Spaziergang entfernt und beh\u00e4lt eine expansive haustierfreundliche Gegend","breadcrumb":{"@id":"https:\/\/www.urlaubcornwall.de\/blog\/cottage-pembrokeshire-meer-mieten\/#breadcrumb"},"inLanguage":"en-US","potentialAction":[{"@type":"ReadAction","target":["https:\/\/www.urlaubcornwall.de\/blog\/cottage-pembrokeshire-meer-mieten\/"]}]},{"@type":"BreadcrumbList","@id":"https:\/\/www.urlaubcornwall.de\/blog\/cottage-pembrokeshire-meer-mieten\/#breadcrumb","itemListElement":[{"@type":"ListItem","position":1,"name":"Home","item":"https:\/\/www.urlaubcornwall.de\/blog\/"},{"@type":"ListItem","position":2,"name":"Ferienhaus in Pembrokeshire am Meer mieten"}]}]}},"_links":{"self":[{"href":"https:\/\/www.urlaubcornwall.de\/blog\/wp-json\/wp\/v2\/pages\/32163"}],"collection":[{"href":"https:\/\/www.urlaubcornwall.de\/blog\/wp-json\/wp\/v2\/pages"}],"about":[{"href":"https:\/\/www.urlaubcornwall.de\/blog\/wp-json\/wp\/v2\/types\/page"}],"author":[{"embeddable":true,"href":"https:\/\/www.urlaubcornwall.de\/blog\/wp-json\/wp\/v2\/users\/1"}],"replies":[{"embeddable":true,"href":"https:\/\/www.urlaubcornwall.de\/blog\/wp-json\/wp\/v2\/comments?post=32163"}],"version-history":[{"count":6,"href":"https:\/\/www.urlaubcornwall.de\/blog\/wp-json\/wp\/v2\/pages\/32163\/revisions"}],"predecessor-version":[{"id":42887,"href":"https:\/\/www.urlaubcornwall.de\/blog\/wp-json\/wp\/v2\/pages\/32163\/revisions\/42887"}],"wp:attachment":[{"href":"https:\/\/www.urlaubcornwall.de\/blog\/wp-json\/wp\/v2\/media?parent=32163"}],"curies":[{"name":"wp","href":"https:\/\/api.w.org\/{rel}","templated":true}]}}