{"id":32149,"date":"2018-01-27T15:33:12","date_gmt":"2018-01-27T15:33:12","guid":{"rendered":"https:\/\/www.urlaubcornwall.de\/blog\/?page_id=32149"},"modified":"2024-03-18T13:57:54","modified_gmt":"2024-03-18T13:57:54","slug":"cottage-insel-skye-mit-hund-mieten","status":"publish","type":"page","link":"https:\/\/www.urlaubcornwall.de\/blog\/cottage-insel-skye-mit-hund-mieten\/","title":{"rendered":"Ferienhaus Isle of Skye mit Hund mieten"},"content":{"rendered":"<p><img loading=\"lazy\" class=\"aligncenter size-full wp-image-32150\" src=\"https:\/\/www.urlaubcornwall.de\/blog\/wp-content\/uploads\/2018\/01\/cottage-insel-skye-meerblick-mit-hund-mieten.jpg\" alt=\"cottage insel skye meerblick mit hund mieten\" width=\"744\" height=\"558\" srcset=\"https:\/\/www.urlaubcornwall.de\/blog\/wp-content\/uploads\/2018\/01\/cottage-insel-skye-meerblick-mit-hund-mieten.jpg 744w, https:\/\/www.urlaubcornwall.de\/blog\/wp-content\/uploads\/2018\/01\/cottage-insel-skye-meerblick-mit-hund-mieten-300x225.jpg 300w\" sizes=\"(max-width: 744px) 100vw, 744px\" \/><br \/>\n<strong>Ferienhaus Isle of Skye mit Meerblick, 3 Schlafzimmern, Schlafgelegenheiten 7, Hundefreundlich<\/strong><\/p>\n<p>Dieses Cottage befindet sich in einer ruhigen, friedlichen Lage im sch\u00f6nen oberen Colbost und bietet einen atemberaubenden Blick auf den Loch Dunvegan, die Cuillin Mountains, den Coral Beach und die Tische von MacLeod. Die unmittelbare Umgebung ist ein Paradies f\u00fcr Wanderer und Mountainbiker mit den nahe gelegenen MacLeod-Tischen mit der Cuillin-Range und dem Old Man of Stor in Reichweite. F\u00fcr Angler und Wassersportler ist der herrliche Loch Dunvegan in der N\u00e4he ebenfalls eine gute Wahl. Genie\u00dfen Sie einen Besuch in der Talisker Destillerie Dunvegan Castle, die perfekt f\u00fcr Whisky-Liebhaber ist, und Neist Point, wo Sie Meer- und Steinadler, Haie und Wale, sehen k\u00f6nnen&#8230;&#8230;..<\/p>\n<p style=\"text-align: center;\"><a class=\"tidycta\" href=\"https:\/\/www.urlaubcornwall.de\/ferienhaeuser-fewos\/unterkunft\/Holiday\/88639-3-bedroom-cottage-in-portree---88639.html\">Suche Ferienh\u00e4user<\/a><\/p>\n<p style=\"text-align: center;\">Pers\u00f6nlich inspizierte Ferienh\u00e4user und Ferienwohnungen f\u00fcr Ihren <a href=\"https:\/\/www.urlaubcornwall.de\/ferienhaeuser\/schottland.php\">Urlaub in Schottland<\/a>.<\/p>\n","protected":false},"excerpt":{"rendered":"<p>Ferienhaus Isle of Skye mit Meerblick, 3 Schlafzimmern, Schlafgelegenheiten 7, Hundefreundlich Dieses Cottage befindet sich in einer ruhigen, friedlichen Lage im sch\u00f6nen oberen Colbost und bietet einen atemberaubenden Blick auf den Loch Dunvegan, die Cuillin Mountains, den Coral Beach und die Tische von MacLeod. Die unmittelbare Umgebung ist ein Paradies f\u00fcr Wanderer und Mountainbiker mit [&hellip;]<\/p>\n","protected":false},"author":1,"featured_media":0,"parent":0,"menu_order":0,"comment_status":"closed","ping_status":"closed","template":"single-four.php","meta":[],"acf":[],"yoast_head":"<!-- This site is optimized with the Yoast SEO plugin v19.4 - https:\/\/yoast.com\/wordpress\/plugins\/seo\/ -->\n<title>Ferienhaus Isle of Skye mit Hund mieten - Urlaub &amp; Reisen<\/title>\n<meta name=\"robots\" content=\"index, follow, max-snippet:-1, max-image-preview:large, max-video-preview:-1\" \/>\n<link rel=\"canonical\" href=\"https:\/\/www.urlaubcornwall.de\/blog\/cottage-insel-skye-mit-hund-mieten\/\" \/>\n<meta property=\"og:locale\" content=\"en_US\" \/>\n<meta property=\"og:type\" content=\"article\" \/>\n<meta property=\"og:title\" content=\"Ferienhaus Isle of Skye mit Hund mieten - Urlaub &amp; Reisen\" \/>\n<meta property=\"og:description\" content=\"Ferienhaus Isle of Skye mit Meerblick, 3 Schlafzimmern, Schlafgelegenheiten 7, Hundefreundlich Dieses Cottage befindet sich in einer ruhigen, friedlichen Lage im sch\u00f6nen oberen Colbost und bietet einen atemberaubenden Blick auf den Loch Dunvegan, die Cuillin Mountains, den Coral Beach und die Tische von MacLeod. Die unmittelbare Umgebung ist ein Paradies f\u00fcr Wanderer und Mountainbiker mit [&hellip;]\" \/>\n<meta property=\"og:url\" content=\"https:\/\/www.urlaubcornwall.de\/blog\/cottage-insel-skye-mit-hund-mieten\/\" \/>\n<meta property=\"og:site_name\" content=\"Urlaub &amp; Reisen\" \/>\n<meta property=\"article:modified_time\" content=\"2024-03-18T13:57:54+00:00\" \/>\n<meta property=\"og:image\" content=\"https:\/\/www.urlaubcornwall.de\/blog\/wp-content\/uploads\/2018\/01\/cottage-insel-skye-meerblick-mit-hund-mieten.jpg\" \/>\n<meta name=\"twitter:card\" content=\"summary\" \/>\n<meta name=\"twitter:label1\" content=\"Est. reading time\" \/>\n\t<meta name=\"twitter:data1\" content=\"1 minute\" \/>\n<script type=\"application\/ld+json\" class=\"yoast-schema-graph\">{\"@context\":\"https:\/\/schema.org\",\"@graph\":[{\"@type\":\"WebSite\",\"@id\":\"https:\/\/www.urlaubcornwall.de\/blog\/#website\",\"url\":\"https:\/\/www.urlaubcornwall.de\/blog\/\",\"name\":\"Urlaub &amp; Reisen\",\"description\":\"Urlaub, Reisen, Cornwall und S\u00fcdengland: eine perfekte Kombination\",\"potentialAction\":[{\"@type\":\"SearchAction\",\"target\":{\"@type\":\"EntryPoint\",\"urlTemplate\":\"https:\/\/www.urlaubcornwall.de\/blog\/?s={search_term_string}\"},\"query-input\":\"required name=search_term_string\"}],\"inLanguage\":\"en-US\"},{\"@type\":\"WebPage\",\"@id\":\"https:\/\/www.urlaubcornwall.de\/blog\/cottage-insel-skye-mit-hund-mieten\/\",\"url\":\"https:\/\/www.urlaubcornwall.de\/blog\/cottage-insel-skye-mit-hund-mieten\/\",\"name\":\"Ferienhaus Isle of Skye mit Hund mieten - Urlaub &amp; Reisen\",\"isPartOf\":{\"@id\":\"https:\/\/www.urlaubcornwall.de\/blog\/#website\"},\"datePublished\":\"2018-01-27T15:33:12+00:00\",\"dateModified\":\"2024-03-18T13:57:54+00:00\",\"breadcrumb\":{\"@id\":\"https:\/\/www.urlaubcornwall.de\/blog\/cottage-insel-skye-mit-hund-mieten\/#breadcrumb\"},\"inLanguage\":\"en-US\",\"potentialAction\":[{\"@type\":\"ReadAction\",\"target\":[\"https:\/\/www.urlaubcornwall.de\/blog\/cottage-insel-skye-mit-hund-mieten\/\"]}]},{\"@type\":\"BreadcrumbList\",\"@id\":\"https:\/\/www.urlaubcornwall.de\/blog\/cottage-insel-skye-mit-hund-mieten\/#breadcrumb\",\"itemListElement\":[{\"@type\":\"ListItem\",\"position\":1,\"name\":\"Home\",\"item\":\"https:\/\/www.urlaubcornwall.de\/blog\/\"},{\"@type\":\"ListItem\",\"position\":2,\"name\":\"Ferienhaus Isle of Skye mit Hund mieten\"}]}]}<\/script>\n<!-- \/ Yoast SEO plugin. -->","yoast_head_json":{"title":"Ferienhaus Isle of Skye mit Hund mieten - Urlaub &amp; Reisen","robots":{"index":"index","follow":"follow","max-snippet":"max-snippet:-1","max-image-preview":"max-image-preview:large","max-video-preview":"max-video-preview:-1"},"canonical":"https:\/\/www.urlaubcornwall.de\/blog\/cottage-insel-skye-mit-hund-mieten\/","og_locale":"en_US","og_type":"article","og_title":"Ferienhaus Isle of Skye mit Hund mieten - Urlaub &amp; Reisen","og_description":"Ferienhaus Isle of Skye mit Meerblick, 3 Schlafzimmern, Schlafgelegenheiten 7, Hundefreundlich Dieses Cottage befindet sich in einer ruhigen, friedlichen Lage im sch\u00f6nen oberen Colbost und bietet einen atemberaubenden Blick auf den Loch Dunvegan, die Cuillin Mountains, den Coral Beach und die Tische von MacLeod. Die unmittelbare Umgebung ist ein Paradies f\u00fcr Wanderer und Mountainbiker mit [&hellip;]","og_url":"https:\/\/www.urlaubcornwall.de\/blog\/cottage-insel-skye-mit-hund-mieten\/","og_site_name":"Urlaub &amp; Reisen","article_modified_time":"2024-03-18T13:57:54+00:00","og_image":[{"url":"https:\/\/www.urlaubcornwall.de\/blog\/wp-content\/uploads\/2018\/01\/cottage-insel-skye-meerblick-mit-hund-mieten.jpg"}],"twitter_card":"summary","twitter_misc":{"Est. reading time":"1 minute"},"schema":{"@context":"https:\/\/schema.org","@graph":[{"@type":"WebSite","@id":"https:\/\/www.urlaubcornwall.de\/blog\/#website","url":"https:\/\/www.urlaubcornwall.de\/blog\/","name":"Urlaub &amp; Reisen","description":"Urlaub, Reisen, Cornwall und S\u00fcdengland: eine perfekte Kombination","potentialAction":[{"@type":"SearchAction","target":{"@type":"EntryPoint","urlTemplate":"https:\/\/www.urlaubcornwall.de\/blog\/?s={search_term_string}"},"query-input":"required name=search_term_string"}],"inLanguage":"en-US"},{"@type":"WebPage","@id":"https:\/\/www.urlaubcornwall.de\/blog\/cottage-insel-skye-mit-hund-mieten\/","url":"https:\/\/www.urlaubcornwall.de\/blog\/cottage-insel-skye-mit-hund-mieten\/","name":"Ferienhaus Isle of Skye mit Hund mieten - Urlaub &amp; Reisen","isPartOf":{"@id":"https:\/\/www.urlaubcornwall.de\/blog\/#website"},"datePublished":"2018-01-27T15:33:12+00:00","dateModified":"2024-03-18T13:57:54+00:00","breadcrumb":{"@id":"https:\/\/www.urlaubcornwall.de\/blog\/cottage-insel-skye-mit-hund-mieten\/#breadcrumb"},"inLanguage":"en-US","potentialAction":[{"@type":"ReadAction","target":["https:\/\/www.urlaubcornwall.de\/blog\/cottage-insel-skye-mit-hund-mieten\/"]}]},{"@type":"BreadcrumbList","@id":"https:\/\/www.urlaubcornwall.de\/blog\/cottage-insel-skye-mit-hund-mieten\/#breadcrumb","itemListElement":[{"@type":"ListItem","position":1,"name":"Home","item":"https:\/\/www.urlaubcornwall.de\/blog\/"},{"@type":"ListItem","position":2,"name":"Ferienhaus Isle of Skye mit Hund mieten"}]}]}},"_links":{"self":[{"href":"https:\/\/www.urlaubcornwall.de\/blog\/wp-json\/wp\/v2\/pages\/32149"}],"collection":[{"href":"https:\/\/www.urlaubcornwall.de\/blog\/wp-json\/wp\/v2\/pages"}],"about":[{"href":"https:\/\/www.urlaubcornwall.de\/blog\/wp-json\/wp\/v2\/types\/page"}],"author":[{"embeddable":true,"href":"https:\/\/www.urlaubcornwall.de\/blog\/wp-json\/wp\/v2\/users\/1"}],"replies":[{"embeddable":true,"href":"https:\/\/www.urlaubcornwall.de\/blog\/wp-json\/wp\/v2\/comments?post=32149"}],"version-history":[{"count":8,"href":"https:\/\/www.urlaubcornwall.de\/blog\/wp-json\/wp\/v2\/pages\/32149\/revisions"}],"predecessor-version":[{"id":48337,"href":"https:\/\/www.urlaubcornwall.de\/blog\/wp-json\/wp\/v2\/pages\/32149\/revisions\/48337"}],"wp:attachment":[{"href":"https:\/\/www.urlaubcornwall.de\/blog\/wp-json\/wp\/v2\/media?parent=32149"}],"curies":[{"name":"wp","href":"https:\/\/api.w.org\/{rel}","templated":true}]}}