{"id":32145,"date":"2018-01-27T15:15:07","date_gmt":"2018-01-27T15:15:07","guid":{"rendered":"https:\/\/www.urlaubcornwall.de\/blog\/?page_id=32145"},"modified":"2024-04-15T14:37:10","modified_gmt":"2024-04-15T14:37:10","slug":"cottages-schottland-highlands-mieten","status":"publish","type":"page","link":"https:\/\/www.urlaubcornwall.de\/blog\/cottages-schottland-highlands-mieten\/","title":{"rendered":"Ferien-Cottages in Schottland Highlands mieten"},"content":{"rendered":"<p><img loading=\"lazy\" class=\"aligncenter size-full wp-image-32146\" src=\"https:\/\/www.urlaubcornwall.de\/blog\/wp-content\/uploads\/2018\/01\/cottage-schotland-highlands-mieten.jpg\" alt=\"cottage schottland highlands mieten\" width=\"748\" height=\"558\"\/><br \/>\n<strong>Ferienhaus in Helmsdale mit 3 Schlafzimmern, Schlafgelegenheiten 6, Hundefreundlich<\/strong><\/p>\n<p>Herrliche Aussicht auf den Helmsdale River und die umliegende Landschaft. Ein Cottage, das fr\u00fcher das Haus des Hirten war, wurde komplett renoviert und bietet ein komfortables und voll ausgestattetes Ferienhaus mit fantastischem Blick auf den Fluss Helmsdale und die bezaubernde Landschaft. Gelegen in einer wundervollen abgelegenen Gegend, die als das Land der Steinadler bekannt ist, und ideal, um Schottlands seltene und vielf\u00e4ltige Tierwelt zu sehen. Das Naturschutzgebiet Forsinard ist nur eine kurze Autofahrt entfernt. Es gibt sch\u00f6ne Spazierg\u00e4nge Fluss und Seeangeln Meeresangeln in Helmsdale einen Golfplatz in der N\u00e4he. Sie k\u00f6nnen John O Groats, Cape Wrath und die Orkney Inseln besuchen&#8230;&#8230;.<\/p>\n<p style=\"text-align: center;\"><a class=\"tidycta\" href=\"https:\/\/www.urlaubcornwall.de\/ferienhaeuser-fewos\/sco\/nordschottland\/nordschottland.html\">Suche Ferienh\u00e4user<\/a><\/p>\n<div class=\"snippet\"> <a class=\"featured-item\" href=\" https:\/\/www.urlaubcornwall.de\/ferienhaeuser\/schottland.php\"> <span class=\"image-holder\" style=\"background-image: url(' https:\/\/www.urlaubcornwall.de\/blog\/wp-content\/uploads\/2019\/01\/urlaub-schottland-highlands-1.jpg ');\"><\/span> <span class=\"featured-content\"> \n<h2 class=\"featured-title\">Bei uns finden Sie Ferienh\u00e4user in Schottland zum Verlieben!<\/h2>\n<p class=\"featured-body\">Untenstehend finden Sie eine Auswahl an Ferienh\u00e4usern in Schottland. Hier finden Sie pers\u00f6nlich inspizierte Cottages entlang der schottischen K\u00fcste, in den schottischen Highlands und auf den Inseln&#8230;..<\/p>\n<\/span> <span class=\"featured-link-holder\"> <span class=\"featured-extra-info\"> \n<p>F\u00fcr Paare, Familien &#038; Gruppen<\/p>\n<\/span> \n<p class=\"featured-link\">DETAILS<\/p>\n<\/span> <\/a><\/div>\n<p style=\"text-align: center;\">Pers\u00f6nlich inspizierte Ferienh\u00e4user und Ferienwohnungen in Schottland f\u00fcr Ihren Urlaub.<\/p>\n","protected":false},"excerpt":{"rendered":"<p>Ferienhaus in Helmsdale mit 3 Schlafzimmern, Schlafgelegenheiten 6, Hundefreundlich Herrliche Aussicht auf den Helmsdale River und die umliegende Landschaft. Ein Cottage, das fr\u00fcher das Haus des Hirten war, wurde komplett renoviert und bietet ein komfortables und voll ausgestattetes Ferienhaus mit fantastischem Blick auf den Fluss Helmsdale und die bezaubernde Landschaft. Gelegen in einer wundervollen abgelegenen [&hellip;]<\/p>\n","protected":false},"author":1,"featured_media":0,"parent":0,"menu_order":0,"comment_status":"closed","ping_status":"closed","template":"single-four.php","meta":[],"acf":[],"yoast_head":"<!-- This site is optimized with the Yoast SEO plugin v19.4 - https:\/\/yoast.com\/wordpress\/plugins\/seo\/ -->\n<title>Ferien-Cottages in Schottland Highlands mieten - Urlaub &amp; Reisen<\/title>\n<meta name=\"description\" content=\"Herrliche Aussicht auf den Helmsdale River und die umliegende Landschaft. Ein Cottage, das fr\u00fcher das Haus des Hirten war, wurde komplett renoviert und bietet ein komfortables und voll ausgestattetes Ferienhaus mit fantastischem Blick auf den Fluss Helmsdale und die bezaubernde Landschaft\" \/>\n<meta name=\"robots\" content=\"index, follow, max-snippet:-1, max-image-preview:large, max-video-preview:-1\" \/>\n<link rel=\"canonical\" href=\"https:\/\/www.urlaubcornwall.de\/blog\/cottages-schottland-highlands-mieten\/\" \/>\n<meta property=\"og:locale\" content=\"en_US\" \/>\n<meta property=\"og:type\" content=\"article\" \/>\n<meta property=\"og:title\" content=\"Ferien-Cottages in Schottland Highlands mieten - Urlaub &amp; Reisen\" \/>\n<meta property=\"og:description\" content=\"Herrliche Aussicht auf den Helmsdale River und die umliegende Landschaft. Ein Cottage, das fr\u00fcher das Haus des Hirten war, wurde komplett renoviert und bietet ein komfortables und voll ausgestattetes Ferienhaus mit fantastischem Blick auf den Fluss Helmsdale und die bezaubernde Landschaft\" \/>\n<meta property=\"og:url\" content=\"https:\/\/www.urlaubcornwall.de\/blog\/cottages-schottland-highlands-mieten\/\" \/>\n<meta property=\"og:site_name\" content=\"Urlaub &amp; Reisen\" \/>\n<meta property=\"article:modified_time\" content=\"2024-04-15T14:37:10+00:00\" \/>\n<meta property=\"og:image\" content=\"https:\/\/www.urlaubcornwall.de\/blog\/wp-content\/uploads\/2018\/01\/cottage-schotland-highlands-mieten.jpg\" \/>\n<meta name=\"twitter:card\" content=\"summary\" \/>\n<meta name=\"twitter:label1\" content=\"Est. reading time\" \/>\n\t<meta name=\"twitter:data1\" content=\"1 minute\" \/>\n<script type=\"application\/ld+json\" class=\"yoast-schema-graph\">{\"@context\":\"https:\/\/schema.org\",\"@graph\":[{\"@type\":\"WebSite\",\"@id\":\"https:\/\/www.urlaubcornwall.de\/blog\/#website\",\"url\":\"https:\/\/www.urlaubcornwall.de\/blog\/\",\"name\":\"Urlaub &amp; Reisen\",\"description\":\"Urlaub, Reisen, Cornwall und S\u00fcdengland: eine perfekte Kombination\",\"potentialAction\":[{\"@type\":\"SearchAction\",\"target\":{\"@type\":\"EntryPoint\",\"urlTemplate\":\"https:\/\/www.urlaubcornwall.de\/blog\/?s={search_term_string}\"},\"query-input\":\"required name=search_term_string\"}],\"inLanguage\":\"en-US\"},{\"@type\":\"WebPage\",\"@id\":\"https:\/\/www.urlaubcornwall.de\/blog\/cottages-schottland-highlands-mieten\/\",\"url\":\"https:\/\/www.urlaubcornwall.de\/blog\/cottages-schottland-highlands-mieten\/\",\"name\":\"Ferien-Cottages in Schottland Highlands mieten - Urlaub &amp; Reisen\",\"isPartOf\":{\"@id\":\"https:\/\/www.urlaubcornwall.de\/blog\/#website\"},\"datePublished\":\"2018-01-27T15:15:07+00:00\",\"dateModified\":\"2024-04-15T14:37:10+00:00\",\"description\":\"Herrliche Aussicht auf den Helmsdale River und die umliegende Landschaft. Ein Cottage, das fr\u00fcher das Haus des Hirten war, wurde komplett renoviert und bietet ein komfortables und voll ausgestattetes Ferienhaus mit fantastischem Blick auf den Fluss Helmsdale und die bezaubernde Landschaft\",\"breadcrumb\":{\"@id\":\"https:\/\/www.urlaubcornwall.de\/blog\/cottages-schottland-highlands-mieten\/#breadcrumb\"},\"inLanguage\":\"en-US\",\"potentialAction\":[{\"@type\":\"ReadAction\",\"target\":[\"https:\/\/www.urlaubcornwall.de\/blog\/cottages-schottland-highlands-mieten\/\"]}]},{\"@type\":\"BreadcrumbList\",\"@id\":\"https:\/\/www.urlaubcornwall.de\/blog\/cottages-schottland-highlands-mieten\/#breadcrumb\",\"itemListElement\":[{\"@type\":\"ListItem\",\"position\":1,\"name\":\"Home\",\"item\":\"https:\/\/www.urlaubcornwall.de\/blog\/\"},{\"@type\":\"ListItem\",\"position\":2,\"name\":\"Ferien-Cottages in Schottland Highlands mieten\"}]}]}<\/script>\n<!-- \/ Yoast SEO plugin. -->","yoast_head_json":{"title":"Ferien-Cottages in Schottland Highlands mieten - Urlaub &amp; Reisen","description":"Herrliche Aussicht auf den Helmsdale River und die umliegende Landschaft. Ein Cottage, das fr\u00fcher das Haus des Hirten war, wurde komplett renoviert und bietet ein komfortables und voll ausgestattetes Ferienhaus mit fantastischem Blick auf den Fluss Helmsdale und die bezaubernde Landschaft","robots":{"index":"index","follow":"follow","max-snippet":"max-snippet:-1","max-image-preview":"max-image-preview:large","max-video-preview":"max-video-preview:-1"},"canonical":"https:\/\/www.urlaubcornwall.de\/blog\/cottages-schottland-highlands-mieten\/","og_locale":"en_US","og_type":"article","og_title":"Ferien-Cottages in Schottland Highlands mieten - Urlaub &amp; Reisen","og_description":"Herrliche Aussicht auf den Helmsdale River und die umliegende Landschaft. Ein Cottage, das fr\u00fcher das Haus des Hirten war, wurde komplett renoviert und bietet ein komfortables und voll ausgestattetes Ferienhaus mit fantastischem Blick auf den Fluss Helmsdale und die bezaubernde Landschaft","og_url":"https:\/\/www.urlaubcornwall.de\/blog\/cottages-schottland-highlands-mieten\/","og_site_name":"Urlaub &amp; Reisen","article_modified_time":"2024-04-15T14:37:10+00:00","og_image":[{"url":"https:\/\/www.urlaubcornwall.de\/blog\/wp-content\/uploads\/2018\/01\/cottage-schotland-highlands-mieten.jpg"}],"twitter_card":"summary","twitter_misc":{"Est. reading time":"1 minute"},"schema":{"@context":"https:\/\/schema.org","@graph":[{"@type":"WebSite","@id":"https:\/\/www.urlaubcornwall.de\/blog\/#website","url":"https:\/\/www.urlaubcornwall.de\/blog\/","name":"Urlaub &amp; Reisen","description":"Urlaub, Reisen, Cornwall und S\u00fcdengland: eine perfekte Kombination","potentialAction":[{"@type":"SearchAction","target":{"@type":"EntryPoint","urlTemplate":"https:\/\/www.urlaubcornwall.de\/blog\/?s={search_term_string}"},"query-input":"required name=search_term_string"}],"inLanguage":"en-US"},{"@type":"WebPage","@id":"https:\/\/www.urlaubcornwall.de\/blog\/cottages-schottland-highlands-mieten\/","url":"https:\/\/www.urlaubcornwall.de\/blog\/cottages-schottland-highlands-mieten\/","name":"Ferien-Cottages in Schottland Highlands mieten - Urlaub &amp; Reisen","isPartOf":{"@id":"https:\/\/www.urlaubcornwall.de\/blog\/#website"},"datePublished":"2018-01-27T15:15:07+00:00","dateModified":"2024-04-15T14:37:10+00:00","description":"Herrliche Aussicht auf den Helmsdale River und die umliegende Landschaft. Ein Cottage, das fr\u00fcher das Haus des Hirten war, wurde komplett renoviert und bietet ein komfortables und voll ausgestattetes Ferienhaus mit fantastischem Blick auf den Fluss Helmsdale und die bezaubernde Landschaft","breadcrumb":{"@id":"https:\/\/www.urlaubcornwall.de\/blog\/cottages-schottland-highlands-mieten\/#breadcrumb"},"inLanguage":"en-US","potentialAction":[{"@type":"ReadAction","target":["https:\/\/www.urlaubcornwall.de\/blog\/cottages-schottland-highlands-mieten\/"]}]},{"@type":"BreadcrumbList","@id":"https:\/\/www.urlaubcornwall.de\/blog\/cottages-schottland-highlands-mieten\/#breadcrumb","itemListElement":[{"@type":"ListItem","position":1,"name":"Home","item":"https:\/\/www.urlaubcornwall.de\/blog\/"},{"@type":"ListItem","position":2,"name":"Ferien-Cottages in Schottland Highlands mieten"}]}]}},"_links":{"self":[{"href":"https:\/\/www.urlaubcornwall.de\/blog\/wp-json\/wp\/v2\/pages\/32145"}],"collection":[{"href":"https:\/\/www.urlaubcornwall.de\/blog\/wp-json\/wp\/v2\/pages"}],"about":[{"href":"https:\/\/www.urlaubcornwall.de\/blog\/wp-json\/wp\/v2\/types\/page"}],"author":[{"embeddable":true,"href":"https:\/\/www.urlaubcornwall.de\/blog\/wp-json\/wp\/v2\/users\/1"}],"replies":[{"embeddable":true,"href":"https:\/\/www.urlaubcornwall.de\/blog\/wp-json\/wp\/v2\/comments?post=32145"}],"version-history":[{"count":8,"href":"https:\/\/www.urlaubcornwall.de\/blog\/wp-json\/wp\/v2\/pages\/32145\/revisions"}],"predecessor-version":[{"id":49580,"href":"https:\/\/www.urlaubcornwall.de\/blog\/wp-json\/wp\/v2\/pages\/32145\/revisions\/49580"}],"wp:attachment":[{"href":"https:\/\/www.urlaubcornwall.de\/blog\/wp-json\/wp\/v2\/media?parent=32145"}],"curies":[{"name":"wp","href":"https:\/\/api.w.org\/{rel}","templated":true}]}}