{"id":32136,"date":"2018-01-25T16:51:25","date_gmt":"2018-01-25T16:51:25","guid":{"rendered":"https:\/\/www.urlaubcornwall.de\/blog\/?page_id=32136"},"modified":"2021-09-17T12:41:56","modified_gmt":"2021-09-17T12:41:56","slug":"kleine-ferienhaus-brighton-meer-mieten","status":"publish","type":"page","link":"https:\/\/www.urlaubcornwall.de\/blog\/kleine-ferienhaus-brighton-meer-mieten\/","title":{"rendered":"Kleine Ferienhaus in Brighton am Meer mieten"},"content":{"rendered":"<p><img loading=\"lazy\" class=\"aligncenter size-full wp-image-32137\" src=\"https:\/\/www.urlaubcornwall.de\/blog\/wp-content\/uploads\/2018\/01\/kleine-ferienhaus-brighton-am-meer.jpg\" alt=\"kleine ferienhaus brighton am meer\" width=\"749\" height=\"558\"\/><br \/>\n<strong>Ferienhaus in Brighton mit Meerblick, 1 Schlafzimmern, Schlafgelegenheiten 2<\/strong><\/p>\n<p>Absolut einzigartig, diese fabelhafte Wohnung mit einem Schlafzimmer befindet sich in Brighton Marina Village. Mit Blick auf einige der sch\u00f6nsten Boote in der Marina! Diese sehr individuelle Unterkunft f\u00fcr zwei Personen befindet sich im Herzen des Hafens. Dies sind wundersch\u00f6ne Apartments \u00fcber dem Yachthafen mit herrlicher Aussicht. Wenn Sie das Beste aus dem Marina Village genie\u00dfen m\u00f6chten, dann k\u00f6nnen Sie dies nicht in eine zentralere Lage mit den Restaurants in weniger als 100 m Entfernung bringen.<\/p>\n<p style=\"text-align: center;\"><a class=\"tidycta\" href=\"https:\/\/www.urlaubcornwall.de\/ferienhaeuser-fewos\/eng\/sussex\/brighton.html\">Suche Ferienh\u00e4user Brighton<\/a><\/p>\n<p style=\"text-align: center;\">Pers\u00f6nlich inspizierte Ferienh\u00e4user und Ferienwohnungen in Sussex f\u00fcr Ihren Urlaub.<\/p>\n<p style=\"text-align: center;\"><a href=\"https:\/\/www.urlaubcornwall.de\/ferienhaeuser-fewos\/eng\/sussex\/sussex-am-meer.html\"><strong>Ferienh\u00e4user, Cottages &amp; Ferienwohnungen in Brighton und East Sussex. <\/strong><\/a><\/p>\n","protected":false},"excerpt":{"rendered":"<p>Ferienhaus in Brighton mit Meerblick, 1 Schlafzimmern, Schlafgelegenheiten 2 Absolut einzigartig, diese fabelhafte Wohnung mit einem Schlafzimmer befindet sich in Brighton Marina Village. Mit Blick auf einige der sch\u00f6nsten Boote in der Marina! Diese sehr individuelle Unterkunft f\u00fcr zwei Personen befindet sich im Herzen des Hafens. Dies sind wundersch\u00f6ne Apartments \u00fcber dem Yachthafen mit herrlicher [&hellip;]<\/p>\n","protected":false},"author":1,"featured_media":0,"parent":0,"menu_order":0,"comment_status":"closed","ping_status":"closed","template":"single-four.php","meta":[],"acf":[],"yoast_head":"<!-- This site is optimized with the Yoast SEO plugin v19.4 - https:\/\/yoast.com\/wordpress\/plugins\/seo\/ -->\n<title>Kleine Ferienhaus in Brighton am Meer mieten - Urlaub &amp; Reisen<\/title>\n<meta name=\"description\" content=\"Absolut einzigartig, diese fabelhafte Wohnung mit einem Schlafzimmer befindet sich in Brighton Marina Village. Mit Blick auf einige der sch\u00f6nsten Boote in der Marina! Diese sehr individuelle Unterkunft f\u00fcr zwei Personen befindet sich im Herzen des Hafens. Dies sind wundersch\u00f6ne Apartments \u00fcber dem Yachthafen mit herrlicher Aussicht. Wenn Sie das Beste aus dem Marina Village genie\u00dfen m\u00f6chten, dann k\u00f6nnen Sie dies nicht in eine zentralere\" \/>\n<meta name=\"robots\" content=\"index, follow, max-snippet:-1, max-image-preview:large, max-video-preview:-1\" \/>\n<link rel=\"canonical\" href=\"https:\/\/www.urlaubcornwall.de\/blog\/kleine-ferienhaus-brighton-meer-mieten\/\" \/>\n<meta property=\"og:locale\" content=\"en_US\" \/>\n<meta property=\"og:type\" content=\"article\" \/>\n<meta property=\"og:title\" content=\"Kleine Ferienhaus in Brighton am Meer mieten - Urlaub &amp; Reisen\" \/>\n<meta property=\"og:description\" content=\"Absolut einzigartig, diese fabelhafte Wohnung mit einem Schlafzimmer befindet sich in Brighton Marina Village. Mit Blick auf einige der sch\u00f6nsten Boote in der Marina! Diese sehr individuelle Unterkunft f\u00fcr zwei Personen befindet sich im Herzen des Hafens. Dies sind wundersch\u00f6ne Apartments \u00fcber dem Yachthafen mit herrlicher Aussicht. Wenn Sie das Beste aus dem Marina Village genie\u00dfen m\u00f6chten, dann k\u00f6nnen Sie dies nicht in eine zentralere\" \/>\n<meta property=\"og:url\" content=\"https:\/\/www.urlaubcornwall.de\/blog\/kleine-ferienhaus-brighton-meer-mieten\/\" \/>\n<meta property=\"og:site_name\" content=\"Urlaub &amp; Reisen\" \/>\n<meta property=\"article:modified_time\" content=\"2021-09-17T12:41:56+00:00\" \/>\n<meta property=\"og:image\" content=\"https:\/\/www.urlaubcornwall.de\/blog\/wp-content\/uploads\/2018\/01\/kleine-ferienhaus-brighton-am-meer.jpg\" \/>\n<meta name=\"twitter:card\" content=\"summary\" \/>\n<meta name=\"twitter:label1\" content=\"Est. reading time\" \/>\n\t<meta name=\"twitter:data1\" content=\"1 minute\" \/>\n<script type=\"application\/ld+json\" class=\"yoast-schema-graph\">{\"@context\":\"https:\/\/schema.org\",\"@graph\":[{\"@type\":\"WebSite\",\"@id\":\"https:\/\/www.urlaubcornwall.de\/blog\/#website\",\"url\":\"https:\/\/www.urlaubcornwall.de\/blog\/\",\"name\":\"Urlaub &amp; Reisen\",\"description\":\"Urlaub, Reisen, Cornwall und S\u00fcdengland: eine perfekte Kombination\",\"potentialAction\":[{\"@type\":\"SearchAction\",\"target\":{\"@type\":\"EntryPoint\",\"urlTemplate\":\"https:\/\/www.urlaubcornwall.de\/blog\/?s={search_term_string}\"},\"query-input\":\"required name=search_term_string\"}],\"inLanguage\":\"en-US\"},{\"@type\":\"WebPage\",\"@id\":\"https:\/\/www.urlaubcornwall.de\/blog\/kleine-ferienhaus-brighton-meer-mieten\/\",\"url\":\"https:\/\/www.urlaubcornwall.de\/blog\/kleine-ferienhaus-brighton-meer-mieten\/\",\"name\":\"Kleine Ferienhaus in Brighton am Meer mieten - Urlaub &amp; Reisen\",\"isPartOf\":{\"@id\":\"https:\/\/www.urlaubcornwall.de\/blog\/#website\"},\"datePublished\":\"2018-01-25T16:51:25+00:00\",\"dateModified\":\"2021-09-17T12:41:56+00:00\",\"description\":\"Absolut einzigartig, diese fabelhafte Wohnung mit einem Schlafzimmer befindet sich in Brighton Marina Village. Mit Blick auf einige der sch\u00f6nsten Boote in der Marina! Diese sehr individuelle Unterkunft f\u00fcr zwei Personen befindet sich im Herzen des Hafens. Dies sind wundersch\u00f6ne Apartments \u00fcber dem Yachthafen mit herrlicher Aussicht. Wenn Sie das Beste aus dem Marina Village genie\u00dfen m\u00f6chten, dann k\u00f6nnen Sie dies nicht in eine zentralere\",\"breadcrumb\":{\"@id\":\"https:\/\/www.urlaubcornwall.de\/blog\/kleine-ferienhaus-brighton-meer-mieten\/#breadcrumb\"},\"inLanguage\":\"en-US\",\"potentialAction\":[{\"@type\":\"ReadAction\",\"target\":[\"https:\/\/www.urlaubcornwall.de\/blog\/kleine-ferienhaus-brighton-meer-mieten\/\"]}]},{\"@type\":\"BreadcrumbList\",\"@id\":\"https:\/\/www.urlaubcornwall.de\/blog\/kleine-ferienhaus-brighton-meer-mieten\/#breadcrumb\",\"itemListElement\":[{\"@type\":\"ListItem\",\"position\":1,\"name\":\"Home\",\"item\":\"https:\/\/www.urlaubcornwall.de\/blog\/\"},{\"@type\":\"ListItem\",\"position\":2,\"name\":\"Kleine Ferienhaus in Brighton am Meer mieten\"}]}]}<\/script>\n<!-- \/ Yoast SEO plugin. -->","yoast_head_json":{"title":"Kleine Ferienhaus in Brighton am Meer mieten - Urlaub &amp; Reisen","description":"Absolut einzigartig, diese fabelhafte Wohnung mit einem Schlafzimmer befindet sich in Brighton Marina Village. Mit Blick auf einige der sch\u00f6nsten Boote in der Marina! Diese sehr individuelle Unterkunft f\u00fcr zwei Personen befindet sich im Herzen des Hafens. Dies sind wundersch\u00f6ne Apartments \u00fcber dem Yachthafen mit herrlicher Aussicht. Wenn Sie das Beste aus dem Marina Village genie\u00dfen m\u00f6chten, dann k\u00f6nnen Sie dies nicht in eine zentralere","robots":{"index":"index","follow":"follow","max-snippet":"max-snippet:-1","max-image-preview":"max-image-preview:large","max-video-preview":"max-video-preview:-1"},"canonical":"https:\/\/www.urlaubcornwall.de\/blog\/kleine-ferienhaus-brighton-meer-mieten\/","og_locale":"en_US","og_type":"article","og_title":"Kleine Ferienhaus in Brighton am Meer mieten - Urlaub &amp; Reisen","og_description":"Absolut einzigartig, diese fabelhafte Wohnung mit einem Schlafzimmer befindet sich in Brighton Marina Village. Mit Blick auf einige der sch\u00f6nsten Boote in der Marina! Diese sehr individuelle Unterkunft f\u00fcr zwei Personen befindet sich im Herzen des Hafens. Dies sind wundersch\u00f6ne Apartments \u00fcber dem Yachthafen mit herrlicher Aussicht. Wenn Sie das Beste aus dem Marina Village genie\u00dfen m\u00f6chten, dann k\u00f6nnen Sie dies nicht in eine zentralere","og_url":"https:\/\/www.urlaubcornwall.de\/blog\/kleine-ferienhaus-brighton-meer-mieten\/","og_site_name":"Urlaub &amp; Reisen","article_modified_time":"2021-09-17T12:41:56+00:00","og_image":[{"url":"https:\/\/www.urlaubcornwall.de\/blog\/wp-content\/uploads\/2018\/01\/kleine-ferienhaus-brighton-am-meer.jpg"}],"twitter_card":"summary","twitter_misc":{"Est. reading time":"1 minute"},"schema":{"@context":"https:\/\/schema.org","@graph":[{"@type":"WebSite","@id":"https:\/\/www.urlaubcornwall.de\/blog\/#website","url":"https:\/\/www.urlaubcornwall.de\/blog\/","name":"Urlaub &amp; Reisen","description":"Urlaub, Reisen, Cornwall und S\u00fcdengland: eine perfekte Kombination","potentialAction":[{"@type":"SearchAction","target":{"@type":"EntryPoint","urlTemplate":"https:\/\/www.urlaubcornwall.de\/blog\/?s={search_term_string}"},"query-input":"required name=search_term_string"}],"inLanguage":"en-US"},{"@type":"WebPage","@id":"https:\/\/www.urlaubcornwall.de\/blog\/kleine-ferienhaus-brighton-meer-mieten\/","url":"https:\/\/www.urlaubcornwall.de\/blog\/kleine-ferienhaus-brighton-meer-mieten\/","name":"Kleine Ferienhaus in Brighton am Meer mieten - Urlaub &amp; Reisen","isPartOf":{"@id":"https:\/\/www.urlaubcornwall.de\/blog\/#website"},"datePublished":"2018-01-25T16:51:25+00:00","dateModified":"2021-09-17T12:41:56+00:00","description":"Absolut einzigartig, diese fabelhafte Wohnung mit einem Schlafzimmer befindet sich in Brighton Marina Village. Mit Blick auf einige der sch\u00f6nsten Boote in der Marina! Diese sehr individuelle Unterkunft f\u00fcr zwei Personen befindet sich im Herzen des Hafens. Dies sind wundersch\u00f6ne Apartments \u00fcber dem Yachthafen mit herrlicher Aussicht. Wenn Sie das Beste aus dem Marina Village genie\u00dfen m\u00f6chten, dann k\u00f6nnen Sie dies nicht in eine zentralere","breadcrumb":{"@id":"https:\/\/www.urlaubcornwall.de\/blog\/kleine-ferienhaus-brighton-meer-mieten\/#breadcrumb"},"inLanguage":"en-US","potentialAction":[{"@type":"ReadAction","target":["https:\/\/www.urlaubcornwall.de\/blog\/kleine-ferienhaus-brighton-meer-mieten\/"]}]},{"@type":"BreadcrumbList","@id":"https:\/\/www.urlaubcornwall.de\/blog\/kleine-ferienhaus-brighton-meer-mieten\/#breadcrumb","itemListElement":[{"@type":"ListItem","position":1,"name":"Home","item":"https:\/\/www.urlaubcornwall.de\/blog\/"},{"@type":"ListItem","position":2,"name":"Kleine Ferienhaus in Brighton am Meer mieten"}]}]}},"_links":{"self":[{"href":"https:\/\/www.urlaubcornwall.de\/blog\/wp-json\/wp\/v2\/pages\/32136"}],"collection":[{"href":"https:\/\/www.urlaubcornwall.de\/blog\/wp-json\/wp\/v2\/pages"}],"about":[{"href":"https:\/\/www.urlaubcornwall.de\/blog\/wp-json\/wp\/v2\/types\/page"}],"author":[{"embeddable":true,"href":"https:\/\/www.urlaubcornwall.de\/blog\/wp-json\/wp\/v2\/users\/1"}],"replies":[{"embeddable":true,"href":"https:\/\/www.urlaubcornwall.de\/blog\/wp-json\/wp\/v2\/comments?post=32136"}],"version-history":[{"count":3,"href":"https:\/\/www.urlaubcornwall.de\/blog\/wp-json\/wp\/v2\/pages\/32136\/revisions"}],"predecessor-version":[{"id":42915,"href":"https:\/\/www.urlaubcornwall.de\/blog\/wp-json\/wp\/v2\/pages\/32136\/revisions\/42915"}],"wp:attachment":[{"href":"https:\/\/www.urlaubcornwall.de\/blog\/wp-json\/wp\/v2\/media?parent=32136"}],"curies":[{"name":"wp","href":"https:\/\/api.w.org\/{rel}","templated":true}]}}