{"id":32132,"date":"2018-01-25T11:50:16","date_gmt":"2018-01-25T11:50:16","guid":{"rendered":"https:\/\/www.urlaubcornwall.de\/blog\/?page_id=32132"},"modified":"2021-09-17T08:21:15","modified_gmt":"2021-09-17T08:21:15","slug":"cottage-rye-mit-hund-mieten","status":"publish","type":"page","link":"https:\/\/www.urlaubcornwall.de\/blog\/cottage-rye-mit-hund-mieten\/","title":{"rendered":"Cottage in Rye mit Hund mieten"},"content":{"rendered":"<p><img loading=\"lazy\" class=\"aligncenter size-full wp-image-32133\" src=\"https:\/\/www.urlaubcornwall.de\/blog\/wp-content\/uploads\/2018\/01\/cottage-mit-hund-rye-sussex.jpg\" alt=\"cottage mit hund rye sussex\" width=\"749\" height=\"484\"\/><br \/>\n<strong>Hundefreundlich Ferienhaus in Rye mit 2 Schlafzimmern, Schlafgelegenheiten 4<\/strong><\/p>\n<p>\u00dcbernachten Sie in diesem h\u00fcbschen Cottage f\u00fcr drei Personen, versteckt im Herzen des historischen Rye. Ein sch\u00f6nes Ferienhaus mit einem sch\u00f6nen Garten, am Ende einer Gasse, in der N\u00e4he des ber\u00fchmten &#8220;Mermaid Inn&#8221; in den malerischen Stra\u00dfen von Rye, East Sussex, das perfekte Ferienhaus f\u00fcr die Erkundung der Stadt und der umliegenden Gebiete&#8230;&#8230;<\/p>\n<p style=\"text-align: center;\"><a class=\"tidycta\" href=\"https:\/\/www.urlaubcornwall.de\/ferienhaeuser-fewos\/eng\/sussex\/rye-hundefreundlich.html\">Suche Ferienh\u00e4user Rye <\/a><\/p>\n<p style=\"text-align: center;\">Pers\u00f6nlich inspizierte Ferienh\u00e4user und Ferienwohnungen in Sussex f\u00fcr Ihren Urlaub.<\/p>\n<p style=\"text-align: center;\"><a href=\"https:\/\/www.urlaubcornwall.de\/ferienhaeuser-fewos\/eng\/sussex\/sussex.html\"><strong>Ferienh\u00e4user, Cottages &amp; Ferienwohnungen in Rye und East Sussex. <\/strong><\/a><\/p>\n","protected":false},"excerpt":{"rendered":"<p>Hundefreundlich Ferienhaus in Rye mit 2 Schlafzimmern, Schlafgelegenheiten 4 \u00dcbernachten Sie in diesem h\u00fcbschen Cottage f\u00fcr drei Personen, versteckt im Herzen des historischen Rye. Ein sch\u00f6nes Ferienhaus mit einem sch\u00f6nen Garten, am Ende einer Gasse, in der N\u00e4he des ber\u00fchmten &#8220;Mermaid Inn&#8221; in den malerischen Stra\u00dfen von Rye, East Sussex, das perfekte Ferienhaus f\u00fcr die [&hellip;]<\/p>\n","protected":false},"author":1,"featured_media":0,"parent":0,"menu_order":0,"comment_status":"closed","ping_status":"closed","template":"single-four.php","meta":[],"acf":[],"yoast_head":"<!-- This site is optimized with the Yoast SEO plugin v19.4 - https:\/\/yoast.com\/wordpress\/plugins\/seo\/ -->\n<title>Cottage in Rye mit Hund mieten - Urlaub &amp; Reisen<\/title>\n<meta name=\"description\" content=\"\u00dcbernachten Sie in diesem h\u00fcbschen Cottage f\u00fcr drei Personen, versteckt im Herzen des historischen Rye. Ein sch\u00f6nes Ferienhaus mit einem sch\u00f6nen Garten, am Ende einer Gasse, in der N\u00e4he des ber\u00fchmten &quot;Mermaid Inn&quot; in den malerischen Stra\u00dfen von Rye, East Sussex, das perfekte Ferienhaus f\u00fcr die Erkundung der Stadt\" \/>\n<meta name=\"robots\" content=\"index, follow, max-snippet:-1, max-image-preview:large, max-video-preview:-1\" \/>\n<link rel=\"canonical\" href=\"https:\/\/www.urlaubcornwall.de\/blog\/cottage-rye-mit-hund-mieten\/\" \/>\n<meta property=\"og:locale\" content=\"en_US\" \/>\n<meta property=\"og:type\" content=\"article\" \/>\n<meta property=\"og:title\" content=\"Cottage in Rye mit Hund mieten - Urlaub &amp; Reisen\" \/>\n<meta property=\"og:description\" content=\"\u00dcbernachten Sie in diesem h\u00fcbschen Cottage f\u00fcr drei Personen, versteckt im Herzen des historischen Rye. Ein sch\u00f6nes Ferienhaus mit einem sch\u00f6nen Garten, am Ende einer Gasse, in der N\u00e4he des ber\u00fchmten &quot;Mermaid Inn&quot; in den malerischen Stra\u00dfen von Rye, East Sussex, das perfekte Ferienhaus f\u00fcr die Erkundung der Stadt\" \/>\n<meta property=\"og:url\" content=\"https:\/\/www.urlaubcornwall.de\/blog\/cottage-rye-mit-hund-mieten\/\" \/>\n<meta property=\"og:site_name\" content=\"Urlaub &amp; Reisen\" \/>\n<meta property=\"article:modified_time\" content=\"2021-09-17T08:21:15+00:00\" \/>\n<meta property=\"og:image\" content=\"https:\/\/www.urlaubcornwall.de\/blog\/wp-content\/uploads\/2018\/01\/cottage-mit-hund-rye-sussex.jpg\" \/>\n<meta name=\"twitter:card\" content=\"summary\" \/>\n<script type=\"application\/ld+json\" class=\"yoast-schema-graph\">{\"@context\":\"https:\/\/schema.org\",\"@graph\":[{\"@type\":\"WebSite\",\"@id\":\"https:\/\/www.urlaubcornwall.de\/blog\/#website\",\"url\":\"https:\/\/www.urlaubcornwall.de\/blog\/\",\"name\":\"Urlaub &amp; Reisen\",\"description\":\"Urlaub, Reisen, Cornwall und S\u00fcdengland: eine perfekte Kombination\",\"potentialAction\":[{\"@type\":\"SearchAction\",\"target\":{\"@type\":\"EntryPoint\",\"urlTemplate\":\"https:\/\/www.urlaubcornwall.de\/blog\/?s={search_term_string}\"},\"query-input\":\"required name=search_term_string\"}],\"inLanguage\":\"en-US\"},{\"@type\":\"WebPage\",\"@id\":\"https:\/\/www.urlaubcornwall.de\/blog\/cottage-rye-mit-hund-mieten\/\",\"url\":\"https:\/\/www.urlaubcornwall.de\/blog\/cottage-rye-mit-hund-mieten\/\",\"name\":\"Cottage in Rye mit Hund mieten - Urlaub &amp; Reisen\",\"isPartOf\":{\"@id\":\"https:\/\/www.urlaubcornwall.de\/blog\/#website\"},\"datePublished\":\"2018-01-25T11:50:16+00:00\",\"dateModified\":\"2021-09-17T08:21:15+00:00\",\"description\":\"\u00dcbernachten Sie in diesem h\u00fcbschen Cottage f\u00fcr drei Personen, versteckt im Herzen des historischen Rye. Ein sch\u00f6nes Ferienhaus mit einem sch\u00f6nen Garten, am Ende einer Gasse, in der N\u00e4he des ber\u00fchmten \\\"Mermaid Inn\\\" in den malerischen Stra\u00dfen von Rye, East Sussex, das perfekte Ferienhaus f\u00fcr die Erkundung der Stadt\",\"breadcrumb\":{\"@id\":\"https:\/\/www.urlaubcornwall.de\/blog\/cottage-rye-mit-hund-mieten\/#breadcrumb\"},\"inLanguage\":\"en-US\",\"potentialAction\":[{\"@type\":\"ReadAction\",\"target\":[\"https:\/\/www.urlaubcornwall.de\/blog\/cottage-rye-mit-hund-mieten\/\"]}]},{\"@type\":\"BreadcrumbList\",\"@id\":\"https:\/\/www.urlaubcornwall.de\/blog\/cottage-rye-mit-hund-mieten\/#breadcrumb\",\"itemListElement\":[{\"@type\":\"ListItem\",\"position\":1,\"name\":\"Home\",\"item\":\"https:\/\/www.urlaubcornwall.de\/blog\/\"},{\"@type\":\"ListItem\",\"position\":2,\"name\":\"Cottage in Rye mit Hund mieten\"}]}]}<\/script>\n<!-- \/ Yoast SEO plugin. -->","yoast_head_json":{"title":"Cottage in Rye mit Hund mieten - Urlaub &amp; Reisen","description":"\u00dcbernachten Sie in diesem h\u00fcbschen Cottage f\u00fcr drei Personen, versteckt im Herzen des historischen Rye. Ein sch\u00f6nes Ferienhaus mit einem sch\u00f6nen Garten, am Ende einer Gasse, in der N\u00e4he des ber\u00fchmten \"Mermaid Inn\" in den malerischen Stra\u00dfen von Rye, East Sussex, das perfekte Ferienhaus f\u00fcr die Erkundung der Stadt","robots":{"index":"index","follow":"follow","max-snippet":"max-snippet:-1","max-image-preview":"max-image-preview:large","max-video-preview":"max-video-preview:-1"},"canonical":"https:\/\/www.urlaubcornwall.de\/blog\/cottage-rye-mit-hund-mieten\/","og_locale":"en_US","og_type":"article","og_title":"Cottage in Rye mit Hund mieten - Urlaub &amp; Reisen","og_description":"\u00dcbernachten Sie in diesem h\u00fcbschen Cottage f\u00fcr drei Personen, versteckt im Herzen des historischen Rye. Ein sch\u00f6nes Ferienhaus mit einem sch\u00f6nen Garten, am Ende einer Gasse, in der N\u00e4he des ber\u00fchmten \"Mermaid Inn\" in den malerischen Stra\u00dfen von Rye, East Sussex, das perfekte Ferienhaus f\u00fcr die Erkundung der Stadt","og_url":"https:\/\/www.urlaubcornwall.de\/blog\/cottage-rye-mit-hund-mieten\/","og_site_name":"Urlaub &amp; Reisen","article_modified_time":"2021-09-17T08:21:15+00:00","og_image":[{"url":"https:\/\/www.urlaubcornwall.de\/blog\/wp-content\/uploads\/2018\/01\/cottage-mit-hund-rye-sussex.jpg"}],"twitter_card":"summary","schema":{"@context":"https:\/\/schema.org","@graph":[{"@type":"WebSite","@id":"https:\/\/www.urlaubcornwall.de\/blog\/#website","url":"https:\/\/www.urlaubcornwall.de\/blog\/","name":"Urlaub &amp; Reisen","description":"Urlaub, Reisen, Cornwall und S\u00fcdengland: eine perfekte Kombination","potentialAction":[{"@type":"SearchAction","target":{"@type":"EntryPoint","urlTemplate":"https:\/\/www.urlaubcornwall.de\/blog\/?s={search_term_string}"},"query-input":"required name=search_term_string"}],"inLanguage":"en-US"},{"@type":"WebPage","@id":"https:\/\/www.urlaubcornwall.de\/blog\/cottage-rye-mit-hund-mieten\/","url":"https:\/\/www.urlaubcornwall.de\/blog\/cottage-rye-mit-hund-mieten\/","name":"Cottage in Rye mit Hund mieten - Urlaub &amp; Reisen","isPartOf":{"@id":"https:\/\/www.urlaubcornwall.de\/blog\/#website"},"datePublished":"2018-01-25T11:50:16+00:00","dateModified":"2021-09-17T08:21:15+00:00","description":"\u00dcbernachten Sie in diesem h\u00fcbschen Cottage f\u00fcr drei Personen, versteckt im Herzen des historischen Rye. Ein sch\u00f6nes Ferienhaus mit einem sch\u00f6nen Garten, am Ende einer Gasse, in der N\u00e4he des ber\u00fchmten \"Mermaid Inn\" in den malerischen Stra\u00dfen von Rye, East Sussex, das perfekte Ferienhaus f\u00fcr die Erkundung der Stadt","breadcrumb":{"@id":"https:\/\/www.urlaubcornwall.de\/blog\/cottage-rye-mit-hund-mieten\/#breadcrumb"},"inLanguage":"en-US","potentialAction":[{"@type":"ReadAction","target":["https:\/\/www.urlaubcornwall.de\/blog\/cottage-rye-mit-hund-mieten\/"]}]},{"@type":"BreadcrumbList","@id":"https:\/\/www.urlaubcornwall.de\/blog\/cottage-rye-mit-hund-mieten\/#breadcrumb","itemListElement":[{"@type":"ListItem","position":1,"name":"Home","item":"https:\/\/www.urlaubcornwall.de\/blog\/"},{"@type":"ListItem","position":2,"name":"Cottage in Rye mit Hund mieten"}]}]}},"_links":{"self":[{"href":"https:\/\/www.urlaubcornwall.de\/blog\/wp-json\/wp\/v2\/pages\/32132"}],"collection":[{"href":"https:\/\/www.urlaubcornwall.de\/blog\/wp-json\/wp\/v2\/pages"}],"about":[{"href":"https:\/\/www.urlaubcornwall.de\/blog\/wp-json\/wp\/v2\/types\/page"}],"author":[{"embeddable":true,"href":"https:\/\/www.urlaubcornwall.de\/blog\/wp-json\/wp\/v2\/users\/1"}],"replies":[{"embeddable":true,"href":"https:\/\/www.urlaubcornwall.de\/blog\/wp-json\/wp\/v2\/comments?post=32132"}],"version-history":[{"count":5,"href":"https:\/\/www.urlaubcornwall.de\/blog\/wp-json\/wp\/v2\/pages\/32132\/revisions"}],"predecessor-version":[{"id":42812,"href":"https:\/\/www.urlaubcornwall.de\/blog\/wp-json\/wp\/v2\/pages\/32132\/revisions\/42812"}],"wp:attachment":[{"href":"https:\/\/www.urlaubcornwall.de\/blog\/wp-json\/wp\/v2\/media?parent=32132"}],"curies":[{"name":"wp","href":"https:\/\/api.w.org\/{rel}","templated":true}]}}