{"id":32129,"date":"2018-01-25T11:32:47","date_gmt":"2018-01-25T11:32:47","guid":{"rendered":"https:\/\/www.urlaubcornwall.de\/blog\/?page_id=32129"},"modified":"2021-09-17T08:02:11","modified_gmt":"2021-09-17T08:02:11","slug":"cottage-camber-sands-meer-mieten","status":"publish","type":"page","link":"https:\/\/www.urlaubcornwall.de\/blog\/cottage-camber-sands-meer-mieten\/","title":{"rendered":"Cottage in Camber Sands am Meer mieten"},"content":{"rendered":"<p><img loading=\"lazy\" class=\"aligncenter size-full wp-image-32130\" src=\"https:\/\/www.urlaubcornwall.de\/blog\/wp-content\/uploads\/2018\/01\/cottage-camber-sands-am-meer.jpg\" alt=\"Cottage camber sands am meer\" width=\"744\" height=\"558\" srcset=\"https:\/\/www.urlaubcornwall.de\/blog\/wp-content\/uploads\/2018\/01\/cottage-camber-sands-am-meer.jpg 744w, https:\/\/www.urlaubcornwall.de\/blog\/wp-content\/uploads\/2018\/01\/cottage-camber-sands-am-meer-300x225.jpg 300w\" sizes=\"(max-width: 744px) 100vw, 744px\" \/><\/p>\n<p><strong>Ferienhaus mit 3 Schlafzimmern, Schlafgelegenheiten 6<\/strong><\/p>\n<p>Das Ferienhaus mit einfachem Zugang zum Camber Sands Strand ist aufgrund seines Sandstrandes ein beliebtes <a href=\"https:\/\/www.urlaubcornwall.de\/reiseziel\/sussex.php\">Urlaubsziel in Sussex<\/a>. Der Strand hat viel zu bieten, einschlie\u00dflich Wassersportarten wie Kitesurfen und Paddle-Boarding sowie alles, was Sie f\u00fcr einen Familienurlaub ben\u00f6tigen. Innerhalb von 8 km Fahrt ist eine ganz andere K\u00fcstenlage der Kiesstrand von Dungeness. Ber\u00fchmt f\u00fcr seine wilde Sch\u00f6nheit und dramatischen Himmel ist Dungeness bei Wildlife-Enthusiasten, Fotografen und K\u00fcnstlern beliebt&#8230;&#8230;<\/p>\n<p style=\"text-align: center;\"><a class=\"tidycta\" href=\"https:\/\/www.urlaubcornwall.de\/ferienhaeuser-fewos\/eng\/sussex\/camber.html\">Suche Ferienh\u00e4user Camber Sands<\/a><\/p>\n<p style=\"text-align: center;\">Pers\u00f6nlich inspizierte Ferienh\u00e4user und Ferienwohnungen in Sussex f\u00fcr Ihren Urlaub.<\/p>\n<p style=\"text-align: center;\"><a href=\"https:\/\/www.urlaubcornwall.de\/ferienhaeuser-fewos\/eng\/sussex\/sussex-am-meer.html\"><strong>Ferienh\u00e4user, Cottages &amp; Ferienwohnungen in Camber Sands und East Sussex. <\/strong><\/a><\/p>\n","protected":false},"excerpt":{"rendered":"<p>Ferienhaus mit 3 Schlafzimmern, Schlafgelegenheiten 6 Das Ferienhaus mit einfachem Zugang zum Camber Sands Strand ist aufgrund seines Sandstrandes ein beliebtes Urlaubsziel in Sussex. Der Strand hat viel zu bieten, einschlie\u00dflich Wassersportarten wie Kitesurfen und Paddle-Boarding sowie alles, was Sie f\u00fcr einen Familienurlaub ben\u00f6tigen. Innerhalb von 8 km Fahrt ist eine ganz andere K\u00fcstenlage der [&hellip;]<\/p>\n","protected":false},"author":1,"featured_media":0,"parent":0,"menu_order":0,"comment_status":"closed","ping_status":"closed","template":"single-four.php","meta":[],"acf":[],"yoast_head":"<!-- This site is optimized with the Yoast SEO plugin v19.4 - https:\/\/yoast.com\/wordpress\/plugins\/seo\/ -->\n<title>Cottage in Camber Sands am Meer mieten - Urlaub &amp; Reisen<\/title>\n<meta name=\"description\" content=\"Das Ferienhaus mit einfachem Zugang zum Camber Sands Strand ist aufgrund seines Sandstrandes ein beliebtes Urlaubsziel in Sussex. Der Strand hat viel zu bieten, einschlie\u00dflich Wassersportarten wie Kitesurfen und Paddle-Boarding sowie alles, was Sie f\u00fcr einen Familienurlaub ben\u00f6tigen\" \/>\n<meta name=\"robots\" content=\"index, follow, max-snippet:-1, max-image-preview:large, max-video-preview:-1\" \/>\n<link rel=\"canonical\" href=\"https:\/\/www.urlaubcornwall.de\/blog\/cottage-camber-sands-meer-mieten\/\" \/>\n<meta property=\"og:locale\" content=\"en_US\" \/>\n<meta property=\"og:type\" content=\"article\" \/>\n<meta property=\"og:title\" content=\"Cottage in Camber Sands am Meer mieten - Urlaub &amp; Reisen\" \/>\n<meta property=\"og:description\" content=\"Das Ferienhaus mit einfachem Zugang zum Camber Sands Strand ist aufgrund seines Sandstrandes ein beliebtes Urlaubsziel in Sussex. Der Strand hat viel zu bieten, einschlie\u00dflich Wassersportarten wie Kitesurfen und Paddle-Boarding sowie alles, was Sie f\u00fcr einen Familienurlaub ben\u00f6tigen\" \/>\n<meta property=\"og:url\" content=\"https:\/\/www.urlaubcornwall.de\/blog\/cottage-camber-sands-meer-mieten\/\" \/>\n<meta property=\"og:site_name\" content=\"Urlaub &amp; Reisen\" \/>\n<meta property=\"article:modified_time\" content=\"2021-09-17T08:02:11+00:00\" \/>\n<meta property=\"og:image\" content=\"https:\/\/www.urlaubcornwall.de\/blog\/wp-content\/uploads\/2018\/01\/cottage-camber-sands-am-meer.jpg\" \/>\n<meta name=\"twitter:card\" content=\"summary\" \/>\n<meta name=\"twitter:label1\" content=\"Est. reading time\" \/>\n\t<meta name=\"twitter:data1\" content=\"1 minute\" \/>\n<script type=\"application\/ld+json\" class=\"yoast-schema-graph\">{\"@context\":\"https:\/\/schema.org\",\"@graph\":[{\"@type\":\"WebSite\",\"@id\":\"https:\/\/www.urlaubcornwall.de\/blog\/#website\",\"url\":\"https:\/\/www.urlaubcornwall.de\/blog\/\",\"name\":\"Urlaub &amp; Reisen\",\"description\":\"Urlaub, Reisen, Cornwall und S\u00fcdengland: eine perfekte Kombination\",\"potentialAction\":[{\"@type\":\"SearchAction\",\"target\":{\"@type\":\"EntryPoint\",\"urlTemplate\":\"https:\/\/www.urlaubcornwall.de\/blog\/?s={search_term_string}\"},\"query-input\":\"required name=search_term_string\"}],\"inLanguage\":\"en-US\"},{\"@type\":\"WebPage\",\"@id\":\"https:\/\/www.urlaubcornwall.de\/blog\/cottage-camber-sands-meer-mieten\/\",\"url\":\"https:\/\/www.urlaubcornwall.de\/blog\/cottage-camber-sands-meer-mieten\/\",\"name\":\"Cottage in Camber Sands am Meer mieten - Urlaub &amp; Reisen\",\"isPartOf\":{\"@id\":\"https:\/\/www.urlaubcornwall.de\/blog\/#website\"},\"datePublished\":\"2018-01-25T11:32:47+00:00\",\"dateModified\":\"2021-09-17T08:02:11+00:00\",\"description\":\"Das Ferienhaus mit einfachem Zugang zum Camber Sands Strand ist aufgrund seines Sandstrandes ein beliebtes Urlaubsziel in Sussex. Der Strand hat viel zu bieten, einschlie\u00dflich Wassersportarten wie Kitesurfen und Paddle-Boarding sowie alles, was Sie f\u00fcr einen Familienurlaub ben\u00f6tigen\",\"breadcrumb\":{\"@id\":\"https:\/\/www.urlaubcornwall.de\/blog\/cottage-camber-sands-meer-mieten\/#breadcrumb\"},\"inLanguage\":\"en-US\",\"potentialAction\":[{\"@type\":\"ReadAction\",\"target\":[\"https:\/\/www.urlaubcornwall.de\/blog\/cottage-camber-sands-meer-mieten\/\"]}]},{\"@type\":\"BreadcrumbList\",\"@id\":\"https:\/\/www.urlaubcornwall.de\/blog\/cottage-camber-sands-meer-mieten\/#breadcrumb\",\"itemListElement\":[{\"@type\":\"ListItem\",\"position\":1,\"name\":\"Home\",\"item\":\"https:\/\/www.urlaubcornwall.de\/blog\/\"},{\"@type\":\"ListItem\",\"position\":2,\"name\":\"Cottage in Camber Sands am Meer mieten\"}]}]}<\/script>\n<!-- \/ Yoast SEO plugin. -->","yoast_head_json":{"title":"Cottage in Camber Sands am Meer mieten - Urlaub &amp; Reisen","description":"Das Ferienhaus mit einfachem Zugang zum Camber Sands Strand ist aufgrund seines Sandstrandes ein beliebtes Urlaubsziel in Sussex. Der Strand hat viel zu bieten, einschlie\u00dflich Wassersportarten wie Kitesurfen und Paddle-Boarding sowie alles, was Sie f\u00fcr einen Familienurlaub ben\u00f6tigen","robots":{"index":"index","follow":"follow","max-snippet":"max-snippet:-1","max-image-preview":"max-image-preview:large","max-video-preview":"max-video-preview:-1"},"canonical":"https:\/\/www.urlaubcornwall.de\/blog\/cottage-camber-sands-meer-mieten\/","og_locale":"en_US","og_type":"article","og_title":"Cottage in Camber Sands am Meer mieten - Urlaub &amp; Reisen","og_description":"Das Ferienhaus mit einfachem Zugang zum Camber Sands Strand ist aufgrund seines Sandstrandes ein beliebtes Urlaubsziel in Sussex. Der Strand hat viel zu bieten, einschlie\u00dflich Wassersportarten wie Kitesurfen und Paddle-Boarding sowie alles, was Sie f\u00fcr einen Familienurlaub ben\u00f6tigen","og_url":"https:\/\/www.urlaubcornwall.de\/blog\/cottage-camber-sands-meer-mieten\/","og_site_name":"Urlaub &amp; Reisen","article_modified_time":"2021-09-17T08:02:11+00:00","og_image":[{"url":"https:\/\/www.urlaubcornwall.de\/blog\/wp-content\/uploads\/2018\/01\/cottage-camber-sands-am-meer.jpg"}],"twitter_card":"summary","twitter_misc":{"Est. reading time":"1 minute"},"schema":{"@context":"https:\/\/schema.org","@graph":[{"@type":"WebSite","@id":"https:\/\/www.urlaubcornwall.de\/blog\/#website","url":"https:\/\/www.urlaubcornwall.de\/blog\/","name":"Urlaub &amp; Reisen","description":"Urlaub, Reisen, Cornwall und S\u00fcdengland: eine perfekte Kombination","potentialAction":[{"@type":"SearchAction","target":{"@type":"EntryPoint","urlTemplate":"https:\/\/www.urlaubcornwall.de\/blog\/?s={search_term_string}"},"query-input":"required name=search_term_string"}],"inLanguage":"en-US"},{"@type":"WebPage","@id":"https:\/\/www.urlaubcornwall.de\/blog\/cottage-camber-sands-meer-mieten\/","url":"https:\/\/www.urlaubcornwall.de\/blog\/cottage-camber-sands-meer-mieten\/","name":"Cottage in Camber Sands am Meer mieten - Urlaub &amp; Reisen","isPartOf":{"@id":"https:\/\/www.urlaubcornwall.de\/blog\/#website"},"datePublished":"2018-01-25T11:32:47+00:00","dateModified":"2021-09-17T08:02:11+00:00","description":"Das Ferienhaus mit einfachem Zugang zum Camber Sands Strand ist aufgrund seines Sandstrandes ein beliebtes Urlaubsziel in Sussex. Der Strand hat viel zu bieten, einschlie\u00dflich Wassersportarten wie Kitesurfen und Paddle-Boarding sowie alles, was Sie f\u00fcr einen Familienurlaub ben\u00f6tigen","breadcrumb":{"@id":"https:\/\/www.urlaubcornwall.de\/blog\/cottage-camber-sands-meer-mieten\/#breadcrumb"},"inLanguage":"en-US","potentialAction":[{"@type":"ReadAction","target":["https:\/\/www.urlaubcornwall.de\/blog\/cottage-camber-sands-meer-mieten\/"]}]},{"@type":"BreadcrumbList","@id":"https:\/\/www.urlaubcornwall.de\/blog\/cottage-camber-sands-meer-mieten\/#breadcrumb","itemListElement":[{"@type":"ListItem","position":1,"name":"Home","item":"https:\/\/www.urlaubcornwall.de\/blog\/"},{"@type":"ListItem","position":2,"name":"Cottage in Camber Sands am Meer mieten"}]}]}},"_links":{"self":[{"href":"https:\/\/www.urlaubcornwall.de\/blog\/wp-json\/wp\/v2\/pages\/32129"}],"collection":[{"href":"https:\/\/www.urlaubcornwall.de\/blog\/wp-json\/wp\/v2\/pages"}],"about":[{"href":"https:\/\/www.urlaubcornwall.de\/blog\/wp-json\/wp\/v2\/types\/page"}],"author":[{"embeddable":true,"href":"https:\/\/www.urlaubcornwall.de\/blog\/wp-json\/wp\/v2\/users\/1"}],"replies":[{"embeddable":true,"href":"https:\/\/www.urlaubcornwall.de\/blog\/wp-json\/wp\/v2\/comments?post=32129"}],"version-history":[{"count":5,"href":"https:\/\/www.urlaubcornwall.de\/blog\/wp-json\/wp\/v2\/pages\/32129\/revisions"}],"predecessor-version":[{"id":42803,"href":"https:\/\/www.urlaubcornwall.de\/blog\/wp-json\/wp\/v2\/pages\/32129\/revisions\/42803"}],"wp:attachment":[{"href":"https:\/\/www.urlaubcornwall.de\/blog\/wp-json\/wp\/v2\/media?parent=32129"}],"curies":[{"name":"wp","href":"https:\/\/api.w.org\/{rel}","templated":true}]}}