{"id":32126,"date":"2018-01-25T11:00:33","date_gmt":"2018-01-25T11:00:33","guid":{"rendered":"https:\/\/www.urlaubcornwall.de\/blog\/?page_id=32126"},"modified":"2021-08-31T15:26:33","modified_gmt":"2021-08-31T15:26:33","slug":"luxus-cottage-st-ives-mieten-nr-1623","status":"publish","type":"page","link":"https:\/\/www.urlaubcornwall.de\/blog\/luxus-cottage-st-ives-mieten-nr-1623\/","title":{"rendered":"Luxus Cottage in St Ives mieten &#8211; Nr 1623"},"content":{"rendered":"<p><img loading=\"lazy\" class=\"aligncenter size-full wp-image-32127\" src=\"https:\/\/www.urlaubcornwall.de\/blog\/wp-content\/uploads\/2018\/01\/luxus-cottage-st-ives-mieten.jpg\" alt=\"luxus cottage st ives mieten\" width=\"749\" height=\"494\"\/><br \/>\n<strong>Ferienhaus mit Meerblick 1.8 kilometern S von St Ives, West-Cornwall.<\/strong><\/p>\n<p>Schlafplatz f\u00fcr 8 + Kinderbett, 4 Schlafzimmer, hundefreundlich,&nbsp;An-\/Abreisetag am Sonntag | Preis pro Woche \u00a3843 &#8211; \u00a32310<\/p>\n<p>Treten Sie vor dem Wohnzimmer auf die herrliche Terrasse &#8211; genie\u00dfen Sie den fabelhaften Meerblick von Hayle Towans bis zum Godrevy Lighthouse. Ein ger\u00e4umiges Ferienhaus nur wenige Gehminuten von Carbis Bay Beach, freistehende Chy-an-Mor hat eine kurze steile Auffahrt und tritt bis zum Eingang. Wenn Sie die Stufen hinaufsteigen und einsteigen, wissen Sie, dass dies Ihr perfekter Urlaubsort sein wird. Terrassent\u00fcren f\u00fchren von der K\u00fcche \/ Esszimmer in den privaten umz\u00e4unten Garten, der ideale Ort zum Entspannen und genie\u00dfen Sie ein Glas Wein auf dem blauen Meer. Zwei Schlafzimmer sind im Erdgeschoss; Eine offene Holztreppe ist der luxuri\u00f6se Master-Suite und ein Zweibettzimmer mit einem zus\u00e4tzlichen Sitzbereich&#8230;&#8230;<\/p>\n<p style=\"text-align: center;\"><a class=\"tidycta\" href=\"https:\/\/www.urlaubcornwall.de\/ferienhaeuser-fewos\/st-ives.html\"><\/a>Suche Ferienh\u00e4user St Ives<\/p>\n","protected":false},"excerpt":{"rendered":"<p>Ferienhaus mit Meerblick 1.8 kilometern S von St Ives, West-Cornwall. Schlafplatz f\u00fcr 8 + Kinderbett, 4 Schlafzimmer, hundefreundlich,&nbsp;An-\/Abreisetag am Sonntag | Preis pro Woche \u00a3843 &#8211; \u00a32310 Treten Sie vor dem Wohnzimmer auf die herrliche Terrasse &#8211; genie\u00dfen Sie den fabelhaften Meerblick von Hayle Towans bis zum Godrevy Lighthouse. Ein ger\u00e4umiges Ferienhaus nur wenige Gehminuten [&hellip;]<\/p>\n","protected":false},"author":1,"featured_media":0,"parent":0,"menu_order":0,"comment_status":"closed","ping_status":"closed","template":"single-four.php","meta":[],"acf":[],"yoast_head":"<!-- This site is optimized with the Yoast SEO plugin v19.4 - https:\/\/yoast.com\/wordpress\/plugins\/seo\/ -->\n<title>Luxus Cottage in St Ives mieten - Nr 1623 - Urlaub &amp; Reisen<\/title>\n<meta name=\"robots\" content=\"index, follow, max-snippet:-1, max-image-preview:large, max-video-preview:-1\" \/>\n<link rel=\"canonical\" href=\"https:\/\/www.urlaubcornwall.de\/blog\/luxus-cottage-st-ives-mieten-nr-1623\/\" \/>\n<meta property=\"og:locale\" content=\"en_US\" \/>\n<meta property=\"og:type\" content=\"article\" \/>\n<meta property=\"og:title\" content=\"Luxus Cottage in St Ives mieten - Nr 1623 - Urlaub &amp; Reisen\" \/>\n<meta property=\"og:description\" content=\"Ferienhaus mit Meerblick 1.8 kilometern S von St Ives, West-Cornwall. Schlafplatz f\u00fcr 8 + Kinderbett, 4 Schlafzimmer, hundefreundlich,&nbsp;An-\/Abreisetag am Sonntag | Preis pro Woche \u00a3843 &#8211; \u00a32310 Treten Sie vor dem Wohnzimmer auf die herrliche Terrasse &#8211; genie\u00dfen Sie den fabelhaften Meerblick von Hayle Towans bis zum Godrevy Lighthouse. Ein ger\u00e4umiges Ferienhaus nur wenige Gehminuten [&hellip;]\" \/>\n<meta property=\"og:url\" content=\"https:\/\/www.urlaubcornwall.de\/blog\/luxus-cottage-st-ives-mieten-nr-1623\/\" \/>\n<meta property=\"og:site_name\" content=\"Urlaub &amp; Reisen\" \/>\n<meta property=\"article:modified_time\" content=\"2021-08-31T15:26:33+00:00\" \/>\n<meta property=\"og:image\" content=\"https:\/\/www.urlaubcornwall.de\/blog\/wp-content\/uploads\/2018\/01\/luxus-cottage-st-ives-mieten.jpg\" \/>\n<meta name=\"twitter:card\" content=\"summary\" \/>\n<meta name=\"twitter:label1\" content=\"Est. reading time\" \/>\n\t<meta name=\"twitter:data1\" content=\"1 minute\" \/>\n<script type=\"application\/ld+json\" class=\"yoast-schema-graph\">{\"@context\":\"https:\/\/schema.org\",\"@graph\":[{\"@type\":\"WebSite\",\"@id\":\"https:\/\/www.urlaubcornwall.de\/blog\/#website\",\"url\":\"https:\/\/www.urlaubcornwall.de\/blog\/\",\"name\":\"Urlaub &amp; Reisen\",\"description\":\"Urlaub, Reisen, Cornwall und S\u00fcdengland: eine perfekte Kombination\",\"potentialAction\":[{\"@type\":\"SearchAction\",\"target\":{\"@type\":\"EntryPoint\",\"urlTemplate\":\"https:\/\/www.urlaubcornwall.de\/blog\/?s={search_term_string}\"},\"query-input\":\"required name=search_term_string\"}],\"inLanguage\":\"en-US\"},{\"@type\":\"WebPage\",\"@id\":\"https:\/\/www.urlaubcornwall.de\/blog\/luxus-cottage-st-ives-mieten-nr-1623\/\",\"url\":\"https:\/\/www.urlaubcornwall.de\/blog\/luxus-cottage-st-ives-mieten-nr-1623\/\",\"name\":\"Luxus Cottage in St Ives mieten - Nr 1623 - Urlaub &amp; Reisen\",\"isPartOf\":{\"@id\":\"https:\/\/www.urlaubcornwall.de\/blog\/#website\"},\"datePublished\":\"2018-01-25T11:00:33+00:00\",\"dateModified\":\"2021-08-31T15:26:33+00:00\",\"breadcrumb\":{\"@id\":\"https:\/\/www.urlaubcornwall.de\/blog\/luxus-cottage-st-ives-mieten-nr-1623\/#breadcrumb\"},\"inLanguage\":\"en-US\",\"potentialAction\":[{\"@type\":\"ReadAction\",\"target\":[\"https:\/\/www.urlaubcornwall.de\/blog\/luxus-cottage-st-ives-mieten-nr-1623\/\"]}]},{\"@type\":\"BreadcrumbList\",\"@id\":\"https:\/\/www.urlaubcornwall.de\/blog\/luxus-cottage-st-ives-mieten-nr-1623\/#breadcrumb\",\"itemListElement\":[{\"@type\":\"ListItem\",\"position\":1,\"name\":\"Home\",\"item\":\"https:\/\/www.urlaubcornwall.de\/blog\/\"},{\"@type\":\"ListItem\",\"position\":2,\"name\":\"Luxus Cottage in St Ives mieten &#8211; Nr 1623\"}]}]}<\/script>\n<!-- \/ Yoast SEO plugin. -->","yoast_head_json":{"title":"Luxus Cottage in St Ives mieten - Nr 1623 - Urlaub &amp; Reisen","robots":{"index":"index","follow":"follow","max-snippet":"max-snippet:-1","max-image-preview":"max-image-preview:large","max-video-preview":"max-video-preview:-1"},"canonical":"https:\/\/www.urlaubcornwall.de\/blog\/luxus-cottage-st-ives-mieten-nr-1623\/","og_locale":"en_US","og_type":"article","og_title":"Luxus Cottage in St Ives mieten - Nr 1623 - Urlaub &amp; Reisen","og_description":"Ferienhaus mit Meerblick 1.8 kilometern S von St Ives, West-Cornwall. Schlafplatz f\u00fcr 8 + Kinderbett, 4 Schlafzimmer, hundefreundlich,&nbsp;An-\/Abreisetag am Sonntag | Preis pro Woche \u00a3843 &#8211; \u00a32310 Treten Sie vor dem Wohnzimmer auf die herrliche Terrasse &#8211; genie\u00dfen Sie den fabelhaften Meerblick von Hayle Towans bis zum Godrevy Lighthouse. Ein ger\u00e4umiges Ferienhaus nur wenige Gehminuten [&hellip;]","og_url":"https:\/\/www.urlaubcornwall.de\/blog\/luxus-cottage-st-ives-mieten-nr-1623\/","og_site_name":"Urlaub &amp; Reisen","article_modified_time":"2021-08-31T15:26:33+00:00","og_image":[{"url":"https:\/\/www.urlaubcornwall.de\/blog\/wp-content\/uploads\/2018\/01\/luxus-cottage-st-ives-mieten.jpg"}],"twitter_card":"summary","twitter_misc":{"Est. reading time":"1 minute"},"schema":{"@context":"https:\/\/schema.org","@graph":[{"@type":"WebSite","@id":"https:\/\/www.urlaubcornwall.de\/blog\/#website","url":"https:\/\/www.urlaubcornwall.de\/blog\/","name":"Urlaub &amp; Reisen","description":"Urlaub, Reisen, Cornwall und S\u00fcdengland: eine perfekte Kombination","potentialAction":[{"@type":"SearchAction","target":{"@type":"EntryPoint","urlTemplate":"https:\/\/www.urlaubcornwall.de\/blog\/?s={search_term_string}"},"query-input":"required name=search_term_string"}],"inLanguage":"en-US"},{"@type":"WebPage","@id":"https:\/\/www.urlaubcornwall.de\/blog\/luxus-cottage-st-ives-mieten-nr-1623\/","url":"https:\/\/www.urlaubcornwall.de\/blog\/luxus-cottage-st-ives-mieten-nr-1623\/","name":"Luxus Cottage in St Ives mieten - Nr 1623 - Urlaub &amp; Reisen","isPartOf":{"@id":"https:\/\/www.urlaubcornwall.de\/blog\/#website"},"datePublished":"2018-01-25T11:00:33+00:00","dateModified":"2021-08-31T15:26:33+00:00","breadcrumb":{"@id":"https:\/\/www.urlaubcornwall.de\/blog\/luxus-cottage-st-ives-mieten-nr-1623\/#breadcrumb"},"inLanguage":"en-US","potentialAction":[{"@type":"ReadAction","target":["https:\/\/www.urlaubcornwall.de\/blog\/luxus-cottage-st-ives-mieten-nr-1623\/"]}]},{"@type":"BreadcrumbList","@id":"https:\/\/www.urlaubcornwall.de\/blog\/luxus-cottage-st-ives-mieten-nr-1623\/#breadcrumb","itemListElement":[{"@type":"ListItem","position":1,"name":"Home","item":"https:\/\/www.urlaubcornwall.de\/blog\/"},{"@type":"ListItem","position":2,"name":"Luxus Cottage in St Ives mieten &#8211; Nr 1623"}]}]}},"_links":{"self":[{"href":"https:\/\/www.urlaubcornwall.de\/blog\/wp-json\/wp\/v2\/pages\/32126"}],"collection":[{"href":"https:\/\/www.urlaubcornwall.de\/blog\/wp-json\/wp\/v2\/pages"}],"about":[{"href":"https:\/\/www.urlaubcornwall.de\/blog\/wp-json\/wp\/v2\/types\/page"}],"author":[{"embeddable":true,"href":"https:\/\/www.urlaubcornwall.de\/blog\/wp-json\/wp\/v2\/users\/1"}],"replies":[{"embeddable":true,"href":"https:\/\/www.urlaubcornwall.de\/blog\/wp-json\/wp\/v2\/comments?post=32126"}],"version-history":[{"count":2,"href":"https:\/\/www.urlaubcornwall.de\/blog\/wp-json\/wp\/v2\/pages\/32126\/revisions"}],"predecessor-version":[{"id":42376,"href":"https:\/\/www.urlaubcornwall.de\/blog\/wp-json\/wp\/v2\/pages\/32126\/revisions\/42376"}],"wp:attachment":[{"href":"https:\/\/www.urlaubcornwall.de\/blog\/wp-json\/wp\/v2\/media?parent=32126"}],"curies":[{"name":"wp","href":"https:\/\/api.w.org\/{rel}","templated":true}]}}