{"id":32119,"date":"2018-01-24T15:18:00","date_gmt":"2018-01-24T15:18:00","guid":{"rendered":"https:\/\/www.urlaubcornwall.de\/blog\/?page_id=32119"},"modified":"2021-09-02T10:20:57","modified_gmt":"2021-09-02T10:20:57","slug":"luxus-cottage-cornwall-mieten","status":"publish","type":"page","link":"https:\/\/www.urlaubcornwall.de\/blog\/luxus-cottage-cornwall-mieten\/","title":{"rendered":"Luxus Cottage in Cornwall mieten"},"content":{"rendered":"<p><img loading=\"lazy\" class=\"aligncenter size-full wp-image-32120\" src=\"https:\/\/www.urlaubcornwall.de\/blog\/wp-content\/uploads\/2018\/01\/luxus-cottage-cornwall-mieten.jpg\" alt=\"luxus cottage cornwall mieten\" height=\"494\" width=\"747\"\/><\/p>\n<p><strong>Luxuri\u00f6se Ferienhaus 2.7 kilometern W von Lamorna Cove, West-Cornwall.<\/strong><\/p>\n<p>4 Schlafzimmer, hundefreundlich, Schlafplatz f\u00fcr 8 + Kinderbett, An-\/Abreisetag am Freitag, Preis pro Woche \u00a3980 &#8211; \u00a32969<\/p>\n<p>Boskenna Coach House ist ein sch\u00f6nes Luxus-Ferienhaus. Nur ein kleiner Spaziergang durch den Wald zur atemberaubenden St Loy Cove und auf dem Gel\u00e4nde des Boskenna Manor Estate mit Zugang zum K\u00fcstenpfad. Betreten Sie dieses herrliche Kutscherhaus durch eine gro\u00dfe K\u00fcche \/ Esszimmer, die Franz\u00f6sisch Fenster hinaus in den wundersch\u00f6nen sonnigen Garten von Mauern. Zwei Stufen f\u00fchren hinunter zum ersten Wohn- \/ Esszimmer, einem eleganten, lichtdurchfluteten Raum, der wiederum mit franz\u00f6sischen T\u00fcren zum Garten f\u00fchrt. Ein zweites Wohnzimmer hat einen Kamin, bequeme Sofas und einen doppelten Blick. Es gibt vier Doppelzimmer (eines im Erdgeschoss) und jedes hat sein eigenes Bad oder Dusche. Dies ist wirklich ein ideales Ziel f\u00fcr einen unvergesslichen Familienurlaub&#8230;&#8230;&#8230;.<\/p>\n<p style=\"text-align: center;\"><a class=\"tidycta\" href=\"https:\/\/www.urlaubcornwall.de\/ferienhaeuser-fewos\/cornwall-am-meer.html\">Suche Ferienh\u00e4user am Meer<\/a><\/p>\n<p>Um UrlaubCornwall.de einzigartige Kollektion nach Ihrem idealen Ferienhaus zu durchsuchen. <a href=\"https:\/\/www.urlaubcornwall.de\/ferienhaeuser\/cornwall.php\"><span style=\"text-decoration: underline;\">Klicken Sie hier<\/span> &gt;&gt;<\/a><\/p>\n","protected":false},"excerpt":{"rendered":"<p>Luxuri\u00f6se Ferienhaus 2.7 kilometern W von Lamorna Cove, West-Cornwall. 4 Schlafzimmer, hundefreundlich, Schlafplatz f\u00fcr 8 + Kinderbett, An-\/Abreisetag am Freitag, Preis pro Woche \u00a3980 &#8211; \u00a32969 Boskenna Coach House ist ein sch\u00f6nes Luxus-Ferienhaus. Nur ein kleiner Spaziergang durch den Wald zur atemberaubenden St Loy Cove und auf dem Gel\u00e4nde des Boskenna Manor Estate mit Zugang [&hellip;]<\/p>\n","protected":false},"author":1,"featured_media":0,"parent":0,"menu_order":0,"comment_status":"closed","ping_status":"closed","template":"single-four.php","meta":[],"acf":[],"yoast_head":"<!-- This site is optimized with the Yoast SEO plugin v19.4 - https:\/\/yoast.com\/wordpress\/plugins\/seo\/ -->\n<title>Luxus Cottage in Cornwall mieten - Urlaub &amp; Reisen<\/title>\n<meta name=\"robots\" content=\"index, follow, max-snippet:-1, max-image-preview:large, max-video-preview:-1\" \/>\n<link rel=\"canonical\" href=\"https:\/\/www.urlaubcornwall.de\/blog\/luxus-cottage-cornwall-mieten\/\" \/>\n<meta property=\"og:locale\" content=\"en_US\" \/>\n<meta property=\"og:type\" content=\"article\" \/>\n<meta property=\"og:title\" content=\"Luxus Cottage in Cornwall mieten - Urlaub &amp; Reisen\" \/>\n<meta property=\"og:description\" content=\"Luxuri\u00f6se Ferienhaus 2.7 kilometern W von Lamorna Cove, West-Cornwall. 4 Schlafzimmer, hundefreundlich, Schlafplatz f\u00fcr 8 + Kinderbett, An-\/Abreisetag am Freitag, Preis pro Woche \u00a3980 &#8211; \u00a32969 Boskenna Coach House ist ein sch\u00f6nes Luxus-Ferienhaus. Nur ein kleiner Spaziergang durch den Wald zur atemberaubenden St Loy Cove und auf dem Gel\u00e4nde des Boskenna Manor Estate mit Zugang [&hellip;]\" \/>\n<meta property=\"og:url\" content=\"https:\/\/www.urlaubcornwall.de\/blog\/luxus-cottage-cornwall-mieten\/\" \/>\n<meta property=\"og:site_name\" content=\"Urlaub &amp; Reisen\" \/>\n<meta property=\"article:modified_time\" content=\"2021-09-02T10:20:57+00:00\" \/>\n<meta property=\"og:image\" content=\"https:\/\/www.urlaubcornwall.de\/blog\/wp-content\/uploads\/2018\/01\/luxus-cottage-cornwall-mieten.jpg\" \/>\n<meta name=\"twitter:card\" content=\"summary\" \/>\n<meta name=\"twitter:label1\" content=\"Est. reading time\" \/>\n\t<meta name=\"twitter:data1\" content=\"1 minute\" \/>\n<script type=\"application\/ld+json\" class=\"yoast-schema-graph\">{\"@context\":\"https:\/\/schema.org\",\"@graph\":[{\"@type\":\"WebSite\",\"@id\":\"https:\/\/www.urlaubcornwall.de\/blog\/#website\",\"url\":\"https:\/\/www.urlaubcornwall.de\/blog\/\",\"name\":\"Urlaub &amp; Reisen\",\"description\":\"Urlaub, Reisen, Cornwall und S\u00fcdengland: eine perfekte Kombination\",\"potentialAction\":[{\"@type\":\"SearchAction\",\"target\":{\"@type\":\"EntryPoint\",\"urlTemplate\":\"https:\/\/www.urlaubcornwall.de\/blog\/?s={search_term_string}\"},\"query-input\":\"required name=search_term_string\"}],\"inLanguage\":\"en-US\"},{\"@type\":\"WebPage\",\"@id\":\"https:\/\/www.urlaubcornwall.de\/blog\/luxus-cottage-cornwall-mieten\/\",\"url\":\"https:\/\/www.urlaubcornwall.de\/blog\/luxus-cottage-cornwall-mieten\/\",\"name\":\"Luxus Cottage in Cornwall mieten - Urlaub &amp; Reisen\",\"isPartOf\":{\"@id\":\"https:\/\/www.urlaubcornwall.de\/blog\/#website\"},\"datePublished\":\"2018-01-24T15:18:00+00:00\",\"dateModified\":\"2021-09-02T10:20:57+00:00\",\"breadcrumb\":{\"@id\":\"https:\/\/www.urlaubcornwall.de\/blog\/luxus-cottage-cornwall-mieten\/#breadcrumb\"},\"inLanguage\":\"en-US\",\"potentialAction\":[{\"@type\":\"ReadAction\",\"target\":[\"https:\/\/www.urlaubcornwall.de\/blog\/luxus-cottage-cornwall-mieten\/\"]}]},{\"@type\":\"BreadcrumbList\",\"@id\":\"https:\/\/www.urlaubcornwall.de\/blog\/luxus-cottage-cornwall-mieten\/#breadcrumb\",\"itemListElement\":[{\"@type\":\"ListItem\",\"position\":1,\"name\":\"Home\",\"item\":\"https:\/\/www.urlaubcornwall.de\/blog\/\"},{\"@type\":\"ListItem\",\"position\":2,\"name\":\"Luxus Cottage in Cornwall mieten\"}]}]}<\/script>\n<!-- \/ Yoast SEO plugin. -->","yoast_head_json":{"title":"Luxus Cottage in Cornwall mieten - Urlaub &amp; Reisen","robots":{"index":"index","follow":"follow","max-snippet":"max-snippet:-1","max-image-preview":"max-image-preview:large","max-video-preview":"max-video-preview:-1"},"canonical":"https:\/\/www.urlaubcornwall.de\/blog\/luxus-cottage-cornwall-mieten\/","og_locale":"en_US","og_type":"article","og_title":"Luxus Cottage in Cornwall mieten - Urlaub &amp; Reisen","og_description":"Luxuri\u00f6se Ferienhaus 2.7 kilometern W von Lamorna Cove, West-Cornwall. 4 Schlafzimmer, hundefreundlich, Schlafplatz f\u00fcr 8 + Kinderbett, An-\/Abreisetag am Freitag, Preis pro Woche \u00a3980 &#8211; \u00a32969 Boskenna Coach House ist ein sch\u00f6nes Luxus-Ferienhaus. Nur ein kleiner Spaziergang durch den Wald zur atemberaubenden St Loy Cove und auf dem Gel\u00e4nde des Boskenna Manor Estate mit Zugang [&hellip;]","og_url":"https:\/\/www.urlaubcornwall.de\/blog\/luxus-cottage-cornwall-mieten\/","og_site_name":"Urlaub &amp; Reisen","article_modified_time":"2021-09-02T10:20:57+00:00","og_image":[{"url":"https:\/\/www.urlaubcornwall.de\/blog\/wp-content\/uploads\/2018\/01\/luxus-cottage-cornwall-mieten.jpg"}],"twitter_card":"summary","twitter_misc":{"Est. reading time":"1 minute"},"schema":{"@context":"https:\/\/schema.org","@graph":[{"@type":"WebSite","@id":"https:\/\/www.urlaubcornwall.de\/blog\/#website","url":"https:\/\/www.urlaubcornwall.de\/blog\/","name":"Urlaub &amp; Reisen","description":"Urlaub, Reisen, Cornwall und S\u00fcdengland: eine perfekte Kombination","potentialAction":[{"@type":"SearchAction","target":{"@type":"EntryPoint","urlTemplate":"https:\/\/www.urlaubcornwall.de\/blog\/?s={search_term_string}"},"query-input":"required name=search_term_string"}],"inLanguage":"en-US"},{"@type":"WebPage","@id":"https:\/\/www.urlaubcornwall.de\/blog\/luxus-cottage-cornwall-mieten\/","url":"https:\/\/www.urlaubcornwall.de\/blog\/luxus-cottage-cornwall-mieten\/","name":"Luxus Cottage in Cornwall mieten - Urlaub &amp; Reisen","isPartOf":{"@id":"https:\/\/www.urlaubcornwall.de\/blog\/#website"},"datePublished":"2018-01-24T15:18:00+00:00","dateModified":"2021-09-02T10:20:57+00:00","breadcrumb":{"@id":"https:\/\/www.urlaubcornwall.de\/blog\/luxus-cottage-cornwall-mieten\/#breadcrumb"},"inLanguage":"en-US","potentialAction":[{"@type":"ReadAction","target":["https:\/\/www.urlaubcornwall.de\/blog\/luxus-cottage-cornwall-mieten\/"]}]},{"@type":"BreadcrumbList","@id":"https:\/\/www.urlaubcornwall.de\/blog\/luxus-cottage-cornwall-mieten\/#breadcrumb","itemListElement":[{"@type":"ListItem","position":1,"name":"Home","item":"https:\/\/www.urlaubcornwall.de\/blog\/"},{"@type":"ListItem","position":2,"name":"Luxus Cottage in Cornwall mieten"}]}]}},"_links":{"self":[{"href":"https:\/\/www.urlaubcornwall.de\/blog\/wp-json\/wp\/v2\/pages\/32119"}],"collection":[{"href":"https:\/\/www.urlaubcornwall.de\/blog\/wp-json\/wp\/v2\/pages"}],"about":[{"href":"https:\/\/www.urlaubcornwall.de\/blog\/wp-json\/wp\/v2\/types\/page"}],"author":[{"embeddable":true,"href":"https:\/\/www.urlaubcornwall.de\/blog\/wp-json\/wp\/v2\/users\/1"}],"replies":[{"embeddable":true,"href":"https:\/\/www.urlaubcornwall.de\/blog\/wp-json\/wp\/v2\/comments?post=32119"}],"version-history":[{"count":2,"href":"https:\/\/www.urlaubcornwall.de\/blog\/wp-json\/wp\/v2\/pages\/32119\/revisions"}],"predecessor-version":[{"id":42458,"href":"https:\/\/www.urlaubcornwall.de\/blog\/wp-json\/wp\/v2\/pages\/32119\/revisions\/42458"}],"wp:attachment":[{"href":"https:\/\/www.urlaubcornwall.de\/blog\/wp-json\/wp\/v2\/media?parent=32119"}],"curies":[{"name":"wp","href":"https:\/\/api.w.org\/{rel}","templated":true}]}}